{"id":73,"date":"2025-09-27T14:29:17","date_gmt":"2025-09-27T17:29:17","guid":{"rendered":"https:\/\/wp.ufpel.edu.br\/conalis\/?page_id=73"},"modified":"2025-10-02T20:01:50","modified_gmt":"2025-10-02T23:01:50","slug":"quem-pode-participar","status":"publish","type":"page","link":"https:\/\/wp.ufpel.edu.br\/conalis\/sobre-o-concurso-2\/quem-pode-participar\/","title":{"rendered":"Quem pode participar?"},"content":{"rendered":"<p><strong>QUEM PODE PARTICIPAR?<\/strong><\/p>\n<p class=\"cvGsUA direction-ltr align-justify para-style-body\"><span class=\"a_GcMg font-feature-liga-off font-feature-clig-off font-feature-calt-off text-decoration-none text-strikethrough-none\">Estudantes surdos ou com defici\u00eancia auditiva sinalizante, matriculados na educa\u00e7\u00e3o b\u00e1 sica:<\/span><\/p>\n<ul>\n<li><span class=\"a_GcMg font-feature-liga-off font-feature-clig-off font-feature-calt-off text-decoration-none text-strikethrough-none\">Ensino Fundamental I (1\u00ba ao 5\u00ba ano);<\/span><\/li>\n<li><span class=\"a_GcMg font-feature-liga-off font-feature-clig-off font-feature-calt-off text-decoration-none text-strikethrough-none\">Ensino Fundamental II (6\u00ba ao 9\u00ba ano);<\/span><\/li>\n<li><span class=\"a_GcMg font-feature-liga-off font-feature-clig-off font-feature-calt-off text-decoration-none text-strikethrough-none\">Ensino M\u00e9dio\/EJA.<\/span><\/li>\n<\/ul>\n<p class=\"cvGsUA direction-ltr align-justify para-style-body\"><span class=\"a_GcMg font-feature-liga-off font-feature-clig-off font-feature-calt-off text-decoration-none text-strikethrough-none\">Professores(as) bil\u00edngues podem orientar os trabalhos e tamb\u00e9m ser\u00e3o premiados! Todos os educadores que orientarem as produ\u00e7\u00f5es vencedoras receber\u00e3o medalha, certificado de reconhecimento e destaque no evento final.<\/span><\/p>\n","protected":false},"excerpt":{"rendered":"<p>QUEM PODE PARTICIPAR? Estudantes surdos ou com defici\u00eancia auditiva sinalizante, matriculados na educa\u00e7\u00e3o b\u00e1 sica: Ensino Fundamental I (1\u00ba ao 5\u00ba ano); Ensino Fundamental II (6\u00ba ao 9\u00ba ano); Ensino M\u00e9dio\/EJA. Professores(as) bil\u00edngues podem orientar os trabalhos e tamb\u00e9m ser\u00e3o premiados! Todos os educadores que orientarem as produ\u00e7\u00f5es vencedoras receber\u00e3o medalha, certificado de reconhecimento e [&hellip;]<\/p>\n","protected":false},"author":935,"featured_media":0,"parent":32,"menu_order":0,"comment_status":"closed","ping_status":"closed","template":"","meta":{"footnotes":""},"class_list":["post-73","page","type-page","status-publish","hentry"],"_links":{"self":[{"href":"https:\/\/wp.ufpel.edu.br\/conalis\/wp-json\/wp\/v2\/pages\/73","targetHints":{"allow":["GET"]}}],"collection":[{"href":"https:\/\/wp.ufpel.edu.br\/conalis\/wp-json\/wp\/v2\/pages"}],"about":[{"href":"https:\/\/wp.ufpel.edu.br\/conalis\/wp-json\/wp\/v2\/types\/page"}],"author":[{"embeddable":true,"href":"https:\/\/wp.ufpel.edu.br\/conalis\/wp-json\/wp\/v2\/users\/935"}],"replies":[{"embeddable":true,"href":"https:\/\/wp.ufpel.edu.br\/conalis\/wp-json\/wp\/v2\/comments?post=73"}],"version-history":[{"count":2,"href":"https:\/\/wp.ufpel.edu.br\/conalis\/wp-json\/wp\/v2\/pages\/73\/revisions"}],"predecessor-version":[{"id":96,"href":"https:\/\/wp.ufpel.edu.br\/conalis\/wp-json\/wp\/v2\/pages\/73\/revisions\/96"}],"up":[{"embeddable":true,"href":"https:\/\/wp.ufpel.edu.br\/conalis\/wp-json\/wp\/v2\/pages\/32"}],"wp:attachment":[{"href":"https:\/\/wp.ufpel.edu.br\/conalis\/wp-json\/wp\/v2\/media?parent=73"}],"curies":[{"name":"wp","href":"https:\/\/api.w.org\/{rel}","templated":true}]}}