{"id":361,"date":"2026-04-15T21:37:39","date_gmt":"2026-04-16T00:37:39","guid":{"rendered":"https:\/\/wp.ufpel.edu.br\/conalis\/?page_id=361"},"modified":"2026-05-13T18:01:18","modified_gmt":"2026-05-13T21:01:18","slug":"categoria-2-6o-ao-9o-ano","status":"publish","type":"page","link":"https:\/\/wp.ufpel.edu.br\/conalis\/videos-premiados\/categoria-2-6o-ao-9o-ano\/","title":{"rendered":"Categoria 2 (6\u00ba ao 9\u00ba ano)"},"content":{"rendered":"\n<p><strong>1\u00ba Lugar<\/strong><br><strong>Tema:<\/strong> A liberdade que nasce nas m\u00e3os<br><strong>Nome:<\/strong>\u00a0<a href=\"https:\/\/wp.ufpel.edu.br\/conalis\/videos-premiados\/categoria-2-6o-ao-9o-ano\/weslley-martins-conceicao\/\">Weslley Martins Concei\u00e7\u00e3o<\/a><br><strong>Serie:<\/strong>\u00a09\u00ba Ano<br><strong>Idade:\u00a0<\/strong>19 anos<br><strong>Docente:\u00a0<\/strong>Anderson da Veiga Barbosa\u00a0<br><strong>Escola:\u00a0<\/strong>Escola Bil\u00edngue Professora Carmen Regina Teixeira Baldino<br><strong>Cidade:\u00a0<\/strong>Rio Grande <br><strong>Estado:\u00a0<\/strong>Rio Grande do Sul<br><br><strong>2\u00ba Lugar<\/strong><br><strong>Tema:<\/strong> Caldeir\u00e3o M\u00e1gico<br><strong>Nome:<\/strong>\u00a0<a href=\"https:\/\/wp.ufpel.edu.br\/conalis\/2026\/05\/13\/henrique-gabriel-b-guimaraes\/\">Henrique Gabriel B. Guimar\u00e3es<\/a><br><strong>Serie:<\/strong>\u00a07\u00ba Ano<br><strong>Idade:\u00a0<\/strong>12 anos<br><strong>Docente:\u00a0<\/strong>S\u00e1lua Romano de Oliveira\u00a0<br><strong>Escola:\u00a0<\/strong>Col\u00e9gio Estadual Crian\u00e7a Esperan\u00e7a<br><strong>Cidade:\u00a0<\/strong>Palmas<br><strong>Estado:\u00a0<\/strong>Tocatins<br><br><strong>3\u00ba Lugar<\/strong><br><strong>Tema:<\/strong> Sereira Surda<br><strong>Nome:<\/strong>\u00a0<a href=\"https:\/\/wp.ufpel.edu.br\/conalis\/videos-premiados\/categoria-2-6o-ao-9o-ano\/ana-julia-araujo-sampaio\/\" data-type=\"page\" data-id=\"476\">Ana Julia Ara\u00fajo Sampaio<\/a><br><strong>Serie:<\/strong>\u00a07\u00ba Ano<br><strong>Idade:\u00a0<\/strong> 13 anos<br><strong>Docente:\u00a0<\/strong>S\u00e1lua Romano de Oliveira\u00a0<br><strong>Escola:\u00a0<\/strong>Col\u00e9gio Estadual Crian\u00e7a Esperan\u00e7a<br><strong>Cidade:\u00a0<\/strong>Palmas<br><strong>Estado:\u00a0<\/strong>Tocatins<\/p>\n","protected":false},"excerpt":{"rendered":"<p>1\u00ba LugarTema: A liberdade que nasce nas m\u00e3osNome:\u00a0Weslley Martins Concei\u00e7\u00e3oSerie:\u00a09\u00ba AnoIdade:\u00a019 anosDocente:\u00a0Anderson da Veiga Barbosa\u00a0Escola:\u00a0Escola Bil\u00edngue Professora Carmen Regina Teixeira BaldinoCidade:\u00a0Rio Grande Estado:\u00a0Rio Grande do Sul 2\u00ba LugarTema: Caldeir\u00e3o M\u00e1gicoNome:\u00a0Henrique Gabriel B. Guimar\u00e3esSerie:\u00a07\u00ba AnoIdade:\u00a012 anosDocente:\u00a0S\u00e1lua Romano de Oliveira\u00a0Escola:\u00a0Col\u00e9gio Estadual Crian\u00e7a Esperan\u00e7aCidade:\u00a0PalmasEstado:\u00a0Tocatins 3\u00ba LugarTema: Sereira SurdaNome:\u00a0Ana Julia Ara\u00fajo SampaioSerie:\u00a07\u00ba AnoIdade:\u00a0 13 anosDocente:\u00a0S\u00e1lua Romano de Oliveira\u00a0Escola:\u00a0Col\u00e9gio Estadual [&hellip;]<\/p>\n","protected":false},"author":935,"featured_media":0,"parent":329,"menu_order":0,"comment_status":"closed","ping_status":"closed","template":"","meta":{"footnotes":""},"class_list":["post-361","page","type-page","status-publish","hentry"],"_links":{"self":[{"href":"https:\/\/wp.ufpel.edu.br\/conalis\/wp-json\/wp\/v2\/pages\/361","targetHints":{"allow":["GET"]}}],"collection":[{"href":"https:\/\/wp.ufpel.edu.br\/conalis\/wp-json\/wp\/v2\/pages"}],"about":[{"href":"https:\/\/wp.ufpel.edu.br\/conalis\/wp-json\/wp\/v2\/types\/page"}],"author":[{"embeddable":true,"href":"https:\/\/wp.ufpel.edu.br\/conalis\/wp-json\/wp\/v2\/users\/935"}],"replies":[{"embeddable":true,"href":"https:\/\/wp.ufpel.edu.br\/conalis\/wp-json\/wp\/v2\/comments?post=361"}],"version-history":[{"count":3,"href":"https:\/\/wp.ufpel.edu.br\/conalis\/wp-json\/wp\/v2\/pages\/361\/revisions"}],"predecessor-version":[{"id":478,"href":"https:\/\/wp.ufpel.edu.br\/conalis\/wp-json\/wp\/v2\/pages\/361\/revisions\/478"}],"up":[{"embeddable":true,"href":"https:\/\/wp.ufpel.edu.br\/conalis\/wp-json\/wp\/v2\/pages\/329"}],"wp:attachment":[{"href":"https:\/\/wp.ufpel.edu.br\/conalis\/wp-json\/wp\/v2\/media?parent=361"}],"curies":[{"name":"wp","href":"https:\/\/api.w.org\/{rel}","templated":true}]}}