{"id":355,"date":"2026-04-15T21:30:38","date_gmt":"2026-04-16T00:30:38","guid":{"rendered":"https:\/\/wp.ufpel.edu.br\/conalis\/?page_id=355"},"modified":"2026-04-15T21:30:38","modified_gmt":"2026-04-16T00:30:38","slug":"noticias-na-midia","status":"publish","type":"page","link":"https:\/\/wp.ufpel.edu.br\/conalis\/noticias-na-midia\/","title":{"rendered":"Not\u00edcias na M\u00eddia"},"content":{"rendered":"\n<p>Publica\u00e7\u00e3o em 14\/04\/2026 &#8211; <a href=\"https:\/\/www.grupooceano.com.br\/noticias\/rio-grande\/estudante-de-rio-grande-weslley-martins-conceicao-conquista-1o-lugar-em-concurso-nacional-de-literatura-surda-44413\/#goog_rewarded\">Estudante de Rio grande Weslley Martins Conceic\u00e3o Conquista 1\u00ba lugar em Concurso Nacional de literatura surda<\/a><\/p>\n\n\n\n<p>Publica\u00e7\u00e3o em 11\/04\/2026 &#8211; <a href=\"https:\/\/www.instagram.com\/educaprefsp\/reel\/DW_k-W7hA7Y\/\">Talento, protagonismo e cultura em Libras<\/a><\/p>\n\n\n\n<p>Publica\u00e7\u00e3o em 10\/04\/2026<em>\u00a0<\/em>&#8211; <a href=\"https:\/\/educacao.sme.prefeitura.sp.gov.br\/noticias\/estudantes-da-rede-municipal-conquistam-1o-e-2o-lugar-em-concurso-nacional-de-literatura-surda\/\">Estudantes da rede municipal\u00a0conquistam\u00a01\u00ba e 2\u00ba\u00a0lugar\u00a0em\u00a0Concurso Nacional de\u00a0Literatura\u00a0Surda\u00a0<\/a><\/p>\n\n\n\n<p>Publica\u00e7\u00e3o em08\/04\/2026 &#8211; <a href=\"https:\/\/www.gov.br\/mec\/pt-br\/assuntos\/noticias\/2026\/abril\/mec-promove-festival-nacional-de-sinalizartes\">MEC promove Festival Nacional de Sinalizartes<\/a><\/p>\n\n\n\n<p>Publica\u00e7\u00e3o em 01\/03\/2026 &#8211; E<a href=\"https:\/\/riogrande.rs.gov.br\/noticia\/52032?titulo=Estudante+da+Escola+Carmen+Baldino+conquista+primeiro+lugar+em+Concurso+Nacional+de+Literatura+Surda\">studante da Escola Carmen Baldino conquista primeiro lugar em Concurso Nacional de Literatura Surda<\/a><\/p>\n\n\n\n<p>Publica\u00e7\u00e3o em 27\/02\/2026 &#8211; <a href=\"https:\/\/www.instagram.com\/p\/DVRVRecj8Kp\/?img_index=3\">Educa\u00e7\u00e3o tocantinense \u00e9 destaque nacional na Literatura Surda!<\/a><\/p>\n\n\n\n<p>Publica\u00e7\u00e3o em 25\/02\/2026 &#8211; <a href=\"https:\/\/revistacenariun.com.br\/estudante-de-araguaina-conquista-podio-nacional-no-1o-concurso-de-literatura-surda-do-brasil\/\">Estudante de Aragua\u00edna conquista p\u00f3dio nacional no 1\u00ba Concurso de Literatura Surda do Brasil<\/a><\/p>\n\n\n\n<p>Publica\u00e7\u00e3o em 24\/02\/2026 &#8211; <a href=\"https:\/\/www.araguaina.to.gov.br\/noticias\/2026\/aluna-de-libras-de-araguaina-recebe-premio-nacional-de-literatura-surda-1\">Aluna de Libras de Aragua\u00edna recebe pr\u00eamio nacional de Literatura Surda<\/a><\/p>\n\n\n\n<p>Publica\u00e7\u00e3o em 24\/02\/2026 &#8211; <a href=\"https:\/\/gazetadocerrado.com.br\/educacao\/aluna-do-tocantins-conquista-3o-lugar-em-concurso-nacional-de-literatura-surda\/\">Aluna do Tocantins conquista\u00a03\u00ba lugar\u00a0em concurso nacional de\u00a0Literatura Surda<\/a><\/p>\n\n\n\n<p>Publica\u00e7\u00e3o em 23\/02\/2026 &#8211; <a href=\"https:\/\/www.consed.org.br\/noticia\/estudantes-da-rede-estadual-do-tocantins-conquistam-destaque-em-concurso-nacional-de-literatura-surda\">Estudantes da rede estadual do Tocantins conquistam destaque em Concurso Nacional de Literatura Surda<\/a><\/p>\n\n\n\n<p>Publica\u00e7\u00e3o em 21\/02\/2026 &#8211; <a href=\"https:\/\/www.instagram.com\/p\/DVBtBDlEaO2\/?img_index=1\">Que alegria imensa celebrar essa conquista!<\/a><\/p>\n\n\n\n<p>Publica\u00e7\u00e3o em 20\/02\/2026 &#8211; <a href=\"https:\/\/www.instagram.com\/p\/DU_ePGZidvs\/\">Hoje \u00e9 dia de celebrar.<\/a><\/p>\n\n\n\n<p><\/p>\n","protected":false},"excerpt":{"rendered":"<p>Publica\u00e7\u00e3o em 14\/04\/2026 &#8211; Estudante de Rio grande Weslley Martins Conceic\u00e3o Conquista 1\u00ba lugar em Concurso Nacional de literatura surda Publica\u00e7\u00e3o em 11\/04\/2026 &#8211; Talento, protagonismo e cultura em Libras Publica\u00e7\u00e3o em 10\/04\/2026\u00a0&#8211; Estudantes da rede municipal\u00a0conquistam\u00a01\u00ba e 2\u00ba\u00a0lugar\u00a0em\u00a0Concurso Nacional de\u00a0Literatura\u00a0Surda\u00a0 Publica\u00e7\u00e3o em08\/04\/2026 &#8211; MEC promove Festival Nacional de Sinalizartes Publica\u00e7\u00e3o em 01\/03\/2026 &#8211; Estudante [&hellip;]<\/p>\n","protected":false},"author":935,"featured_media":0,"parent":0,"menu_order":12,"comment_status":"closed","ping_status":"closed","template":"","meta":{"footnotes":""},"class_list":["post-355","page","type-page","status-publish","hentry"],"_links":{"self":[{"href":"https:\/\/wp.ufpel.edu.br\/conalis\/wp-json\/wp\/v2\/pages\/355","targetHints":{"allow":["GET"]}}],"collection":[{"href":"https:\/\/wp.ufpel.edu.br\/conalis\/wp-json\/wp\/v2\/pages"}],"about":[{"href":"https:\/\/wp.ufpel.edu.br\/conalis\/wp-json\/wp\/v2\/types\/page"}],"author":[{"embeddable":true,"href":"https:\/\/wp.ufpel.edu.br\/conalis\/wp-json\/wp\/v2\/users\/935"}],"replies":[{"embeddable":true,"href":"https:\/\/wp.ufpel.edu.br\/conalis\/wp-json\/wp\/v2\/comments?post=355"}],"version-history":[{"count":2,"href":"https:\/\/wp.ufpel.edu.br\/conalis\/wp-json\/wp\/v2\/pages\/355\/revisions"}],"predecessor-version":[{"id":358,"href":"https:\/\/wp.ufpel.edu.br\/conalis\/wp-json\/wp\/v2\/pages\/355\/revisions\/358"}],"wp:attachment":[{"href":"https:\/\/wp.ufpel.edu.br\/conalis\/wp-json\/wp\/v2\/media?parent=355"}],"curies":[{"name":"wp","href":"https:\/\/api.w.org\/{rel}","templated":true}]}}