{"id":338,"date":"2026-04-15T19:38:00","date_gmt":"2026-04-15T22:38:00","guid":{"rendered":"https:\/\/wp.ufpel.edu.br\/conalis\/?page_id=338"},"modified":"2026-04-15T20:39:10","modified_gmt":"2026-04-15T23:39:10","slug":"categoria-1-1o-ao-5o-ano","status":"publish","type":"page","link":"https:\/\/wp.ufpel.edu.br\/conalis\/videos-premiados\/categoria-1-1o-ao-5o-ano\/","title":{"rendered":"Categoria 1 (1\u00ba ao 5\u00ba ano)"},"content":{"rendered":"\n<p><strong>1\u00ba Lugar<\/strong><br><strong>Nome:<\/strong> <a href=\"https:\/\/wp.ufpel.edu.br\/conalis\/videos-premiados\/categoria-1-1o-ao-5o-ano\/rayanne-barros-de-andrade\/\" data-type=\"page\" data-id=\"345\">Rayanne Barros de Andrade<\/a><br><strong>Serie:<\/strong> 5 Ano<br><strong>Idade: <\/strong>10 anos<br><strong>Docente: <\/strong>Wilson Santos Silva\u00a0<br><strong>Escola: <\/strong>Centro de Educa\u00e7\u00e3o para Surdos Rio Branco<br><strong>Cidade: <\/strong>Cotia<br><strong>Estado: <\/strong>S\u00e3o Paulo<br><br><strong>2\u00ba Lugar<\/strong><br><strong>Nome:<\/strong> <a href=\"https:\/\/wp.ufpel.edu.br\/conalis\/videos-premiados\/categoria-1-1o-ao-5o-ano\/fiorella-souto-rosa-cantarelli-martins\/\" data-type=\"page\" data-id=\"348\">Fiorella Souto Rosa Cantarelli Martins<\/a> <br><strong>Serie: <\/strong>5 Ano<br><strong>Idade:<\/strong> 10 anos<br><strong>Docente: <\/strong>Gustavo Domingues Rodrigues<br><strong>Escola: <\/strong>Escola Vis\u00e3o<br><strong>Cidade: <\/strong>Pelotas<br><strong>Estado: <\/strong>Rio Grande do Sul<\/p>\n\n\n\n<p><strong>3\u00ba Lugar<\/strong><br><strong>Nome:<\/strong> <a href=\"https:\/\/wp.ufpel.edu.br\/conalis\/videos-premiados\/categoria-1-1o-ao-5o-ano\/jadhy-mariano-dos-santos\/\" data-type=\"page\" data-id=\"350\">Jadhy Mariano Dos Santos <\/a><br><strong>Serie: <\/strong>5 Ano<br><strong>Idade:<\/strong> 10 anos<br><strong>Docente: <\/strong>Cleysson Wender Fernandes Pires<br><strong>Escola: <\/strong>Escola Municipal Falc\u00e3o Coelho<br><strong>Cidade: <\/strong>Aragua\u00edna<br><strong>Estado: <\/strong>Tocantins<\/p>\n\n\n\n<p><\/p>\n","protected":false},"excerpt":{"rendered":"<p>1\u00ba LugarNome: Rayanne Barros de AndradeSerie: 5 AnoIdade: 10 anosDocente: Wilson Santos Silva\u00a0Escola: Centro de Educa\u00e7\u00e3o para Surdos Rio BrancoCidade: CotiaEstado: S\u00e3o Paulo 2\u00ba LugarNome: Fiorella Souto Rosa Cantarelli Martins Serie: 5 AnoIdade: 10 anosDocente: Gustavo Domingues RodriguesEscola: Escola Vis\u00e3oCidade: PelotasEstado: Rio Grande do Sul 3\u00ba LugarNome: Jadhy Mariano Dos Santos Serie: 5 AnoIdade: 10 [&hellip;]<\/p>\n","protected":false},"author":935,"featured_media":0,"parent":329,"menu_order":0,"comment_status":"closed","ping_status":"closed","template":"","meta":{"footnotes":""},"class_list":["post-338","page","type-page","status-publish","hentry"],"_links":{"self":[{"href":"https:\/\/wp.ufpel.edu.br\/conalis\/wp-json\/wp\/v2\/pages\/338","targetHints":{"allow":["GET"]}}],"collection":[{"href":"https:\/\/wp.ufpel.edu.br\/conalis\/wp-json\/wp\/v2\/pages"}],"about":[{"href":"https:\/\/wp.ufpel.edu.br\/conalis\/wp-json\/wp\/v2\/types\/page"}],"author":[{"embeddable":true,"href":"https:\/\/wp.ufpel.edu.br\/conalis\/wp-json\/wp\/v2\/users\/935"}],"replies":[{"embeddable":true,"href":"https:\/\/wp.ufpel.edu.br\/conalis\/wp-json\/wp\/v2\/comments?post=338"}],"version-history":[{"count":2,"href":"https:\/\/wp.ufpel.edu.br\/conalis\/wp-json\/wp\/v2\/pages\/338\/revisions"}],"predecessor-version":[{"id":353,"href":"https:\/\/wp.ufpel.edu.br\/conalis\/wp-json\/wp\/v2\/pages\/338\/revisions\/353"}],"up":[{"embeddable":true,"href":"https:\/\/wp.ufpel.edu.br\/conalis\/wp-json\/wp\/v2\/pages\/329"}],"wp:attachment":[{"href":"https:\/\/wp.ufpel.edu.br\/conalis\/wp-json\/wp\/v2\/media?parent=338"}],"curies":[{"name":"wp","href":"https:\/\/api.w.org\/{rel}","templated":true}]}}