{"id":329,"date":"2026-04-13T21:11:31","date_gmt":"2026-04-14T00:11:31","guid":{"rendered":"https:\/\/wp.ufpel.edu.br\/conalis\/?page_id=329"},"modified":"2026-04-15T21:37:05","modified_gmt":"2026-04-16T00:37:05","slug":"videos-premiados","status":"publish","type":"page","link":"https:\/\/wp.ufpel.edu.br\/conalis\/videos-premiados\/","title":{"rendered":"V\u00eddeos Premiados"},"content":{"rendered":"\n<p>Nesta se\u00e7\u00e3o, apresentamos os estudantes premiados no Concurso Nacional de Literatura Surda (CoNaLiS), organizados por categoria.<\/p>\n\n\n\n<p>As produ\u00e7\u00f5es foram avaliadas por uma comiss\u00e3o composta por pessoas surdas de diferentes regi\u00f5es do Brasil, considerando aspectos narrativos, lingu\u00edsticos e visuais em L\u00edngua de Sinais.<\/p>\n\n\n\n<p>As categorias contemplam diferentes etapas da Educa\u00e7\u00e3o B\u00e1sica, valorizando a criatividade, a express\u00e3o e a identidade surda.<\/p>\n\n\n\n<p><a href=\"https:\/\/wp.ufpel.edu.br\/conalis\/videos-premiados\/categoria-1-1o-ao-5o-ano\/\" data-type=\"page\" data-id=\"338\">Categoria 1 (1\u00ba ao 5\u00ba ano)<\/a><\/p>\n\n\n\n<p>Categoria 2 (6\u00ba ao 9\u00ba ano)<\/p>\n\n\n\n<p>Categoria 3 (1\u00ba ao 3\u00ba ano &#8211; Ensino m\u00e9dio)<\/p>\n","protected":false},"excerpt":{"rendered":"<p>Nesta se\u00e7\u00e3o, apresentamos os estudantes premiados no Concurso Nacional de Literatura Surda (CoNaLiS), organizados por categoria. As produ\u00e7\u00f5es foram avaliadas por uma comiss\u00e3o composta por pessoas surdas de diferentes regi\u00f5es do Brasil, considerando aspectos narrativos, lingu\u00edsticos e visuais em L\u00edngua de Sinais. As categorias contemplam diferentes etapas da Educa\u00e7\u00e3o B\u00e1sica, valorizando a criatividade, a express\u00e3o [&hellip;]<\/p>\n","protected":false},"author":935,"featured_media":0,"parent":0,"menu_order":8,"comment_status":"closed","ping_status":"closed","template":"","meta":{"footnotes":""},"class_list":["post-329","page","type-page","status-publish","hentry"],"_links":{"self":[{"href":"https:\/\/wp.ufpel.edu.br\/conalis\/wp-json\/wp\/v2\/pages\/329","targetHints":{"allow":["GET"]}}],"collection":[{"href":"https:\/\/wp.ufpel.edu.br\/conalis\/wp-json\/wp\/v2\/pages"}],"about":[{"href":"https:\/\/wp.ufpel.edu.br\/conalis\/wp-json\/wp\/v2\/types\/page"}],"author":[{"embeddable":true,"href":"https:\/\/wp.ufpel.edu.br\/conalis\/wp-json\/wp\/v2\/users\/935"}],"replies":[{"embeddable":true,"href":"https:\/\/wp.ufpel.edu.br\/conalis\/wp-json\/wp\/v2\/comments?post=329"}],"version-history":[{"count":3,"href":"https:\/\/wp.ufpel.edu.br\/conalis\/wp-json\/wp\/v2\/pages\/329\/revisions"}],"predecessor-version":[{"id":360,"href":"https:\/\/wp.ufpel.edu.br\/conalis\/wp-json\/wp\/v2\/pages\/329\/revisions\/360"}],"wp:attachment":[{"href":"https:\/\/wp.ufpel.edu.br\/conalis\/wp-json\/wp\/v2\/media?parent=329"}],"curies":[{"name":"wp","href":"https:\/\/api.w.org\/{rel}","templated":true}]}}