{"id":32,"date":"2025-07-20T17:37:58","date_gmt":"2025-07-20T20:37:58","guid":{"rendered":"https:\/\/wp.ufpel.edu.br\/conalis\/?page_id=32"},"modified":"2025-10-06T19:54:09","modified_gmt":"2025-10-06T22:54:09","slug":"sobre-o-concurso-2","status":"publish","type":"page","link":"https:\/\/wp.ufpel.edu.br\/conalis\/sobre-o-concurso-2\/","title":{"rendered":"PROJETO"},"content":{"rendered":"<p><img class=\"size-medium wp-image-110 aligncenter\" src=\"https:\/\/wp.ufpel.edu.br\/conalis\/files\/2025\/10\/Narrando-histo\u0301rias-em-Li\u0301ngua-de-SinaisLibras-286x400.png\" alt=\"\" width=\"286\" height=\"400\" \/><\/p>\n<p>&nbsp;<\/p>\n<p>O <strong>Primeiro Concurso Nacional de Literatura Surda: Narrando hist\u00f3rias em L\u00edngua de Sinais\/Libras<\/strong> tem como objetivo valorizar a <strong>cultura, a l\u00edngua e a identidade surda.<\/strong><\/p>\n<p>O concurso incentiva a <strong>produ\u00e7\u00e3o liter\u00e1ria em Libras<\/strong>, estimulando estudantes surdos a <strong>criarem narrativas visuais<\/strong> por meio de hist\u00f3rias, poesias e express\u00f5es art\u00edsticas em l\u00edngua de sinais.<\/p>\n<p>A proposta \u00e9 fortalecer a <strong>literatura surda na educa\u00e7\u00e3o bil\u00edngue<\/strong>, reconhecer o protagonismo dos estudantes surdos e promover a visibilidade da Libras nas escolas.<\/p>\n<p>Este concurso \u00e9 realizado pela Universidade Federal de Pelotas (UFPel), com apoio do Minist\u00e9rio da Educa\u00e7\u00e3o e da Diretoria de Educa\u00e7\u00e3o Bil\u00edngue de Surdos.<\/p>\n","protected":false},"excerpt":{"rendered":"<p>&nbsp; O Primeiro Concurso Nacional de Literatura Surda: Narrando hist\u00f3rias em L\u00edngua de Sinais\/Libras tem como objetivo valorizar a cultura, a l\u00edngua e a identidade surda. O concurso incentiva a produ\u00e7\u00e3o liter\u00e1ria em Libras, estimulando estudantes surdos a criarem narrativas visuais por meio de hist\u00f3rias, poesias e express\u00f5es art\u00edsticas em l\u00edngua de sinais. A proposta [&hellip;]<\/p>\n","protected":false},"author":935,"featured_media":0,"parent":0,"menu_order":1,"comment_status":"closed","ping_status":"closed","template":"","meta":{"footnotes":""},"class_list":["post-32","page","type-page","status-publish","hentry"],"_links":{"self":[{"href":"https:\/\/wp.ufpel.edu.br\/conalis\/wp-json\/wp\/v2\/pages\/32","targetHints":{"allow":["GET"]}}],"collection":[{"href":"https:\/\/wp.ufpel.edu.br\/conalis\/wp-json\/wp\/v2\/pages"}],"about":[{"href":"https:\/\/wp.ufpel.edu.br\/conalis\/wp-json\/wp\/v2\/types\/page"}],"author":[{"embeddable":true,"href":"https:\/\/wp.ufpel.edu.br\/conalis\/wp-json\/wp\/v2\/users\/935"}],"replies":[{"embeddable":true,"href":"https:\/\/wp.ufpel.edu.br\/conalis\/wp-json\/wp\/v2\/comments?post=32"}],"version-history":[{"count":4,"href":"https:\/\/wp.ufpel.edu.br\/conalis\/wp-json\/wp\/v2\/pages\/32\/revisions"}],"predecessor-version":[{"id":145,"href":"https:\/\/wp.ufpel.edu.br\/conalis\/wp-json\/wp\/v2\/pages\/32\/revisions\/145"}],"wp:attachment":[{"href":"https:\/\/wp.ufpel.edu.br\/conalis\/wp-json\/wp\/v2\/media?parent=32"}],"curies":[{"name":"wp","href":"https:\/\/api.w.org\/{rel}","templated":true}]}}