{"id":220,"date":"2025-12-10T22:07:49","date_gmt":"2025-12-11T01:07:49","guid":{"rendered":"https:\/\/wp.ufpel.edu.br\/conalis\/?page_id=220"},"modified":"2025-12-18T17:49:47","modified_gmt":"2025-12-18T20:49:47","slug":"autorizacao-para-maior-18-anos","status":"publish","type":"page","link":"https:\/\/wp.ufpel.edu.br\/conalis\/edital-e-inscricao\/autorizacao\/autorizacao-para-maior-18-anos\/","title":{"rendered":"Portugu\u00eas: Autoriza\u00e7\u00e3o para maior 18 anos"},"content":{"rendered":"\n<p><a href=\"https:\/\/wp.ufpel.edu.br\/conalis\/files\/2025\/12\/Autorizacao_Maiores_18-4.pdf\" data-type=\"link\" data-id=\"https:\/\/wp.ufpel.edu.br\/conalis\/files\/2025\/12\/Autorizacao_Maiores_18-4.pdf\"><strong>Autoriza\u00e7\u00e3o<\/strong><\/a><\/p>\n\n\n\n<p><\/p>\n","protected":false},"excerpt":{"rendered":"<p>Autoriza\u00e7\u00e3o<\/p>\n","protected":false},"author":935,"featured_media":0,"parent":176,"menu_order":0,"comment_status":"closed","ping_status":"closed","template":"","meta":{"footnotes":""},"class_list":["post-220","page","type-page","status-publish","hentry"],"_links":{"self":[{"href":"https:\/\/wp.ufpel.edu.br\/conalis\/wp-json\/wp\/v2\/pages\/220","targetHints":{"allow":["GET"]}}],"collection":[{"href":"https:\/\/wp.ufpel.edu.br\/conalis\/wp-json\/wp\/v2\/pages"}],"about":[{"href":"https:\/\/wp.ufpel.edu.br\/conalis\/wp-json\/wp\/v2\/types\/page"}],"author":[{"embeddable":true,"href":"https:\/\/wp.ufpel.edu.br\/conalis\/wp-json\/wp\/v2\/users\/935"}],"replies":[{"embeddable":true,"href":"https:\/\/wp.ufpel.edu.br\/conalis\/wp-json\/wp\/v2\/comments?post=220"}],"version-history":[{"count":3,"href":"https:\/\/wp.ufpel.edu.br\/conalis\/wp-json\/wp\/v2\/pages\/220\/revisions"}],"predecessor-version":[{"id":230,"href":"https:\/\/wp.ufpel.edu.br\/conalis\/wp-json\/wp\/v2\/pages\/220\/revisions\/230"}],"up":[{"embeddable":true,"href":"https:\/\/wp.ufpel.edu.br\/conalis\/wp-json\/wp\/v2\/pages\/176"}],"wp:attachment":[{"href":"https:\/\/wp.ufpel.edu.br\/conalis\/wp-json\/wp\/v2\/media?parent=220"}],"curies":[{"name":"wp","href":"https:\/\/api.w.org\/{rel}","templated":true}]}}