{"id":180,"date":"2025-10-09T10:26:53","date_gmt":"2025-10-09T13:26:53","guid":{"rendered":"https:\/\/wp.ufpel.edu.br\/conalis\/?page_id=180"},"modified":"2025-12-18T17:53:50","modified_gmt":"2025-12-18T20:53:50","slug":"video-autorizacao-de-uso-de-imagem-e-video","status":"publish","type":"page","link":"https:\/\/wp.ufpel.edu.br\/conalis\/edital-e-inscricao\/autorizacao\/video-autorizacao-de-uso-de-imagem-e-video\/","title":{"rendered":"V\u00eddeo: Autoriza\u00e7\u00e3o de uso de Imagem e v\u00eddeo"},"content":{"rendered":"<p><strong><a href=\"https:\/\/youtu.be\/4MagaaDFzhQ\">V\u00eddeo<\/a><\/strong><\/p>\n","protected":false},"excerpt":{"rendered":"<p>V\u00eddeo<\/p>\n","protected":false},"author":935,"featured_media":0,"parent":176,"menu_order":2,"comment_status":"closed","ping_status":"closed","template":"","meta":{"footnotes":""},"class_list":["post-180","page","type-page","status-publish","hentry"],"_links":{"self":[{"href":"https:\/\/wp.ufpel.edu.br\/conalis\/wp-json\/wp\/v2\/pages\/180","targetHints":{"allow":["GET"]}}],"collection":[{"href":"https:\/\/wp.ufpel.edu.br\/conalis\/wp-json\/wp\/v2\/pages"}],"about":[{"href":"https:\/\/wp.ufpel.edu.br\/conalis\/wp-json\/wp\/v2\/types\/page"}],"author":[{"embeddable":true,"href":"https:\/\/wp.ufpel.edu.br\/conalis\/wp-json\/wp\/v2\/users\/935"}],"replies":[{"embeddable":true,"href":"https:\/\/wp.ufpel.edu.br\/conalis\/wp-json\/wp\/v2\/comments?post=180"}],"version-history":[{"count":1,"href":"https:\/\/wp.ufpel.edu.br\/conalis\/wp-json\/wp\/v2\/pages\/180\/revisions"}],"predecessor-version":[{"id":181,"href":"https:\/\/wp.ufpel.edu.br\/conalis\/wp-json\/wp\/v2\/pages\/180\/revisions\/181"}],"up":[{"embeddable":true,"href":"https:\/\/wp.ufpel.edu.br\/conalis\/wp-json\/wp\/v2\/pages\/176"}],"wp:attachment":[{"href":"https:\/\/wp.ufpel.edu.br\/conalis\/wp-json\/wp\/v2\/media?parent=180"}],"curies":[{"name":"wp","href":"https:\/\/api.w.org\/{rel}","templated":true}]}}