{"id":143,"date":"2025-10-06T19:53:07","date_gmt":"2025-10-06T22:53:07","guid":{"rendered":"https:\/\/wp.ufpel.edu.br\/conalis\/?page_id=143"},"modified":"2025-10-09T00:25:45","modified_gmt":"2025-10-09T03:25:45","slug":"docente-2","status":"publish","type":"page","link":"https:\/\/wp.ufpel.edu.br\/conalis\/edital-e-inscricao\/formulario-perfil\/docente-2\/","title":{"rendered":"Docente"},"content":{"rendered":"<p class=\"p1\">O(a) docente bil\u00edngue orientador(a) poder\u00e1 acompanhar mais de um(a) estudante PAEBS. Contudo, cada inscri\u00e7\u00e3o dever\u00e1 ser realizada de forma individual, incluindo obrigatoriamente a Ficha de Cadastro \u2013 Perfil do(a) Docente Orientador(a), com informa\u00e7\u00f5es profissionais, acad\u00eamicas e de experi\u00eancia na \u00e1rea da educa\u00e7\u00e3o bil\u00edngue de surdos, conforme modelo dispon\u00edvel no formul\u00e1rio eletr\u00f4nico.<\/p>\n<p><strong><a href=\"https:\/\/forms.gle\/yKQLg6ZEEMrfV9ag7\">Formul\u00e1rio Docente<\/a><\/strong><\/p>\n","protected":false},"excerpt":{"rendered":"<p>O(a) docente bil\u00edngue orientador(a) poder\u00e1 acompanhar mais de um(a) estudante PAEBS. Contudo, cada inscri\u00e7\u00e3o dever\u00e1 ser realizada de forma individual, incluindo obrigatoriamente a Ficha de Cadastro \u2013 Perfil do(a) Docente Orientador(a), com informa\u00e7\u00f5es profissionais, acad\u00eamicas e de experi\u00eancia na \u00e1rea da educa\u00e7\u00e3o bil\u00edngue de surdos, conforme modelo dispon\u00edvel no formul\u00e1rio eletr\u00f4nico. Formul\u00e1rio Docente<\/p>\n","protected":false},"author":935,"featured_media":0,"parent":125,"menu_order":1,"comment_status":"closed","ping_status":"closed","template":"","meta":{"footnotes":""},"class_list":["post-143","page","type-page","status-publish","hentry"],"_links":{"self":[{"href":"https:\/\/wp.ufpel.edu.br\/conalis\/wp-json\/wp\/v2\/pages\/143","targetHints":{"allow":["GET"]}}],"collection":[{"href":"https:\/\/wp.ufpel.edu.br\/conalis\/wp-json\/wp\/v2\/pages"}],"about":[{"href":"https:\/\/wp.ufpel.edu.br\/conalis\/wp-json\/wp\/v2\/types\/page"}],"author":[{"embeddable":true,"href":"https:\/\/wp.ufpel.edu.br\/conalis\/wp-json\/wp\/v2\/users\/935"}],"replies":[{"embeddable":true,"href":"https:\/\/wp.ufpel.edu.br\/conalis\/wp-json\/wp\/v2\/comments?post=143"}],"version-history":[{"count":3,"href":"https:\/\/wp.ufpel.edu.br\/conalis\/wp-json\/wp\/v2\/pages\/143\/revisions"}],"predecessor-version":[{"id":173,"href":"https:\/\/wp.ufpel.edu.br\/conalis\/wp-json\/wp\/v2\/pages\/143\/revisions\/173"}],"up":[{"embeddable":true,"href":"https:\/\/wp.ufpel.edu.br\/conalis\/wp-json\/wp\/v2\/pages\/125"}],"wp:attachment":[{"href":"https:\/\/wp.ufpel.edu.br\/conalis\/wp-json\/wp\/v2\/media?parent=143"}],"curies":[{"name":"wp","href":"https:\/\/api.w.org\/{rel}","templated":true}]}}