{"id":125,"date":"2025-10-06T16:14:59","date_gmt":"2025-10-06T19:14:59","guid":{"rendered":"https:\/\/wp.ufpel.edu.br\/conalis\/?page_id=125"},"modified":"2025-10-09T00:26:04","modified_gmt":"2025-10-09T03:26:04","slug":"formulario-perfil","status":"publish","type":"page","link":"https:\/\/wp.ufpel.edu.br\/conalis\/edital-e-inscricao\/formulario-perfil\/","title":{"rendered":"Ficha de Cadastro"},"content":{"rendered":"<p class=\"p1\"><strong>Ficha de Cadastro<\/strong><\/p>\n<p>&nbsp;<\/p>\n<p class=\"p1\"><strong><img class=\"wp-image-126 aligncenter\" src=\"https:\/\/wp.ufpel.edu.br\/conalis\/files\/2025\/10\/Estudante-286x400.png\" alt=\"\" width=\"122\" height=\"171\" srcset=\"https:\/\/wp.ufpel.edu.br\/conalis\/files\/2025\/10\/Estudante-286x400.png 286w, https:\/\/wp.ufpel.edu.br\/conalis\/files\/2025\/10\/Estudante.png 591w\" sizes=\"(max-width: 122px) 100vw, 122px\" \/><\/strong><\/p>\n<p class=\"p1\"><strong>Perfil do(a) Estudante<\/strong>, com dados pessoais, lingu\u00edsticos e culturais, conforme modelo dispon\u00edvel no formul\u00e1rio eletr\u00f4nico.<\/p>\n<p><img class=\"wp-image-127 aligncenter\" src=\"https:\/\/wp.ufpel.edu.br\/conalis\/files\/2025\/10\/Docente-286x400.png\" alt=\"\" width=\"131\" height=\"183\" srcset=\"https:\/\/wp.ufpel.edu.br\/conalis\/files\/2025\/10\/Docente-286x400.png 286w, https:\/\/wp.ufpel.edu.br\/conalis\/files\/2025\/10\/Docente.png 591w\" sizes=\"(max-width: 131px) 100vw, 131px\" \/><\/p>\n<p><strong>Perfil do(a) Docente Orientador(a)<\/strong>, com informa\u00e7\u00f5es profissionais, acad\u00eamicas e de experi\u00eancia na \u00e1rea da educa\u00e7\u00e3o bil\u00edngue de surdos.<\/p>\n","protected":false},"excerpt":{"rendered":"<p>Ficha de Cadastro &nbsp; Perfil do(a) Estudante, com dados pessoais, lingu\u00edsticos e culturais, conforme modelo dispon\u00edvel no formul\u00e1rio eletr\u00f4nico. Perfil do(a) Docente Orientador(a), com informa\u00e7\u00f5es profissionais, acad\u00eamicas e de experi\u00eancia na \u00e1rea da educa\u00e7\u00e3o bil\u00edngue de surdos.<\/p>\n","protected":false},"author":935,"featured_media":0,"parent":41,"menu_order":3,"comment_status":"closed","ping_status":"closed","template":"","meta":{"footnotes":""},"class_list":["post-125","page","type-page","status-publish","hentry"],"_links":{"self":[{"href":"https:\/\/wp.ufpel.edu.br\/conalis\/wp-json\/wp\/v2\/pages\/125","targetHints":{"allow":["GET"]}}],"collection":[{"href":"https:\/\/wp.ufpel.edu.br\/conalis\/wp-json\/wp\/v2\/pages"}],"about":[{"href":"https:\/\/wp.ufpel.edu.br\/conalis\/wp-json\/wp\/v2\/types\/page"}],"author":[{"embeddable":true,"href":"https:\/\/wp.ufpel.edu.br\/conalis\/wp-json\/wp\/v2\/users\/935"}],"replies":[{"embeddable":true,"href":"https:\/\/wp.ufpel.edu.br\/conalis\/wp-json\/wp\/v2\/comments?post=125"}],"version-history":[{"count":2,"href":"https:\/\/wp.ufpel.edu.br\/conalis\/wp-json\/wp\/v2\/pages\/125\/revisions"}],"predecessor-version":[{"id":174,"href":"https:\/\/wp.ufpel.edu.br\/conalis\/wp-json\/wp\/v2\/pages\/125\/revisions\/174"}],"up":[{"embeddable":true,"href":"https:\/\/wp.ufpel.edu.br\/conalis\/wp-json\/wp\/v2\/pages\/41"}],"wp:attachment":[{"href":"https:\/\/wp.ufpel.edu.br\/conalis\/wp-json\/wp\/v2\/media?parent=125"}],"curies":[{"name":"wp","href":"https:\/\/api.w.org\/{rel}","templated":true}]}}