{"id":105,"date":"2025-10-02T20:25:50","date_gmt":"2025-10-02T23:25:50","guid":{"rendered":"https:\/\/wp.ufpel.edu.br\/conalis\/?page_id=105"},"modified":"2025-10-02T20:26:22","modified_gmt":"2025-10-02T23:26:22","slug":"instagram","status":"publish","type":"page","link":"https:\/\/wp.ufpel.edu.br\/conalis\/redes-sociais\/instagram\/","title":{"rendered":"Instagram"},"content":{"rendered":"<p class=\"p1\"><b>Instagram<\/b><b><\/b><\/p>\n<p class=\"p3\">Publicamos avisos r\u00e1pidos, cards com informa\u00e7\u00f5es importantes, lembretes de prazos e bastidores do concurso.<\/p>\n<p class=\"p3\">Siga, curta e compartilhe!<\/p>\n<p><img class=\" wp-image-106 aligncenter\" src=\"https:\/\/wp.ufpel.edu.br\/conalis\/files\/2025\/10\/Captura-de-Tela-2025-10-02-a\u0300s-20.23.08-400x273.png\" alt=\"\" width=\"454\" height=\"310\" srcset=\"https:\/\/wp.ufpel.edu.br\/conalis\/files\/2025\/10\/Captura-de-Tela-2025-10-02-a\u0300s-20.23.08-400x273.png 400w, https:\/\/wp.ufpel.edu.br\/conalis\/files\/2025\/10\/Captura-de-Tela-2025-10-02-a\u0300s-20.23.08-1024x698.png 1024w, https:\/\/wp.ufpel.edu.br\/conalis\/files\/2025\/10\/Captura-de-Tela-2025-10-02-a\u0300s-20.23.08-768x523.png 768w, https:\/\/wp.ufpel.edu.br\/conalis\/files\/2025\/10\/Captura-de-Tela-2025-10-02-a\u0300s-20.23.08-1536x1047.png 1536w, https:\/\/wp.ufpel.edu.br\/conalis\/files\/2025\/10\/Captura-de-Tela-2025-10-02-a\u0300s-20.23.08-2048x1396.png 2048w\" sizes=\"(max-width: 454px) 100vw, 454px\" \/><\/p>\n<p style=\"text-align: center;\"><a href=\"https:\/\/www.instagram.com\/concursoliteraturasurda\/\">https:\/\/www.instagram.com\/concursoliteraturasurda\/<\/a><\/p>\n","protected":false},"excerpt":{"rendered":"<p>Instagram Publicamos avisos r\u00e1pidos, cards com informa\u00e7\u00f5es importantes, lembretes de prazos e bastidores do concurso. Siga, curta e compartilhe! https:\/\/www.instagram.com\/concursoliteraturasurda\/<\/p>\n","protected":false},"author":935,"featured_media":0,"parent":87,"menu_order":0,"comment_status":"closed","ping_status":"closed","template":"","meta":{"footnotes":""},"class_list":["post-105","page","type-page","status-publish","hentry"],"_links":{"self":[{"href":"https:\/\/wp.ufpel.edu.br\/conalis\/wp-json\/wp\/v2\/pages\/105","targetHints":{"allow":["GET"]}}],"collection":[{"href":"https:\/\/wp.ufpel.edu.br\/conalis\/wp-json\/wp\/v2\/pages"}],"about":[{"href":"https:\/\/wp.ufpel.edu.br\/conalis\/wp-json\/wp\/v2\/types\/page"}],"author":[{"embeddable":true,"href":"https:\/\/wp.ufpel.edu.br\/conalis\/wp-json\/wp\/v2\/users\/935"}],"replies":[{"embeddable":true,"href":"https:\/\/wp.ufpel.edu.br\/conalis\/wp-json\/wp\/v2\/comments?post=105"}],"version-history":[{"count":2,"href":"https:\/\/wp.ufpel.edu.br\/conalis\/wp-json\/wp\/v2\/pages\/105\/revisions"}],"predecessor-version":[{"id":108,"href":"https:\/\/wp.ufpel.edu.br\/conalis\/wp-json\/wp\/v2\/pages\/105\/revisions\/108"}],"up":[{"embeddable":true,"href":"https:\/\/wp.ufpel.edu.br\/conalis\/wp-json\/wp\/v2\/pages\/87"}],"wp:attachment":[{"href":"https:\/\/wp.ufpel.edu.br\/conalis\/wp-json\/wp\/v2\/media?parent=105"}],"curies":[{"name":"wp","href":"https:\/\/api.w.org\/{rel}","templated":true}]}}