{"id":103,"date":"2025-10-02T20:14:27","date_gmt":"2025-10-02T23:14:27","guid":{"rendered":"https:\/\/wp.ufpel.edu.br\/conalis\/?page_id=103"},"modified":"2025-10-06T15:45:24","modified_gmt":"2025-10-06T18:45:24","slug":"inscricao","status":"publish","type":"page","link":"https:\/\/wp.ufpel.edu.br\/conalis\/edital-e-inscricao\/inscricao\/","title":{"rendered":"Inscri\u00e7\u00e3o"},"content":{"rendered":"<p style=\"text-align: center;\"><a href=\"https:\/\/forms.gle\/K6zYQVPvGLXbUvwx8\"><img class=\"alignnone wp-image-119 \" src=\"https:\/\/wp.ufpel.edu.br\/conalis\/files\/2025\/10\/Clique-286x400.png\" alt=\"\" width=\"100\" height=\"140\" srcset=\"https:\/\/wp.ufpel.edu.br\/conalis\/files\/2025\/10\/Clique-286x400.png 286w, https:\/\/wp.ufpel.edu.br\/conalis\/files\/2025\/10\/Clique.png 591w\" sizes=\"(max-width: 100px) 100vw, 100px\" \/><\/a><\/p>\n<p style=\"text-align: center;\"><strong>Inscri\u00e7\u00e3o Estudante<\/p>\n<p><\/strong><\/p>\n<p style=\"text-align: center;\"><a href=\"https:\/\/forms.gle\/sJaPy4yWVwkj8cp58\"><img class=\"wp-image-119 aligncenter\" src=\"https:\/\/wp.ufpel.edu.br\/conalis\/files\/2025\/10\/Clique-286x400.png\" alt=\"\" width=\"100\" height=\"139\" srcset=\"https:\/\/wp.ufpel.edu.br\/conalis\/files\/2025\/10\/Clique-286x400.png 286w, https:\/\/wp.ufpel.edu.br\/conalis\/files\/2025\/10\/Clique.png 591w\" sizes=\"(max-width: 100px) 100vw, 100px\" \/><\/a><br \/>\n<strong>Inscri\u00e7\u00e3o Docente<\/strong><\/p>\n","protected":false},"excerpt":{"rendered":"<p>Inscri\u00e7\u00e3o Estudante Inscri\u00e7\u00e3o Docente<\/p>\n","protected":false},"author":935,"featured_media":0,"parent":41,"menu_order":0,"comment_status":"closed","ping_status":"closed","template":"","meta":{"footnotes":""},"class_list":["post-103","page","type-page","status-publish","hentry"],"_links":{"self":[{"href":"https:\/\/wp.ufpel.edu.br\/conalis\/wp-json\/wp\/v2\/pages\/103","targetHints":{"allow":["GET"]}}],"collection":[{"href":"https:\/\/wp.ufpel.edu.br\/conalis\/wp-json\/wp\/v2\/pages"}],"about":[{"href":"https:\/\/wp.ufpel.edu.br\/conalis\/wp-json\/wp\/v2\/types\/page"}],"author":[{"embeddable":true,"href":"https:\/\/wp.ufpel.edu.br\/conalis\/wp-json\/wp\/v2\/users\/935"}],"replies":[{"embeddable":true,"href":"https:\/\/wp.ufpel.edu.br\/conalis\/wp-json\/wp\/v2\/comments?post=103"}],"version-history":[{"count":3,"href":"https:\/\/wp.ufpel.edu.br\/conalis\/wp-json\/wp\/v2\/pages\/103\/revisions"}],"predecessor-version":[{"id":121,"href":"https:\/\/wp.ufpel.edu.br\/conalis\/wp-json\/wp\/v2\/pages\/103\/revisions\/121"}],"up":[{"embeddable":true,"href":"https:\/\/wp.ufpel.edu.br\/conalis\/wp-json\/wp\/v2\/pages\/41"}],"wp:attachment":[{"href":"https:\/\/wp.ufpel.edu.br\/conalis\/wp-json\/wp\/v2\/media?parent=103"}],"curies":[{"name":"wp","href":"https:\/\/api.w.org\/{rel}","templated":true}]}}