{"id":85,"date":"2010-09-23T08:22:39","date_gmt":"2010-09-23T11:22:39","guid":{"rendered":"https:\/\/wp.ufpel.edu.br\/zootecnia\/"},"modified":"2011-10-31T10:23:39","modified_gmt":"2011-10-31T13:23:39","slug":"grupos-de-pesquisa","status":"publish","type":"page","link":"https:\/\/wp.ufpel.edu.br\/zootecnia\/grupos-de-pesquisa\/","title":{"rendered":"GRUPOS &#8211; ZOO"},"content":{"rendered":"<p style=\"text-align: justify\"><span style=\"color: #000000\"><span style=\"color: #000080\"><a title=\"Apicultura\" href=\"https:\/\/wp.ufpel.edu.br\/apicultura\/\" target=\"_blank\"><span style=\"color: #000080\"><strong><span style=\"color: #000080\">Apicultura<\/span><\/strong><\/span><\/a><\/span><\/span><\/p>\n<p style=\"text-align: justify\">O grupo de estudos em apicultura conta atualmente com a participa\u00e7\u00e3o de acad\u00eamicos dos cursos de Agronomia e Zootecnia. As reuni\u00f5es ocorrem todas as ter\u00e7as\u00a0 \u00e0s 13:00h, sala 416, com apresenta\u00e7\u00e3o de temas atuais, demandas locais, organiza\u00e7\u00e3o de paletras e cursos, planejamento e desenvolvimento de pesquisas s\u00e3o os assuntos que norteiam os debates.<\/p>\n<p style=\"text-align: justify\">No link acima voc\u00ea pode visitar o site desenvolvido para que os acad\u00eamicos de Ci\u00eancias agr\u00e1rias  acessem material utilizado em sala de aula e para que demais internautas  encontrem informa\u00e7\u00f5es sobre a apicultura.<\/p>\n<p style=\"text-align: justify\"><span style=\"color: #000080\"><strong><span style=\"text-decoration: underline\"><a href=\"http:\/\/www.ufpel.edu.br\/faem\/geaspel\/\" target=\"_blank\"><span style=\"color: #000080\">Geaspel &#8211; Grupo de Estudos em Aves e Su\u00ednos UFPEL<\/span><\/a><\/span><\/strong><\/span><\/p>\n<p style=\"text-align: justify\">Se voc\u00ea t\u00eam interesse em pesquisas sobre aves e su\u00ednos, atividades pr\u00e1ticas, cursos, palestras, capacita\u00e7\u00e3o, voc\u00ea estar\u00e1 no lugar certo. No Geaspel, poder\u00e1 participar de uma s\u00e9rie de atividades que\u00a0contribu\u00edram\u00a0na sua forma\u00e7\u00e3o acad\u00eamica. Click no link e visite o site do GEASPEL.<\/p>\n<p style=\"text-align: justify\"><span style=\"color: #000080\"><a href=\"https:\/\/wp.ufpel.edu.br\/gecap\" target=\"_blank\"><span style=\"color: #000080\"><span style=\"color: #000080\"><strong>GECAP -Grupo de Estudos em Comportamento dos Animais de Produ\u00e7\u00e3o<\/strong><\/span><\/span><\/a><\/span><\/p>\n<p style=\"text-align: justify\"><strong><span style=\"color: #808080\"><span style=\"color: #000000\"><span style=\"font-weight: normal\">Por que conhecer o comportamento animal?<\/span><\/span> <\/span><\/strong>Conhecer o comportamento animal pode melhorar o bem-estar dos animais, sua produ\u00e7\u00e3o, al\u00e9m da qualidade do produto final, seja ele carne ou leite.\u00a0\u00a0Os sistemas de produ\u00e7\u00e3o podem ter melhorias em suas t\u00e9cnicas e m\u00e9todos de cria\u00e7\u00e3o atrav\u00e9s do conhecimento e interpreta\u00e7\u00e3o do comportamento animal.\u00a0\u00a0A etologia \u00e9 uma linha de pesquisa em crescimento, que busca encontrar maneiras de entender o comportamento dos animais de produ\u00e7\u00e3o para atingir o bem-estar e incrementar a produ\u00e7\u00e3o animal este \u00e9 o objetivo do GECAP. Fa\u00e7a uma visite ao site do GECAP.<\/p>\n<p style=\"text-align: justify\"><span style=\"color: #000080\"><span style=\"text-decoration: underline\"><strong><a href=\"http:\/\/faem.ufpel.edu.br\/gepaf\" target=\"_blank\">GEPAF &#8211; Grupo de Estudos em Pastagens e Plantas Forrageira<\/a><\/strong><strong><a href=\"http:\/\/faem.ufpel.edu.br\/gepaf\" target=\"_blank\">s<\/a><\/strong><\/span><\/span><\/p>\n<p style=\"text-align: justify\"><span style=\"color: #000000\"><strong>Atualmente&#8230;<\/strong><\/span><\/p>\n<p style=\"text-align: justify\"><span style=\"color: #000000\">O            grupo vem desenvolvendo trabalhos de pesquisa, tanto na UFPEL como na            EMBRAPA (Terras-Baixas) em \u00e1reas de campos naturais e forrageiras            cultivadas de ciclo primavera\/ver\u00e3o e outono\/inverno, no que            diz respeito \u00e0 introdu\u00e7\u00e3o e avalia\u00e7\u00e3o            de cultivares, produ\u00e7\u00e3o visando utiliza\u00e7\u00e3o            direta em pastejo ou visando a conserva\u00e7\u00e3o de plantas            forrageiras (feno\/silagem) e produ\u00e7\u00e3o de sementes forrageiras.            Muitos trabalhos s\u00e3o desenvolvidos atrav\u00e9s de alunos dos            cursos de p\u00f3s-gradua\u00e7\u00e3o em Zootecnia e Produ\u00e7\u00e3o            Vegetal, utilizando as infra-estruturas da UFPEL e\/ou da EMBRAPA (CPACT-Terras            Baixas ou CPPSUL de Bag\u00e9). Os principais objetivos s\u00e3o            os de maximizar o aproveitamento do potencial das \u00e1reas de pastagens            naturais de solos de v\u00e1rzea (utilizados no cultivo em rota\u00e7\u00e3o            com o arroz irrigado, soja, milho, sorgo e outros cultivos), atrav\u00e9s            de estudos de aduba\u00e7\u00e3o destes campos nativos; estabelecimento            de misturas forrageiras de ciclo hibernal (pastagens de inverno) para            suprir a falta de forragem verde do campo natural, cujas plantas s\u00e3o            de ciclo estival, n\u00e3o produzindo nos meses mais frios do ano.            Desta forma, estas \u00e1reas podem ser utilizadas para agricultura            e pecu\u00e1ria, com benef\u00edcios para ambos os setores de atividade.<\/span><\/p>\n<p style=\"text-align: justify\"><span style=\"color: #000000\">Linhas de Pesquisa:<br \/>\n<\/span><\/p>\n<p style=\"text-align: justify\"><span style=\"color: #000000\">* Aduba\u00e7\u00e3o            de pastagens e plantas forrageiras<br \/>\n* Avalia\u00e7\u00e3o de pastagens com animais<br \/>\n* Avalia\u00e7\u00e3o de plantas forrageiras<br \/>\n* Conserva\u00e7\u00e3o de plantas forrageiras<br \/>\n* Produ\u00e7\u00e3o animal -carne,leite,l\u00e3, em pastagens<br \/>\n* Sistemas de produ\u00e7\u00e3o de forrageiras<\/span><\/p>\n<p style=\"text-align: justify\"><span style=\"color: #000080\"><span style=\"text-decoration: underline\"><strong><a href=\"https:\/\/wp.ufpel.edu.br\/govi\/\" target=\"_blank\"><span style=\"color: #000080\">GOVI &#8211; Grupo de Ovinocultura<\/span><\/a><\/strong><\/span><\/span><\/p>\n<p style=\"text-align: justify\">O GOVI iniciou suas atividades no ano de 1979, foi oficializado em setembro de 2001 e, a partir de 2010, passou a se chamar <strong>\u201cGrupo de Ovinos e Outros Ruminantes\u201d.<\/strong> Cadastrado no CNPQ como grupo de pesquisa, tem por objetivo aprimorar  os sistemas de produ\u00e7\u00e3o a pasto, principalmente, de ovinos e caprinos.<\/p>\n<p style=\"text-align: justify\">Al\u00e9m  da pesquisa, atrav\u00e9s de disserta\u00e7\u00f5es e teses, o grupo atua no ensino,  na extens\u00e3o e na gera\u00e7\u00e3o de produtos tecnol\u00f3gicos, buscando conveniar-se  a institui\u00e7\u00f5es p\u00fablicas e privadas atuantes no seguimento de  ruminantes. Suas principais linhas de trabalho est\u00e3o voltadas ao manejo  de ovinos e caprinos em pastejo e, pastagem e forragicultura em geral. A  for\u00e7a produtiva do GOVI prov\u00e9m dos alunos de Mestrado e Doutorado do  PPGZ\/FAEM\/UFPEL, al\u00e9m dos estagi\u00e1rios e bolsistas dos cursos de  Agronomia, Medicina Veterin\u00e1ria, Zootecnia entre outros. Motivo pelo  qual tem alcan\u00e7ado tanto sucesso.<\/p>\n<p style=\"text-align: justify\">A  miss\u00e3o do GOVI \u00e9 desenvolver e aprimorar atividades no campo da  ovinocaprinocultura multiplicando conhecimentos, para que estes, de  forma simples e pr\u00e1tica, cheguem ao produtor rural na tentativa de  solucionar poss\u00edveis entraves na otimiza\u00e7\u00e3o da cria\u00e7\u00e3o com bem estar  animal.<\/p>\n<p style=\"text-align: justify\"><span style=\"color: #000080\"><span style=\"color: #000080\"><span style=\"color: #000080\"><span style=\"text-decoration: underline\"><strong>Nema Pel &#8211; N\u00facleo de Estudos em Meio Ambiente<\/strong><\/span><\/span><\/span><\/span><\/p>\n<p style=\"text-align: justify\">O N\u00facleo de Estudos em Meio Ambiente (Nema Pel) \u00e9 coordenado pela M\u00e9dica Veterin\u00e1ria Beatriz Valente e pelo Prof. Dr. Eduardo Gon\u00e7alves Xavier e est\u00e1 vinculado ao Departamento de Zootecnia e ao Programa de P\u00f3s-Gradua\u00e7\u00e3o em Zootecnia da Faculdade de Agronomia Eliseu Maciel da Universidade Federal de Pelotas. Foi criado em 2007, com o objetivo desenvolver projetos na \u00e1rea de biotransforma\u00e7\u00e3o de res\u00edduos org\u00e2nicos atrav\u00e9s de tecnologias como a compostagem e a vermicompostagem, com o intuito de auxiliar na implanta\u00e7\u00e3o de sistemas de produ\u00e7\u00e3o animal, economicamente vi\u00e1veis, socialmente desej\u00e1veis e ambientalmente seguros, contribuindo assim para o desenvolvimento sustent\u00e1vel local. Em 2009, houve uma reprograma\u00e7\u00e3o do grupo, passando a atuar tamb\u00e9m em projetos de ensino e extens\u00e3o. Atualmente, o Nema Pel, em parceria com a Coordenadoria de Gest\u00e3o Ambiental de UFPEL, est\u00e1 desenvolvendo o Projeto Atitude Seletiva, que visa \u00e0 implanta\u00e7\u00e3o da coleta seletiva dos res\u00edduos produzidos no Departamento de Zootecnia.<\/p>\n<p style=\"text-align: justify\">\u00c9 um grupo multidisciplinar, formado por alunos de gradua\u00e7\u00e3o dos cursos de Agronomia, Engenharia Agr\u00edcola, Engenharia Sanit\u00e1ria e Ambiental, Zootecnia, Medicina Veterin\u00e1ria e Ci\u00eancias Biol\u00f3gicas, juntamente com pesquisadores e t\u00e9cnicos da \u00e1rea. As reuni\u00f5es do grupo ocorrem nas segundas-feiras \u00e0s 12:30 horas.<\/p>\n<p style=\"text-align: justify\">Contatos: nemapel412@gmail.com<\/p>\n<p style=\"text-align: justify\">\n<p><span style=\"text-decoration: underline\"><strong><br \/>\n<\/strong><\/span><\/p>\n<p><span style=\"color: #000080\"><span style=\"color: #000080\"><span style=\"text-decoration: underline\"><strong><br \/>\n<\/strong><\/span><\/span><\/span><\/p>\n<p><span style=\"color: #000080\"><span style=\"color: #000000\"><br \/>\n<\/span><\/span><\/p>\n<p><span style=\"color: #000080\"><span style=\"text-decoration: underline\"><strong><br \/>\n<\/strong><\/span><\/span><\/p>\n<p><span style=\"color: #000080\"><span style=\"text-decoration: underline\"><strong><br \/>\n<\/strong><\/span><\/span><\/p>\n<p><span style=\"color: #000080\"><span style=\"text-decoration: underline\"><strong><br \/>\n<\/strong><\/span><\/span><\/p>\n","protected":false},"excerpt":{"rendered":"<p>Apicultura O grupo de estudos em apicultura conta atualmente com a participa\u00e7\u00e3o de acad\u00eamicos dos cursos de Agronomia e Zootecnia. As reuni\u00f5es ocorrem todas as ter\u00e7as\u00a0 \u00e0s 13:00h, sala 416, com apresenta\u00e7\u00e3o de temas atuais, demandas locais, organiza\u00e7\u00e3o de paletras e cursos, planejamento e desenvolvimento de pesquisas s\u00e3o os assuntos que norteiam os debates. No [&hellip;]<\/p>\n","protected":false},"author":64,"featured_media":0,"parent":0,"menu_order":5,"comment_status":"closed","ping_status":"closed","template":"","meta":{"footnotes":""},"class_list":["post-85","page","type-page","status-publish","hentry"],"_links":{"self":[{"href":"https:\/\/wp.ufpel.edu.br\/zootecnia\/wp-json\/wp\/v2\/pages\/85","targetHints":{"allow":["GET"]}}],"collection":[{"href":"https:\/\/wp.ufpel.edu.br\/zootecnia\/wp-json\/wp\/v2\/pages"}],"about":[{"href":"https:\/\/wp.ufpel.edu.br\/zootecnia\/wp-json\/wp\/v2\/types\/page"}],"author":[{"embeddable":true,"href":"https:\/\/wp.ufpel.edu.br\/zootecnia\/wp-json\/wp\/v2\/users\/64"}],"replies":[{"embeddable":true,"href":"https:\/\/wp.ufpel.edu.br\/zootecnia\/wp-json\/wp\/v2\/comments?post=85"}],"version-history":[{"count":35,"href":"https:\/\/wp.ufpel.edu.br\/zootecnia\/wp-json\/wp\/v2\/pages\/85\/revisions"}],"predecessor-version":[{"id":87,"href":"https:\/\/wp.ufpel.edu.br\/zootecnia\/wp-json\/wp\/v2\/pages\/85\/revisions\/87"}],"wp:attachment":[{"href":"https:\/\/wp.ufpel.edu.br\/zootecnia\/wp-json\/wp\/v2\/media?parent=85"}],"curies":[{"name":"wp","href":"https:\/\/api.w.org\/{rel}","templated":true}]}}