{"id":693,"date":"2011-06-03T13:17:35","date_gmt":"2011-06-03T16:17:35","guid":{"rendered":"https:\/\/wp.ufpel.edu.br\/zootecnia\/"},"modified":"2011-08-09T10:31:25","modified_gmt":"2011-08-09T13:31:25","slug":"identidade-visual","status":"publish","type":"page","link":"https:\/\/wp.ufpel.edu.br\/zootecnia\/identidade-visual\/","title":{"rendered":"LOGO \u2013 ZOO"},"content":{"rendered":"<p style=\"text-align: center\">\u00a0<\/p>\n<p style=\"text-align: center\"><a href=\"https:\/\/wp.ufpel.edu.br\/zootecnia\/files\/2011\/06\/logo_zootecnia_2-copy.gif\"><img class=\"size-medium wp-image-730 aligncenter\" src=\"https:\/\/wp.ufpel.edu.br\/zootecnia\/files\/2011\/06\/logo_zootecnia_2-copy-300x167.gif\" alt=\"\" width=\"300\" height=\"167\" srcset=\"https:\/\/wp.ufpel.edu.br\/zootecnia\/files\/2011\/06\/logo_zootecnia_2-copy-300x167.gif 300w, https:\/\/wp.ufpel.edu.br\/zootecnia\/files\/2011\/06\/logo_zootecnia_2-copy-1024x570.gif 1024w, https:\/\/wp.ufpel.edu.br\/zootecnia\/files\/2011\/06\/logo_zootecnia_2-copy.gif 1098w\" sizes=\"(max-width: 300px) 100vw, 300px\" \/><\/a><\/p>\n<p style=\"text-align: center\">Abaixo pode ser baixado as logos oficiais do Curso de Zootecnia &#8211; UFPel, criadas pelo aluno de doutorado\u00a0Curso de P\u00f3s-Gradua\u00e7\u00e3o em Zootecnia o Eng. Agr. Leandro De Conto.\u00a0<\/p>\n<p style=\"text-align: center\">JPG e GIF <a href=\"http:\/\/cid-6d839c103c2644ea.skydrive.live.com\/redir.aspx?page=play&amp;resid=6D839C103C2644EA!119\">http:\/\/cid-6d839c103c2644ea.skydrive.live.com\/redir.aspx?page=play&amp;resid=6D839C103C2644EA!119<\/a><\/p>\n<p style=\"text-align: center\">CAD\u00a0<a href=\"https:\/\/skydrive.live.com\/redir.aspx?cid=6d839c103c2644ea&amp;resid=6D839C103C2644EA!124\">https:\/\/skydrive.live.com\/redir.aspx?cid=6d839c103c2644ea&amp;resid=6D839C103C2644EA!124<\/a><\/p>\n<p style=\"text-align: center\">\u00a0\u00a0 1\u00ba &#8211; Logo camisetas, moletons. etc.,\u00a0 Arquivo JPG\u00a0(fundo branco), \u00a0GIF (Fundo colorido) e CAD (gr\u00e1fica)\u00a0\u00a0\u00a0\u00a0\u00a0\u00a0\u00a0\u00a0\u00a0\u00a0\u00a0\u00a0\u00a0\u00a0\u00a0\u00a0\u00a0\u00a0\u00a0\u00a0\u00a0\u00a0\u00a0\u00a0\u00a0\u00a0\u00a0\u00a0\u00a0\u00a0\u00a0\u00a0\u00a0\u00a0\u00a0\u00a0\u00a0\u00a0\u00a0\u00a0\u00a0\u00a0\u00a0\u00a0\u00a0\u00a0\u00a0\u00a0<\/p>\n<p>\u00a0\u00a02\u00ba &#8211; Logo adesivos, banner, apresenta\u00e7\u00f5es, cabe\u00e7alhos de docs,\u00a0 Arquivo JPG (fundo branco), GIF (Fundo colorido) e CAD (gr\u00e1fica)<\/p>\n","protected":false},"excerpt":{"rendered":"<p>\u00a0 Abaixo pode ser baixado as logos oficiais do Curso de Zootecnia &#8211; UFPel, criadas pelo aluno de doutorado\u00a0Curso de P\u00f3s-Gradua\u00e7\u00e3o em Zootecnia o Eng. Agr. Leandro De Conto.\u00a0 JPG e GIF http:\/\/cid-6d839c103c2644ea.skydrive.live.com\/redir.aspx?page=play&amp;resid=6D839C103C2644EA!119 CAD\u00a0https:\/\/skydrive.live.com\/redir.aspx?cid=6d839c103c2644ea&amp;resid=6D839C103C2644EA!124 \u00a0\u00a0 1\u00ba &#8211; Logo camisetas, moletons. etc.,\u00a0 Arquivo JPG\u00a0(fundo branco), \u00a0GIF (Fundo colorido) e CAD (gr\u00e1fica)\u00a0\u00a0\u00a0\u00a0\u00a0\u00a0\u00a0\u00a0\u00a0\u00a0\u00a0\u00a0\u00a0\u00a0\u00a0\u00a0\u00a0\u00a0\u00a0\u00a0\u00a0\u00a0\u00a0\u00a0\u00a0\u00a0\u00a0\u00a0\u00a0\u00a0\u00a0\u00a0\u00a0\u00a0\u00a0\u00a0\u00a0\u00a0\u00a0\u00a0\u00a0\u00a0\u00a0\u00a0\u00a0\u00a0\u00a0\u00a0 \u00a0\u00a02\u00ba &#8211; Logo adesivos, banner, [&hellip;]<\/p>\n","protected":false},"author":64,"featured_media":0,"parent":0,"menu_order":11,"comment_status":"closed","ping_status":"closed","template":"","meta":{"footnotes":""},"class_list":["post-693","page","type-page","status-publish","hentry"],"_links":{"self":[{"href":"https:\/\/wp.ufpel.edu.br\/zootecnia\/wp-json\/wp\/v2\/pages\/693","targetHints":{"allow":["GET"]}}],"collection":[{"href":"https:\/\/wp.ufpel.edu.br\/zootecnia\/wp-json\/wp\/v2\/pages"}],"about":[{"href":"https:\/\/wp.ufpel.edu.br\/zootecnia\/wp-json\/wp\/v2\/types\/page"}],"author":[{"embeddable":true,"href":"https:\/\/wp.ufpel.edu.br\/zootecnia\/wp-json\/wp\/v2\/users\/64"}],"replies":[{"embeddable":true,"href":"https:\/\/wp.ufpel.edu.br\/zootecnia\/wp-json\/wp\/v2\/comments?post=693"}],"version-history":[{"count":13,"href":"https:\/\/wp.ufpel.edu.br\/zootecnia\/wp-json\/wp\/v2\/pages\/693\/revisions"}],"predecessor-version":[{"id":854,"href":"https:\/\/wp.ufpel.edu.br\/zootecnia\/wp-json\/wp\/v2\/pages\/693\/revisions\/854"}],"wp:attachment":[{"href":"https:\/\/wp.ufpel.edu.br\/zootecnia\/wp-json\/wp\/v2\/media?parent=693"}],"curies":[{"name":"wp","href":"https:\/\/api.w.org\/{rel}","templated":true}]}}