{"id":615,"date":"2011-04-08T10:27:35","date_gmt":"2011-04-08T13:27:35","guid":{"rendered":"https:\/\/wp.ufpel.edu.br\/zootecnia\/"},"modified":"2022-09-12T23:47:24","modified_gmt":"2022-09-13T02:47:24","slug":"colegiado","status":"publish","type":"page","link":"https:\/\/wp.ufpel.edu.br\/zootecnia\/colegiado\/","title":{"rendered":"COLEGIADO"},"content":{"rendered":"<p style=\"text-align: justify\">O Colegiado do Curso de Zootecnia \u00e9 o org\u00e3o que realiza a gest\u00e3o did\u00e1tica e administrativa do curso, sua coordena\u00e7\u00e3o esta a cargo do Prof. Dr. Giovani Fiorentini. \u00c9 composto ainda por professores das \u00e1reas b\u00e1sicas e profissionalizantes, t\u00e9cnicos-administrativo em educa\u00e7\u00e3o e discentes do Curso de Zootecnia.\u00a0 Fazem parte ainda do Colegiado o N\u00facleo Docente Estrurante e o N\u00facleo de Est\u00e1gios em Zootecnia.\u00a0 Maiores detalhes \u00a0sobre o Regimento e funcionamento do Colegiado pode ser consultado no Link\u00a0 abaixo.<\/p>\n<p><a href=\"..\/files\/2010\/08\/Regimento-do-Colegiado-do-Curso-de-Bacharelado-em-Zootecnia.pdf\">Regimento do Colegiado do Curso de Bacharelado em Zootecnia<\/a><\/p>\n<p><a href=\"https:\/\/wp.ufpel.edu.br\/zootecnia\/files\/2011\/04\/Regimento-do-N\u00facleo-Docente-Estruturante.pdf\">Regimento do N\u00facleo Docente Estruturante<\/a><\/p>\n<p><a href=\"..\/files\/2010\/08\/Projeto-Pedagogico-do-Curso-de-Zootecnia-2011.pdf\">Projeto Pedag\u00f3gico do Curso de Zootecnia<\/a><\/p>\n","protected":false},"excerpt":{"rendered":"<p>O Colegiado do Curso de Zootecnia \u00e9 o org\u00e3o que realiza a gest\u00e3o did\u00e1tica e administrativa do curso, sua coordena\u00e7\u00e3o esta a cargo do Prof. Dr. Giovani Fiorentini. \u00c9 composto ainda por professores das \u00e1reas b\u00e1sicas e profissionalizantes, t\u00e9cnicos-administrativo em educa\u00e7\u00e3o e discentes do Curso de Zootecnia.\u00a0 Fazem parte ainda do Colegiado o N\u00facleo Docente [&hellip;]<\/p>\n","protected":false},"author":64,"featured_media":0,"parent":0,"menu_order":4,"comment_status":"closed","ping_status":"closed","template":"","meta":{"footnotes":""},"class_list":["post-615","page","type-page","status-publish","hentry"],"_links":{"self":[{"href":"https:\/\/wp.ufpel.edu.br\/zootecnia\/wp-json\/wp\/v2\/pages\/615","targetHints":{"allow":["GET"]}}],"collection":[{"href":"https:\/\/wp.ufpel.edu.br\/zootecnia\/wp-json\/wp\/v2\/pages"}],"about":[{"href":"https:\/\/wp.ufpel.edu.br\/zootecnia\/wp-json\/wp\/v2\/types\/page"}],"author":[{"embeddable":true,"href":"https:\/\/wp.ufpel.edu.br\/zootecnia\/wp-json\/wp\/v2\/users\/64"}],"replies":[{"embeddable":true,"href":"https:\/\/wp.ufpel.edu.br\/zootecnia\/wp-json\/wp\/v2\/comments?post=615"}],"version-history":[{"count":10,"href":"https:\/\/wp.ufpel.edu.br\/zootecnia\/wp-json\/wp\/v2\/pages\/615\/revisions"}],"predecessor-version":[{"id":2733,"href":"https:\/\/wp.ufpel.edu.br\/zootecnia\/wp-json\/wp\/v2\/pages\/615\/revisions\/2733"}],"wp:attachment":[{"href":"https:\/\/wp.ufpel.edu.br\/zootecnia\/wp-json\/wp\/v2\/media?parent=615"}],"curies":[{"name":"wp","href":"https:\/\/api.w.org\/{rel}","templated":true}]}}