{"id":560,"date":"2011-03-22T09:32:44","date_gmt":"2011-03-22T12:32:44","guid":{"rendered":"https:\/\/wp.ufpel.edu.br\/zootecnia\/"},"modified":"2022-09-12T23:49:23","modified_gmt":"2022-09-13T02:49:23","slug":"disciplinassites","status":"publish","type":"page","link":"https:\/\/wp.ufpel.edu.br\/zootecnia\/disciplinassites\/","title":{"rendered":"DISCIPLINAS\/SITES"},"content":{"rendered":"<p>Ol\u00e1 alunos,<\/p>\n<p>Abaixo est\u00e3o dispon\u00edveis os <em>links<\/em> para acessar as paginas de algumas disciplinas do curso. Nestas voc\u00eas encontrar\u00e3o informa\u00e7\u00f5es sobre as disciplinas e materiais das aulas.<\/p>\n<p>Bons estudos!<\/p>\n<p><a href=\"https:\/\/wp.ufpel.edu.br\/govi\/downloads\/\">Conserva\u00e7\u00e3o de Forragens: Fena\u00e7\u00e3o e Ensilagem<\/a><\/p>\n<p>Materiais de Gen\u00e9tica<\/p>\n<p><a href=\"https:\/\/wp.ufpel.edu.br\/zootecnia\/disciplinassites\/aula-8-genclass-monodpolihibridismogapa\/\" rel=\"attachment wp-att-942\">Aula 8- Gencl\u00e1ss monodpolihibridismoGAPA<\/a><\/p>\n<p><a href=\"https:\/\/wp.ufpel.edu.br\/zootecnia\/disciplinassites\/aula-9-interacoes-alelicas-e-nao-alelicas-e-teste-de-quiquadrado\/\" rel=\"attachment wp-att-943\">Aula 9- Intera\u00e7\u00f5es al\u00e9licas e n\u00e3o al\u00e9licas e teste de quiquadrado.<\/a><\/p>\n<p><a href=\"https:\/\/wp.ufpel.edu.br\/zootecnia\/disciplinassites\/aula-10-efeito-materno-e-heranca-extracromossomica\/\" rel=\"attachment wp-att-944\">Aula 10 &#8211; Efeito materno e heran\u00e7a extracromoss\u00f4mica<\/a><\/p>\n<p><a href=\"https:\/\/wp.ufpel.edu.br\/zootecnia\/disciplinassites\/genetica-molecular\/\" rel=\"attachment wp-att-967\">genetica molecular<\/a><\/p>\n<p><a href=\"https:\/\/wp.ufpel.edu.br\/zootecnia\/disciplinassites\/aula-9-interacoes-alelicas-e-nao-alelicas-e-teste-de-quiquadrado-2\/\" rel=\"attachment wp-att-1034\">Aula 9- Intera\u00e7\u00f5es al\u00e9licas e n\u00e3o al\u00e9licas e teste de quiquadrado<\/a><\/p>\n<p><a href=\"https:\/\/wp.ufpel.edu.br\/zootecnia\/disciplinassites\/aula-11-permuta\/\" rel=\"attachment wp-att-1035\">Aula 11 &#8211; Permuta<\/a><\/p>\n<p><a href=\"https:\/\/wp.ufpel.edu.br\/zootecnia\/disciplinassites\/aula-11a-trespontos\/\" rel=\"attachment wp-att-1036\">Aula 11a &#8211; Tr\u00easpontos<\/a><\/p>\n<p><a href=\"https:\/\/wp.ufpel.edu.br\/zootecnia\/disciplinassites\/exercicios-tres-pontos\/\" rel=\"attachment wp-att-1037\">Exerc\u00edcios Tr\u00eas pontos<\/a><\/p>\n<p><a href=\"https:\/\/wp.ufpel.edu.br\/zootecnia\/disciplinassites\/quiquadrado\/\" rel=\"attachment wp-att-1038\">QuiQuadrado<\/a><\/p>\n<p>Materias de Melhoramento Animal<\/p>\n<p><a href=\"https:\/\/wp.ufpel.edu.br\/zootecnia\/disciplinassites\/aula-biotecnologia\/\" rel=\"attachment wp-att-945\">AULA BIOTECNOLOGIA<\/a><\/p>\n<p><a href=\"https:\/\/wp.ufpel.edu.br\/zootecnia\/disciplinassites\/aula-consangunidade\/\" rel=\"attachment wp-att-946\">AULA CONSANGUNIDADE<\/a><\/p>\n<p><a href=\"https:\/\/wp.ufpel.edu.br\/zootecnia\/disciplinassites\/aula-cruzamentos\/\" rel=\"attachment wp-att-947\">AULA CRUZAMENTOS<\/a><\/p>\n<p><a href=\"https:\/\/wp.ufpel.edu.br\/zootecnia\/disciplinassites\/aula-genetica\/\" rel=\"attachment wp-att-950\">AULA GEN\u00c9TICA<\/a><\/p>\n<p><a href=\"https:\/\/wp.ufpel.edu.br\/zootecnia\/disciplinassites\/aula-genetica-pop\/\" rel=\"attachment wp-att-948\">AULA GEN\u00c9TICA POP<\/a><\/p>\n<p><a href=\"https:\/\/wp.ufpel.edu.br\/zootecnia\/disciplinassites\/aula-genetica-quant\/\" rel=\"attachment wp-att-949\">AULA GEN\u00c9TICA QUANT<\/a><\/p>\n<p><a href=\"https:\/\/wp.ufpel.edu.br\/zootecnia\/disciplinassites\/aula-introducao\/\" rel=\"attachment wp-att-951\">AULA INTRODU\u00c7\u00c3O<\/a><\/p>\n<p><a href=\"https:\/\/wp.ufpel.edu.br\/zootecnia\/disciplinassites\/aula-metodos-selecao\/\" rel=\"attachment wp-att-952\">AULA M\u00c9TODOS SELE\u00c7\u00c3O<\/a><\/p>\n<p><a href=\"https:\/\/wp.ufpel.edu.br\/zootecnia\/disciplinassites\/aula-parametros-geneticos\/\" rel=\"attachment wp-att-953\">AULA PARAMETROS GEN\u00c9TICOS<\/a><\/p>\n<p><a href=\"https:\/\/wp.ufpel.edu.br\/zootecnia\/disciplinassites\/aula-selecao\/\" rel=\"attachment wp-att-969\">AULA SELE\u00c7\u00c3O<\/a><\/p>\n<p><a href=\"https:\/\/wp.ufpel.edu.br\/zootecnia\/disciplinassites\/resolucaogenpop_s\/\" rel=\"attachment wp-att-954\">Resolu\u00e7\u00e3oGenPop_&#8217;s<\/a><\/p>\n<p><a href=\"https:\/\/wp.ufpel.edu.br\/zootecnia\/disciplinassites\/resolucaoselecao\/\" rel=\"attachment wp-att-968\">Resolu\u00e7\u00e3oSele\u00e7\u00e3o<\/a><\/p>\n","protected":false},"excerpt":{"rendered":"<p>Ol\u00e1 alunos, Abaixo est\u00e3o dispon\u00edveis os links para acessar as paginas de algumas disciplinas do curso. Nestas voc\u00eas encontrar\u00e3o informa\u00e7\u00f5es sobre as disciplinas e materiais das aulas. Bons estudos! Conserva\u00e7\u00e3o de Forragens: Fena\u00e7\u00e3o e Ensilagem Materiais de Gen\u00e9tica Aula 8- Gencl\u00e1ss monodpolihibridismoGAPA Aula 9- Intera\u00e7\u00f5es al\u00e9licas e n\u00e3o al\u00e9licas e teste de quiquadrado. Aula 10 [&hellip;]<\/p>\n","protected":false},"author":64,"featured_media":0,"parent":0,"menu_order":10,"comment_status":"closed","ping_status":"closed","template":"","meta":{"footnotes":""},"class_list":["post-560","page","type-page","status-publish","hentry"],"_links":{"self":[{"href":"https:\/\/wp.ufpel.edu.br\/zootecnia\/wp-json\/wp\/v2\/pages\/560","targetHints":{"allow":["GET"]}}],"collection":[{"href":"https:\/\/wp.ufpel.edu.br\/zootecnia\/wp-json\/wp\/v2\/pages"}],"about":[{"href":"https:\/\/wp.ufpel.edu.br\/zootecnia\/wp-json\/wp\/v2\/types\/page"}],"author":[{"embeddable":true,"href":"https:\/\/wp.ufpel.edu.br\/zootecnia\/wp-json\/wp\/v2\/users\/64"}],"replies":[{"embeddable":true,"href":"https:\/\/wp.ufpel.edu.br\/zootecnia\/wp-json\/wp\/v2\/comments?post=560"}],"version-history":[{"count":29,"href":"https:\/\/wp.ufpel.edu.br\/zootecnia\/wp-json\/wp\/v2\/pages\/560\/revisions"}],"predecessor-version":[{"id":2736,"href":"https:\/\/wp.ufpel.edu.br\/zootecnia\/wp-json\/wp\/v2\/pages\/560\/revisions\/2736"}],"wp:attachment":[{"href":"https:\/\/wp.ufpel.edu.br\/zootecnia\/wp-json\/wp\/v2\/media?parent=560"}],"curies":[{"name":"wp","href":"https:\/\/api.w.org\/{rel}","templated":true}]}}