{"id":2819,"date":"2023-08-30T11:09:49","date_gmt":"2023-08-30T14:09:49","guid":{"rendered":"https:\/\/wp.ufpel.edu.br\/zootecnia\/?page_id=2819"},"modified":"2025-04-07T09:57:51","modified_gmt":"2025-04-07T12:57:51","slug":"formularios","status":"publish","type":"page","link":"https:\/\/wp.ufpel.edu.br\/zootecnia\/formularios\/","title":{"rendered":"Formul\u00e1rios"},"content":{"rendered":"<p>Fa\u00e7a aqui o download dos documentos:<\/p>\n<p>&nbsp;<\/p>\n<p><a href=\"https:\/\/wp.ufpel.edu.br\/zootecnia\/files\/2023\/08\/Requerimento-de-quebra-pre-requisito.pdf\">Requerimento-de-quebra-pre-requisito<\/a><\/p>\n<p><a href=\"https:\/\/wp.ufpel.edu.br\/zootecnia\/files\/2023\/08\/Solicitacao-de-Aproveitamento-de-Formacao-Livre.docx\">Solicita\u00e7\u00e3o de Aproveitamento de Forma\u00e7\u00e3o Livre<\/a><\/p>\n<p><a href=\"https:\/\/wp.ufpel.edu.br\/zootecnia\/files\/2025\/04\/Requerimento-revisao-desempenho.pdf\">Requerimento-revis\u00e3o-desempenho<\/a> (revis\u00e3o de prova)<\/p>\n","protected":false},"excerpt":{"rendered":"<p>Fa\u00e7a aqui o download dos documentos: &nbsp; Requerimento-de-quebra-pre-requisito Solicita\u00e7\u00e3o de Aproveitamento de Forma\u00e7\u00e3o Livre Requerimento-revis\u00e3o-desempenho (revis\u00e3o de prova)<\/p>\n","protected":false},"author":64,"featured_media":0,"parent":0,"menu_order":0,"comment_status":"closed","ping_status":"closed","template":"","meta":{"footnotes":""},"class_list":["post-2819","page","type-page","status-publish","hentry"],"_links":{"self":[{"href":"https:\/\/wp.ufpel.edu.br\/zootecnia\/wp-json\/wp\/v2\/pages\/2819","targetHints":{"allow":["GET"]}}],"collection":[{"href":"https:\/\/wp.ufpel.edu.br\/zootecnia\/wp-json\/wp\/v2\/pages"}],"about":[{"href":"https:\/\/wp.ufpel.edu.br\/zootecnia\/wp-json\/wp\/v2\/types\/page"}],"author":[{"embeddable":true,"href":"https:\/\/wp.ufpel.edu.br\/zootecnia\/wp-json\/wp\/v2\/users\/64"}],"replies":[{"embeddable":true,"href":"https:\/\/wp.ufpel.edu.br\/zootecnia\/wp-json\/wp\/v2\/comments?post=2819"}],"version-history":[{"count":5,"href":"https:\/\/wp.ufpel.edu.br\/zootecnia\/wp-json\/wp\/v2\/pages\/2819\/revisions"}],"predecessor-version":[{"id":2957,"href":"https:\/\/wp.ufpel.edu.br\/zootecnia\/wp-json\/wp\/v2\/pages\/2819\/revisions\/2957"}],"wp:attachment":[{"href":"https:\/\/wp.ufpel.edu.br\/zootecnia\/wp-json\/wp\/v2\/media?parent=2819"}],"curies":[{"name":"wp","href":"https:\/\/api.w.org\/{rel}","templated":true}]}}