{"id":2635,"date":"2021-10-22T11:28:09","date_gmt":"2021-10-22T14:28:09","guid":{"rendered":"https:\/\/wp.ufpel.edu.br\/zootecnia\/?page_id=2635"},"modified":"2021-10-22T11:29:41","modified_gmt":"2021-10-22T14:29:41","slug":"estagios","status":"publish","type":"page","link":"https:\/\/wp.ufpel.edu.br\/zootecnia\/estagios\/","title":{"rendered":"Est\u00e1gios"},"content":{"rendered":"<p><span style=\"color: #000080\">O <span style=\"color: #0000ff\"><strong><a style=\"color: #0000ff\" href=\"https:\/\/wp.ufpel.edu.br\/nez\/?page_id=116\">N\u00facleo de Est\u00e1gios em Zootecnia<\/a><\/strong><\/span><\/span> (NEZ) \u00e9 respons\u00e1vel por todas as modalidades de est\u00e1gio e procedimentos relacionados.<\/p>\n<p>Membros do NEZ:<\/p>\n<p>Prof. Stefani Macari &#8211; Coordenador do NEZ<\/p>\n<p>Prof\u00aa. D\u00e9bora Cristina Nichelle Lopes<\/p>\n<p>T\u00e9c. Admin. Cristiano Haetinger\u00a0 Hubner<\/p>\n<p>Acad. Emanuelle Lange Bilhan<\/p>\n<p>Todas as informa\u00e7\u00f5es sobre est\u00e1gios em zootecnia est\u00e3o no site do N\u00facleo e d\u00favidas relacionadas a est\u00e1gios podem ser sanadas com os membros do n\u00facleo ou atrav\u00e9s do email: nezufpel@gmail.com<\/p>\n","protected":false},"excerpt":{"rendered":"<p>O N\u00facleo de Est\u00e1gios em Zootecnia (NEZ) \u00e9 respons\u00e1vel por todas as modalidades de est\u00e1gio e procedimentos relacionados. Membros do NEZ: Prof. Stefani Macari &#8211; Coordenador do NEZ Prof\u00aa. D\u00e9bora Cristina Nichelle Lopes T\u00e9c. Admin. Cristiano Haetinger\u00a0 Hubner Acad. Emanuelle Lange Bilhan Todas as informa\u00e7\u00f5es sobre est\u00e1gios em zootecnia est\u00e3o no site do N\u00facleo e [&hellip;]<\/p>\n","protected":false},"author":64,"featured_media":0,"parent":0,"menu_order":0,"comment_status":"closed","ping_status":"closed","template":"","meta":{"footnotes":""},"class_list":["post-2635","page","type-page","status-publish","hentry"],"_links":{"self":[{"href":"https:\/\/wp.ufpel.edu.br\/zootecnia\/wp-json\/wp\/v2\/pages\/2635","targetHints":{"allow":["GET"]}}],"collection":[{"href":"https:\/\/wp.ufpel.edu.br\/zootecnia\/wp-json\/wp\/v2\/pages"}],"about":[{"href":"https:\/\/wp.ufpel.edu.br\/zootecnia\/wp-json\/wp\/v2\/types\/page"}],"author":[{"embeddable":true,"href":"https:\/\/wp.ufpel.edu.br\/zootecnia\/wp-json\/wp\/v2\/users\/64"}],"replies":[{"embeddable":true,"href":"https:\/\/wp.ufpel.edu.br\/zootecnia\/wp-json\/wp\/v2\/comments?post=2635"}],"version-history":[{"count":2,"href":"https:\/\/wp.ufpel.edu.br\/zootecnia\/wp-json\/wp\/v2\/pages\/2635\/revisions"}],"predecessor-version":[{"id":2638,"href":"https:\/\/wp.ufpel.edu.br\/zootecnia\/wp-json\/wp\/v2\/pages\/2635\/revisions\/2638"}],"wp:attachment":[{"href":"https:\/\/wp.ufpel.edu.br\/zootecnia\/wp-json\/wp\/v2\/media?parent=2635"}],"curies":[{"name":"wp","href":"https:\/\/api.w.org\/{rel}","templated":true}]}}