{"id":1304,"date":"2012-10-29T17:55:32","date_gmt":"2012-10-29T17:55:32","guid":{"rendered":"https:\/\/wp.ufpel.edu.br\/zootecnia\/?page_id=1304"},"modified":"2012-10-29T17:55:32","modified_gmt":"2012-10-29T17:55:32","slug":"avaliacao-das-atividades-docentes","status":"publish","type":"page","link":"https:\/\/wp.ufpel.edu.br\/zootecnia\/avaliacao-das-atividades-docentes\/","title":{"rendered":"Avalia\u00e7\u00e3o das atividades docentes"},"content":{"rendered":"<p>Caros alunos e colegas, a avalia\u00e7\u00e3o das atividades docentes \u00e9 uma ferramenta vital para aprimorarmos nossas a\u00e7\u00f5es e melhor atender as demandas do Curso de Zootecnia.<\/p>\n<p>S\u00e3o apresentados dois m\u00f3dulos, um para os alunos e outro para os docentes.<\/p>\n<p>Quem pode colaborar?<\/p>\n<p>&#8211; Alunos que ingressaram\u00a0nas turmas de <span style=\"color: #ff0000\"><strong>2008\/II<\/strong><\/span>, <strong><span style=\"color: #ff0000\">2010\/I<\/span><\/strong> e <span style=\"color: #ff0000\"><strong>2012\/I<\/strong><\/span>, devem avaliar as disciplinas que cursaram em 2012\/I. Em breve o\u00a0question\u00e1rio\u00a0ser\u00e1 estendido aos demais semestres.<\/p>\n<p>&#8211; Docentes que ministram disciplinas do <strong><span style=\"color: #ff0000\">primeiro<\/span><\/strong>, <strong><span style=\"color: #ff0000\">quinto<\/span> <\/strong>e <span style=\"color: #ff0000\"><strong>oitavo<\/strong> <\/span>semestre do curso.<\/p>\n<p>Ap\u00f3s o preenchimento das informa\u00e7\u00f5es, os formul\u00e1rios devem ser entregues na secretaria do Departamento de Zootecnia.<\/p>\n<p>ALUNO: <a href=\"https:\/\/wp.ufpel.edu.br\/zootecnia\/files\/2012\/10\/Avalia\u00e7\u00e3o_interna_Zootecnia.pdf\"> clique aqui<\/a><\/p>\n<p>PROFESSOR: <a href=\"https:\/\/wp.ufpel.edu.br\/zootecnia\/files\/2012\/10\/Avalia\u00e7\u00e3o_interna_Zootecnia2.pdf\">clique aqui<\/a><\/p>\n<p>A equipe do NDE\/Zootecnia espera a sua colabora\u00e7\u00e3o!<\/p>\n","protected":false},"excerpt":{"rendered":"<p>Caros alunos e colegas, a avalia\u00e7\u00e3o das atividades docentes \u00e9 uma ferramenta vital para aprimorarmos nossas a\u00e7\u00f5es e melhor atender as demandas do Curso de Zootecnia. S\u00e3o apresentados dois m\u00f3dulos, um para os alunos e outro para os docentes. Quem pode colaborar? &#8211; Alunos que ingressaram\u00a0nas turmas de 2008\/II, 2010\/I e 2012\/I, devem avaliar as [&hellip;]<\/p>\n","protected":false},"author":64,"featured_media":0,"parent":0,"menu_order":0,"comment_status":"closed","ping_status":"open","template":"","meta":{"footnotes":""},"class_list":["post-1304","page","type-page","status-publish","hentry"],"_links":{"self":[{"href":"https:\/\/wp.ufpel.edu.br\/zootecnia\/wp-json\/wp\/v2\/pages\/1304","targetHints":{"allow":["GET"]}}],"collection":[{"href":"https:\/\/wp.ufpel.edu.br\/zootecnia\/wp-json\/wp\/v2\/pages"}],"about":[{"href":"https:\/\/wp.ufpel.edu.br\/zootecnia\/wp-json\/wp\/v2\/types\/page"}],"author":[{"embeddable":true,"href":"https:\/\/wp.ufpel.edu.br\/zootecnia\/wp-json\/wp\/v2\/users\/64"}],"replies":[{"embeddable":true,"href":"https:\/\/wp.ufpel.edu.br\/zootecnia\/wp-json\/wp\/v2\/comments?post=1304"}],"version-history":[{"count":1,"href":"https:\/\/wp.ufpel.edu.br\/zootecnia\/wp-json\/wp\/v2\/pages\/1304\/revisions"}],"predecessor-version":[{"id":1307,"href":"https:\/\/wp.ufpel.edu.br\/zootecnia\/wp-json\/wp\/v2\/pages\/1304\/revisions\/1307"}],"wp:attachment":[{"href":"https:\/\/wp.ufpel.edu.br\/zootecnia\/wp-json\/wp\/v2\/media?parent=1304"}],"curies":[{"name":"wp","href":"https:\/\/api.w.org\/{rel}","templated":true}]}}