{"id":1263,"date":"2012-10-04T13:51:50","date_gmt":"2012-10-04T13:51:50","guid":{"rendered":"https:\/\/wp.ufpel.edu.br\/zootecnia\/?page_id=1263"},"modified":"2023-12-28T16:27:40","modified_gmt":"2023-12-28T19:27:40","slug":"acervo-bibliografico","status":"publish","type":"page","link":"https:\/\/wp.ufpel.edu.br\/zootecnia\/acervo-bibliografico\/","title":{"rendered":"Acervo bibliogr\u00e1fico"},"content":{"rendered":"<p>Para acessar a lista de bibliografias relacionadas ao Curso de Zootecnia, siga as instru\u00e7\u00f5es abaixo:<\/p>\n<p>&#8211; Fazer <em>download<\/em> do arquivo \u00a0(<a href=\"https:\/\/wp.ufpel.edu.br\/zootecnia\/files\/2012\/10\/Acervo_Zootecnia.pdf\"><em>Download<\/em> do arquivo<\/a>);<\/p>\n<p>&#8211; Buscar o assunto de interesse por palavra-chave no programa <em>Acrobat Reader.<\/em><\/p>\n<p><strong>Obs<\/strong>: Todas obras encontram-se no acervo da biblioteca das ci\u00eancias agr\u00e1rias, localizada no Campus Cap\u00e3o do Le\u00e3o.<\/p>\n<p>Para consulta ao acervo nas demais bibliotecas: <a href=\"http:\/\/www.ufpel.tche.br\/prg\/sisbi\/\">ACESSAR<\/a><\/p>\n","protected":false},"excerpt":{"rendered":"<p>Para acessar a lista de bibliografias relacionadas ao Curso de Zootecnia, siga as instru\u00e7\u00f5es abaixo: &#8211; Fazer download do arquivo \u00a0(Download do arquivo); &#8211; Buscar o assunto de interesse por palavra-chave no programa Acrobat Reader. Obs: Todas obras encontram-se no acervo da biblioteca das ci\u00eancias agr\u00e1rias, localizada no Campus Cap\u00e3o do Le\u00e3o. Para consulta ao [&hellip;]<\/p>\n","protected":false},"author":64,"featured_media":0,"parent":0,"menu_order":0,"comment_status":"closed","ping_status":"closed","template":"","meta":{"footnotes":""},"class_list":["post-1263","page","type-page","status-publish","hentry"],"_links":{"self":[{"href":"https:\/\/wp.ufpel.edu.br\/zootecnia\/wp-json\/wp\/v2\/pages\/1263","targetHints":{"allow":["GET"]}}],"collection":[{"href":"https:\/\/wp.ufpel.edu.br\/zootecnia\/wp-json\/wp\/v2\/pages"}],"about":[{"href":"https:\/\/wp.ufpel.edu.br\/zootecnia\/wp-json\/wp\/v2\/types\/page"}],"author":[{"embeddable":true,"href":"https:\/\/wp.ufpel.edu.br\/zootecnia\/wp-json\/wp\/v2\/users\/64"}],"replies":[{"embeddable":true,"href":"https:\/\/wp.ufpel.edu.br\/zootecnia\/wp-json\/wp\/v2\/comments?post=1263"}],"version-history":[{"count":4,"href":"https:\/\/wp.ufpel.edu.br\/zootecnia\/wp-json\/wp\/v2\/pages\/1263\/revisions"}],"predecessor-version":[{"id":2878,"href":"https:\/\/wp.ufpel.edu.br\/zootecnia\/wp-json\/wp\/v2\/pages\/1263\/revisions\/2878"}],"wp:attachment":[{"href":"https:\/\/wp.ufpel.edu.br\/zootecnia\/wp-json\/wp\/v2\/media?parent=1263"}],"curies":[{"name":"wp","href":"https:\/\/api.w.org\/{rel}","templated":true}]}}