{"id":12,"date":"2010-08-10T20:13:20","date_gmt":"2010-08-10T23:13:20","guid":{"rendered":"https:\/\/wp.ufpel.edu.br\/zootecnia\/"},"modified":"2025-05-14T08:43:50","modified_gmt":"2025-05-14T11:43:50","slug":"docentes","status":"publish","type":"page","link":"https:\/\/wp.ufpel.edu.br\/zootecnia\/docentes\/","title":{"rendered":"DOCENTES E SERVIDORES"},"content":{"rendered":"<p style=\"text-align: justify\"><strong>Professores<\/strong><\/p>\n<p><a href=\"https:\/\/institucional.ufpel.edu.br\/servidores\/id\/29426\"><span style=\"color: #000080\"><span style=\"color: #000080\"><strong>Isabella Dias Barbosa Silveira &#8211; <span style=\"color: #000000;background-color: #ffffff\">Coordenadora <\/span><\/strong><\/span><\/span><\/a><\/p>\n<p>Professor das disciplinas:<\/p>\n<p>1- Etologia animal aplicada \u00e0 zootecnia<\/p>\n<p>2- Boas pr\u00e1ticas e bem-estar animal<\/p>\n<p>3- Avalia\u00e7\u00e3o e tipifica\u00e7\u00e3o de carca\u00e7as<\/p>\n<p>4- Exterior e julgamento de animais dom\u00e9sticos<\/p>\n<p><span style=\"color: #000080\"><strong><a style=\"color: #000080\" href=\"https:\/\/institucional.ufpel.edu.br\/servidores\/id\/153389\">Stefani Macari<\/a>\u00a0 &#8211; <span style=\"color: #000000;background-color: #ffffff\">Coordenador adjunto e Coordenador de Est\u00e1gios<\/span><\/strong><\/span><\/p>\n<p>Professor das disciplinas:<\/p>\n<p>1- Ovinocaprinocultura<\/p>\n<p>2- Inicia\u00e7\u00e3o \u00e0 zootecnia<\/p>\n<p><strong><span style=\"color: #000080\"><a style=\"color: #000080\" href=\"https:\/\/institucional.ufpel.edu.br\/servidores\/id\/169976\">Giovani Fiorentini<\/a><\/span><\/strong><\/p>\n<p>Professor das disciplinas:<\/p>\n<p>1- Bovinocultura de corte<\/p>\n<p>2- Projetos zoot\u00e9cnicos<\/p>\n<p><a href=\"https:\/\/institucional.ufpel.edu.br\/servidores\/id\/31136\"><span style=\"color: #000080\"><strong>Jerri Teixeira Zanusso<\/strong><\/span><\/a><\/p>\n<p>Professor das disciplinas:<\/p>\n<p>1- Apicultura<\/p>\n<p>2- Avicultura<\/p>\n<p>3- Bioclimatologia animal<\/p>\n<p>4- T\u00e9cnicas de semin\u00e1rios<\/p>\n<p>5- TCC<\/p>\n<p><a href=\"https:\/\/institucional.ufpel.edu.br\/servidores\/id\/29994\"><span style=\"color: #000080\"><span style=\"color: #000080\"><strong>Otoniel Geter Lauz Ferreira<\/strong><\/span><\/span><\/a><\/p>\n<p>Professor das disciplinas:<\/p>\n<p>1- Forragicultura<\/p>\n<p>2- Manejo de rebanhos em pastejo<\/p>\n<p>3- Conserva\u00e7\u00e3o de alimentos volumosos para ruminantes<\/p>\n<p><a href=\"https:\/\/institucional.ufpel.edu.br\/servidores\/id\/22996\"><span style=\"color: #000080\"><strong>S\u00e9rgio Renato Noguez Piedras<\/strong><\/span><\/a><\/p>\n<p>Professor das disciplinas:<\/p>\n<p>1- Ecologia B\u00e1sica e Gest\u00e3o Ambiental<\/p>\n<p>2- Zoologia e Fauna Silvestre Aplicada<\/p>\n<p>3- Aquicultura<\/p>\n<p>4- Cria\u00e7\u00f5es Alternativas<\/p>\n<p><a href=\"https:\/\/institucional.ufpel.edu.br\/servidores\/id\/30517\"><span style=\"color: #000080\"><span style=\"color: #000080\"><strong>Victor Fernando B\u00fcttow Roll<\/strong><\/span><\/span><\/a><span style=\"color: #000080\"><span style=\"color: #000080\"><strong>\u00a0<\/strong><\/span><\/span><\/p>\n<p>Professor das disciplinas:<\/p>\n<p>1- Introdu\u00e7\u00e3o \u00e0 Metodologia Cient\u00edfica e da Pesquisa<\/p>\n<p>2- Introdu\u00e7\u00e3o \u00e0 T\u00e9cnicas Experimentais em Produ\u00e7\u00e3o Animal<\/p>\n<p style=\"text-align: justify\"><a href=\"https:\/\/institucional.ufpel.edu.br\/servidores\/id\/27751\">\u00a0<span style=\"text-decoration: underline\"><strong><span style=\"color: #000080;text-decoration: underline\">Eduardo Gon\u00e7alves Xavier<\/span><\/strong><\/span><\/a><\/p>\n<p style=\"text-align: justify\">Professor das disciplinas:<\/p>\n<p style=\"text-align: justify\">1- Suinocultura<\/p>\n<p style=\"text-align: justify\">2- Gest\u00e3o Ambiental dos Res\u00edduos Org\u00e2nicos Gerados nos Sistemas de Produ\u00e7\u00e3o Agropecu\u00e1rio<\/p>\n<p style=\"text-align: justify\"><a href=\"https:\/\/institucional.ufpel.edu.br\/servidores\/id\/26442\"><span style=\"color: #000080\"><strong>Anelise Hammes Pimentel<\/strong><\/span><\/a><\/p>\n<p>Professor das disciplinas:<\/p>\n<p style=\"text-align: justify\">1-Equinocultura<\/p>\n<p><strong><span style=\"color: #000080\"><a style=\"color: #000080\" href=\"https:\/\/institucional.ufpel.edu.br\/servidores\/id\/26564\">Fernando Rutz<\/a><\/span><\/strong><\/p>\n<p>Professor das disciplinas:<\/p>\n<p style=\"text-align: justify\"><a href=\"https:\/\/institucional.ufpel.edu.br\/servidores\/id\/21595\"><strong><span style=\"color: #000080\">Hero Alfaya<\/span><\/strong><\/a><\/p>\n<p>Professor das disciplinas:<\/p>\n<p style=\"text-align: justify\">1- Bromatologia Animal<\/p>\n<p style=\"text-align: justify\">2- Nutri\u00e7\u00e3o de Ruminantes<\/p>\n<p style=\"text-align: justify\"><a href=\"https:\/\/institucional.ufpel.edu.br\/servidores\/id\/135876\"><strong><span style=\"color: #000080\">Arione<\/span><span style=\"color: #000080\"> Aug<\/span><span style=\"color: #000080\">usti<\/span><span style=\"color: #000080\"> Boligon<\/span><\/strong><\/a><\/p>\n<p>Professor das disciplinas:<\/p>\n<p>1- Melhoramento Animal Aplicado I<\/p>\n<p>2- Melhoramento Animal Aplicado II<\/p>\n<p><a href=\"https:\/\/institucional.ufpel.edu.br\/servidores\/id\/32410\"><strong><span style=\"text-decoration: underline\"><span style=\"color: #000080;text-decoration: underline\">C\u00e1ssio Cassal Brauner\u00a0<\/span><\/span><\/strong><\/a><span style=\"text-decoration: underline\"><span style=\"color: #000080;text-decoration: underline\">\u00a0<\/span><\/span><\/p>\n<p>Professor das disciplinas:<\/p>\n<p>1- Bovinocultura de Corte<\/p>\n<p>2- Manejo Reprodutivo dos Animais Dom\u00e9sticos<\/p>\n<p><a href=\"https:\/\/institucional.ufpel.edu.br\/servidores\/id\/138817\"><span style=\"color: #000080\"><strong>D\u00e9bora Cristina Nichelle Lopes\u00a0<\/strong><\/span><\/a><\/p>\n<p>Professor das disciplinas:<\/p>\n<p>1- Suinocultura<\/p>\n<p>2- Nutri\u00e7\u00e3o animal<\/p>\n<p><a href=\"https:\/\/institucional.ufpel.edu.br\/servidores\/id\/29053\"><span style=\"color: #000080\"><strong>Rog\u00e9rio Folha Bermudes<\/strong><\/span><\/a><\/p>\n<p>Professor das disciplinas:<\/p>\n<p>1- Bovinocultura de Leite<\/p>\n<p>2- Formula\u00e7\u00e3o de dietas<\/p>\n<p><a href=\"https:\/\/institucional.ufpel.edu.br\/servidores\/id\/37646\"><strong><span style=\"color: #000080\">Rafael Aldrighi Tavares<\/span><\/strong><\/a><\/p>\n<p>Professor das disciplinas:<\/p>\n<p>Gen\u00e9tica Aplicada \u00e0 Produ\u00e7\u00e3o Animal<\/p>\n<p><strong><span style=\"color: #000080\"><a style=\"color: #000080\" href=\"https:\/\/institucional.ufpel.edu.br\/servidores\/id\/171331\">Carla Joice Harter<\/a><\/span><\/strong><\/p>\n<p>Professora das disciplinas:<\/p>\n<p>Nutri\u00e7\u00e3o animal<\/p>\n<p style=\"text-align: justify\"><span style=\"font-family: arial,helvetica,sans-serif;font-size: 12pt\"><strong><span style=\"color: #000000;font-family: times new roman,times;font-size: 14pt\">Servidores T\u00e9cnicos-Administrativos\u00a0<\/span><br \/>\n<\/strong><\/span><\/p>\n<p><a href=\"https:\/\/institucional.ufpel.edu.br\/servidores\/id\/36065\"><span style=\"background-color: #000080;color: #000080\"><strong><span style=\"background-color: #ffffff\">Norma Alessandra\u00a0 Dias Brauner<\/span><\/strong><\/span><\/a>\u00a0 Assistente em administra\u00e7\u00e3o, atendimento na Secretaria<\/p>\n<p><a href=\"https:\/\/institucional.ufpel.edu.br\/servidores\/id\/127520\"><span style=\"color: #000080\"><strong><span style=\"text-decoration: underline\"><span style=\"color: #000080;text-decoration: underline\">C<\/span>ristiano Haetinger Hubner<\/span><\/strong><\/span><\/a> Zootecnista, atendimento do N\u00facleo de Est\u00e1gios<\/p>\n","protected":false},"excerpt":{"rendered":"<p>Professores Isabella Dias Barbosa Silveira &#8211; Coordenadora Professor das disciplinas: 1- Etologia animal aplicada \u00e0 zootecnia 2- Boas pr\u00e1ticas e bem-estar animal 3- Avalia\u00e7\u00e3o e tipifica\u00e7\u00e3o de carca\u00e7as 4- Exterior e julgamento de animais dom\u00e9sticos Stefani Macari\u00a0 &#8211; Coordenador adjunto e Coordenador de Est\u00e1gios Professor das disciplinas: 1- Ovinocaprinocultura 2- Inicia\u00e7\u00e3o \u00e0 zootecnia Giovani Fiorentini [&hellip;]<\/p>\n","protected":false},"author":64,"featured_media":0,"parent":0,"menu_order":6,"comment_status":"closed","ping_status":"closed","template":"","meta":{"footnotes":""},"class_list":["post-12","page","type-page","status-publish","hentry"],"_links":{"self":[{"href":"https:\/\/wp.ufpel.edu.br\/zootecnia\/wp-json\/wp\/v2\/pages\/12","targetHints":{"allow":["GET"]}}],"collection":[{"href":"https:\/\/wp.ufpel.edu.br\/zootecnia\/wp-json\/wp\/v2\/pages"}],"about":[{"href":"https:\/\/wp.ufpel.edu.br\/zootecnia\/wp-json\/wp\/v2\/types\/page"}],"author":[{"embeddable":true,"href":"https:\/\/wp.ufpel.edu.br\/zootecnia\/wp-json\/wp\/v2\/users\/64"}],"replies":[{"embeddable":true,"href":"https:\/\/wp.ufpel.edu.br\/zootecnia\/wp-json\/wp\/v2\/comments?post=12"}],"version-history":[{"count":76,"href":"https:\/\/wp.ufpel.edu.br\/zootecnia\/wp-json\/wp\/v2\/pages\/12\/revisions"}],"predecessor-version":[{"id":2963,"href":"https:\/\/wp.ufpel.edu.br\/zootecnia\/wp-json\/wp\/v2\/pages\/12\/revisions\/2963"}],"wp:attachment":[{"href":"https:\/\/wp.ufpel.edu.br\/zootecnia\/wp-json\/wp\/v2\/media?parent=12"}],"curies":[{"name":"wp","href":"https:\/\/api.w.org\/{rel}","templated":true}]}}