{"id":997,"date":"2018-02-16T00:36:14","date_gmt":"2018-02-16T02:36:14","guid":{"rendered":"https:\/\/wp.ufpel.edu.br\/zahn\/?page_id=997"},"modified":"2020-01-03T20:49:19","modified_gmt":"2020-01-03T23:49:19","slug":"mmxviii","status":"publish","type":"page","link":"https:\/\/wp.ufpel.edu.br\/zahn\/disciplinas\/antiqua-archivum\/mmxviii\/","title":{"rendered":"MMXVIII"},"content":{"rendered":"<p style=\"text-align: center\"><span style=\"color: #0000ff\"><strong>SECVNDVM SEMESTER MMXVIII A.D.<\/strong><\/span><\/p>\n<p style=\"text-align: center\"><strong><span style=\"color: #0000ff\">C\u00c1LCULO 2 \u00a0&#8211; Comum \u00e0s Turmas T3, T6 e T7:<\/span>\u00a0<\/strong><\/p>\n<p style=\"text-align: center\"><a href=\"https:\/\/wp.ufpel.edu.br\/zahn\/files\/2018\/08\/0100302_C2_T3_2018_2.pdf\" target=\"_blank\" rel=\"noopener noreferrer\">Plano de Ensino<\/a><\/p>\n<p style=\"text-align: center\"><span style=\"font-size: 10pt\">(A disciplina no Portal de informa\u00e7\u00f5es da UFPel pode ser acessada clicando <a href=\"https:\/\/institucional.ufpel.edu.br\/disciplinas\/cod\/0100302\" target=\"_blank\" rel=\"noopener noreferrer\">aqui<\/a>)<\/span><\/p>\n<p style=\"text-align: center\"><span style=\"color: #0000ff\"><strong>Listas de Exerc\u00edcios<\/strong><\/span><\/p>\n<p style=\"text-align: center\"><a href=\"https:\/\/wp.ufpel.edu.br\/zahn\/files\/2018\/08\/lista_1.pdf\" target=\"_blank\" rel=\"noopener noreferrer\">Lista 01<\/a>\u00a0 \u00a0 \u00a0 \u00a0 \u00a0<a href=\"https:\/\/wp.ufpel.edu.br\/zahn\/files\/2018\/08\/Lista_2.pdf\" target=\"_blank\" rel=\"noopener noreferrer\">Lista 02<\/a>\u00a0 \u00a0 \u00a0 \u00a0 <a href=\"https:\/\/wp.ufpel.edu.br\/zahn\/files\/2018\/09\/Lista_3.pdf\" target=\"_blank\" rel=\"noopener noreferrer\">Lista 03<\/a>\u00a0 \u00a0 \u00a0 \u00a0\u00a0<a href=\"https:\/\/wp.ufpel.edu.br\/zahn\/files\/2018\/09\/lista_4.pdf\" target=\"_blank\" rel=\"noopener noreferrer\">Lista 04<\/a><\/p>\n<p style=\"text-align: center\"><a href=\"https:\/\/wp.ufpel.edu.br\/zahn\/files\/2018\/09\/lista_5.pdf\" target=\"_blank\" rel=\"noopener noreferrer\">\u00a0Lista 05<\/a> \u00a0 \u00a0 \u00a0 <a href=\"https:\/\/wp.ufpel.edu.br\/zahn\/files\/2018\/09\/lista_6_aplic.pdf\" target=\"_blank\" rel=\"noopener noreferrer\">Lista 06<\/a>\u00a0 \u00a0 \u00a0 \u00a0 <a href=\"https:\/\/wp.ufpel.edu.br\/zahn\/files\/2018\/10\/lista_7.pdf\" target=\"_blank\" rel=\"noopener noreferrer\">Lista 07<\/a>\u00a0 \u00a0 \u00a0 \u00a0 <a href=\"https:\/\/wp.ufpel.edu.br\/zahn\/files\/2018\/11\/lista_8.pdf\" target=\"_blank\" rel=\"noopener noreferrer\">Lista 08<\/a><\/p>\n<p style=\"text-align: center\"><a href=\"https:\/\/wp.ufpel.edu.br\/zahn\/files\/2018\/11\/lista_9.pdf\" target=\"_blank\" rel=\"noopener noreferrer\">Lista 09<\/a>\u00a0 \u00a0 \u00a0 \u00a0<a href=\"https:\/\/wp.ufpel.edu.br\/zahn\/files\/2018\/11\/lista_10.pdf\" target=\"_blank\" rel=\"noopener noreferrer\">Lista 10<\/a>\u00a0 \u00a0 \u00a0 \u00a0 \u00a0<a href=\"https:\/\/wp.ufpel.edu.br\/zahn\/files\/2018\/11\/lista_11.pdf\" target=\"_blank\" rel=\"noopener noreferrer\">Lista 11<\/a>\u00a0 \u00a0 \u00a0 \u00a0 <a href=\"https:\/\/wp.ufpel.edu.br\/zahn\/files\/2018\/11\/lista_12.pdf\" target=\"_blank\" rel=\"noopener noreferrer\">Lista 12<\/a><\/p>\n<p style=\"text-align: center\"><a href=\"https:\/\/wp.ufpel.edu.br\/zahn\/files\/2018\/12\/lista_13.pdf\" target=\"_blank\" rel=\"noopener noreferrer\">Lista 13<\/a>\u00a0 \u00a0 \u00a0 \u00a0<a href=\"https:\/\/wp.ufpel.edu.br\/zahn\/files\/2018\/12\/lista_14.pdf\" target=\"_blank\" rel=\"noopener noreferrer\">Lista 14<\/a><\/p>\n<p>&nbsp;<\/p>\n<p style=\"text-align: center\"><span style=\"color: #0000ff\"><strong>Provas Antigas:<\/strong><\/span><\/p>\n<ul>\n<li>Para acessar a Primeira Prova aplicada para a Engenharia Agr\u00edcola em 2009, clique <a href=\"https:\/\/wp.ufpel.edu.br\/zahn\/files\/2018\/08\/prova_1.pdf\" target=\"_blank\" rel=\"noopener noreferrer\">aqui<\/a>.<\/li>\n<li>Para acessar a Primeira Prova aplicada em 2010 para os cursos de F\u00edsica e Meteorologia, clique <a href=\"https:\/\/wp.ufpel.edu.br\/zahn\/files\/2018\/08\/Prova_1_Calc_ii.pdf\" target=\"_blank\" rel=\"noopener noreferrer\">aqui<\/a>, e o seu gabarito est\u00e1 dispon\u00edvel clicando-se <a href=\"https:\/\/wp.ufpel.edu.br\/zahn\/files\/2018\/08\/gabarito_prova1SWP.pdf\" target=\"_blank\" rel=\"noopener noreferrer\">aqui<\/a>.<\/li>\n<\/ul>\n<p>&nbsp;<\/p>\n<p style=\"text-align: center\"><span style=\"color: #0000ff\"><strong>Hor\u00e1rios de Monitoria\/Diversos<\/strong><\/span><\/p>\n<ul>\n<li>Monitorias: Monitora Ana Carolina &#8211; Para saber locais de atendimento e hor\u00e1rios, clique <a href=\"https:\/\/wp.ufpel.edu.br\/zahn\/files\/2018\/09\/monitorias.pdf\" target=\"_blank\" rel=\"noopener noreferrer\">aqui<\/a>.<\/li>\n<li>Para acesso ao site para c\u00e1lculo online de integrais, clique <a href=\"https:\/\/www.integral-calculator.com\" target=\"_blank\" rel=\"noopener noreferrer\">aqui<\/a>.<\/li>\n<\/ul>\n<p>&nbsp;<\/p>\n<p style=\"text-align: center\"><span style=\"color: #0000ff\"><strong>Datas das Provas<\/strong><\/span><\/p>\n<p>\u2206 Turma T3: \u00a0Prova 1 &#8211; \u00a0<span style=\"color: #0000ff\">01\/11<\/span> \u00a0 <a href=\"https:\/\/wp.ufpel.edu.br\/zahn\/files\/2018\/12\/Prv_02_T3.pdf\" target=\"_blank\" rel=\"noopener noreferrer\">Prova 2<\/a> &#8211; \u00a013\/12 \u00a0 Optativa &#8211; 18\/12 \u00a0 Exame &#8211; \u00a020\/12<\/p>\n<p>\u2206 Turma T6: Prova 1 &#8211; \u00a0<span style=\"color: #0000ff\">30\/10<\/span> \u00a0 <a href=\"https:\/\/wp.ufpel.edu.br\/zahn\/files\/2018\/12\/Prv_02_T6.pdf\" target=\"_blank\" rel=\"noopener noreferrer\">Prova 2<\/a> &#8211; \u00a013\/12 \u00a0 Optativa &#8211; \u00a018\/12 \u00a0 Exame &#8211; \u00a020\/12<\/p>\n<p>\u2206 Turma T7: <a href=\"https:\/\/wp.ufpel.edu.br\/zahn\/files\/2018\/10\/Prv_01_T7.pdf\" target=\"_blank\" rel=\"noopener noreferrer\">Prova 1<\/a> &#8211; \u00a017\/10 \u00a0 Prova 2 &#8211; \u00a012\/12 \u00a0 Optativa &#8211; \u00a017\/12 \u00a0 Exame &#8211; \u00a019\/12<\/p>\n<p>&nbsp;<\/p>\n<p style=\"text-align: center\">***********************************************************************************<\/p>\n<p>&nbsp;<\/p>\n<p style=\"text-align: center\"><span style=\"color: #0000ff\"><strong>PRIMMVM SEMESTER\u00a0 MMXVIII A.D.<\/strong><\/span><\/p>\n<p style=\"text-align: center\"><strong><span style=\"color: #0000ff\">INTRODU\u00c7\u00c3O \u00c0 \u00c1LGEBRA &#8211; Turma M2 (diurno)<\/span><\/strong><\/p>\n<p><img loading=\"lazy\" decoding=\"async\" class=\"wp-image-1053 aligncenter\" src=\"https:\/\/wp.ufpel.edu.br\/zahn\/files\/2018\/03\/Constructing_The_Natural_Numbers.gif\" alt=\"\" width=\"164\" height=\"70\" \/><\/p>\n<p style=\"text-align: center\"><a href=\"https:\/\/wp.ufpel.edu.br\/zahn\/files\/2018\/03\/2087Plan_ens_Intr_Alg.pdf\" target=\"_blank\" rel=\"noopener noreferrer\">Plano de Ensino<\/a><\/p>\n<p style=\"text-align: center\"><span style=\"font-size: 10pt\">(A disciplina no Portal de informa\u00e7\u00f5es da UFPel pode ser acessada clicando <a href=\"https:\/\/institucional.ufpel.edu.br\/disciplinas\/cod\/0100232\" target=\"_blank\" rel=\"noopener noreferrer\">aqui<\/a>)<\/span><\/p>\n<p style=\"text-align: center\"><strong><span style=\"color: #0000ff\">Listas de exerc\u00edcios<\/span><\/strong><\/p>\n<p style=\"text-align: center\"><a href=\"https:\/\/wp.ufpel.edu.br\/zahn\/files\/2018\/03\/Lista01.pdf\" target=\"_blank\" rel=\"noopener noreferrer\">Lista 01<\/a>\u00a0 \u00a0 \u00a0 \u00a0 <a href=\"https:\/\/wp.ufpel.edu.br\/zahn\/files\/2018\/04\/Lista02.pdf\" target=\"_blank\" rel=\"noopener noreferrer\">Lista 02<\/a>\u00a0 \u00a0 \u00a0 \u00a0\u00a0<a href=\"https:\/\/wp.ufpel.edu.br\/zahn\/files\/2018\/04\/Lista03.pdf\" target=\"_blank\" rel=\"noopener noreferrer\">Lista 03<\/a>\u00a0 \u00a0 \u00a0 \u00a0 <a href=\"https:\/\/wp.ufpel.edu.br\/zahn\/files\/2018\/04\/Lista04.pdf\" target=\"_blank\" rel=\"noopener noreferrer\">Lista 04<\/a><\/p>\n<p style=\"text-align: center\"><a href=\"https:\/\/wp.ufpel.edu.br\/zahn\/files\/2018\/04\/Resp_L1adL4.pdf\" target=\"_blank\" rel=\"noopener noreferrer\">Resp. Lista 01 \u00e0 04<\/a><\/p>\n<p style=\"text-align: center\"><a href=\"https:\/\/wp.ufpel.edu.br\/zahn\/files\/2018\/05\/Lista05.pdf\" target=\"_blank\" rel=\"noopener noreferrer\">Lista 05<\/a>\u00a0 \u00a0 \u00a0 \u00a0<a href=\"https:\/\/wp.ufpel.edu.br\/zahn\/files\/2018\/05\/Lista06.pdf\" target=\"_blank\" rel=\"noopener noreferrer\">Lista 06<\/a>\u00a0 \u00a0 \u00a0 \u00a0\u00a0<a href=\"https:\/\/wp.ufpel.edu.br\/zahn\/files\/2018\/05\/Lista07.pdf\" target=\"_blank\" rel=\"noopener noreferrer\">Lista 07<\/a>\u00a0 \u00a0 \u00a0 \u00a0 <a href=\"https:\/\/wp.ufpel.edu.br\/zahn\/files\/2018\/05\/Lista08.pdf\" target=\"_blank\" rel=\"noopener noreferrer\">Lista 08<\/a><\/p>\n<p style=\"text-align: center\"><a href=\"https:\/\/wp.ufpel.edu.br\/zahn\/files\/2018\/06\/Lista09.pdf\" target=\"_blank\" rel=\"noopener noreferrer\">Lista 09<\/a> \u00a0 \u00a0 \u00a0 \u00a0<a href=\"https:\/\/wp.ufpel.edu.br\/zahn\/files\/2018\/06\/Lista10.pdf\" target=\"_blank\" rel=\"noopener noreferrer\">Lista 10<\/a>\u00a0 \u00a0 \u00a0 \u00a0<a href=\"https:\/\/wp.ufpel.edu.br\/zahn\/files\/2018\/07\/Lista11.pdf\" target=\"_blank\" rel=\"noopener noreferrer\">Lista 11<\/a>\u00a0 \u00a0 \u00a0 \u00a0\u00a0<a href=\"https:\/\/wp.ufpel.edu.br\/zahn\/files\/2018\/07\/Lista12.pdf\" target=\"_blank\" rel=\"noopener noreferrer\">Lista 12<\/a><\/p>\n<p style=\"text-align: center\"><strong><span style=\"color: #0000ff\">Diversos<\/span><\/strong><\/p>\n<p>Clicando <a href=\"http:\/\/img.submarino.com.br\/manuais\/113072123.pdf\" target=\"_blank\" rel=\"noopener noreferrer\">aqui<\/a> voc\u00ea pode acessar as primeiras p\u00e1ginas de meu livro &#8220;Introdu\u00e7\u00e3o \u00e0 \u00c1lgebra&#8221;, que usarei no curso.<\/p>\n<p style=\"text-align: center\"><strong><span style=\"color: #0000ff\">Datas das Provas<\/span><\/strong><\/p>\n<p style=\"text-align: center\"><a href=\"https:\/\/wp.ufpel.edu.br\/zahn\/files\/2018\/05\/Prova01.pdf\" target=\"_blank\" rel=\"noopener noreferrer\">Prova 01<\/a> &#8211; dia 27\/04\/2018 (sexta) &#8211; <a href=\"https:\/\/wp.ufpel.edu.br\/zahn\/files\/2018\/05\/gab_IA_Pr1.pdf\" target=\"_blank\" rel=\"noopener noreferrer\">Gabarito<\/a><\/p>\n<p style=\"text-align: center\"><a href=\"https:\/\/wp.ufpel.edu.br\/zahn\/files\/2018\/06\/Prova02.pdf\" target=\"_blank\" rel=\"noopener noreferrer\">Prova 02<\/a> &#8211; dia 25\/06\/2018 (segunda)<\/p>\n<p style=\"text-align: center\"><a href=\"https:\/\/wp.ufpel.edu.br\/zahn\/files\/2018\/07\/Prova03.pdf\" target=\"_blank\" rel=\"noopener noreferrer\">Prova 03<\/a> &#8211; dia 23\/07\/2018 (segunda)<\/p>\n<p style=\"text-align: center\">Optativa &#8211; dia 25\/07\/2018 (quarta)<\/p>\n<p style=\"text-align: center\">Exame &#8211; 03\/08\/2018 (sexta)<\/p>\n<p>&nbsp;<\/p>\n<p style=\"text-align: center\">=========================================<\/p>\n<p style=\"text-align: center\"><strong><span style=\"color: #0000ff\">AN\u00c1LISE REAL I (diurno)<\/span><\/strong><\/p>\n<p><img loading=\"lazy\" decoding=\"async\" class=\"wp-image-457 aligncenter\" src=\"https:\/\/wp.ufpel.edu.br\/zahn\/files\/2016\/08\/tut9machine-424x198.gif\" alt=\"\" width=\"180\" height=\"84\" srcset=\"https:\/\/wp.ufpel.edu.br\/zahn\/files\/2016\/08\/tut9machine-424x198.gif 424w, https:\/\/wp.ufpel.edu.br\/zahn\/files\/2016\/08\/tut9machine-212x99.gif 212w, https:\/\/wp.ufpel.edu.br\/zahn\/files\/2016\/08\/tut9machine-768x359.gif 768w\" sizes=\"auto, (max-width: 180px) 100vw, 180px\" \/><\/p>\n<p style=\"text-align: center\"><a href=\"https:\/\/wp.ufpel.edu.br\/zahn\/files\/2018\/03\/2018Plan_ens_An.pdf\" target=\"_blank\" rel=\"noopener noreferrer\">Plano de ensino<\/a><\/p>\n<p style=\"text-align: center\"><span style=\"font-size: 10pt\">(A disciplina no Portal de informa\u00e7\u00f5es da UFPel pode ser acessada clicando <a href=\"https:\/\/institucional.ufpel.edu.br\/disciplinas\/cod\/0100166\" target=\"_blank\" rel=\"noopener noreferrer\">aqui<\/a>)<\/span><\/p>\n<p style=\"text-align: center\"><span style=\"color: #0000ff\"><strong>Listas de exerc\u00edcios<\/strong><\/span><\/p>\n<p style=\"text-align: center\"><a href=\"https:\/\/wp.ufpel.edu.br\/zahn\/files\/2018\/03\/ANL01.pdf\" target=\"_blank\" rel=\"noopener noreferrer\">Lista 01<\/a>\u00a0 \u00a0 \u00a0 \u00a0 \u00a0<a href=\"https:\/\/wp.ufpel.edu.br\/zahn\/files\/2018\/04\/ANL02.pdf\" target=\"_blank\" rel=\"noopener noreferrer\">Lista 02<\/a>\u00a0 \u00a0 \u00a0 \u00a0 \u00a0<a href=\"https:\/\/wp.ufpel.edu.br\/zahn\/files\/2018\/04\/ANL03.pdf\" target=\"_blank\" rel=\"noopener noreferrer\">Lista 03<\/a><\/p>\n<p style=\"text-align: center\"><a href=\"https:\/\/wp.ufpel.edu.br\/zahn\/files\/2018\/05\/respAn_L1_to_L3.pdf\" target=\"_blank\" rel=\"noopener noreferrer\">Resp. listas 01 a 03<\/a><\/p>\n<p style=\"text-align: center\"><a href=\"https:\/\/wp.ufpel.edu.br\/zahn\/files\/2018\/05\/ANL04.pdf\" target=\"_blank\" rel=\"noopener noreferrer\">Lista 04<\/a>\u00a0 \u00a0 \u00a0 \u00a0 <a href=\"https:\/\/wp.ufpel.edu.br\/zahn\/files\/2018\/05\/ANL05.pdf\" target=\"_blank\" rel=\"noopener noreferrer\">Lista 05<\/a>\u00a0 \u00a0 \u00a0 \u00a0<a href=\"https:\/\/wp.ufpel.edu.br\/zahn\/files\/2018\/05\/ANL06.pdf\" target=\"_blank\" rel=\"noopener noreferrer\">Lista 06<\/a>\u00a0 \u00a0 \u00a0 \u00a0<a href=\"https:\/\/wp.ufpel.edu.br\/zahn\/files\/2018\/06\/ANL07.pdf\" target=\"_blank\" rel=\"noopener noreferrer\">Lista 07<\/a><\/p>\n<p style=\"text-align: center\"><a href=\"https:\/\/wp.ufpel.edu.br\/zahn\/files\/2018\/06\/ANL08.pdf\" target=\"_blank\" rel=\"noopener noreferrer\">Lista 08<\/a>\u00a0 \u00a0 \u00a0 \u00a0 <a href=\"https:\/\/wp.ufpel.edu.br\/zahn\/files\/2018\/07\/ANL09.pdf\" target=\"_blank\" rel=\"noopener noreferrer\">Lista 09<\/a>\u00a0 \u00a0 \u00a0 \u00a0<a href=\"https:\/\/wp.ufpel.edu.br\/zahn\/files\/2018\/07\/ANL10.pdf\" target=\"_blank\" rel=\"noopener noreferrer\"> Lista 10<\/a>\u00a0 \u00a0 \u00a0 \u00a0<a href=\"https:\/\/wp.ufpel.edu.br\/zahn\/files\/2018\/07\/ANL11.pdf\" target=\"_blank\" rel=\"noopener noreferrer\">Lista 11<\/a> \u00a0 \u00a0 \u00a0 \u00a0<a href=\"https:\/\/wp.ufpel.edu.br\/zahn\/files\/2018\/07\/ANL12.pdf\" target=\"_blank\" rel=\"noopener noreferrer\">Lista 12<\/a><\/p>\n<p style=\"text-align: center\"><strong><span style=\"color: #0000ff\">Diversos<\/span><\/strong><\/p>\n<p style=\"text-align: justify\">\u2206 Para baixar um livro em pdf, clique <a href=\"https:\/\/wp.ufpel.edu.br\/zahn\/files\/2018\/03\/Undergraduate-Texts-in-Mathematics-Murray-H.-Protter-Basic-Elements-of-Real-Analysis-Springer.pdf\" target=\"_blank\" rel=\"noopener noreferrer\">aqui<\/a>.<\/p>\n<p>\u2206\u00a0Para baixar o arquivo pdf das notas de aula que est\u00e3o sendo digitadas, clique <a href=\"https:\/\/wp.ufpel.edu.br\/zahn\/files\/2018\/03\/An_Real.pdf\" target=\"_blank\" rel=\"noopener noreferrer\">aqui<\/a> <span style=\"color: #ff0000\">(atualizado em 05\/06\/2018, \u00e0s 21:03)<\/span><\/p>\n<p>\u2206 V\u00eddeo no Youtube sobre os <a href=\"https:\/\/www.youtube.com\/watch?v=YXt8QzTNLcw\" target=\"_blank\" rel=\"noopener noreferrer\">infinitos de Cantor<\/a>.<\/p>\n<p><span style=\"color: #000000\">\u2206 Para assistir v\u00eddeos do Curso de An\u00e1lise na Reta, ministrado pelo Prof. Elon Lages Lima, IMPA, clique <a style=\"color: #000000\" href=\"http:\/\/video.impa.br\/index.php?page=programa-de-verao-2011-analise-na-reta\" target=\"_blank\" rel=\"noopener noreferrer\">aqui<\/a>.<\/span><\/p>\n<p><span style=\"color: #000000\">\u2206 \u00a0<\/span>Artigo\u00a0<a href=\"https:\/\/wp.ufpel.edu.br\/zahn\/files\/2017\/01\/ens_calculo_Analise.pdf\" target=\"_blank\" rel=\"noopener noreferrer\">Sobre o ensino da An\u00e1lise<\/a>.<\/p>\n<p><span style=\"color: #000000\">\u2206\u00a0<\/span>Artigo &#8220;<a href=\"https:\/\/wp.ufpel.edu.br\/zahn\/files\/2018\/07\/v11a06-o-que-e-um-conjunto.pdf\" target=\"_blank\" rel=\"noopener noreferrer\">O que \u00e9 um conjunto?<\/a>&#8220;.<\/p>\n<p>&nbsp;<\/p>\n<p style=\"text-align: center\"><span style=\"color: #0000ff\"><strong>Datas das provas<\/strong><\/span><\/p>\n<p style=\"text-align: center\"><a href=\"https:\/\/wp.ufpel.edu.br\/zahn\/files\/2018\/05\/PrvAN01.pdf\" target=\"_blank\" rel=\"noopener noreferrer\">Prova 01<\/a> &#8211; dia 04\/05\/2018 (sexta)<\/p>\n<p style=\"text-align: center\"><a href=\"https:\/\/wp.ufpel.edu.br\/zahn\/files\/2018\/06\/PrvAN02.pdf\" target=\"_blank\" rel=\"noopener noreferrer\">Prova 02<\/a> &#8211; dia 22\/06\/2018 (sexta)<\/p>\n<p style=\"text-align: center\"><a href=\"https:\/\/wp.ufpel.edu.br\/zahn\/files\/2018\/07\/PrvAN03.pdf\" target=\"_blank\" rel=\"noopener noreferrer\">Prova 03<\/a> &#8211; dia 27\/07\/2018 (sexta)<\/p>\n<p style=\"text-align: center\">Optativa &#8211; dia 01\/08\/2018 (quarta)<\/p>\n<p style=\"text-align: center\">Exame &#8211; dia 06\/08\/2018 (segunda)<\/p>\n<p>&nbsp;<\/p>\n","protected":false},"excerpt":{"rendered":"<p>SECVNDVM SEMESTER MMXVIII A.D. C\u00c1LCULO 2 \u00a0&#8211; Comum \u00e0s Turmas T3, T6 e T7:\u00a0 Plano de Ensino (A disciplina no Portal de informa\u00e7\u00f5es da UFPel pode ser acessada clicando aqui) Listas de Exerc\u00edcios Lista 01\u00a0 \u00a0 \u00a0 \u00a0 \u00a0Lista 02\u00a0 \u00a0 \u00a0 \u00a0 Lista 03\u00a0 \u00a0 \u00a0 \u00a0\u00a0Lista 04 \u00a0Lista 05 \u00a0 \u00a0 \u00a0 Lista &hellip; <a href=\"https:\/\/wp.ufpel.edu.br\/zahn\/disciplinas\/antiqua-archivum\/mmxviii\/\" class=\"more-link\">Continue lendo <span class=\"screen-reader-text\">MMXVIII<\/span> <span class=\"meta-nav\">&rarr;<\/span><\/a><\/p>\n","protected":false},"author":605,"featured_media":0,"parent":1596,"menu_order":0,"comment_status":"closed","ping_status":"closed","template":"","meta":{"jetpack_post_was_ever_published":false,"footnotes":""},"class_list":["post-997","page","type-page","status-publish","hentry"],"jetpack_sharing_enabled":true,"jetpack_shortlink":"https:\/\/wp.me\/P7fXYa-g5","_links":{"self":[{"href":"https:\/\/wp.ufpel.edu.br\/zahn\/wp-json\/wp\/v2\/pages\/997","targetHints":{"allow":["GET"]}}],"collection":[{"href":"https:\/\/wp.ufpel.edu.br\/zahn\/wp-json\/wp\/v2\/pages"}],"about":[{"href":"https:\/\/wp.ufpel.edu.br\/zahn\/wp-json\/wp\/v2\/types\/page"}],"author":[{"embeddable":true,"href":"https:\/\/wp.ufpel.edu.br\/zahn\/wp-json\/wp\/v2\/users\/605"}],"replies":[{"embeddable":true,"href":"https:\/\/wp.ufpel.edu.br\/zahn\/wp-json\/wp\/v2\/comments?post=997"}],"version-history":[{"count":81,"href":"https:\/\/wp.ufpel.edu.br\/zahn\/wp-json\/wp\/v2\/pages\/997\/revisions"}],"predecessor-version":[{"id":1602,"href":"https:\/\/wp.ufpel.edu.br\/zahn\/wp-json\/wp\/v2\/pages\/997\/revisions\/1602"}],"up":[{"embeddable":true,"href":"https:\/\/wp.ufpel.edu.br\/zahn\/wp-json\/wp\/v2\/pages\/1596"}],"wp:attachment":[{"href":"https:\/\/wp.ufpel.edu.br\/zahn\/wp-json\/wp\/v2\/media?parent=997"}],"curies":[{"name":"wp","href":"https:\/\/api.w.org\/{rel}","templated":true}]}}