{"id":44,"date":"2016-02-19T14:42:53","date_gmt":"2016-02-19T16:42:53","guid":{"rendered":"https:\/\/wp.ufpel.edu.br\/zahn\/?page_id=44"},"modified":"2020-03-09T22:49:13","modified_gmt":"2020-03-10T01:49:13","slug":"doutorado","status":"publish","type":"page","link":"https:\/\/wp.ufpel.edu.br\/zahn\/pagina-exemplo\/doutorado\/","title":{"rendered":"1. Doutorado"},"content":{"rendered":"<p>Doutor em Matem\u00e1tica pela Universidade de S\u00e3o Paulo (USP)<\/p>\n<p>Per\u00edodo: de agosto de 2011 a junho de 2015.<\/p>\n<p>T\u00edtulo da tese: <em>Geometria dos espa\u00e7os de Banach<\/em> C([0, \u03b1], <em>X<\/em>) <em>para ordinais enumer\u00e1veis<\/em>\u00a0\u03b1.<\/p>\n<p>Orientador: Prof. Dr. El\u00f3i Medina Galego.<\/p>\n<p>Para acessar a Tese, clique <a href=\"http:\/\/www.teses.usp.br\/teses\/disponiveis\/45\/45131\/tde-27082015-102002\/pt-br.php\" target=\"_blank\" rel=\"noopener noreferrer\">aqui<\/a>.<br \/>\n<img loading=\"lazy\" decoding=\"async\" class=\"alignnone wp-image-186\" src=\"https:\/\/wp.ufpel.edu.br\/zahn\/files\/2016\/03\/100_4578-424x318.jpg\" alt=\"100_4578\" width=\"616\" height=\"462\" srcset=\"https:\/\/wp.ufpel.edu.br\/zahn\/files\/2016\/03\/100_4578-424x318.jpg 424w, https:\/\/wp.ufpel.edu.br\/zahn\/files\/2016\/03\/100_4578-212x159.jpg 212w, https:\/\/wp.ufpel.edu.br\/zahn\/files\/2016\/03\/100_4578-768x576.jpg 768w\" sizes=\"auto, (max-width: 616px) 100vw, 616px\" \/>\u00a0 \u00a0<img loading=\"lazy\" decoding=\"async\" class=\"alignnone wp-image-191\" src=\"https:\/\/wp.ufpel.edu.br\/zahn\/files\/2016\/03\/100_4580-424x318.jpg\" alt=\"100_4580\" width=\"615\" height=\"461\" srcset=\"https:\/\/wp.ufpel.edu.br\/zahn\/files\/2016\/03\/100_4580-424x318.jpg 424w, https:\/\/wp.ufpel.edu.br\/zahn\/files\/2016\/03\/100_4580-212x159.jpg 212w, https:\/\/wp.ufpel.edu.br\/zahn\/files\/2016\/03\/100_4580-768x576.jpg 768w\" sizes=\"auto, (max-width: 615px) 100vw, 615px\" \/><\/p>\n<p>(Fotos da defesa da Tese, na segunda, com os membros da Banca.)<\/p>\n","protected":false},"excerpt":{"rendered":"<p>Doutor em Matem\u00e1tica pela Universidade de S\u00e3o Paulo (USP) Per\u00edodo: de agosto de 2011 a junho de 2015. T\u00edtulo da tese: Geometria dos espa\u00e7os de Banach C([0, \u03b1], X) para ordinais enumer\u00e1veis\u00a0\u03b1. Orientador: Prof. Dr. El\u00f3i Medina Galego. Para acessar a Tese, clique aqui. \u00a0 \u00a0 (Fotos da defesa da Tese, na segunda, com os &hellip; <a href=\"https:\/\/wp.ufpel.edu.br\/zahn\/pagina-exemplo\/doutorado\/\" class=\"more-link\">Continue lendo <span class=\"screen-reader-text\">1. Doutorado<\/span> <span class=\"meta-nav\">&rarr;<\/span><\/a><\/p>\n","protected":false},"author":605,"featured_media":0,"parent":2,"menu_order":0,"comment_status":"closed","ping_status":"closed","template":"","meta":{"jetpack_post_was_ever_published":false,"footnotes":""},"class_list":["post-44","page","type-page","status-publish","hentry"],"jetpack_sharing_enabled":true,"jetpack_shortlink":"https:\/\/wp.me\/P7fXYa-I","_links":{"self":[{"href":"https:\/\/wp.ufpel.edu.br\/zahn\/wp-json\/wp\/v2\/pages\/44","targetHints":{"allow":["GET"]}}],"collection":[{"href":"https:\/\/wp.ufpel.edu.br\/zahn\/wp-json\/wp\/v2\/pages"}],"about":[{"href":"https:\/\/wp.ufpel.edu.br\/zahn\/wp-json\/wp\/v2\/types\/page"}],"author":[{"embeddable":true,"href":"https:\/\/wp.ufpel.edu.br\/zahn\/wp-json\/wp\/v2\/users\/605"}],"replies":[{"embeddable":true,"href":"https:\/\/wp.ufpel.edu.br\/zahn\/wp-json\/wp\/v2\/comments?post=44"}],"version-history":[{"count":12,"href":"https:\/\/wp.ufpel.edu.br\/zahn\/wp-json\/wp\/v2\/pages\/44\/revisions"}],"predecessor-version":[{"id":1689,"href":"https:\/\/wp.ufpel.edu.br\/zahn\/wp-json\/wp\/v2\/pages\/44\/revisions\/1689"}],"up":[{"embeddable":true,"href":"https:\/\/wp.ufpel.edu.br\/zahn\/wp-json\/wp\/v2\/pages\/2"}],"wp:attachment":[{"href":"https:\/\/wp.ufpel.edu.br\/zahn\/wp-json\/wp\/v2\/media?parent=44"}],"curies":[{"name":"wp","href":"https:\/\/api.w.org\/{rel}","templated":true}]}}