{"id":39,"date":"2016-02-19T14:39:10","date_gmt":"2016-02-19T16:39:10","guid":{"rendered":"https:\/\/wp.ufpel.edu.br\/zahn\/?page_id=39"},"modified":"2020-03-09T22:48:08","modified_gmt":"2020-03-10T01:48:08","slug":"mestrado","status":"publish","type":"page","link":"https:\/\/wp.ufpel.edu.br\/zahn\/pagina-exemplo\/mestrado\/","title":{"rendered":"2. Mestrado"},"content":{"rendered":"<p>Mestre em Matem\u00e1tica pela Universidade Federal do Rio Grande do Sul (UFRGS)<\/p>\n<p>Per\u00edodo: Mar\u00e7o de 2003 a Setembro de 2005<\/p>\n<p>T\u00edtulo da Disserta\u00e7\u00e3o: <em>Decomposi\u00e7\u00e3o de Calderon e suas aplica\u00e7\u00f5es na teoria da regularidade em equa\u00e7\u00f5es el\u00edpticas.<\/em><\/p>\n<p><img loading=\"lazy\" decoding=\"async\" class=\"wp-image-187 alignright\" src=\"https:\/\/wp.ufpel.edu.br\/zahn\/files\/2016\/03\/defesa_1-424x254.jpg\" alt=\"defesa_1\" width=\"496\" height=\"297\" srcset=\"https:\/\/wp.ufpel.edu.br\/zahn\/files\/2016\/03\/defesa_1-424x254.jpg 424w, https:\/\/wp.ufpel.edu.br\/zahn\/files\/2016\/03\/defesa_1-212x127.jpg 212w, https:\/\/wp.ufpel.edu.br\/zahn\/files\/2016\/03\/defesa_1-768x460.jpg 768w, https:\/\/wp.ufpel.edu.br\/zahn\/files\/2016\/03\/defesa_1.jpg 846w\" sizes=\"auto, (max-width: 496px) 100vw, 496px\" \/>Orientador:\u00a0\u00a0Prof. Dr. Leonardo Prange Bonorino.<br \/>\nPara acessar a Disserta\u00e7\u00e3o clique <a href=\"http:\/\/www.bibliotecadigital.ufrgs.br\/da.php?nrb=000500587&amp;loc=2006&amp;l=91b69c974d4d27b3\">aqui<\/a>.<\/p>\n<p>&nbsp;<\/p>\n","protected":false},"excerpt":{"rendered":"<p>Mestre em Matem\u00e1tica pela Universidade Federal do Rio Grande do Sul (UFRGS) Per\u00edodo: Mar\u00e7o de 2003 a Setembro de 2005 T\u00edtulo da Disserta\u00e7\u00e3o: Decomposi\u00e7\u00e3o de Calderon e suas aplica\u00e7\u00f5es na teoria da regularidade em equa\u00e7\u00f5es el\u00edpticas. Orientador:\u00a0\u00a0Prof. Dr. Leonardo Prange Bonorino. Para acessar a Disserta\u00e7\u00e3o clique aqui. &nbsp;<\/p>\n","protected":false},"author":605,"featured_media":0,"parent":2,"menu_order":0,"comment_status":"closed","ping_status":"closed","template":"","meta":{"jetpack_post_was_ever_published":false,"footnotes":""},"class_list":["post-39","page","type-page","status-publish","hentry"],"jetpack_sharing_enabled":true,"jetpack_shortlink":"https:\/\/wp.me\/P7fXYa-D","_links":{"self":[{"href":"https:\/\/wp.ufpel.edu.br\/zahn\/wp-json\/wp\/v2\/pages\/39","targetHints":{"allow":["GET"]}}],"collection":[{"href":"https:\/\/wp.ufpel.edu.br\/zahn\/wp-json\/wp\/v2\/pages"}],"about":[{"href":"https:\/\/wp.ufpel.edu.br\/zahn\/wp-json\/wp\/v2\/types\/page"}],"author":[{"embeddable":true,"href":"https:\/\/wp.ufpel.edu.br\/zahn\/wp-json\/wp\/v2\/users\/605"}],"replies":[{"embeddable":true,"href":"https:\/\/wp.ufpel.edu.br\/zahn\/wp-json\/wp\/v2\/comments?post=39"}],"version-history":[{"count":6,"href":"https:\/\/wp.ufpel.edu.br\/zahn\/wp-json\/wp\/v2\/pages\/39\/revisions"}],"predecessor-version":[{"id":1688,"href":"https:\/\/wp.ufpel.edu.br\/zahn\/wp-json\/wp\/v2\/pages\/39\/revisions\/1688"}],"up":[{"embeddable":true,"href":"https:\/\/wp.ufpel.edu.br\/zahn\/wp-json\/wp\/v2\/pages\/2"}],"wp:attachment":[{"href":"https:\/\/wp.ufpel.edu.br\/zahn\/wp-json\/wp\/v2\/media?parent=39"}],"curies":[{"name":"wp","href":"https:\/\/api.w.org\/{rel}","templated":true}]}}