{"id":33,"date":"2016-02-19T13:26:24","date_gmt":"2016-02-19T15:26:24","guid":{"rendered":"https:\/\/wp.ufpel.edu.br\/zahn\/?page_id=33"},"modified":"2016-06-27T15:08:24","modified_gmt":"2016-06-27T18:08:24","slug":"graduacao","status":"publish","type":"page","link":"https:\/\/wp.ufpel.edu.br\/zahn\/pagina-exemplo\/graduacao\/","title":{"rendered":"3. Gradua\u00e7\u00e3o"},"content":{"rendered":"<p>Licenciado em Matem\u00e1tica pela Universidade Federal de Pelotas (UFPel)<\/p>\n<p>Per\u00edodo: Mar\u00e7o de 1997 a Janeiro de 2001.<\/p>\n<p>&nbsp;<\/p>\n","protected":false},"excerpt":{"rendered":"<p>Licenciado em Matem\u00e1tica pela Universidade Federal de Pelotas (UFPel) Per\u00edodo: Mar\u00e7o de 1997 a Janeiro de 2001. &nbsp;<\/p>\n","protected":false},"author":605,"featured_media":0,"parent":2,"menu_order":0,"comment_status":"closed","ping_status":"closed","template":"","meta":{"jetpack_post_was_ever_published":false,"footnotes":""},"class_list":["post-33","page","type-page","status-publish","hentry"],"jetpack_sharing_enabled":true,"jetpack_shortlink":"https:\/\/wp.me\/P7fXYa-x","_links":{"self":[{"href":"https:\/\/wp.ufpel.edu.br\/zahn\/wp-json\/wp\/v2\/pages\/33","targetHints":{"allow":["GET"]}}],"collection":[{"href":"https:\/\/wp.ufpel.edu.br\/zahn\/wp-json\/wp\/v2\/pages"}],"about":[{"href":"https:\/\/wp.ufpel.edu.br\/zahn\/wp-json\/wp\/v2\/types\/page"}],"author":[{"embeddable":true,"href":"https:\/\/wp.ufpel.edu.br\/zahn\/wp-json\/wp\/v2\/users\/605"}],"replies":[{"embeddable":true,"href":"https:\/\/wp.ufpel.edu.br\/zahn\/wp-json\/wp\/v2\/comments?post=33"}],"version-history":[{"count":5,"href":"https:\/\/wp.ufpel.edu.br\/zahn\/wp-json\/wp\/v2\/pages\/33\/revisions"}],"predecessor-version":[{"id":427,"href":"https:\/\/wp.ufpel.edu.br\/zahn\/wp-json\/wp\/v2\/pages\/33\/revisions\/427"}],"up":[{"embeddable":true,"href":"https:\/\/wp.ufpel.edu.br\/zahn\/wp-json\/wp\/v2\/pages\/2"}],"wp:attachment":[{"href":"https:\/\/wp.ufpel.edu.br\/zahn\/wp-json\/wp\/v2\/media?parent=33"}],"curies":[{"name":"wp","href":"https:\/\/api.w.org\/{rel}","templated":true}]}}