{"id":318,"date":"2016-05-03T15:36:39","date_gmt":"2016-05-03T18:36:39","guid":{"rendered":"https:\/\/wp.ufpel.edu.br\/zahn\/?page_id=318"},"modified":"2022-07-29T02:43:04","modified_gmt":"2022-07-29T05:43:04","slug":"%cf%83o%e2%84%9c%c2%b2%ce%b9a","status":"publish","type":"page","link":"https:\/\/wp.ufpel.edu.br\/zahn\/hobies\/%cf%83o%e2%84%9c%c2%b2%ce%b9a\/","title":{"rendered":"\u03a3 humor"},"content":{"rendered":"<p style=\"text-align: center;\"><strong><span style=\"color: #0000ff;\">Sorria\u00a0um pouco&#8230;<\/span><\/strong><\/p>\n<p>23. &#8220;Ironia da Teoria&#8221;<\/p>\n<p><img loading=\"lazy\" decoding=\"async\" class=\"alignnone wp-image-1649\" src=\"https:\/\/wp.ufpel.edu.br\/zahn\/files\/2020\/01\/professor-322x318.jpg\" alt=\"\" width=\"573\" height=\"566\" srcset=\"https:\/\/wp.ufpel.edu.br\/zahn\/files\/2020\/01\/professor-322x318.jpg 322w, https:\/\/wp.ufpel.edu.br\/zahn\/files\/2020\/01\/professor-161x159.jpg 161w, https:\/\/wp.ufpel.edu.br\/zahn\/files\/2020\/01\/professor.jpg 595w\" sizes=\"auto, (max-width: 573px) 100vw, 573px\" \/><\/p>\n<p>22. Newton e o Ombro de Gigantes:<\/p>\n<p><img loading=\"lazy\" decoding=\"async\" class=\"alignnone wp-image-1648\" src=\"https:\/\/wp.ufpel.edu.br\/zahn\/files\/2020\/01\/newton-424x130.jpg\" alt=\"\" width=\"651\" height=\"200\" srcset=\"https:\/\/wp.ufpel.edu.br\/zahn\/files\/2020\/01\/newton-424x130.jpg 424w, https:\/\/wp.ufpel.edu.br\/zahn\/files\/2020\/01\/newton-212x65.jpg 212w, https:\/\/wp.ufpel.edu.br\/zahn\/files\/2020\/01\/newton-768x236.jpg 768w, https:\/\/wp.ufpel.edu.br\/zahn\/files\/2020\/01\/newton-624x192.jpg 624w, https:\/\/wp.ufpel.edu.br\/zahn\/files\/2020\/01\/newton.jpg 891w\" sizes=\"auto, (max-width: 651px) 100vw, 651px\" \/><\/p>\n<p>21. Esse infinito&#8230;.<\/p>\n<p><img loading=\"lazy\" decoding=\"async\" class=\"alignnone wp-image-1645\" src=\"https:\/\/wp.ufpel.edu.br\/zahn\/files\/2020\/01\/images-1xxx.jpeg\" alt=\"\" width=\"660\" height=\"201\" srcset=\"https:\/\/wp.ufpel.edu.br\/zahn\/files\/2020\/01\/images-1xxx.jpeg 407w, https:\/\/wp.ufpel.edu.br\/zahn\/files\/2020\/01\/images-1xxx-212x65.jpeg 212w\" sizes=\"auto, (max-width: 660px) 100vw, 660px\" \/><\/p>\n<p>20. &#8220;A\u00e7\u00e3o e rea\u00e7\u00e3o&#8221;<\/p>\n<p><img loading=\"lazy\" decoding=\"async\" class=\"alignnone wp-image-1643\" src=\"https:\/\/wp.ufpel.edu.br\/zahn\/files\/2020\/01\/reacao_homer.jpg\" alt=\"\" width=\"494\" height=\"418\" srcset=\"https:\/\/wp.ufpel.edu.br\/zahn\/files\/2020\/01\/reacao_homer.jpg 298w, https:\/\/wp.ufpel.edu.br\/zahn\/files\/2020\/01\/reacao_homer-188x159.jpg 188w\" sizes=\"auto, (max-width: 494px) 100vw, 494px\" \/><\/p>\n<p>&nbsp;<\/p>\n<p>19. O Batman tem um recadinho para voc\u00ea que insiste em esbo\u00e7ar gr\u00e1ficos de fun\u00e7\u00f5es trigonom\u00e9tricas e quer marcar no eixo horizontal as medidas em graus&#8230;<\/p>\n<p><img loading=\"lazy\" decoding=\"async\" class=\"alignnone wp-image-1642\" src=\"https:\/\/wp.ufpel.edu.br\/zahn\/files\/2020\/01\/batman_b-392x318.jpg\" alt=\"\" width=\"553\" height=\"449\" srcset=\"https:\/\/wp.ufpel.edu.br\/zahn\/files\/2020\/01\/batman_b-392x318.jpg 392w, https:\/\/wp.ufpel.edu.br\/zahn\/files\/2020\/01\/batman_b-196x159.jpg 196w, https:\/\/wp.ufpel.edu.br\/zahn\/files\/2020\/01\/batman_b.jpg 418w\" sizes=\"auto, (max-width: 553px) 100vw, 553px\" \/><\/p>\n<p>&nbsp;<\/p>\n<p>18. Qual \u00e9 a antiderivada de uma bergamota descascada?<\/p>\n<p><img loading=\"lazy\" decoding=\"async\" class=\"alignnone wp-image-1641\" src=\"https:\/\/wp.ufpel.edu.br\/zahn\/files\/2020\/01\/10499_779940568760179_1091656675_n.jpg\" alt=\"\" width=\"503\" height=\"377\" srcset=\"https:\/\/wp.ufpel.edu.br\/zahn\/files\/2020\/01\/10499_779940568760179_1091656675_n.jpg 400w, https:\/\/wp.ufpel.edu.br\/zahn\/files\/2020\/01\/10499_779940568760179_1091656675_n-212x159.jpg 212w\" sizes=\"auto, (max-width: 503px) 100vw, 503px\" \/><\/p>\n<p>&nbsp;<\/p>\n<p>17. Tem coisa errada aqui&#8230;<\/p>\n<p><img loading=\"lazy\" decoding=\"async\" class=\"alignnone wp-image-1633\" src=\"https:\/\/wp.ufpel.edu.br\/zahn\/files\/2020\/01\/puraXaplicada-424x296.jpg\" alt=\"\" width=\"632\" height=\"441\" srcset=\"https:\/\/wp.ufpel.edu.br\/zahn\/files\/2020\/01\/puraXaplicada-424x296.jpg 424w, https:\/\/wp.ufpel.edu.br\/zahn\/files\/2020\/01\/puraXaplicada-212x148.jpg 212w, https:\/\/wp.ufpel.edu.br\/zahn\/files\/2020\/01\/puraXaplicada-768x537.jpg 768w, https:\/\/wp.ufpel.edu.br\/zahn\/files\/2020\/01\/puraXaplicada-624x436.jpg 624w, https:\/\/wp.ufpel.edu.br\/zahn\/files\/2020\/01\/puraXaplicada.jpg 911w\" sizes=\"auto, (max-width: 632px) 100vw, 632px\" \/><\/p>\n<p>&nbsp;<\/p>\n<p>16. Salvem os animais!<\/p>\n<p><img loading=\"lazy\" decoding=\"async\" class=\"alignnone wp-image-1635\" src=\"https:\/\/wp.ufpel.edu.br\/zahn\/files\/2020\/01\/gatinho.jpg\" alt=\"\" width=\"596\" height=\"588\" srcset=\"https:\/\/wp.ufpel.edu.br\/zahn\/files\/2020\/01\/gatinho.jpg 235w, https:\/\/wp.ufpel.edu.br\/zahn\/files\/2020\/01\/gatinho-161x159.jpg 161w\" sizes=\"auto, (max-width: 596px) 100vw, 596px\" \/><\/p>\n<p>15. Matrizes transpostas?<\/p>\n<p><img loading=\"lazy\" decoding=\"async\" class=\"alignnone wp-image-1634\" src=\"https:\/\/wp.ufpel.edu.br\/zahn\/files\/2020\/01\/x1tNa-600x450-1-424x318.jpg\" alt=\"\" width=\"637\" height=\"478\" srcset=\"https:\/\/wp.ufpel.edu.br\/zahn\/files\/2020\/01\/x1tNa-600x450-1-424x318.jpg 424w, https:\/\/wp.ufpel.edu.br\/zahn\/files\/2020\/01\/x1tNa-600x450-1-212x159.jpg 212w, https:\/\/wp.ufpel.edu.br\/zahn\/files\/2020\/01\/x1tNa-600x450-1.jpg 600w\" sizes=\"auto, (max-width: 637px) 100vw, 637px\" \/><\/p>\n<p>&nbsp;<\/p>\n<p>14. Professor de Matem\u00e1tica em final de semestre, atualizando o sistema Cobalto:<\/p>\n<p><img loading=\"lazy\" decoding=\"async\" class=\"alignnone wp-image-1632\" src=\"https:\/\/wp.ufpel.edu.br\/zahn\/files\/2020\/01\/Math-Fail-Pics-230-600x450-1-424x318.jpg\" alt=\"\" width=\"667\" height=\"500\" srcset=\"https:\/\/wp.ufpel.edu.br\/zahn\/files\/2020\/01\/Math-Fail-Pics-230-600x450-1-424x318.jpg 424w, https:\/\/wp.ufpel.edu.br\/zahn\/files\/2020\/01\/Math-Fail-Pics-230-600x450-1-212x159.jpg 212w, https:\/\/wp.ufpel.edu.br\/zahn\/files\/2020\/01\/Math-Fail-Pics-230-600x450-1.jpg 600w\" sizes=\"auto, (max-width: 667px) 100vw, 667px\" \/><\/p>\n<p>&nbsp;<\/p>\n<p>13. O Desespero do Superman:<\/p>\n<p><img loading=\"lazy\" decoding=\"async\" class=\"wp-image-1290 aligncenter\" src=\"https:\/\/wp.ufpel.edu.br\/zahn\/files\/2019\/04\/quadro_quadro-424x258.jpg\" alt=\"\" width=\"760\" height=\"463\" srcset=\"https:\/\/wp.ufpel.edu.br\/zahn\/files\/2019\/04\/quadro_quadro-424x258.jpg 424w, https:\/\/wp.ufpel.edu.br\/zahn\/files\/2019\/04\/quadro_quadro-212x129.jpg 212w, https:\/\/wp.ufpel.edu.br\/zahn\/files\/2019\/04\/quadro_quadro-768x468.jpg 768w, https:\/\/wp.ufpel.edu.br\/zahn\/files\/2019\/04\/quadro_quadro-619x377.jpg 619w, https:\/\/wp.ufpel.edu.br\/zahn\/files\/2019\/04\/quadro_quadro.jpg 1014w\" sizes=\"auto, (max-width: 760px) 100vw, 760px\" \/><\/p>\n<p>&nbsp;<\/p>\n<p>12. Um importante Teorema do C\u00e1lculo:<\/p>\n<p><img loading=\"lazy\" decoding=\"async\" class=\"wp-image-1289 aligncenter\" src=\"https:\/\/wp.ufpel.edu.br\/zahn\/files\/2019\/04\/Tsanduiche-424x251.jpg\" alt=\"\" width=\"546\" height=\"323\" srcset=\"https:\/\/wp.ufpel.edu.br\/zahn\/files\/2019\/04\/Tsanduiche-424x251.jpg 424w, https:\/\/wp.ufpel.edu.br\/zahn\/files\/2019\/04\/Tsanduiche-212x125.jpg 212w, https:\/\/wp.ufpel.edu.br\/zahn\/files\/2019\/04\/Tsanduiche-619x366.jpg 619w, https:\/\/wp.ufpel.edu.br\/zahn\/files\/2019\/04\/Tsanduiche.jpg 624w\" sizes=\"auto, (max-width: 546px) 100vw, 546px\" \/><\/p>\n<p style=\"text-align: left;\">11. Isso \u00e9 apenas uma fase&#8230;<\/p>\n<p style=\"text-align: center;\"><img loading=\"lazy\" decoding=\"async\" class=\"alignnone wp-image-322\" src=\"https:\/\/wp.ufpel.edu.br\/zahn\/files\/2016\/05\/565-sine-and-cosine.png\" alt=\"565-sine-and-cosine\" width=\"378\" height=\"265\" srcset=\"https:\/\/wp.ufpel.edu.br\/zahn\/files\/2016\/05\/565-sine-and-cosine.png 344w, https:\/\/wp.ufpel.edu.br\/zahn\/files\/2016\/05\/565-sine-and-cosine-212x149.png 212w\" sizes=\"auto, (max-width: 378px) 100vw, 378px\" \/><\/p>\n<p style=\"text-align: left;\">10. O desespero do Superman:<\/p>\n<p style=\"text-align: center;\"><img loading=\"lazy\" decoding=\"async\" class=\"alignnone wp-image-324\" src=\"https:\/\/wp.ufpel.edu.br\/zahn\/files\/2016\/05\/desespero_superman-424x142.jpg\" alt=\"desespero_superman\" width=\"661\" height=\"221\" srcset=\"https:\/\/wp.ufpel.edu.br\/zahn\/files\/2016\/05\/desespero_superman-424x142.jpg 424w, https:\/\/wp.ufpel.edu.br\/zahn\/files\/2016\/05\/desespero_superman-212x71.jpg 212w, https:\/\/wp.ufpel.edu.br\/zahn\/files\/2016\/05\/desespero_superman-768x256.jpg 768w, https:\/\/wp.ufpel.edu.br\/zahn\/files\/2016\/05\/desespero_superman.jpg 824w\" sizes=\"auto, (max-width: 661px) 100vw, 661px\" \/><\/p>\n<p style=\"text-align: left;\">09. Linear Algebra Wars<\/p>\n<p style=\"text-align: center;\"><img loading=\"lazy\" decoding=\"async\" class=\"alignnone wp-image-326\" src=\"https:\/\/wp.ufpel.edu.br\/zahn\/files\/2016\/05\/vai_estudar_Luke-245x318.jpg\" alt=\"vai_estudar_Luke\" width=\"582\" height=\"755\" srcset=\"https:\/\/wp.ufpel.edu.br\/zahn\/files\/2016\/05\/vai_estudar_Luke-245x318.jpg 245w, https:\/\/wp.ufpel.edu.br\/zahn\/files\/2016\/05\/vai_estudar_Luke-122x159.jpg 122w, https:\/\/wp.ufpel.edu.br\/zahn\/files\/2016\/05\/vai_estudar_Luke-768x998.jpg 768w\" sizes=\"auto, (max-width: 582px) 100vw, 582px\" \/><\/p>\n<p style=\"text-align: left;\">08. Fantasia de An\u00e1lise.<\/p>\n<p style=\"text-align: center;\"><img loading=\"lazy\" decoding=\"async\" class=\"alignnone size-full wp-image-327\" src=\"https:\/\/wp.ufpel.edu.br\/zahn\/files\/2016\/05\/069-happy-halloween.png\" alt=\"069-happy-halloween\" width=\"349\" height=\"261\" srcset=\"https:\/\/wp.ufpel.edu.br\/zahn\/files\/2016\/05\/069-happy-halloween.png 349w, https:\/\/wp.ufpel.edu.br\/zahn\/files\/2016\/05\/069-happy-halloween-212x159.png 212w\" sizes=\"auto, (max-width: 349px) 100vw, 349px\" \/><\/p>\n<p style=\"text-align: left;\">07. Professor Batman<\/p>\n<p style=\"text-align: center;\"><img loading=\"lazy\" decoding=\"async\" class=\"alignnone wp-image-323\" src=\"https:\/\/wp.ufpel.edu.br\/zahn\/files\/2016\/05\/aula_batman-241x318.jpg\" alt=\"aula_batman\" width=\"358\" height=\"473\" srcset=\"https:\/\/wp.ufpel.edu.br\/zahn\/files\/2016\/05\/aula_batman-241x318.jpg 241w, https:\/\/wp.ufpel.edu.br\/zahn\/files\/2016\/05\/aula_batman-121x159.jpg 121w, https:\/\/wp.ufpel.edu.br\/zahn\/files\/2016\/05\/aula_batman.jpg 455w\" sizes=\"auto, (max-width: 358px) 100vw, 358px\" \/><\/p>\n<p style=\"text-align: left;\">06. Coordenadas polares versus coordenadas retangulares (escolha a sua)<\/p>\n<p style=\"text-align: center;\"><img loading=\"lazy\" decoding=\"async\" class=\"alignnone wp-image-332\" src=\"https:\/\/wp.ufpel.edu.br\/zahn\/files\/2016\/05\/73344_359801430792530_1379403910_n-424x270.png\" alt=\"73344_359801430792530_1379403910_n\" width=\"438\" height=\"279\" srcset=\"https:\/\/wp.ufpel.edu.br\/zahn\/files\/2016\/05\/73344_359801430792530_1379403910_n-424x270.png 424w, https:\/\/wp.ufpel.edu.br\/zahn\/files\/2016\/05\/73344_359801430792530_1379403910_n-212x135.png 212w, https:\/\/wp.ufpel.edu.br\/zahn\/files\/2016\/05\/73344_359801430792530_1379403910_n.png 430w\" sizes=\"auto, (max-width: 438px) 100vw, 438px\" \/><\/p>\n<p style=\"text-align: left;\">05. Hagar,(e a dor de cabe\u00e7a) Horr\u00edvel &#8211; Coment\u00e1rios depois da Prova&#8230;<\/p>\n<p style=\"text-align: center;\">\u00a0<img loading=\"lazy\" decoding=\"async\" class=\"alignnone wp-image-333\" src=\"https:\/\/wp.ufpel.edu.br\/zahn\/files\/2016\/05\/Hagar_inconveniente-424x226.jpg\" alt=\"Hagar_inconveniente\" width=\"580\" height=\"309\" srcset=\"https:\/\/wp.ufpel.edu.br\/zahn\/files\/2016\/05\/Hagar_inconveniente-424x226.jpg 424w, https:\/\/wp.ufpel.edu.br\/zahn\/files\/2016\/05\/Hagar_inconveniente-212x113.jpg 212w, https:\/\/wp.ufpel.edu.br\/zahn\/files\/2016\/05\/Hagar_inconveniente-768x409.jpg 768w, https:\/\/wp.ufpel.edu.br\/zahn\/files\/2016\/05\/Hagar_inconveniente.jpg 874w\" sizes=\"auto, (max-width: 580px) 100vw, 580px\" \/><\/p>\n<p style=\"text-align: left;\">04. O que voc\u00ea entende sobre s\u00e9ries?<\/p>\n<p style=\"text-align: center;\"><img loading=\"lazy\" decoding=\"async\" class=\"alignnone wp-image-334\" src=\"https:\/\/wp.ufpel.edu.br\/zahn\/files\/2016\/05\/series-257x318.jpg\" alt=\"series\" width=\"411\" height=\"509\" srcset=\"https:\/\/wp.ufpel.edu.br\/zahn\/files\/2016\/05\/series-257x318.jpg 257w, https:\/\/wp.ufpel.edu.br\/zahn\/files\/2016\/05\/series-128x159.jpg 128w, https:\/\/wp.ufpel.edu.br\/zahn\/files\/2016\/05\/series.jpg 505w\" sizes=\"auto, (max-width: 411px) 100vw, 411px\" \/><\/p>\n<p style=\"text-align: left;\">03. Empurra-empurra&#8230;<\/p>\n<p style=\"text-align: center;\"><img loading=\"lazy\" decoding=\"async\" class=\"alignnone wp-image-325\" src=\"https:\/\/wp.ufpel.edu.br\/zahn\/files\/2016\/05\/empura_empurra-424x174.jpg\" alt=\"empura_empurra\" width=\"456\" height=\"187\" srcset=\"https:\/\/wp.ufpel.edu.br\/zahn\/files\/2016\/05\/empura_empurra-424x174.jpg 424w, https:\/\/wp.ufpel.edu.br\/zahn\/files\/2016\/05\/empura_empurra-212x87.jpg 212w, https:\/\/wp.ufpel.edu.br\/zahn\/files\/2016\/05\/empura_empurra.jpg 565w\" sizes=\"auto, (max-width: 456px) 100vw, 456px\" \/><\/p>\n<p style=\"text-align: left;\">02. Novas tecnologias ao servi\u00e7o do ensino:<\/p>\n<p style=\"text-align: center;\"><img loading=\"lazy\" decoding=\"async\" class=\"alignnone wp-image-352\" src=\"https:\/\/wp.ufpel.edu.br\/zahn\/files\/2016\/05\/funny-mathematics-teacher-chair-424x318.jpg\" alt=\"funny-mathematics-teacher-chair\" width=\"481\" height=\"361\" srcset=\"https:\/\/wp.ufpel.edu.br\/zahn\/files\/2016\/05\/funny-mathematics-teacher-chair-424x318.jpg 424w, https:\/\/wp.ufpel.edu.br\/zahn\/files\/2016\/05\/funny-mathematics-teacher-chair-212x159.jpg 212w, https:\/\/wp.ufpel.edu.br\/zahn\/files\/2016\/05\/funny-mathematics-teacher-chair.jpg 540w\" sizes=\"auto, (max-width: 481px) 100vw, 481px\" \/><\/p>\n<p style=\"text-align: left;\">01. Seja Extr o Operador inverso \u00e0 esquerda do operador grampeador Gramp. Assim:<\/p>\n<p style=\"text-align: center;\">(Extr o Gramp)(<em>x<\/em>) = <em>x<\/em><\/p>\n<p style=\"text-align: center;\"><img loading=\"lazy\" decoding=\"async\" class=\"alignnone wp-image-354\" src=\"https:\/\/wp.ufpel.edu.br\/zahn\/files\/2016\/05\/Math-Fail-Pics-112-424x318.jpg\" alt=\"Math-Fail-Pics-112\" width=\"507\" height=\"380\" srcset=\"https:\/\/wp.ufpel.edu.br\/zahn\/files\/2016\/05\/Math-Fail-Pics-112-424x318.jpg 424w, https:\/\/wp.ufpel.edu.br\/zahn\/files\/2016\/05\/Math-Fail-Pics-112-212x159.jpg 212w, https:\/\/wp.ufpel.edu.br\/zahn\/files\/2016\/05\/Math-Fail-Pics-112.jpg 512w\" sizes=\"auto, (max-width: 507px) 100vw, 507px\" \/><\/p>\n<p style=\"text-align: center;\">\n","protected":false},"excerpt":{"rendered":"<p>Sorria\u00a0um pouco&#8230; 23. &#8220;Ironia da Teoria&#8221; 22. Newton e o Ombro de Gigantes: 21. Esse infinito&#8230;. 20. &#8220;A\u00e7\u00e3o e rea\u00e7\u00e3o&#8221; &nbsp; 19. O Batman tem um recadinho para voc\u00ea que insiste em esbo\u00e7ar gr\u00e1ficos de fun\u00e7\u00f5es trigonom\u00e9tricas e quer marcar no eixo horizontal as medidas em graus&#8230; &nbsp; 18. Qual \u00e9 a antiderivada de uma &hellip; <a href=\"https:\/\/wp.ufpel.edu.br\/zahn\/hobies\/%cf%83o%e2%84%9c%c2%b2%ce%b9a\/\" class=\"more-link\">Continue lendo <span class=\"screen-reader-text\">\u03a3 humor<\/span> <span class=\"meta-nav\">&rarr;<\/span><\/a><\/p>\n","protected":false},"author":605,"featured_media":0,"parent":1698,"menu_order":0,"comment_status":"closed","ping_status":"closed","template":"","meta":{"jetpack_post_was_ever_published":false,"footnotes":""},"class_list":["post-318","page","type-page","status-publish","hentry"],"jetpack_sharing_enabled":true,"jetpack_shortlink":"https:\/\/wp.me\/P7fXYa-58","_links":{"self":[{"href":"https:\/\/wp.ufpel.edu.br\/zahn\/wp-json\/wp\/v2\/pages\/318","targetHints":{"allow":["GET"]}}],"collection":[{"href":"https:\/\/wp.ufpel.edu.br\/zahn\/wp-json\/wp\/v2\/pages"}],"about":[{"href":"https:\/\/wp.ufpel.edu.br\/zahn\/wp-json\/wp\/v2\/types\/page"}],"author":[{"embeddable":true,"href":"https:\/\/wp.ufpel.edu.br\/zahn\/wp-json\/wp\/v2\/users\/605"}],"replies":[{"embeddable":true,"href":"https:\/\/wp.ufpel.edu.br\/zahn\/wp-json\/wp\/v2\/comments?post=318"}],"version-history":[{"count":21,"href":"https:\/\/wp.ufpel.edu.br\/zahn\/wp-json\/wp\/v2\/pages\/318\/revisions"}],"predecessor-version":[{"id":2061,"href":"https:\/\/wp.ufpel.edu.br\/zahn\/wp-json\/wp\/v2\/pages\/318\/revisions\/2061"}],"up":[{"embeddable":true,"href":"https:\/\/wp.ufpel.edu.br\/zahn\/wp-json\/wp\/v2\/pages\/1698"}],"wp:attachment":[{"href":"https:\/\/wp.ufpel.edu.br\/zahn\/wp-json\/wp\/v2\/media?parent=318"}],"curies":[{"name":"wp","href":"https:\/\/api.w.org\/{rel}","templated":true}]}}