{"id":27,"date":"2016-02-19T13:15:02","date_gmt":"2016-02-19T15:15:02","guid":{"rendered":"https:\/\/wp.ufpel.edu.br\/zahn\/?page_id=27"},"modified":"2023-06-09T21:24:34","modified_gmt":"2023-06-10T00:24:34","slug":"contatos","status":"publish","type":"page","link":"https:\/\/wp.ufpel.edu.br\/zahn\/contatos\/","title":{"rendered":"Contactus"},"content":{"rendered":"<h3 style=\"text-align: center;\"><span style=\"color: #008000;\"><strong><a href=\"http:\/\/www.ufpel.edu.br\" target=\"_blank\" rel=\"noopener noreferrer\">Funda\u00e7\u00e3o Universidade Federal de Pelotas<\/a>\u00a0<\/strong><\/span><\/h3>\n<h3 style=\"text-align: center;\"><a href=\"https:\/\/wp.ufpel.edu.br\/ifm\/\" target=\"_blank\" rel=\"noopener noreferrer\">Instituto de F\u00edsica e Matem\u00e1tica<\/a><\/h3>\n<h3 style=\"text-align: center;\"><a href=\"https:\/\/wp.ufpel.edu.br\/dme\/\" target=\"_blank\" rel=\"noopener noreferrer\">Departamento de Matem\u00e1tica e Estat\u00edstica<\/a><\/h3>\n<h3 style=\"text-align: center;\">Campus Cap\u00e3o do Le\u00e3o<\/h3>\n<h3 style=\"text-align: center;\"><em>Das kabinett des Professor Maur\u00edcio:<\/em> Pr\u00e9dio 05, Sala 312<\/h3>\n<p style=\"text-align: center;\"><strong>\u6570\u5b66\u306e\u5148\u751f\u304c\u30da\u30ed\u30bf\u30b9\u9023\u90a6\u5927\u5b66<\/strong><\/p>\n<h3 style=\"text-align: center;\"><a href=\"https:\/\/www.youtube.com\/channel\/UCa3wt5aMh0c6Cp9tMRJDDXQ\" target=\"_blank\" rel=\"noopener\">canal no YouTube\u00a0<\/a><br \/>\n<a title=\"Maur\u00edcio Zahn\" href=\"https:\/\/www.facebook.com\/people\/Maur\u00edcio-Zahn\/100005474235802\" target=\"_TOP\" rel=\"noopener noreferrer\"><br \/>\n<img loading=\"lazy\" decoding=\"async\" class=\"alignnone size-medium wp-image-1813\" src=\"https:\/\/wp.ufpel.edu.br\/zahn\/files\/2020\/06\/103733929_133701061666047_2896520479300334653_n-318x318.jpg\" alt=\"\" width=\"318\" height=\"318\" srcset=\"https:\/\/wp.ufpel.edu.br\/zahn\/files\/2020\/06\/103733929_133701061666047_2896520479300334653_n-318x318.jpg 318w, https:\/\/wp.ufpel.edu.br\/zahn\/files\/2020\/06\/103733929_133701061666047_2896520479300334653_n-159x159.jpg 159w, https:\/\/wp.ufpel.edu.br\/zahn\/files\/2020\/06\/103733929_133701061666047_2896520479300334653_n-624x624.jpg 624w, https:\/\/wp.ufpel.edu.br\/zahn\/files\/2020\/06\/103733929_133701061666047_2896520479300334653_n.jpg 720w\" sizes=\"auto, (max-width: 318px) 100vw, 318px\" \/><\/a><\/h3>\n<p>Contato:<\/p>\n\n<div class=\"wpcf7 no-js\" id=\"wpcf7-f2481-o1\" lang=\"pt-BR\" dir=\"ltr\" data-wpcf7-id=\"2481\">\n<div class=\"screen-reader-response\"><p role=\"status\" aria-live=\"polite\" aria-atomic=\"true\"><\/p> <ul><\/ul><\/div>\n<form action=\"\/zahn\/wp-json\/wp\/v2\/pages\/27#wpcf7-f2481-o1\" method=\"post\" class=\"wpcf7-form init\" aria-label=\"Formul\u00e1rios de contato\" novalidate=\"novalidate\" data-status=\"init\">\n<fieldset class=\"hidden-fields-container\"><input type=\"hidden\" name=\"_wpcf7\" value=\"2481\" \/><input type=\"hidden\" name=\"_wpcf7_version\" value=\"6.1.4\" \/><input type=\"hidden\" name=\"_wpcf7_locale\" value=\"pt_BR\" \/><input type=\"hidden\" name=\"_wpcf7_unit_tag\" value=\"wpcf7-f2481-o1\" \/><input type=\"hidden\" name=\"_wpcf7_container_post\" value=\"0\" \/><input type=\"hidden\" name=\"_wpcf7_posted_data_hash\" value=\"\" \/>\n<\/fieldset>\n<p><label> Seu nome<br \/>\n<span class=\"wpcf7-form-control-wrap\" data-name=\"your-name\"><input size=\"40\" maxlength=\"400\" class=\"wpcf7-form-control wpcf7-text wpcf7-validates-as-required\" autocomplete=\"name\" aria-required=\"true\" aria-invalid=\"false\" value=\"\" type=\"text\" name=\"your-name\" \/><\/span> <\/label>\n<\/p>\n<p><label> Seu e-mail<br \/>\n<span class=\"wpcf7-form-control-wrap\" data-name=\"your-email\"><input size=\"40\" maxlength=\"400\" class=\"wpcf7-form-control wpcf7-email wpcf7-validates-as-required wpcf7-text wpcf7-validates-as-email\" autocomplete=\"email\" aria-required=\"true\" aria-invalid=\"false\" value=\"\" type=\"email\" name=\"your-email\" \/><\/span> <\/label>\n<\/p>\n<p><label> Assunto<br \/>\n<span class=\"wpcf7-form-control-wrap\" data-name=\"your-subject\"><input size=\"40\" maxlength=\"400\" class=\"wpcf7-form-control wpcf7-text wpcf7-validates-as-required\" aria-required=\"true\" aria-invalid=\"false\" value=\"\" type=\"text\" name=\"your-subject\" \/><\/span> <\/label>\n<\/p>\n<p><label> Sua mensagem (opcional)<br \/>\n<span class=\"wpcf7-form-control-wrap\" data-name=\"your-message\"><textarea cols=\"40\" rows=\"10\" maxlength=\"2000\" class=\"wpcf7-form-control wpcf7-textarea\" aria-invalid=\"false\" name=\"your-message\"><\/textarea><\/span> <\/label>\n<\/p>\n<p><input class=\"wpcf7-form-control wpcf7-submit has-spinner\" type=\"submit\" value=\"Enviar\" \/>\n<\/p>\n<p>Este formul\u00e1rio usa Akismet para reduzir spam. <a target=\"_blank\" rel=\"nofollow noopener\" href=\"https:\/\/akismet.com\/privacy\/\">Descubra como seus dados s\u00e3o processados.<\/a>\n<\/p><p style=\"display: none !important;\" class=\"akismet-fields-container\" data-prefix=\"_wpcf7_ak_\"><label>&#916;<textarea name=\"_wpcf7_ak_hp_textarea\" cols=\"45\" rows=\"8\" maxlength=\"100\"><\/textarea><\/label><input type=\"hidden\" id=\"ak_js_1\" name=\"_wpcf7_ak_js\" value=\"15\"\/><script>document.getElementById( \"ak_js_1\" ).setAttribute( \"value\", ( new Date() ).getTime() );<\/script><\/p><div class=\"wpcf7-response-output\" aria-hidden=\"true\"><\/div>\n<\/form>\n<\/div>\n\n","protected":false},"excerpt":{"rendered":"<p>Funda\u00e7\u00e3o Universidade Federal de Pelotas\u00a0 Instituto de F\u00edsica e Matem\u00e1tica Departamento de Matem\u00e1tica e Estat\u00edstica Campus Cap\u00e3o do Le\u00e3o Das kabinett des Professor Maur\u00edcio: Pr\u00e9dio 05, Sala 312 \u6570\u5b66\u306e\u5148\u751f\u304c\u30da\u30ed\u30bf\u30b9\u9023\u90a6\u5927\u5b66 canal no YouTube\u00a0 Contato:<\/p>\n","protected":false},"author":605,"featured_media":0,"parent":0,"menu_order":0,"comment_status":"closed","ping_status":"closed","template":"","meta":{"jetpack_post_was_ever_published":false,"footnotes":""},"class_list":["post-27","page","type-page","status-publish","hentry"],"jetpack_sharing_enabled":true,"jetpack_shortlink":"https:\/\/wp.me\/P7fXYa-r","_links":{"self":[{"href":"https:\/\/wp.ufpel.edu.br\/zahn\/wp-json\/wp\/v2\/pages\/27","targetHints":{"allow":["GET"]}}],"collection":[{"href":"https:\/\/wp.ufpel.edu.br\/zahn\/wp-json\/wp\/v2\/pages"}],"about":[{"href":"https:\/\/wp.ufpel.edu.br\/zahn\/wp-json\/wp\/v2\/types\/page"}],"author":[{"embeddable":true,"href":"https:\/\/wp.ufpel.edu.br\/zahn\/wp-json\/wp\/v2\/users\/605"}],"replies":[{"embeddable":true,"href":"https:\/\/wp.ufpel.edu.br\/zahn\/wp-json\/wp\/v2\/comments?post=27"}],"version-history":[{"count":32,"href":"https:\/\/wp.ufpel.edu.br\/zahn\/wp-json\/wp\/v2\/pages\/27\/revisions"}],"predecessor-version":[{"id":2483,"href":"https:\/\/wp.ufpel.edu.br\/zahn\/wp-json\/wp\/v2\/pages\/27\/revisions\/2483"}],"wp:attachment":[{"href":"https:\/\/wp.ufpel.edu.br\/zahn\/wp-json\/wp\/v2\/media?parent=27"}],"curies":[{"name":"wp","href":"https:\/\/api.w.org\/{rel}","templated":true}]}}