{"id":2026,"date":"2022-07-23T20:25:54","date_gmt":"2022-07-23T23:25:54","guid":{"rendered":"https:\/\/wp.ufpel.edu.br\/zahn\/?page_id=2026"},"modified":"2026-04-03T13:46:07","modified_gmt":"2026-04-03T16:46:07","slug":"mmxxii","status":"publish","type":"page","link":"https:\/\/wp.ufpel.edu.br\/zahn\/","title":{"rendered":"MMXXV"},"content":{"rendered":"<p style=\"text-align: center;\"><span style=\"color: #0000ff;\"><strong>Minha p\u00e1gina de autor na Amazon pode ser acessada clicando\u00a0<\/strong><\/span><strong><a href=\"https:\/\/www.amazon.com.br\/stores\/Maur%C3%ADcio-Zahn\/author\/B0FST5TV1V?asin=B0FST5TV1V&amp;ref=ap_rdr&amp;isDramIntegrated=true&amp;shoppingPortalEnabled=true\" target=\"_blank\" rel=\"noopener\">aqui<\/a><\/strong><\/p>\n<p style=\"text-align: center;\"><span style=\"font-size: 14pt; color: #0000ff;\"><strong><br \/>\nAno de 2026 de Nosso Senhor<\/strong><\/span><\/p>\n<p style=\"text-align: center;\"><strong>Primeiro Semestre<\/strong><\/p>\n<p style=\"text-align: center;\"><strong>C\u00e1lculo 3 (Turmas T2 e T3 )<\/strong><\/p>\n<p style=\"text-align: center;\"><strong>Local<\/strong>: Anglo, sala 427<\/p>\n<p style=\"text-align: center;\"><strong>Hor\u00e1rios:<\/strong> Segundas, quartas e sextas, 8h &#8211; 10h (para turma \u00a0T3) e das 10h -12h (para a turma T2)<\/p>\n<p>Dando sequ\u00eancia aos estudos de C\u00e1lculo, nesta disciplina estudaremos o C\u00e1lculo diferencial e integral de fun\u00e7\u00f5es a v\u00e1rias vari\u00e1veis reais.<\/p>\n<p style=\"text-align: center;\"><span style=\"color: #0000ff;\"><strong>Datas das provas<\/strong><\/span><\/p>\n<p style=\"text-align: center;\">Prova 01: 24\/04\/26<\/p>\n<p style=\"text-align: center;\">Prova 02: 01\/06\/26<\/p>\n<p style=\"text-align: center;\">Prova 03: 24\/07\/26<\/p>\n<p style=\"text-align: center;\">Exame: 29\/07\/26<\/p>\n<table style=\"border-collapse: collapse; width: 100%;\" border=\"1\">\n<tbody>\n<tr style=\"height: 24px;\">\n<td style=\"width: 49.034697%; text-align: center; height: 24px;\"><strong><span style=\"color: #0000ff;\">\u00a0Turma T2<\/span><\/strong><\/td>\n<td style=\"width: 83.338554%; text-align: center; height: 24px;\">\u00a0<strong><span style=\"color: #0000ff;\">Turma T3<\/span><\/strong><\/td>\n<\/tr>\n<tr style=\"height: 24px;\">\n<td style=\"width: 49.034697%; height: 24px;\">Plano de ensino, clique <a href=\"https:\/\/wp.ufpel.edu.br\/zahn\/files\/2026\/03\/plano_ensino_2026_1_11100060_T2-2.pdf\" target=\"_blank\" rel=\"noopener\">aqui<\/a>.<\/td>\n<td style=\"width: 83.338554%; height: 24px;\">Plano de ensino, clique <a href=\"https:\/\/wp.ufpel.edu.br\/zahn\/files\/2026\/03\/pl_ens_2026_1_11100060_T3.pdf\" target=\"_blank\" rel=\"noopener\">aqui<\/a>.<\/td>\n<\/tr>\n<\/tbody>\n<\/table>\n<p>&nbsp;<\/p>\n<p style=\"text-align: center;\"><span style=\"color: #0000ff;\"><strong>Listas de Exerc\u00edcios<\/strong><\/span><\/p>\n<p style=\"text-align: center;\"><a href=\"https:\/\/wp.ufpel.edu.br\/zahn\/files\/2026\/03\/L1_c3.pdf\" target=\"_blank\" rel=\"noopener\">Lista 01<\/a> &#8211; No\u00e7\u00f5es de Topologia.<\/p>\n<p style=\"text-align: center;\"><a href=\"https:\/\/wp.ufpel.edu.br\/zahn\/files\/2026\/04\/L2_c3.pdf\" target=\"_blank\" rel=\"noopener\">Lista 02<\/a> &#8211; Fun\u00e7\u00f5es de v\u00e1rias vari\u00e1veis reais.<\/p>\n<p style=\"text-align: center;\"><strong>Arquivos PDF das aulas:<\/strong><\/p>\n<table style=\"border-collapse: collapse; width: 100%;\" border=\"1\">\n<tbody>\n<tr>\n<td style=\"width: 50%; text-align: center;\">Turma 02<\/td>\n<td style=\"width: 50%; text-align: center;\">Turma 03<\/td>\n<\/tr>\n<tr>\n<td style=\"width: 50%;\">\u00a0<a href=\"https:\/\/wp.ufpel.edu.br\/zahn\/files\/2026\/03\/T2a1.pdf\" target=\"_blank\" rel=\"noopener\">Aula 01<\/a> (23\/03) no\u00e7\u00f5es de topologia: espa\u00e7os m\u00e9tricos. Bolas.<\/td>\n<td style=\"width: 50%;\">\u00a0<a href=\"https:\/\/wp.ufpel.edu.br\/zahn\/files\/2026\/03\/T3a1.pdf\" target=\"_blank\" rel=\"noopener\">Aula 01<\/a> (23\/03) no\u00e7\u00f5es de topologia: espa\u00e7os m\u00e9tricos. Bolas.<\/td>\n<\/tr>\n<tr>\n<td style=\"width: 50%;\">\u00a0<a href=\"https:\/\/wp.ufpel.edu.br\/zahn\/files\/2026\/03\/A2T2.pdf\" target=\"_blank\" rel=\"noopener\">Aula 02<\/a> (25\/03) Abertos em um espa\u00e7o m\u00e9trico. Sequ\u00eancia em um espa\u00e7o m\u00e9trico. Ponto aderente a um conjunto. Fecho de um conjunto. Conjunto fechado. Fronteira de conjunto.<\/td>\n<td style=\"width: 50%;\">\u00a0<a href=\"https:\/\/wp.ufpel.edu.br\/zahn\/files\/2026\/03\/A2T3.pdf\" target=\"_blank\" rel=\"noopener\">Aula 02<\/a> (25\/03) Abertos em um espa\u00e7o m\u00e9trico. Sequ\u00eancia em um espa\u00e7o m\u00e9trico. Ponto aderente a um conjunto. Fecho \u00a0de um conjunto. Conjunto fechado. Fronteira de conjunto.<\/td>\n<\/tr>\n<tr>\n<td style=\"width: 50%;\">\u00a0 <a href=\"https:\/\/wp.ufpel.edu.br\/zahn\/files\/2026\/03\/T2a3.pdf\" target=\"_blank\" rel=\"noopener\">Aula 03<\/a> (27\/03) Conjunto limitado. Conjunto compacto. Introdu\u00e7\u00e3o \u00e0s fun\u00e7\u00f5es de v\u00e1rias vari\u00e1veis reais.<\/td>\n<td style=\"width: 50%;\">\u00a0 <a href=\"https:\/\/wp.ufpel.edu.br\/zahn\/files\/2026\/03\/T3a3.pdf\" target=\"_blank\" rel=\"noopener\">Aula 03<\/a> (27\/03) Conjunto limitado. Conjunto compacto. Introdu\u00e7\u00e3o \u00e0s fun\u00e7\u00f5es de v\u00e1rias vari\u00e1veis reais.<\/td>\n<\/tr>\n<tr>\n<td style=\"width: 50%;\">\u00a0<a href=\"https:\/\/wp.ufpel.edu.br\/zahn\/files\/2026\/03\/T2a4.pdf\" target=\"_blank\" rel=\"noopener\">Aula 04<\/a> \u00a0(30\/03) fun\u00e7\u00f5es vetoriais a uma vari\u00e1vel real. Introdu\u00e7\u00e3o \u00e0s fun\u00e7\u00f5es \u00a0escalares de v\u00e1rias vari\u00e1veis reais.<\/td>\n<td style=\"width: 50%;\">\u00a0<a href=\"https:\/\/wp.ufpel.edu.br\/zahn\/files\/2026\/03\/T3a4.pdf\" target=\"_blank\" rel=\"noopener\">Aula 04<\/a> \u00a0(30\/03) fun\u00e7\u00f5es vetoriais a uma vari\u00e1vel real. Introdu\u00e7\u00e3o \u00e0s fun\u00e7\u00f5es escalares de v\u00e1rias vari\u00e1veis reais.<\/td>\n<\/tr>\n<tr>\n<td style=\"width: 50%;\"><a href=\"https:\/\/wp.ufpel.edu.br\/zahn\/files\/2026\/04\/T2a5.pdf\" target=\"_blank\" rel=\"noopener\">Aula 05<\/a>\u00a0 (01\/04) Gr\u00e1ficos do dom\u00ednio e de fun\u00e7\u00f5es de R2 em R.<\/td>\n<td style=\"width: 50%;\"><a href=\"https:\/\/wp.ufpel.edu.br\/zahn\/files\/2026\/04\/T3a5.pdf\" target=\"_blank\" rel=\"noopener\">Aula 05<\/a>\u00a0 (01\/04) Gr\u00e1ficos do dom\u00ednio e de fun\u00e7\u00f5es de R2 em R.<\/td>\n<\/tr>\n<\/tbody>\n<\/table>\n<p>&nbsp;<\/p>\n","protected":false},"excerpt":{"rendered":"<p>Minha p\u00e1gina de autor na Amazon pode ser acessada clicando\u00a0aqui Ano de 2026 de Nosso Senhor Primeiro Semestre C\u00e1lculo 3 (Turmas T2 e T3 ) Local: Anglo, sala 427 Hor\u00e1rios: Segundas, quartas e sextas, 8h &#8211; 10h (para turma \u00a0T3) e das 10h -12h (para a turma T2) Dando sequ\u00eancia aos estudos de C\u00e1lculo, nesta &hellip; <a href=\"https:\/\/wp.ufpel.edu.br\/zahn\/\" class=\"more-link\">Continue lendo <span class=\"screen-reader-text\">MMXXV<\/span> <span class=\"meta-nav\">&rarr;<\/span><\/a><\/p>\n","protected":false},"author":605,"featured_media":0,"parent":1596,"menu_order":0,"comment_status":"closed","ping_status":"closed","template":"","meta":{"jetpack_post_was_ever_published":false,"footnotes":""},"class_list":["post-2026","page","type-page","status-publish","hentry"],"jetpack_sharing_enabled":true,"jetpack_shortlink":"https:\/\/wp.me\/P7fXYa-wG","_links":{"self":[{"href":"https:\/\/wp.ufpel.edu.br\/zahn\/wp-json\/wp\/v2\/pages\/2026","targetHints":{"allow":["GET"]}}],"collection":[{"href":"https:\/\/wp.ufpel.edu.br\/zahn\/wp-json\/wp\/v2\/pages"}],"about":[{"href":"https:\/\/wp.ufpel.edu.br\/zahn\/wp-json\/wp\/v2\/types\/page"}],"author":[{"embeddable":true,"href":"https:\/\/wp.ufpel.edu.br\/zahn\/wp-json\/wp\/v2\/users\/605"}],"replies":[{"embeddable":true,"href":"https:\/\/wp.ufpel.edu.br\/zahn\/wp-json\/wp\/v2\/comments?post=2026"}],"version-history":[{"count":4,"href":"https:\/\/wp.ufpel.edu.br\/zahn\/wp-json\/wp\/v2\/pages\/2026\/revisions"}],"predecessor-version":[{"id":4413,"href":"https:\/\/wp.ufpel.edu.br\/zahn\/wp-json\/wp\/v2\/pages\/2026\/revisions\/4413"}],"up":[{"embeddable":true,"href":"https:\/\/wp.ufpel.edu.br\/zahn\/wp-json\/wp\/v2\/pages\/1596"}],"wp:attachment":[{"href":"https:\/\/wp.ufpel.edu.br\/zahn\/wp-json\/wp\/v2\/media?parent=2026"}],"curies":[{"name":"wp","href":"https:\/\/api.w.org\/{rel}","templated":true}]}}