{"id":1698,"date":"2020-03-24T20:05:48","date_gmt":"2020-03-24T23:05:48","guid":{"rendered":"https:\/\/wp.ufpel.edu.br\/zahn\/?page_id=1698"},"modified":"2022-12-13T16:35:37","modified_gmt":"2022-12-13T19:35:37","slug":"hobies","status":"publish","type":"page","link":"https:\/\/wp.ufpel.edu.br\/zahn\/hobies\/","title":{"rendered":"Zahn Hobies"},"content":{"rendered":"<p>&nbsp;<\/p>\n<p style=\"text-align: center;\"><span style=\"color: #0000ff;\"><strong>Meus hobies:<\/strong><\/span><\/p>\n<p>\u3042\u3000Minha cole\u00e7\u00e3o de personagens Star Wars the Black Series, de 6 polegadas<\/p>\n<p><img loading=\"lazy\" decoding=\"async\" class=\"alignnone size-medium wp-image-2237\" src=\"https:\/\/wp.ufpel.edu.br\/zahn\/files\/2022\/12\/130995623_210152064020946_6910256517651277084_n-424x318.jpg\" alt=\"\" width=\"424\" height=\"318\" srcset=\"https:\/\/wp.ufpel.edu.br\/zahn\/files\/2022\/12\/130995623_210152064020946_6910256517651277084_n-424x318.jpg 424w, https:\/\/wp.ufpel.edu.br\/zahn\/files\/2022\/12\/130995623_210152064020946_6910256517651277084_n-212x159.jpg 212w, https:\/\/wp.ufpel.edu.br\/zahn\/files\/2022\/12\/130995623_210152064020946_6910256517651277084_n-768x576.jpg 768w, https:\/\/wp.ufpel.edu.br\/zahn\/files\/2022\/12\/130995623_210152064020946_6910256517651277084_n.jpg 960w\" sizes=\"auto, (max-width: 424px) 100vw, 424px\" \/>\u00a0 <img loading=\"lazy\" decoding=\"async\" class=\"alignnone size-medium wp-image-2238\" src=\"https:\/\/wp.ufpel.edu.br\/zahn\/files\/2022\/12\/131027552_210152000687619_1489388952263324920_n-424x318.jpg\" alt=\"\" width=\"424\" height=\"318\" srcset=\"https:\/\/wp.ufpel.edu.br\/zahn\/files\/2022\/12\/131027552_210152000687619_1489388952263324920_n-424x318.jpg 424w, https:\/\/wp.ufpel.edu.br\/zahn\/files\/2022\/12\/131027552_210152000687619_1489388952263324920_n-212x159.jpg 212w, https:\/\/wp.ufpel.edu.br\/zahn\/files\/2022\/12\/131027552_210152000687619_1489388952263324920_n-768x576.jpg 768w, https:\/\/wp.ufpel.edu.br\/zahn\/files\/2022\/12\/131027552_210152000687619_1489388952263324920_n.jpg 960w\" sizes=\"auto, (max-width: 424px) 100vw, 424px\" \/><img loading=\"lazy\" decoding=\"async\" class=\"alignnone size-medium wp-image-2239\" src=\"https:\/\/wp.ufpel.edu.br\/zahn\/files\/2022\/12\/131152794_210152014020951_1392205177791075820_n-424x318.jpg\" alt=\"\" width=\"424\" height=\"318\" srcset=\"https:\/\/wp.ufpel.edu.br\/zahn\/files\/2022\/12\/131152794_210152014020951_1392205177791075820_n-424x318.jpg 424w, https:\/\/wp.ufpel.edu.br\/zahn\/files\/2022\/12\/131152794_210152014020951_1392205177791075820_n-212x159.jpg 212w, https:\/\/wp.ufpel.edu.br\/zahn\/files\/2022\/12\/131152794_210152014020951_1392205177791075820_n-768x576.jpg 768w, https:\/\/wp.ufpel.edu.br\/zahn\/files\/2022\/12\/131152794_210152014020951_1392205177791075820_n.jpg 960w\" sizes=\"auto, (max-width: 424px) 100vw, 424px\" \/><img loading=\"lazy\" decoding=\"async\" class=\"alignnone size-medium wp-image-2240\" src=\"https:\/\/wp.ufpel.edu.br\/zahn\/files\/2022\/12\/131211714_210151810687638_7688645818315509066_n-424x318.jpg\" alt=\"\" width=\"424\" height=\"318\" srcset=\"https:\/\/wp.ufpel.edu.br\/zahn\/files\/2022\/12\/131211714_210151810687638_7688645818315509066_n-424x318.jpg 424w, https:\/\/wp.ufpel.edu.br\/zahn\/files\/2022\/12\/131211714_210151810687638_7688645818315509066_n-212x159.jpg 212w, https:\/\/wp.ufpel.edu.br\/zahn\/files\/2022\/12\/131211714_210151810687638_7688645818315509066_n-768x576.jpg 768w, https:\/\/wp.ufpel.edu.br\/zahn\/files\/2022\/12\/131211714_210151810687638_7688645818315509066_n.jpg 960w\" sizes=\"auto, (max-width: 424px) 100vw, 424px\" \/><img loading=\"lazy\" decoding=\"async\" class=\"alignnone size-medium wp-image-2242\" src=\"https:\/\/wp.ufpel.edu.br\/zahn\/files\/2022\/12\/131432285_210151854020967_7708666909702642214_n-424x318.jpg\" alt=\"\" width=\"424\" height=\"318\" srcset=\"https:\/\/wp.ufpel.edu.br\/zahn\/files\/2022\/12\/131432285_210151854020967_7708666909702642214_n-424x318.jpg 424w, https:\/\/wp.ufpel.edu.br\/zahn\/files\/2022\/12\/131432285_210151854020967_7708666909702642214_n-212x159.jpg 212w, https:\/\/wp.ufpel.edu.br\/zahn\/files\/2022\/12\/131432285_210151854020967_7708666909702642214_n-768x576.jpg 768w, https:\/\/wp.ufpel.edu.br\/zahn\/files\/2022\/12\/131432285_210151854020967_7708666909702642214_n.jpg 960w\" sizes=\"auto, (max-width: 424px) 100vw, 424px\" \/><img loading=\"lazy\" decoding=\"async\" class=\"alignnone size-medium wp-image-2241\" src=\"https:\/\/wp.ufpel.edu.br\/zahn\/files\/2022\/12\/131300597_210152080687611_8959108542932048687_n-424x318.jpg\" alt=\"\" width=\"424\" height=\"318\" srcset=\"https:\/\/wp.ufpel.edu.br\/zahn\/files\/2022\/12\/131300597_210152080687611_8959108542932048687_n-424x318.jpg 424w, https:\/\/wp.ufpel.edu.br\/zahn\/files\/2022\/12\/131300597_210152080687611_8959108542932048687_n-212x159.jpg 212w, https:\/\/wp.ufpel.edu.br\/zahn\/files\/2022\/12\/131300597_210152080687611_8959108542932048687_n-768x576.jpg 768w, https:\/\/wp.ufpel.edu.br\/zahn\/files\/2022\/12\/131300597_210152080687611_8959108542932048687_n.jpg 960w\" sizes=\"auto, (max-width: 424px) 100vw, 424px\" \/><img loading=\"lazy\" decoding=\"async\" class=\"alignnone size-medium wp-image-2244\" src=\"https:\/\/wp.ufpel.edu.br\/zahn\/files\/2022\/12\/131922474_210151950687624_8685821767993799661_n-424x318.jpg\" alt=\"\" width=\"424\" height=\"318\" srcset=\"https:\/\/wp.ufpel.edu.br\/zahn\/files\/2022\/12\/131922474_210151950687624_8685821767993799661_n-424x318.jpg 424w, https:\/\/wp.ufpel.edu.br\/zahn\/files\/2022\/12\/131922474_210151950687624_8685821767993799661_n-212x159.jpg 212w, https:\/\/wp.ufpel.edu.br\/zahn\/files\/2022\/12\/131922474_210151950687624_8685821767993799661_n-768x576.jpg 768w, https:\/\/wp.ufpel.edu.br\/zahn\/files\/2022\/12\/131922474_210151950687624_8685821767993799661_n.jpg 960w\" sizes=\"auto, (max-width: 424px) 100vw, 424px\" \/><img loading=\"lazy\" decoding=\"async\" class=\"alignnone size-medium wp-image-2243\" src=\"https:\/\/wp.ufpel.edu.br\/zahn\/files\/2022\/12\/131612320_210151847354301_5993713840639292690_n-424x318.jpg\" alt=\"\" width=\"424\" height=\"318\" srcset=\"https:\/\/wp.ufpel.edu.br\/zahn\/files\/2022\/12\/131612320_210151847354301_5993713840639292690_n-424x318.jpg 424w, https:\/\/wp.ufpel.edu.br\/zahn\/files\/2022\/12\/131612320_210151847354301_5993713840639292690_n-212x159.jpg 212w, https:\/\/wp.ufpel.edu.br\/zahn\/files\/2022\/12\/131612320_210151847354301_5993713840639292690_n-768x576.jpg 768w, https:\/\/wp.ufpel.edu.br\/zahn\/files\/2022\/12\/131612320_210151847354301_5993713840639292690_n.jpg 960w\" sizes=\"auto, (max-width: 424px) 100vw, 424px\" \/><\/p>\n<p>\u3044\u3000Escrever livros de matem\u00e1tica. Al\u00e9m dos j\u00e1 publicados, est\u00e3o em andamento um de \u00c1lgebra linear, um de An\u00e1lise Real, um de vari\u00e1veis complexas e um de fun\u00e7\u00f5es. Estes dois \u00faltimos com outros autores em conjunto.<\/p>\n<p>\u3046\u3000Estudo de japon\u00eas [n\u00e3o fa\u00e7o curso, estudo por conta, iniciado em fevereiro de 2020]<\/p>\n<p>_____________<\/p>\n<p>&nbsp;<\/p>\n","protected":false},"excerpt":{"rendered":"<p>&nbsp; Meus hobies: \u3042\u3000Minha cole\u00e7\u00e3o de personagens Star Wars the Black Series, de 6 polegadas \u00a0 \u3044\u3000Escrever livros de matem\u00e1tica. Al\u00e9m dos j\u00e1 publicados, est\u00e3o em andamento um de \u00c1lgebra linear, um de An\u00e1lise Real, um de vari\u00e1veis complexas e um de fun\u00e7\u00f5es. Estes dois \u00faltimos com outros autores em conjunto. \u3046\u3000Estudo de japon\u00eas [n\u00e3o &hellip; <a href=\"https:\/\/wp.ufpel.edu.br\/zahn\/hobies\/\" class=\"more-link\">Continue lendo <span class=\"screen-reader-text\">Zahn Hobies<\/span> <span class=\"meta-nav\">&rarr;<\/span><\/a><\/p>\n","protected":false},"author":605,"featured_media":0,"parent":0,"menu_order":0,"comment_status":"closed","ping_status":"closed","template":"","meta":{"jetpack_post_was_ever_published":false,"footnotes":""},"class_list":["post-1698","page","type-page","status-publish","hentry"],"jetpack_sharing_enabled":true,"jetpack_shortlink":"https:\/\/wp.me\/P7fXYa-ro","_links":{"self":[{"href":"https:\/\/wp.ufpel.edu.br\/zahn\/wp-json\/wp\/v2\/pages\/1698","targetHints":{"allow":["GET"]}}],"collection":[{"href":"https:\/\/wp.ufpel.edu.br\/zahn\/wp-json\/wp\/v2\/pages"}],"about":[{"href":"https:\/\/wp.ufpel.edu.br\/zahn\/wp-json\/wp\/v2\/types\/page"}],"author":[{"embeddable":true,"href":"https:\/\/wp.ufpel.edu.br\/zahn\/wp-json\/wp\/v2\/users\/605"}],"replies":[{"embeddable":true,"href":"https:\/\/wp.ufpel.edu.br\/zahn\/wp-json\/wp\/v2\/comments?post=1698"}],"version-history":[{"count":5,"href":"https:\/\/wp.ufpel.edu.br\/zahn\/wp-json\/wp\/v2\/pages\/1698\/revisions"}],"predecessor-version":[{"id":2245,"href":"https:\/\/wp.ufpel.edu.br\/zahn\/wp-json\/wp\/v2\/pages\/1698\/revisions\/2245"}],"wp:attachment":[{"href":"https:\/\/wp.ufpel.edu.br\/zahn\/wp-json\/wp\/v2\/media?parent=1698"}],"curies":[{"name":"wp","href":"https:\/\/api.w.org\/{rel}","templated":true}]}}