{"id":1489,"date":"2019-11-29T18:15:33","date_gmt":"2019-11-29T21:15:33","guid":{"rendered":"https:\/\/wp.ufpel.edu.br\/zahn\/?page_id=1489"},"modified":"2022-07-23T20:10:10","modified_gmt":"2022-07-23T23:10:10","slug":"mmxx","status":"publish","type":"page","link":"https:\/\/wp.ufpel.edu.br\/zahn\/disciplinas\/antiqua-archivum\/mmxx\/","title":{"rendered":"MMXX"},"content":{"rendered":"<p style=\"text-align: center;\"><span style=\"color: #0000ff; font-size: 12pt;\"><strong>MMXX ANNO DOMINI<\/strong><\/span><\/p>\n<p style=\"text-align: center;\"><span style=\"color: #ff0000;\"><strong>ATIVIDADES DESTA P\u00c1GINA FORAM SUSPENSAS POR FOR\u00c7A DA PANDEMIA DO CORONAVIRUS<\/strong><\/span><\/p>\n<p style=\"text-align: center;\">Clicai <a href=\"https:\/\/wp.ufpel.edu.br\/cra\/calendario-academico-2020\/\" target=\"_blank\" rel=\"noopener noreferrer\">aqui<\/a> para acessar o Calend\u00e1rio acad\u00eamico 2020<\/p>\n<p>&nbsp;<\/p>\n<p style=\"text-align: center;\"><span style=\"color: #0000ff; font-size: 12pt;\"><strong>SEMESTER PRIMVM<\/strong><\/span><\/p>\n<p style=\"text-align: center;\"><strong>Vari\u00e1veis Complexas &#8211; Turma T1<\/strong><\/p>\n<p style=\"text-align: center;\"><a href=\"https:\/\/institucional.ufpel.edu.br\/disciplinas\/cod\/11100007\" target=\"_blank\" rel=\"noopener noreferrer\">Informa\u00e7\u00f5es institucionais da disciplina<\/a><\/p>\n<p style=\"text-align: center;\"><a href=\"https:\/\/wp.ufpel.edu.br\/zahn\/files\/2020\/03\/plano_ensino_2020_1_11100007_M1-1.pdf\" target=\"_blank\" rel=\"noopener noreferrer\">Plano de ensino<\/a><\/p>\n<p style=\"text-align: center;\"><span style=\"color: #0000ff;\"><strong>Listas de Exerc\u00edcios<\/strong><\/span><\/p>\n<p style=\"text-align: center;\"><a href=\"https:\/\/wp.ufpel.edu.br\/zahn\/files\/2020\/02\/VCL01.pdf\" target=\"_blank\" rel=\"noopener noreferrer\">Lista 01<\/a> &#8211; \u00a0N\u00fameros Complexos<\/p>\n<p style=\"text-align: center;\"><a href=\"https:\/\/wp.ufpel.edu.br\/zahn\/files\/2020\/04\/VCL02.pdf\" target=\"_blank\" rel=\"noopener noreferrer\">Lista 02<\/a> \u00a0&#8211; Proje\u00e7\u00e3o estereogr\u00e1fica e limites de sequ\u00eancias em C<\/p>\n<p style=\"text-align: center;\"><span style=\"color: #0000ff;\"><strong>Datas das Provas<\/strong><\/span><\/p>\n<p style=\"text-align: center;\">Prova 01 &#8211; 19\/05\/2020<\/p>\n<p style=\"text-align: center;\">Prova 02 &#8211; 07\/07\/2020<\/p>\n<p style=\"text-align: center;\">Exame &#8211; 14\/07\/2020<\/p>\n<p style=\"text-align: center;\">=======================================<\/p>\n<p style=\"text-align: center;\"><strong>\u00c1lgebra Linear I &#8211; Turma M1<\/strong><\/p>\n<p style=\"text-align: center;\"><a href=\"https:\/\/institucional.ufpel.edu.br\/disciplinas\/cod\/11100017\" target=\"_blank\" rel=\"noopener noreferrer\">Informa\u00e7\u00f5es institucionais da disciplina<\/a><\/p>\n<p style=\"text-align: center;\"><a href=\"https:\/\/wp.ufpel.edu.br\/zahn\/files\/2020\/03\/plano_ensino_2020_1_11100017_M1.pdf\" target=\"_blank\" rel=\"noopener noreferrer\">Plano de ensino<\/a><\/p>\n<p style=\"text-align: center;\"><span style=\"color: #0000ff;\"><strong>Listas de Exerc\u00edcios<\/strong><\/span><\/p>\n<p style=\"text-align: center;\"><a href=\"https:\/\/wp.ufpel.edu.br\/zahn\/files\/2020\/02\/2020AL_L1.pdf\" target=\"_blank\" rel=\"noopener noreferrer\">Lista 01<\/a> &#8211; Matrizes<\/p>\n<p>&nbsp;<\/p>\n<p style=\"text-align: center;\"><span style=\"color: #0000ff;\"><strong>Datas das Provas<\/strong><\/span><\/p>\n<p style=\"text-align: center;\">Prova 01 &#8211; 13\/05\/2020 (quarta)<\/p>\n<p style=\"text-align: center;\">Prova 02 &#8211; 10\/07\/2020 (sexta)<\/p>\n<p style=\"text-align: center;\">Exame &#8211; 15\/07\/2020 (quarta)<\/p>\n<p style=\"text-align: center;\"><span style=\"color: #0000ff;\"><strong>Diversos<\/strong><\/span><\/p>\n<p>\u3042\u3000Clicai <a href=\"https:\/\/wp.ufpel.edu.br\/zahn\/files\/2020\/03\/texto.pdf\" target=\"_blank\" rel=\"noopener noreferrer\">aqui<\/a> para baixardes um arquivo pdf das notas de aula do curso de \u00c1lgebra Linear ministrado por mim em MMXVI (H\u00e1 erros de digita\u00e7\u00e3o, ent\u00e3o cuidado!).<\/p>\n<p>\u3044 \u00a0 C\u00e1lculo de matrizes online, acesse clicando <a href=\"https:\/\/matrixcalc.org\/pt\/\" target=\"_blank\" rel=\"noopener noreferrer\">aqui<\/a>.<\/p>\n<p>\u3046 Para acesso a um curso de \u00e1lgebra linear online da USP, clique <a href=\"https:\/\/www.youtube.com\/watch?v=-JcQJFNVjaA&amp;list=PLIEzh1OveCVczEZAjhVIVd7Qs-X8ILgnI\" target=\"_blank\" rel=\"noopener noreferrer\">aqui<\/a> <span style=\"font-size: 10pt;\">[as primeiras aulas s\u00e3o sobre vetores, ou seja, geometria anal\u00edtica. Portanto, possui uma boa revis\u00e3o inicial. Al\u00e9m disso, a parte de espa\u00e7os vetoriais permeia as primeiras aulas]<\/span><\/p>\n<p>&nbsp;<\/p>\n<p>&nbsp;<\/p>\n<p style=\"text-align: center;\">=======================================<\/p>\n<p style=\"text-align: center;\"><strong>Matem\u00e1tica Elementar: Fun\u00e7\u00f5es Transcendentes &#8211; Turma M2<\/strong><\/p>\n<p style=\"text-align: center;\"><a href=\"https:\/\/institucional.ufpel.edu.br\/disciplinas\/cod\/11100076\" target=\"_blank\" rel=\"noopener noreferrer\">Informa\u00e7\u00f5es institucionais da disciplina<\/a><\/p>\n<p style=\"text-align: center;\"><span style=\"color: #0000ff;\"><strong>Listas de Exerc\u00edcios<\/strong><\/span><\/p>\n<p style=\"text-align: center;\"><a href=\"https:\/\/wp.ufpel.edu.br\/zahn\/files\/2020\/03\/2020FT_01.pdf\" target=\"_blank\" rel=\"noopener noreferrer\">Lista 01<\/a> &#8211; Primeiros conceitos da Trigonometria<\/p>\n<p>&nbsp;<\/p>\n<p style=\"text-align: center;\"><strong><span style=\"color: #0000ff;\">Datas das Provas<\/span><\/strong><\/p>\n<p style=\"text-align: center;\">Prova 01 &#8211; 15\/05\/2020 (sexta)<\/p>\n<p style=\"text-align: center;\">Prova 02 &#8211; 08\/07\/2020 (quarta)<\/p>\n<p style=\"text-align: center;\">Exame &#8211; 17\/07\/2020 (sexta)<\/p>\n<p>&nbsp;<\/p>\n<p style=\"text-align: center;\"><span style=\"color: #0000ff;\"><strong>Diversos<\/strong><\/span><\/p>\n<p>\u3042 Clique <a href=\"https:\/\/wp.ufpel.edu.br\/zahn\/files\/2020\/03\/apres.pdf\" target=\"_blank\" rel=\"noopener noreferrer\">aqui<\/a> para baixardes a apresenta\u00e7\u00e3o mostrada na Aula 01.<\/p>\n<p>\u3044 \u00a0Clique <a href=\"https:\/\/wp.ufpel.edu.br\/zahn\/files\/2020\/04\/IAI.pdf\" target=\"_blank\" rel=\"noopener noreferrer\">aqui<\/a> para baixardes o livro <em>introductio in analysin infinitorum<\/em>, de Leonard Euler, de 1748.<\/p>\n","protected":false},"excerpt":{"rendered":"<p>MMXX ANNO DOMINI ATIVIDADES DESTA P\u00c1GINA FORAM SUSPENSAS POR FOR\u00c7A DA PANDEMIA DO CORONAVIRUS Clicai aqui para acessar o Calend\u00e1rio acad\u00eamico 2020 &nbsp; SEMESTER PRIMVM Vari\u00e1veis Complexas &#8211; Turma T1 Informa\u00e7\u00f5es institucionais da disciplina Plano de ensino Listas de Exerc\u00edcios Lista 01 &#8211; \u00a0N\u00fameros Complexos Lista 02 \u00a0&#8211; Proje\u00e7\u00e3o estereogr\u00e1fica e limites de sequ\u00eancias em &hellip; <a href=\"https:\/\/wp.ufpel.edu.br\/zahn\/disciplinas\/antiqua-archivum\/mmxx\/\" class=\"more-link\">Continue lendo <span class=\"screen-reader-text\">MMXX<\/span> <span class=\"meta-nav\">&rarr;<\/span><\/a><\/p>\n","protected":false},"author":605,"featured_media":0,"parent":1596,"menu_order":0,"comment_status":"closed","ping_status":"closed","template":"","meta":{"jetpack_post_was_ever_published":false,"footnotes":""},"class_list":["post-1489","page","type-page","status-publish","hentry"],"jetpack_sharing_enabled":true,"jetpack_shortlink":"https:\/\/wp.me\/P7fXYa-o1","_links":{"self":[{"href":"https:\/\/wp.ufpel.edu.br\/zahn\/wp-json\/wp\/v2\/pages\/1489","targetHints":{"allow":["GET"]}}],"collection":[{"href":"https:\/\/wp.ufpel.edu.br\/zahn\/wp-json\/wp\/v2\/pages"}],"about":[{"href":"https:\/\/wp.ufpel.edu.br\/zahn\/wp-json\/wp\/v2\/types\/page"}],"author":[{"embeddable":true,"href":"https:\/\/wp.ufpel.edu.br\/zahn\/wp-json\/wp\/v2\/users\/605"}],"replies":[{"embeddable":true,"href":"https:\/\/wp.ufpel.edu.br\/zahn\/wp-json\/wp\/v2\/comments?post=1489"}],"version-history":[{"count":30,"href":"https:\/\/wp.ufpel.edu.br\/zahn\/wp-json\/wp\/v2\/pages\/1489\/revisions"}],"predecessor-version":[{"id":2022,"href":"https:\/\/wp.ufpel.edu.br\/zahn\/wp-json\/wp\/v2\/pages\/1489\/revisions\/2022"}],"up":[{"embeddable":true,"href":"https:\/\/wp.ufpel.edu.br\/zahn\/wp-json\/wp\/v2\/pages\/1596"}],"wp:attachment":[{"href":"https:\/\/wp.ufpel.edu.br\/zahn\/wp-json\/wp\/v2\/media?parent=1489"}],"curies":[{"name":"wp","href":"https:\/\/api.w.org\/{rel}","templated":true}]}}