{"id":131,"date":"2016-02-19T17:02:44","date_gmt":"2016-02-19T19:02:44","guid":{"rendered":"https:\/\/wp.ufpel.edu.br\/zahn\/?page_id=131"},"modified":"2022-07-29T02:58:38","modified_gmt":"2022-07-29T05:58:38","slug":"sites-interessantes-2","status":"publish","type":"page","link":"https:\/\/wp.ufpel.edu.br\/zahn\/sites-interessantes-2\/","title":{"rendered":"Sites interessantes"},"content":{"rendered":"<header class=\"style1\">\n<h3 style=\"text-align: center;\"><strong>Confira as dicas de sites abaixo. Clicando no respectivo nome ser\u00e1s conduzido para o site.<\/strong><\/h3>\n<\/header>\n<h4><a href=\"https:\/\/wp.ufpel.edu.br\/projetogama\/\" target=\"_blank\" rel=\"noopener noreferrer\">Projeto GAMA<\/a>\u00a0P\u00e1gina do Projeto GAMA (Grupo de Apoio em Matem\u00e1tica) da UFPel, mantido por professores do Departamento de Matem\u00e1tica e Estat\u00edstica, em parceria com a Pr\u00f3-reitoria de Gradua\u00e7\u00e3o e o Instituto de F\u00edsica e Matem\u00e1tica.<\/h4>\n<h4><a href=\"http:\/\/mathworld.wolfram.com\/\" target=\"_blank\" rel=\"noopener noreferrer\">MathWorld<\/a>\u00a0Site muito bom sobre Matem\u00e1tica, onde se pode pesquisar tudo sobre matem\u00e1tica, principalmente n\u00edvel superior.<\/h4>\n<h4><a href=\"http:\/\/www.integral-calculator.com\" target=\"_blank\" rel=\"noopener noreferrer\">Online integral calculator<\/a> \u00e9 um site que calcula integrais de forma online e mostra todos os passos da integra\u00e7\u00e3o! \u00c9 t\u00e3o interessante que chega a ser assustador!<\/h4>\n<p><span style=\"font-size: 10pt;\"><a href=\"https:\/\/www.whitman.edu\/mathematics\/calculus_late_online\/chapter01.html\" target=\"_blank\" rel=\"noopener noreferrer\">Livro de <\/a><a href=\"https:\/\/www.whitman.edu\/mathematics\/calculus_late_online\/chapter01.html\" target=\"_blank\" rel=\"noopener noreferrer\"><span style=\"font-family: helvetica, arial, sans-serif;\">C\u00e1lculo<\/span><\/a><a href=\"https:\/\/www.whitman.edu\/mathematics\/calculus_late_online\/chapter01.html\" target=\"_blank\" rel=\"noopener noreferrer\"> Online<\/a>.<\/span><\/p>\n<p><span style=\"font-size: 10pt; font-family: helvetica, arial, sans-serif;\"><a href=\"https:\/\/matrixcalc.org\/pt\/\" target=\"_blank\" rel=\"noopener noreferrer\">Calculadora de Matrizes<\/a>, \u00e9 um site onde se pode efetuar uma s\u00e9rie de opera\u00e7\u00f5es entre matrizes.<\/span><\/p>\n<p><a href=\"https:\/\/pt.symbolab.com\/solver\/rational-expression-calculator\" target=\"_blank\" rel=\"noopener noreferrer\">Symbolab<\/a> &#8211; Calculadora online de express\u00f5es.<\/p>\n<h4><a href=\"http:\/\/www.somatematica.com.br\/\" target=\"_blank\" rel=\"noopener noreferrer\">S\u00f3 Matem\u00e1tica<\/a>\u00a0\u00e9 um site que possui conte\u00fado de ensino b\u00e1sico, m\u00e9dio e superior, exerc\u00edcios, desafios, entre outras curiosidades e assuntos de Matem\u00e1tica.<\/h4>\n<h4><a href=\"http:\/\/www-history.mcs.st-andrews.ac.uk\/history\/\" target=\"_blank\" rel=\"noopener noreferrer\">MacTutor History<\/a>\u00a0Site de arquivo tutorial sobre a hist\u00f3ria de matem\u00e1ticos, entre outras coisas, muito interessante para quem gosta de Hist\u00f3ria da Matem\u00e1tica.<\/h4>\n<h4><a href=\"http:\/\/www.texample.net\/tikz\/examples\/area\/mathematics\/\" target=\"_blank\" rel=\"noopener noreferrer\">tikz no latex<\/a>\u00a0Para quem trabalha com latex, o pacote tikz \u00e9 fant\u00e1stico para montar diagramas e desenhos mais elaborados. No link acima h\u00e1 exemplos de utiliza\u00e7\u00e3o deste pacote, incluindo at\u00e9 algumas anima\u00e7\u00f5es. Confira!<\/h4>\n<h4><a href=\"http:\/\/math.stackexchange.com\/\" target=\"_blank\" rel=\"noopener noreferrer\">stackexchange.com<\/a>\u00a0Mathematics Stack Exchange \u00e9 um site de perguntas e respostas para pessoas que estudam Matem\u00e1tica em qualquer n\u00edvel e profissionais em \u00e1reas relacionadas. \u00c9 100% gratuito e n\u00e3o precisa fazer registo. Voc\u00ea pode fizer uma pergunta l\u00e1 de alguma d\u00favida em algum exerc\u00edcio, por exemplo, e algu\u00e9m ir\u00e1 responder. Voc\u00ea pode tamb\u00e9m responder as quest\u00f5es postadas l\u00e1. \u00c0 medida que vais respondendo e perguntando corretamente, sua &#8220;reputa\u00e7\u00e3o&#8221; vai aumentando&#8230;<\/h4>\n<p>&nbsp;<\/p>\n<h4>Apresentamos abaixo links de algumas revistas que disponibilizam artigos matem\u00e1ticos de forma gratuita:<\/h4>\n<ul>\n<li><a href=\"https:\/\/eudml.org\/journal\/10259\" target=\"_blank\" rel=\"noopener noreferrer\">studia mathematica<\/a>;<\/li>\n<li><a href=\"http:\/\/arxiv.org\/archive\/math\" target=\"_blank\" rel=\"noopener noreferrer\">arxiv.org<\/a>;<\/li>\n<li><a href=\"http:\/\/www.emis.de\/journals\/AFA\/\" target=\"_blank\" rel=\"noopener noreferrer\">Annals of functional analysis<\/a>;<\/li>\n<li><a href=\"http:\/\/www.eweb.unex.es\/eweb\/extracta\/\" target=\"_blank\" rel=\"noopener noreferrer\">Extracta mathematicae<\/a><\/li>\n<\/ul>\n<p>&nbsp;<\/p>\n","protected":false},"excerpt":{"rendered":"<p>Confira as dicas de sites abaixo. Clicando no respectivo nome ser\u00e1s conduzido para o site. Projeto GAMA\u00a0P\u00e1gina do Projeto GAMA (Grupo de Apoio em Matem\u00e1tica) da UFPel, mantido por professores do Departamento de Matem\u00e1tica e Estat\u00edstica, em parceria com a Pr\u00f3-reitoria de Gradua\u00e7\u00e3o e o Instituto de F\u00edsica e Matem\u00e1tica. MathWorld\u00a0Site muito bom sobre Matem\u00e1tica, &hellip; <a href=\"https:\/\/wp.ufpel.edu.br\/zahn\/sites-interessantes-2\/\" class=\"more-link\">Continue lendo <span class=\"screen-reader-text\">Sites interessantes<\/span> <span class=\"meta-nav\">&rarr;<\/span><\/a><\/p>\n","protected":false},"author":605,"featured_media":0,"parent":0,"menu_order":0,"comment_status":"closed","ping_status":"closed","template":"","meta":{"jetpack_post_was_ever_published":false,"footnotes":""},"class_list":["post-131","page","type-page","status-publish","hentry"],"jetpack_sharing_enabled":true,"jetpack_shortlink":"https:\/\/wp.me\/P7fXYa-27","_links":{"self":[{"href":"https:\/\/wp.ufpel.edu.br\/zahn\/wp-json\/wp\/v2\/pages\/131","targetHints":{"allow":["GET"]}}],"collection":[{"href":"https:\/\/wp.ufpel.edu.br\/zahn\/wp-json\/wp\/v2\/pages"}],"about":[{"href":"https:\/\/wp.ufpel.edu.br\/zahn\/wp-json\/wp\/v2\/types\/page"}],"author":[{"embeddable":true,"href":"https:\/\/wp.ufpel.edu.br\/zahn\/wp-json\/wp\/v2\/users\/605"}],"replies":[{"embeddable":true,"href":"https:\/\/wp.ufpel.edu.br\/zahn\/wp-json\/wp\/v2\/comments?post=131"}],"version-history":[{"count":14,"href":"https:\/\/wp.ufpel.edu.br\/zahn\/wp-json\/wp\/v2\/pages\/131\/revisions"}],"predecessor-version":[{"id":134,"href":"https:\/\/wp.ufpel.edu.br\/zahn\/wp-json\/wp\/v2\/pages\/131\/revisions\/134"}],"wp:attachment":[{"href":"https:\/\/wp.ufpel.edu.br\/zahn\/wp-json\/wp\/v2\/media?parent=131"}],"curies":[{"name":"wp","href":"https:\/\/api.w.org\/{rel}","templated":true}]}}