{"id":52,"date":"2023-01-03T13:07:32","date_gmt":"2023-01-03T16:07:32","guid":{"rendered":"https:\/\/wp.ufpel.edu.br\/xxvijornadadeensinodehistoria\/?page_id=52"},"modified":"2023-12-13T12:57:13","modified_gmt":"2023-12-13T15:57:13","slug":"comissao-organizadora-e-cientifica","status":"publish","type":"page","link":"https:\/\/wp.ufpel.edu.br\/xxvijornadadeensinodehistoria\/comissao-organizadora-e-cientifica\/","title":{"rendered":"Comiss\u00e3o Organizadora e Cient\u00edfica"},"content":{"rendered":"<p><strong>Comiss\u00e3o organizadora:<\/strong><\/p>\n<p>Alessandra Gasparotto (UFPel)<\/p>\n<p>Carla de Moura (UFRGS)<\/p>\n<p>Camila Ventura Merg (Rede Municipal Pelotas)<\/p>\n<p>Caroline Pacievitch (UFRGS)<\/p>\n<p>Darlise Gon\u00e7alves de Gon\u00e7alves<\/p>\n<p>Emerson Fonseca (Rede Municipal Pelotas)<\/p>\n<p>Jocelito Zalla (UFRGS)<\/p>\n<p>Katani Monteiro (UCS)<\/p>\n<p>Lisiane Sias Manke (UFPEL)<\/p>\n<p>Luiz Paulo da Silva Soares (Rede Municipal Rio Grande)<\/p>\n<p>Mario Marcello Neto (Rede privada Pelotas)<\/p>\n<p>Mauro Dillmann Tavares (UFPel)<\/p>\n<p>Marcello Paniz Giacomoni (UFRGS)<\/p>\n<p>Melina Kleinert Perussatto (UFRGS)<\/p>\n<p>Natiele Gon\u00e7alves Mesquita (Rede Municipal Pelotas e SEDUC\/RS)<\/p>\n<p>Nilton Mullet Pereira\u00a0(UFRGS)<\/p>\n<p>Rodrigo Giovanaz (SEDUC\/RS)<\/p>\n<p>Sarah Calvi Amaral Silva\u00a0 (UFRGS)<\/p>\n<p>Tiago Perinazzo Cassol (Rede Municipal Rio Grande)<\/p>\n<p>Wilian Junior Bonete (UFPel)<\/p>\n<p>&nbsp;<\/p>\n<p><strong>Comiss\u00e3o Cient\u00edfica<\/strong><\/p>\n<p>Jocelito Zalla (UFRGS)<\/p>\n<p>J\u00f4natas Marques Caratti (UNIPAMPA)<\/p>\n<p>J\u00falio Ricardo Quevedo dos Santos (UFSM)<\/p>\n<p>Katani Monteiro (UCS)<\/p>\n<p>Melina Kleinert Perussatto (UFRGS)<\/p>\n<p>Sarah Calvi Amaral Silva\u00a0(UFRGS)<\/p>\n<p>V\u00e9ra Lucia Maciel Barroso (CHC Santa Casa de Porto Alegre)<\/p>\n<p>Wilian Junior Bonete (UFPel)<\/p>\n<p>&nbsp;<\/p>\n<p><strong>Desenvolvimento e programa\u00e7\u00e3o do website oficial do evento:<\/strong><\/p>\n<p>Wilian Junior Bonete (UFPel)<\/p>\n<p>&nbsp;<\/p>\n<p><strong>Coordena\u00e7\u00e3o do GT de Ensino de Hist\u00f3ria e Educa\u00e7\u00e3o \/ ANPUH\/RS (2022-2024)<\/strong><\/p>\n<p>Carla de Moura (UFRGS) &#8211; coordena\u00e7\u00e3o<\/p>\n<p>B\u00e1rbara Virg\u00ednia Groff da Silva (Rede Municipal de Cachoeirinha\/RS)<\/p>\n<p>Wilian Junior Bonete (UFPel)<\/p>\n<p>&nbsp;<\/p>\n","protected":false},"excerpt":{"rendered":"<p>Comiss\u00e3o organizadora: Alessandra Gasparotto (UFPel) Carla de Moura (UFRGS) Camila Ventura Merg (Rede Municipal Pelotas) Caroline Pacievitch (UFRGS) Darlise Gon\u00e7alves de Gon\u00e7alves Emerson Fonseca (Rede Municipal Pelotas) Jocelito Zalla (UFRGS) Katani Monteiro (UCS) Lisiane Sias Manke (UFPEL) Luiz Paulo da Silva Soares (Rede Municipal Rio Grande) Mario Marcello Neto (Rede privada Pelotas) Mauro Dillmann Tavares&hellip;<\/p>\n","protected":false},"author":1274,"featured_media":0,"parent":0,"menu_order":6,"comment_status":"closed","ping_status":"closed","template":"","meta":{"footnotes":""},"class_list":["post-52","page","type-page","status-publish","hentry"],"_links":{"self":[{"href":"https:\/\/wp.ufpel.edu.br\/xxvijornadadeensinodehistoria\/wp-json\/wp\/v2\/pages\/52","targetHints":{"allow":["GET"]}}],"collection":[{"href":"https:\/\/wp.ufpel.edu.br\/xxvijornadadeensinodehistoria\/wp-json\/wp\/v2\/pages"}],"about":[{"href":"https:\/\/wp.ufpel.edu.br\/xxvijornadadeensinodehistoria\/wp-json\/wp\/v2\/types\/page"}],"author":[{"embeddable":true,"href":"https:\/\/wp.ufpel.edu.br\/xxvijornadadeensinodehistoria\/wp-json\/wp\/v2\/users\/1274"}],"replies":[{"embeddable":true,"href":"https:\/\/wp.ufpel.edu.br\/xxvijornadadeensinodehistoria\/wp-json\/wp\/v2\/comments?post=52"}],"version-history":[{"count":7,"href":"https:\/\/wp.ufpel.edu.br\/xxvijornadadeensinodehistoria\/wp-json\/wp\/v2\/pages\/52\/revisions"}],"predecessor-version":[{"id":342,"href":"https:\/\/wp.ufpel.edu.br\/xxvijornadadeensinodehistoria\/wp-json\/wp\/v2\/pages\/52\/revisions\/342"}],"wp:attachment":[{"href":"https:\/\/wp.ufpel.edu.br\/xxvijornadadeensinodehistoria\/wp-json\/wp\/v2\/media?parent=52"}],"curies":[{"name":"wp","href":"https:\/\/api.w.org\/{rel}","templated":true}]}}