{"id":49,"date":"2023-01-03T13:05:38","date_gmt":"2023-01-03T16:05:38","guid":{"rendered":"https:\/\/wp.ufpel.edu.br\/xxvijornadadeensinodehistoria\/?page_id=49"},"modified":"2023-03-23T01:03:08","modified_gmt":"2023-03-23T04:03:08","slug":"grupo-de-dialogos-gds","status":"publish","type":"page","link":"https:\/\/wp.ufpel.edu.br\/xxvijornadadeensinodehistoria\/homologacao-das-salas-dos-gds-presencial-e-remoto\/grupo-de-dialogos-gds\/","title":{"rendered":"O que s\u00e3o os Grupos de Di\u00e1logos &#8211; GD&#8217;s?"},"content":{"rendered":"<p><strong>Sobre a inscri\u00e7\u00e3o de comunica\u00e7\u00f5es:<\/strong><\/p>\n<p>A apresenta\u00e7\u00e3o de comunica\u00e7\u00f5es se dar\u00e1 no formato de \u201cGrupos de Di\u00e1logos\u201d (GD&#8217;s). Os\/As apresentadores\/as dever\u00e3o se inscrever entre os dias 31 de dezembro e 27 de fevereiro de 2023. Ao se inscrever, dever\u00e3o indicar se ir\u00e3o participar dos Grupos de Di\u00e1logos presencialmente <em>ou de forma remota.<\/em> Ressaltamos que apenas os GD&#8217;s ter\u00e3o essa op\u00e7\u00e3o. As demais atividades da Jornada ser\u00e3o presenciais.<\/p>\n<p><strong>Sobre a din\u00e2mica dos GD&#8217;s:<\/strong><\/p>\n<p>Cada participante comunicador dever\u00e1 ter realizado uma leitura pr\u00e9via de todos os textos que comp\u00f5e o seu GD, uma vez que os mesmos ser\u00e3o disponibilizados com anteced\u00eancia. Cada apresenta\u00e7\u00e3o ocorrer\u00e1 em 5 minutos, como forma de provocar o di\u00e1logo, e ser\u00e1 seguida de um momento de debates. Os\/As apresentadores\/as dever\u00e3o se inscrever submetendo um texto (resumo expandido) com tamanho entre <strong>3000 e 5000 caracteres, sem espa\u00e7os,<\/strong> n\u00e3o contando as Refer\u00eancias. Os Anais contendo os resumos expandidos apresentados na Jornada ser\u00e3o publicados em uma edi\u00e7\u00e3o especial da Revista do Lhiste\/UFRGS.<\/p>\n<p><strong>Sobre a organiza\u00e7\u00e3o dos GD&#8217;s e distribui\u00e7\u00e3o das comunica\u00e7\u00f5es:<\/strong><\/p>\n<p>Os GD&#8217;s ser\u00e3o organizados em eixos tem\u00e1ticos a partir de uma categoriza\u00e7\u00e3o que ser\u00e1 realizada pela comiss\u00e3o cient\u00edfica do evento. A distribui\u00e7\u00e3o das comunica\u00e7\u00f5es ser\u00e1 realizada ap\u00f3s a categoriza\u00e7\u00e3o final e ser\u00e1 disponibilizada na p\u00e1gina oficial da jornada. A media\u00e7\u00e3o de cada GD caber\u00e1 aos professores\/as que participam da comiss\u00e3o organizadora e cient\u00edfica.<\/p>\n<p><strong>Sobre os GD&#8217;s remotos:<\/strong><\/p>\n<p>Ao inscrever sua comunica\u00e7\u00e3o na jornada, voc\u00ea dever\u00e1 optar pela participa\u00e7\u00e3o: <strong>presencial<\/strong> ou <strong>remota.\u00a0<\/strong>O formato remoto seguir\u00e1 a mesma din\u00e2mica do presencial, por\u00e9m em ambiente virtual s\u00edncrono. Com bastante de anteced\u00eancia voc\u00ea receber\u00e1 o link e as informa\u00e7\u00f5es para acesso \u00e0 sala.<\/p>\n","protected":false},"excerpt":{"rendered":"<p>Sobre a inscri\u00e7\u00e3o de comunica\u00e7\u00f5es: A apresenta\u00e7\u00e3o de comunica\u00e7\u00f5es se dar\u00e1 no formato de \u201cGrupos de Di\u00e1logos\u201d (GD&#8217;s). Os\/As apresentadores\/as dever\u00e3o se inscrever entre os dias 31 de dezembro e 27 de fevereiro de 2023. Ao se inscrever, dever\u00e3o indicar se ir\u00e3o participar dos Grupos de Di\u00e1logos presencialmente ou de forma remota. Ressaltamos que apenas&hellip;<\/p>\n","protected":false},"author":1274,"featured_media":0,"parent":254,"menu_order":1,"comment_status":"closed","ping_status":"closed","template":"","meta":{"footnotes":""},"class_list":["post-49","page","type-page","status-publish","hentry"],"_links":{"self":[{"href":"https:\/\/wp.ufpel.edu.br\/xxvijornadadeensinodehistoria\/wp-json\/wp\/v2\/pages\/49","targetHints":{"allow":["GET"]}}],"collection":[{"href":"https:\/\/wp.ufpel.edu.br\/xxvijornadadeensinodehistoria\/wp-json\/wp\/v2\/pages"}],"about":[{"href":"https:\/\/wp.ufpel.edu.br\/xxvijornadadeensinodehistoria\/wp-json\/wp\/v2\/types\/page"}],"author":[{"embeddable":true,"href":"https:\/\/wp.ufpel.edu.br\/xxvijornadadeensinodehistoria\/wp-json\/wp\/v2\/users\/1274"}],"replies":[{"embeddable":true,"href":"https:\/\/wp.ufpel.edu.br\/xxvijornadadeensinodehistoria\/wp-json\/wp\/v2\/comments?post=49"}],"version-history":[{"count":7,"href":"https:\/\/wp.ufpel.edu.br\/xxvijornadadeensinodehistoria\/wp-json\/wp\/v2\/pages\/49\/revisions"}],"predecessor-version":[{"id":303,"href":"https:\/\/wp.ufpel.edu.br\/xxvijornadadeensinodehistoria\/wp-json\/wp\/v2\/pages\/49\/revisions\/303"}],"up":[{"embeddable":true,"href":"https:\/\/wp.ufpel.edu.br\/xxvijornadadeensinodehistoria\/wp-json\/wp\/v2\/pages\/254"}],"wp:attachment":[{"href":"https:\/\/wp.ufpel.edu.br\/xxvijornadadeensinodehistoria\/wp-json\/wp\/v2\/media?parent=49"}],"curies":[{"name":"wp","href":"https:\/\/api.w.org\/{rel}","templated":true}]}}