{"id":43,"date":"2023-01-03T13:04:03","date_gmt":"2023-01-03T16:04:03","guid":{"rendered":"https:\/\/wp.ufpel.edu.br\/xxvijornadadeensinodehistoria\/?page_id=43"},"modified":"2023-01-27T17:19:41","modified_gmt":"2023-01-27T20:19:41","slug":"normas-para-submissao-de-trabalho","status":"publish","type":"page","link":"https:\/\/wp.ufpel.edu.br\/xxvijornadadeensinodehistoria\/pagina-exemplo\/normas-para-submissao-de-trabalho\/","title":{"rendered":"Normas para submiss\u00e3o de trabalho"},"content":{"rendered":"<p><strong>Sobre a participa\u00e7\u00e3o como comunicador\/a:<\/strong><\/p>\n<p>Cada comunicador\/a poder\u00e1 inscrever apenas um trabalho como autor\/a principal e um trabalho em co-autoria.<\/p>\n<p dir=\"ltr\">Cada texto deve conter entre <strong>3000 e 5000 caracteres sem espa\u00e7o<\/strong>, sem contar as refer\u00eancias.<\/p>\n<p dir=\"ltr\">\u00c9 <strong>imprescind\u00edvel<\/strong> que cada autor\/a utilize o modelo disponibilizado pela comiss\u00e3o cient\u00edfica. Caso contr\u00e1rio n\u00e3o haver\u00e1 possibilidade de publica\u00e7\u00e3o nos Anais do evento. Para acesso ao modelo, <a href=\"https:\/\/docs.google.com\/document\/d\/1zDzAEFxOxCRSKVk59vvbhH2uwXW9plRJ\/edit\">clique aqui<\/a>.<\/p>\n<p dir=\"ltr\">___________________________________________________________________________________________________<\/p>\n<p dir=\"ltr\"><strong>Itens obrigat\u00f3rios no resumo expandido:<\/strong><\/p>\n<p dir=\"ltr\"><strong>Introdu\u00e7\u00e3o<\/strong>: assinalar e descrever, no primeiro par\u00e1grafo, sobre qual a natureza da apresenta\u00e7\u00e3o (relato de experi\u00eancia, reflex\u00e3o te\u00f3rica, cr\u00edtica de material did\u00e1tico, relato de pesquisa, etc.)<\/p>\n<p dir=\"ltr\"><strong>Desenvolvimento<\/strong>: apresentar os principais conceitos e an\u00e1lises produzidas<\/p>\n<p dir=\"ltr\"><strong>Conclus\u00f5es<\/strong>: indicar os principais resultados alcan\u00e7ados<\/p>\n<p dir=\"ltr\"><strong>Bibliografia:<\/strong> indicar, conforme as normas da ABNT, somente as refer\u00eancias utilizadas na escrita do texto.<\/p>\n<p dir=\"ltr\">Notas de rodap\u00e9 devem ser utilizadas apenas para fins explicativos.<\/p>\n<p dir=\"ltr\">N\u00e3o \u00e9 necess\u00e1rio utilizar os mesmos subt\u00edtulos padr\u00f5es que constam no modelo, no entanto, a comiss\u00e3o cient\u00edfica avaliar\u00e1 se o conte\u00fado das subse\u00e7\u00f5es correspondem ao que est\u00e1 solicitado.<\/p>\n<p>&nbsp;<\/p>\n","protected":false},"excerpt":{"rendered":"<p>Sobre a participa\u00e7\u00e3o como comunicador\/a: Cada comunicador\/a poder\u00e1 inscrever apenas um trabalho como autor\/a principal e um trabalho em co-autoria. Cada texto deve conter entre 3000 e 5000 caracteres sem espa\u00e7o, sem contar as refer\u00eancias. \u00c9 imprescind\u00edvel que cada autor\/a utilize o modelo disponibilizado pela comiss\u00e3o cient\u00edfica. Caso contr\u00e1rio n\u00e3o haver\u00e1 possibilidade de publica\u00e7\u00e3o nos&hellip;<\/p>\n","protected":false},"author":1274,"featured_media":0,"parent":2,"menu_order":4,"comment_status":"closed","ping_status":"closed","template":"","meta":{"footnotes":""},"class_list":["post-43","page","type-page","status-publish","hentry"],"_links":{"self":[{"href":"https:\/\/wp.ufpel.edu.br\/xxvijornadadeensinodehistoria\/wp-json\/wp\/v2\/pages\/43","targetHints":{"allow":["GET"]}}],"collection":[{"href":"https:\/\/wp.ufpel.edu.br\/xxvijornadadeensinodehistoria\/wp-json\/wp\/v2\/pages"}],"about":[{"href":"https:\/\/wp.ufpel.edu.br\/xxvijornadadeensinodehistoria\/wp-json\/wp\/v2\/types\/page"}],"author":[{"embeddable":true,"href":"https:\/\/wp.ufpel.edu.br\/xxvijornadadeensinodehistoria\/wp-json\/wp\/v2\/users\/1274"}],"replies":[{"embeddable":true,"href":"https:\/\/wp.ufpel.edu.br\/xxvijornadadeensinodehistoria\/wp-json\/wp\/v2\/comments?post=43"}],"version-history":[{"count":5,"href":"https:\/\/wp.ufpel.edu.br\/xxvijornadadeensinodehistoria\/wp-json\/wp\/v2\/pages\/43\/revisions"}],"predecessor-version":[{"id":195,"href":"https:\/\/wp.ufpel.edu.br\/xxvijornadadeensinodehistoria\/wp-json\/wp\/v2\/pages\/43\/revisions\/195"}],"up":[{"embeddable":true,"href":"https:\/\/wp.ufpel.edu.br\/xxvijornadadeensinodehistoria\/wp-json\/wp\/v2\/pages\/2"}],"wp:attachment":[{"href":"https:\/\/wp.ufpel.edu.br\/xxvijornadadeensinodehistoria\/wp-json\/wp\/v2\/media?parent=43"}],"curies":[{"name":"wp","href":"https:\/\/api.w.org\/{rel}","templated":true}]}}