{"id":206,"date":"2023-02-14T22:51:53","date_gmt":"2023-02-15T01:51:53","guid":{"rendered":"https:\/\/wp.ufpel.edu.br\/xxvijornadadeensinodehistoria\/?page_id=206"},"modified":"2023-12-13T12:48:26","modified_gmt":"2023-12-13T15:48:26","slug":"noticias","status":"publish","type":"page","link":"https:\/\/wp.ufpel.edu.br\/xxvijornadadeensinodehistoria\/noticias\/","title":{"rendered":"Not\u00edcias"},"content":{"rendered":"<p>\u00c9 com grande alegria que anunciamos a publica\u00e7\u00e3o dos Anais da XXVI Jornada de Ensino de Hist\u00f3ria e Educa\u00e7\u00e3o. Agradecemos a <em>Revista Voos Polidisciplinar<\/em>, do Centro Universit\u00e1rio Guairac\u00e1 (Guarapuava, PR) por acolher os textos do evento.<\/p>\n<p>Para acessar, basta clicar no Card abaixo.<\/p>\n<p>Boa leitura.<\/p>\n<p><a href=\"https:\/\/www.revistavoos.com.br\/index.php\/sistema\/issue\/view\/32\"><img loading=\"lazy\" decoding=\"async\" class=\"size-medium wp-image-338 alignleft\" src=\"https:\/\/wp.ufpel.edu.br\/xxvijornadadeensinodehistoria\/files\/2023\/12\/CAPA-ANAIS-JORNADA-400x400.png\" alt=\"\" width=\"400\" height=\"400\" srcset=\"https:\/\/wp.ufpel.edu.br\/xxvijornadadeensinodehistoria\/files\/2023\/12\/CAPA-ANAIS-JORNADA-400x400.png 400w, https:\/\/wp.ufpel.edu.br\/xxvijornadadeensinodehistoria\/files\/2023\/12\/CAPA-ANAIS-JORNADA-1024x1024.png 1024w, https:\/\/wp.ufpel.edu.br\/xxvijornadadeensinodehistoria\/files\/2023\/12\/CAPA-ANAIS-JORNADA-200x200.png 200w, https:\/\/wp.ufpel.edu.br\/xxvijornadadeensinodehistoria\/files\/2023\/12\/CAPA-ANAIS-JORNADA-768x768.png 768w, https:\/\/wp.ufpel.edu.br\/xxvijornadadeensinodehistoria\/files\/2023\/12\/CAPA-ANAIS-JORNADA-50x50.png 50w, https:\/\/wp.ufpel.edu.br\/xxvijornadadeensinodehistoria\/files\/2023\/12\/CAPA-ANAIS-JORNADA.png 1080w\" sizes=\"auto, (max-width: 400px) 100vw, 400px\" \/><\/a><\/p>\n<p>&nbsp;<\/p>\n<p>&nbsp;<\/p>\n<p>&nbsp;<\/p>\n<p>&nbsp;<\/p>\n<p>&nbsp;<\/p>\n<p>&nbsp;<\/p>\n<p>&nbsp;<\/p>\n<p>&nbsp;<\/p>\n<p>&nbsp;<\/p>\n<p>&nbsp;<\/p>\n<p>&nbsp;<\/p>\n<p style=\"text-align: right;\"><span style=\"font-size: 8pt;\">Publicado em 12\/12\/2023<\/span><\/p>\n<p>____________________________________________________________________________________________________<\/p>\n<p><strong>Comunicado sobre os certificados e anais do evento.<\/strong><\/p>\n<p>Prezados\/as,<\/p>\n<p>Comunicamos que estamos providenciando os certificados de ouvintes e apresentadores de trabalho da Jornada. A UFPEL tem uma norma espec\u00edfica de que n\u00e3o \u00e9 poss\u00edvel os grupos ou laborat\u00f3rios emitirem certificados ou declara\u00e7\u00f5es de eventos, mas apenas a Pr\u00f3-Reitoria de Extens\u00e3o \u00e9 quem pode emitir a certifica\u00e7\u00e3o aos participantes.<\/p>\n<p>Pedimos a compreens\u00e3o de todos e todas, pois tivemos alguns percal\u00e7os na elabora\u00e7\u00e3o do relat\u00f3rio final, mas agora j\u00e1 est\u00e1 em fase aprecia\u00e7\u00e3o. Somente ap\u00f3s isso \u00e9 que os certificados ir\u00e3o diretamente para os e-mails cadastrados no ato da inscri\u00e7\u00e3o.<\/p>\n<p>Em rela\u00e7\u00e3o aos Anais do evento, estamos providenciando a formata\u00e7\u00e3o e negocia\u00e7\u00e3o com uma revista acad\u00eamica, com qualis, para lan\u00e7ar os mesmo. Em breve tamb\u00e9m comunicadores a todos e todas.<\/p>\n<p>Atenciosamente,<\/p>\n<p>Comiss\u00e3o Organizadora &#8211; XXVI Jornada de Ensino de Hist\u00f3ria e Educa\u00e7\u00e3o.<\/p>\n<p>____________________________________________________________________________________________________<\/p>\n<p><strong>Chegou o dia do nosso evento!\u00a0<\/strong><\/p>\n<p>Sejam<img loading=\"lazy\" decoding=\"async\" class=\"wp-image-327 alignleft\" src=\"https:\/\/wp.ufpel.edu.br\/xxvijornadadeensinodehistoria\/files\/2023\/03\/WhatsApp-Image-2023-03-28-at-20.51.23-300x400.jpeg\" alt=\"\" width=\"235\" height=\"313\" srcset=\"https:\/\/wp.ufpel.edu.br\/xxvijornadadeensinodehistoria\/files\/2023\/03\/WhatsApp-Image-2023-03-28-at-20.51.23-300x400.jpeg 300w, https:\/\/wp.ufpel.edu.br\/xxvijornadadeensinodehistoria\/files\/2023\/03\/WhatsApp-Image-2023-03-28-at-20.51.23-768x1024.jpeg 768w, https:\/\/wp.ufpel.edu.br\/xxvijornadadeensinodehistoria\/files\/2023\/03\/WhatsApp-Image-2023-03-28-at-20.51.23-1152x1536.jpeg 1152w, https:\/\/wp.ufpel.edu.br\/xxvijornadadeensinodehistoria\/files\/2023\/03\/WhatsApp-Image-2023-03-28-at-20.51.23.jpeg 1200w\" sizes=\"auto, (max-width: 235px) 100vw, 235px\" \/><span style=\"font-size: 13px;\">\u00a0bem<\/span><span style=\"font-size: 13px;\">-vindos \u00e0 Pelotas, \u00e0 UFPEL e que estes dias sejam muito proveitosos, de muitas experi\u00eancias, sensibilidades, afetos e aprendizagens!<\/span><\/p>\n<p>Um abra\u00e7o da comiss\u00e3o organizadora!<\/p>\n<p style=\"text-align: right;\"><span style=\"font-size: 8pt;\">Publicado em 29\/03\/2023<\/span><\/p>\n<p>&nbsp;<\/p>\n<p>&nbsp;<\/p>\n<p>&nbsp;<\/p>\n<p>&nbsp;<\/p>\n<p>&nbsp;<\/p>\n<p>&nbsp;<\/p>\n<p>____________________________________________________________________________________________________<\/p>\n<p><strong>Aten\u00e7\u00e3o! Trabalhos dispon\u00edveis!<\/strong><\/p>\n<p>Os trabalhos e a organiza\u00e7\u00e3o dos Grupos de Di\u00e1logos (GD&#8217;s) j\u00e1 est\u00e3o dispon\u00edveis aqui na p\u00e1gina para download. Leia com aten\u00e7\u00e3o todas as orienta\u00e7\u00f5es e qualquer d\u00favida entre em contato conosco.<\/p>\n<p>Procure o seu GD e boa leitura!<\/p>\n<p style=\"text-align: right;\"><em><span style=\"font-size: 8pt;\">Publicado em 23\/03\/2023<\/span><\/em><\/p>\n<p>____________________________________________________________________________________________________<\/p>\n<p><strong>Refei\u00e7\u00f5es no RU da UFPEL<\/strong><\/p>\n<p>Tem interesse em fazer suas refei\u00e7\u00f5es no RU da UFPEL durante o evento?<\/p>\n<div>A comiss\u00e3o organizadora da Jornada fechou conv\u00eanio com o Restaurante Universit\u00e1rio da UFPEL e o valor das refei\u00e7\u00f5es para visitantes ficar\u00e1 em <strong>R$ 10,30.<\/strong><\/div>\n<div><\/div>\n<div>\n<div>29,30 e 31\/03:<\/div>\n<div><strong>Almo\u00e7o\u00a0<\/strong>\u2013 11h \u00e0s 14h;<\/div>\n<div><strong>Jantar\u00a0<\/strong>\u2013 17h30min \u00e0s 20h<\/div>\n<\/div>\n<div><\/div>\n<div>01\/04:<\/div>\n<div>\n<div><strong>Almo\u00e7o\u00a0<\/strong>\u2013 11h30min \u00e0s 13h;<\/div>\n<div><strong>Jantar\u00a0<\/strong>\u2013 18h \u00e0s 19h30min<\/div>\n<\/div>\n<div><\/div>\n<div>Local:\u00a0R. Gomes Carneiro 1, CAMPUS ANGLO &#8211; Centro, Pelotas &#8211; RS, 96010-610<\/div>\n<div><\/div>\n<div><b>Caso tenha interesse, preencha esse o formul\u00e1rio <a href=\"https:\/\/docs.google.com\/forms\/d\/e\/1FAIpQLScbDGwafIPpXZs2FKPi0Iq75PBre6Yz86gPZc2LgwwHYHLHeg\/viewform?usp=sf_link\">Clicando Aqui<\/a>, impreterivelmente <u>at\u00e9 o dia 27 de Mar\u00e7o.<\/u><\/b><\/div>\n<div><\/div>\n<div>Obs: assinale apenas os dias e hor\u00e1rios que voc\u00ea realmente pretende utilizar o RU.<\/div>\n<div><\/div>\n<div style=\"text-align: right;\"><em><span style=\"font-size: 8pt;\">Publicado em 22\/03\/2023<\/span><\/em><\/div>\n<p>______________________________________________________________________________________________<\/p>\n<p><strong>Sobre inscri\u00e7\u00f5es para ouvintes.<\/strong><\/p>\n<p>Prezados\/as, os inscritos como ouvintes tamb\u00e9m <strong>dever\u00e3o enviar o comprovante do pix para o e-mail da Jornada:<\/strong> jornadaensino2023@gmail.com e indicar no t\u00edtulo: Ouvinte \/ Nome completo.<\/p>\n<p style=\"text-align: right;\"><em><span style=\"font-size: 8pt;\">Publicado em 13\/03\/2023<\/span><\/em><\/p>\n<p>____________________________________________________________________________________________________<\/p>\n<p><strong>Aten\u00e7\u00e3o! Divulgado a lista de trabalhos aprovados e instru\u00e7\u00f5es para pagamento!<\/strong><\/p>\n<p>Prezados\/as, hoje foi publicado a lista com os trabalhos aprovados na Jornada. O pr\u00f3ximo passo \u00e9 a realiza\u00e7\u00e3o do pagamento das inscri\u00e7\u00f5es, na condi\u00e7\u00e3o de autores\/as e co-autores\/as. Siga atentamente as instru\u00e7\u00f5es dispon\u00edveis nos links: <a href=\"https:\/\/wp.ufpel.edu.br\/xxvijornadadeensinodehistoria\/trabalhos-aprovados\/\">Trabalhos aprovados<\/a> e <a href=\"https:\/\/wp.ufpel.edu.br\/xxvijornadadeensinodehistoria\/pagina-exemplo\/\">Inscri\u00e7\u00f5es<\/a><\/p>\n<p>Qualquer d\u00favida ou diverg\u00eancia de informa\u00e7\u00f5es, entre em contato pelo e-mail da jornada.<\/p>\n<p style=\"text-align: right;\"><em><span style=\"font-size: 8pt;\">Publicado em 11\/03\/2023<\/span><\/em><\/p>\n<p>____________________________________________________________________________________________________<\/p>\n<p><strong>Sobre pagamentos das inscri\u00e7\u00f5es.<\/strong><\/p>\n<p>Prezados\/as, a conta para o pagamento das inscri\u00e7\u00f5es dever\u00e1 estar liberada ainda nesta semana. Assim que a conta estiver liberada para o recebimento, a comiss\u00e3o organizadora divulgar\u00e1 a not\u00edcia nos canais oficiais do evento e diretamente no e-mail dos\/as inscritos\/as.<\/p>\n<p style=\"text-align: right;\"><em><span style=\"font-size: 8pt;\">Publicado em 06\/03\/2023<\/span><\/em><\/p>\n<p>____________________________________________________________________________________________________<\/p>\n<p><strong>Inscri\u00e7\u00f5es para comunica\u00e7\u00f5es encerradas!<\/strong><\/p>\n<p>Prezados\/as participantes, o per\u00edodo de submiss\u00e3o de trabalhos j\u00e1 est\u00e1 encerrado, mas continue nos apoiando na divulga\u00e7\u00e3o do evento. As inscri\u00e7\u00f5es para ouvintes e participa\u00e7\u00e3o em oficinas continuam abertas!<\/p>\n<p style=\"text-align: right;\"><em><span style=\"font-size: 8pt;\">Publicado em 06\/03\/2023<\/span><\/em><\/p>\n<p>____________________________________________________________________________________________________<\/p>\n<p><strong>ATEN\u00c7\u00c3O! PRORROGA\u00c7\u00c3O DE PRAZO PARA COMUNICADORES!<\/strong><\/p>\n<p>Atendendo a pedidos, a comiss\u00e3o organizadora da Jornada <strong>prorrogou o prazo<\/strong> de inscri\u00e7\u00f5es para comunicadores <strong>at\u00e9 o dia 05 de mar\u00e7o de 2023.<\/strong><\/p>\n<p style=\"text-align: right;\"><em><span style=\"font-size: 8pt;\">Publicado em 27\/02\/2023<\/span><\/em><\/p>\n<p>____________________________________________________________________________________________<\/p>\n<p><strong>Sobre a publica\u00e7\u00e3o dos textos em anais:<\/strong><\/p>\n<p>A comiss\u00e3o organizadora tem recebido algumas perguntas a respeito da publica\u00e7\u00e3o ou n\u00e3o dos resumos expandidos. Sim, os textos ser\u00e3o publicados em uma edi\u00e7\u00e3o especial da Revista LEHISTE da Universidade Federal do Rio Grande do Sul (UFRGS).<\/p>\n<p style=\"text-align: right;\"><em><span style=\"font-size: 8pt;\">Publicado em 14\/02\/2023<\/span><\/em><\/p>\n<p>_________________________________________________________________________________________________<\/p>\n<p><strong>Sobre o pagamento das inscri\u00e7\u00f5es:<\/strong><\/p>\n<p>Prezados\/as, a comiss\u00e3o organizadora tem recebido muitos e-mails sobre os procedimentos para a efetiva\u00e7\u00e3o do pagamento as inscri\u00e7\u00f5es. A conta para envio dos valores dever\u00e1 estar liberada nos pr\u00f3ximos dias. Mas n\u00e3o se preocupe: para quem j\u00e1 realizou a inscri\u00e7\u00e3o e\/ou enviou trabalhos, todos\/as ser\u00e3o comunicados\/as, via e-mail, quando da autoriza\u00e7\u00e3o para envio dos pagamentos.<\/p>\n<p style=\"text-align: right;\"><em><span style=\"font-size: 8pt;\">Publicado em 14\/02\/2023<\/span><\/em><\/p>\n<p>____________________________________________________________________________________________________<\/p>\n<p>Prezados\/as,<\/p>\n<p>Foi realizado uma atualiza\u00e7\u00e3o no n\u00famero de caracteres na produ\u00e7\u00e3o dos textos para as sess\u00f5es de comunica\u00e7\u00f5es. Deste modo, segue a mudan\u00e7a:<\/p>\n<p>&nbsp;<\/p>\n<p><strong>&#8220;Sobre a participa\u00e7\u00e3o como comunicador\/a:<\/strong><\/p>\n<p>Cada comunicador\/a poder\u00e1 inscrever apenas um trabalho como autor\/a principal e um trabalho em co-autoria.<\/p>\n<p dir=\"ltr\">Cada texto deve conter entre<strong> 3000 e 5000 caracteres sem espa\u00e7o<\/strong>, sem contar as refer\u00eancias.<\/p>\n<p dir=\"ltr\">\u00c9 <strong>imprescind\u00edvel<\/strong> que cada autor\/a utilize o modelo disponibilizado pela comiss\u00e3o cient\u00edfica. Caso contr\u00e1rio n\u00e3o haver\u00e1 possibilidade de publica\u00e7\u00e3o nos Anais do evento. Para acesso ao modelo, <a href=\"https:\/\/docs.google.com\/document\/d\/1zDzAEFxOxCRSKVk59vvbhH2uwXW9plRJ\/edit\">clique aqui<\/a>.&#8221;<\/p>\n<p dir=\"ltr\">\n","protected":false},"excerpt":{"rendered":"<p>\u00c9 com grande alegria que anunciamos a publica\u00e7\u00e3o dos Anais da XXVI Jornada de Ensino de Hist\u00f3ria e Educa\u00e7\u00e3o. Agradecemos a Revista Voos Polidisciplinar, do Centro Universit\u00e1rio Guairac\u00e1 (Guarapuava, PR) por acolher os textos do evento. Para acessar, basta clicar no Card abaixo. Boa leitura. &nbsp; &nbsp; &nbsp; &nbsp; &nbsp; &nbsp; &nbsp; &nbsp; &nbsp; &nbsp;&hellip;<\/p>\n","protected":false},"author":1274,"featured_media":0,"parent":0,"menu_order":0,"comment_status":"closed","ping_status":"closed","template":"","meta":{"footnotes":""},"class_list":["post-206","page","type-page","status-publish","hentry"],"_links":{"self":[{"href":"https:\/\/wp.ufpel.edu.br\/xxvijornadadeensinodehistoria\/wp-json\/wp\/v2\/pages\/206","targetHints":{"allow":["GET"]}}],"collection":[{"href":"https:\/\/wp.ufpel.edu.br\/xxvijornadadeensinodehistoria\/wp-json\/wp\/v2\/pages"}],"about":[{"href":"https:\/\/wp.ufpel.edu.br\/xxvijornadadeensinodehistoria\/wp-json\/wp\/v2\/types\/page"}],"author":[{"embeddable":true,"href":"https:\/\/wp.ufpel.edu.br\/xxvijornadadeensinodehistoria\/wp-json\/wp\/v2\/users\/1274"}],"replies":[{"embeddable":true,"href":"https:\/\/wp.ufpel.edu.br\/xxvijornadadeensinodehistoria\/wp-json\/wp\/v2\/comments?post=206"}],"version-history":[{"count":14,"href":"https:\/\/wp.ufpel.edu.br\/xxvijornadadeensinodehistoria\/wp-json\/wp\/v2\/pages\/206\/revisions"}],"predecessor-version":[{"id":340,"href":"https:\/\/wp.ufpel.edu.br\/xxvijornadadeensinodehistoria\/wp-json\/wp\/v2\/pages\/206\/revisions\/340"}],"wp:attachment":[{"href":"https:\/\/wp.ufpel.edu.br\/xxvijornadadeensinodehistoria\/wp-json\/wp\/v2\/media?parent=206"}],"curies":[{"name":"wp","href":"https:\/\/api.w.org\/{rel}","templated":true}]}}