{"id":2,"date":"2023-01-03T12:59:54","date_gmt":"2023-01-03T15:59:54","guid":{"rendered":"https:\/\/wp.ufpel.edu.br\/xxvijornadadeensinodehistoria\/?page_id=2"},"modified":"2023-03-13T10:24:14","modified_gmt":"2023-03-13T13:24:14","slug":"pagina-exemplo","status":"publish","type":"page","link":"https:\/\/wp.ufpel.edu.br\/xxvijornadadeensinodehistoria\/pagina-exemplo\/","title":{"rendered":"Inscri\u00e7\u00f5es"},"content":{"rendered":"<p><strong>Aten\u00e7\u00e3o! As inscri\u00e7\u00f5es para comunicadores foram prorrogadas! Confira abaixo:<\/strong><\/p>\n<p><del>As inscri\u00e7\u00f5es para o evento, como comunicadores, seguem abertas at\u00e9 o dia <strong>27 de fevereiro de 2023.\u00a0<\/strong><strong> <span style=\"color: #ff0000;\">o dia 05 de mar\u00e7o de 2023.<\/span><\/strong><\/del><strong><span style=\"color: #ff0000;\"> (Encerrado)<\/span><\/strong><\/p>\n<p>As inscri\u00e7\u00f5es para o evento, como ouvinte, seguem abertas at\u00e9 o dia<strong> 27 de mar\u00e7o de 2023.<\/strong><\/p>\n<p><strong>Investimento:<\/strong><\/p>\n<p>Para apresentadores\/as de Comunica\u00e7\u00e3o:<\/p>\n<ul>\n<li>Professores\/as universit\u00e1rios\/as: R$ 50,00<\/li>\n<li>Professores\/as da Educa\u00e7\u00e3o B\u00e1sica, estudantes de Gradua\u00e7\u00e3o e P\u00f3s-Gradua\u00e7\u00e3o: R$25,00<\/li>\n<\/ul>\n<p>Outro\/a: R$ 30,00<\/p>\n<p>Para Ouvintes: R$ 20,00<\/p>\n<p>____________________________________________________________________________________________________<\/p>\n<p>Para a realiza\u00e7\u00e3o de sua inscri\u00e7\u00e3o como ouvinte, <a href=\"https:\/\/docs.google.com\/forms\/d\/e\/1FAIpQLSfdrwN329XKfb2ZvtF82GeIkKEGGV53ZT5dtE0mcRJvSm5jTw\/viewform?usp=sf_link\">acesse aqui<\/a> o formul\u00e1rio para inser\u00e7\u00e3o dos dados. <del>Aten\u00e7\u00e3o: os comunicadores dever\u00e3o inserir o texto no ato do envio do formul\u00e1rio.<\/del><\/p>\n<p>____________________________________________________________________________________________________<\/p>\n<p><strong>Instru\u00e7\u00f5es para pagamento:<\/strong><\/p>\n<p>&nbsp;<\/p>\n<p style=\"text-align: justify;\"><strong>Aten\u00e7\u00e3o para as instru\u00e7\u00f5es de pagamento:<\/strong><\/p>\n<ul>\n<li style=\"text-align: justify;\">Para aqueles que se inscreveram como autores\/as, co-autores\/as ou ouvintes, dever\u00e3o proceder ao pagamento via <span style=\"color: #ff0000;\"><strong>Pix<\/strong><\/span> (chave: jornadaensino2023@gmail.com) ou com o <strong><span style=\"color: #ff0000;\">QRCODE<\/span><\/strong> abaixo:<\/li>\n<\/ul>\n<p><img loading=\"lazy\" decoding=\"async\" class=\"wp-image-243 aligncenter\" src=\"https:\/\/wp.ufpel.edu.br\/xxvijornadadeensinodehistoria\/files\/2023\/03\/Qrcode-ensino-de-historia-320x400.png\" alt=\"\" width=\"291\" height=\"363\" srcset=\"https:\/\/wp.ufpel.edu.br\/xxvijornadadeensinodehistoria\/files\/2023\/03\/Qrcode-ensino-de-historia-320x400.png 320w, https:\/\/wp.ufpel.edu.br\/xxvijornadadeensinodehistoria\/files\/2023\/03\/Qrcode-ensino-de-historia.png 400w\" sizes=\"auto, (max-width: 291px) 100vw, 291px\" \/><\/p>\n<p>&nbsp;<\/p>\n<ul>\n<li style=\"text-align: justify;\">O comprovante de pagamento dever\u00e1 ser enviado para o e-mail: <a href=\"mailto:jornadaensino2023@gmail.com\">jornadaensino2023@gmail.com<\/a> e identificar no t\u00edtulo do e-mail: ouvinte \/ nome completo;<\/li>\n<\/ul>\n<p>&nbsp;<\/p>\n<ul>\n<li>Se for comunicador\/a seguir as instru\u00e7\u00f5es descritas na p\u00e1gina de &#8220;trabalhos aprovados&#8221;;<\/li>\n<\/ul>\n<p>&nbsp;<\/p>\n<ul>\n<li style=\"text-align: justify;\"><strong>Autores\/as e co-autores\/as devem efetuar o pagamento impreterivelmente at\u00e9 o dia 18\/03,<\/strong> para que tenham seus trabalhos homologados em uma das se\u00e7\u00f5es de comunica\u00e7\u00e3o.\u00a0 D\u00favidas podem ser encaminhadas para o e-mail da jornada;<\/li>\n<\/ul>\n<p>&nbsp;<\/p>\n<ul>\n<li><strong>Ouvintes<\/strong> devem efetuar o pagamento impreterivelmente at\u00e9 o dia 27\/03 e<span style=\"color: #ff0000;\"> tamb\u00e9m fazer o envio do comprovante para o e-mail da Jornada:<\/span>\u00a0jornadaensino2023@gmail.com e identificar no t\u00edtulo: ouvinte \/ Nome completo.<\/li>\n<\/ul>\n<p>____________________________________________________________________________________________________<\/p>\n<p style=\"text-align: right;\"><span style=\"font-size: 8pt;\">Publicado em 11\/03\/2023<\/span><\/p>\n","protected":false},"excerpt":{"rendered":"<p>Aten\u00e7\u00e3o! As inscri\u00e7\u00f5es para comunicadores foram prorrogadas! Confira abaixo: As inscri\u00e7\u00f5es para o evento, como comunicadores, seguem abertas at\u00e9 o dia 27 de fevereiro de 2023.\u00a0 o dia 05 de mar\u00e7o de 2023. (Encerrado) As inscri\u00e7\u00f5es para o evento, como ouvinte, seguem abertas at\u00e9 o dia 27 de mar\u00e7o de 2023. Investimento: Para apresentadores\/as de&hellip;<\/p>\n","protected":false},"author":1274,"featured_media":0,"parent":0,"menu_order":1,"comment_status":"closed","ping_status":"closed","template":"","meta":{"footnotes":""},"class_list":["post-2","page","type-page","status-publish","hentry"],"_links":{"self":[{"href":"https:\/\/wp.ufpel.edu.br\/xxvijornadadeensinodehistoria\/wp-json\/wp\/v2\/pages\/2","targetHints":{"allow":["GET"]}}],"collection":[{"href":"https:\/\/wp.ufpel.edu.br\/xxvijornadadeensinodehistoria\/wp-json\/wp\/v2\/pages"}],"about":[{"href":"https:\/\/wp.ufpel.edu.br\/xxvijornadadeensinodehistoria\/wp-json\/wp\/v2\/types\/page"}],"author":[{"embeddable":true,"href":"https:\/\/wp.ufpel.edu.br\/xxvijornadadeensinodehistoria\/wp-json\/wp\/v2\/users\/1274"}],"replies":[{"embeddable":true,"href":"https:\/\/wp.ufpel.edu.br\/xxvijornadadeensinodehistoria\/wp-json\/wp\/v2\/comments?post=2"}],"version-history":[{"count":14,"href":"https:\/\/wp.ufpel.edu.br\/xxvijornadadeensinodehistoria\/wp-json\/wp\/v2\/pages\/2\/revisions"}],"predecessor-version":[{"id":249,"href":"https:\/\/wp.ufpel.edu.br\/xxvijornadadeensinodehistoria\/wp-json\/wp\/v2\/pages\/2\/revisions\/249"}],"wp:attachment":[{"href":"https:\/\/wp.ufpel.edu.br\/xxvijornadadeensinodehistoria\/wp-json\/wp\/v2\/media?parent=2"}],"curies":[{"name":"wp","href":"https:\/\/api.w.org\/{rel}","templated":true}]}}