{"id":150,"date":"2023-01-04T16:55:47","date_gmt":"2023-01-04T19:55:47","guid":{"rendered":"https:\/\/wp.ufpel.edu.br\/xxvijornadadeensinodehistoria\/?page_id=150"},"modified":"2023-02-04T06:25:30","modified_gmt":"2023-02-04T09:25:30","slug":"rodas-de-conversas","status":"publish","type":"page","link":"https:\/\/wp.ufpel.edu.br\/xxvijornadadeensinodehistoria\/rodas-de-conversas\/","title":{"rendered":"Rodas de conversas"},"content":{"rendered":"<p><span style=\"color: #000000;\">As rodas de conversa ocorrer\u00e3o no dia 30 de mar\u00e7o, a partir das 17 horas. N\u00e3o \u00e9 necess\u00e1rio inscri\u00e7\u00e3o pr\u00e9via, basta escolher e chegar para as trocas de experi\u00eancias. Confira abaixo a programa\u00e7\u00e3o.<\/span><\/p>\n<p><span class=\"fontstyle0\"><br \/>\n<\/span><span class=\"fontstyle2\"><strong><span style=\"color: #003366;\">Roda de Conversa 1<\/span> &#8211;<span style=\"color: #000000;\"> A EJA existe\/resiste no ensino de Hist\u00f3ria: lutas e desafios da modalidade<\/span><\/strong><br \/>\n<\/span><span style=\"color: #000000;\"><em><span class=\"fontstyle0\"><strong>Media\u00e7\u00e3o:<\/strong> Emerson Fonseca (Rede P\u00fablica Municipal\/Pelotas) e Jocelito Zalla<br \/>\n(CAP\/UFRGS)<\/span><\/em><\/span><\/p>\n<p><span class=\"fontstyle2\"><strong><span style=\"color: #003366;\">Roda de Conversa 2<\/span> &#8211; <span style=\"color: #000000;\">Condi\u00e7\u00f5es de trabalho, valoriza\u00e7\u00e3o profissional e sa\u00fade mental do\/a professor\/a de Hist\u00f3ria<\/span><\/strong><br \/>\n<\/span><span style=\"color: #000000;\"><em><span class=\"fontstyle0\">Media\u00e7\u00e3o: Camila Merg (Rede P\u00fablica Municipal\/Pelotas)<\/span><\/em><\/span><\/p>\n<h5><strong><span style=\"color: #003366;\">Roda de conversa 3-<\/span><span style=\"color: #000000;\"> O que faz o\/a professor\/a de Hist\u00f3ria diante de um curr\u00edculo que n\u00e3o \u00e9 seu? Ensinar Hist\u00f3ria em meio \u00e0s reformas curriculares e \u00e0 interven\u00e7\u00e3o privada na educa\u00e7\u00e3o p\u00fablica<\/span><\/strong><\/h5>\n<h5><em><strong><span style=\"color: #000000;\"><span class=\"fontstyle0\">Media\u00e7\u00e3o<\/span>:<\/span><\/strong> <span class=\"fontstyle0\" style=\"color: #000000;\">Marcello Paniz Giacomoni (CAP\/UFRGS) e Rodrigo Giovanaz (Rede P\u00fablica Estadual)<\/span><\/em><\/h5>\n<p>&nbsp;<\/p>\n<p><span style=\"color: #000000;\"><strong>Aten\u00e7\u00e3o<\/strong>: em breve ser\u00e1 divulgado o local de cada roda de conversa.<\/span><\/p>\n","protected":false},"excerpt":{"rendered":"<p>As rodas de conversa ocorrer\u00e3o no dia 30 de mar\u00e7o, a partir das 17 horas. N\u00e3o \u00e9 necess\u00e1rio inscri\u00e7\u00e3o pr\u00e9via, basta escolher e chegar para as trocas de experi\u00eancias. Confira abaixo a programa\u00e7\u00e3o. Roda de Conversa 1 &#8211; A EJA existe\/resiste no ensino de Hist\u00f3ria: lutas e desafios da modalidade Media\u00e7\u00e3o: Emerson Fonseca (Rede P\u00fablica&hellip;<\/p>\n","protected":false},"author":1274,"featured_media":0,"parent":0,"menu_order":5,"comment_status":"closed","ping_status":"closed","template":"","meta":{"footnotes":""},"class_list":["post-150","page","type-page","status-publish","hentry"],"_links":{"self":[{"href":"https:\/\/wp.ufpel.edu.br\/xxvijornadadeensinodehistoria\/wp-json\/wp\/v2\/pages\/150","targetHints":{"allow":["GET"]}}],"collection":[{"href":"https:\/\/wp.ufpel.edu.br\/xxvijornadadeensinodehistoria\/wp-json\/wp\/v2\/pages"}],"about":[{"href":"https:\/\/wp.ufpel.edu.br\/xxvijornadadeensinodehistoria\/wp-json\/wp\/v2\/types\/page"}],"author":[{"embeddable":true,"href":"https:\/\/wp.ufpel.edu.br\/xxvijornadadeensinodehistoria\/wp-json\/wp\/v2\/users\/1274"}],"replies":[{"embeddable":true,"href":"https:\/\/wp.ufpel.edu.br\/xxvijornadadeensinodehistoria\/wp-json\/wp\/v2\/comments?post=150"}],"version-history":[{"count":4,"href":"https:\/\/wp.ufpel.edu.br\/xxvijornadadeensinodehistoria\/wp-json\/wp\/v2\/pages\/150\/revisions"}],"predecessor-version":[{"id":162,"href":"https:\/\/wp.ufpel.edu.br\/xxvijornadadeensinodehistoria\/wp-json\/wp\/v2\/pages\/150\/revisions\/162"}],"wp:attachment":[{"href":"https:\/\/wp.ufpel.edu.br\/xxvijornadadeensinodehistoria\/wp-json\/wp\/v2\/media?parent=150"}],"curies":[{"name":"wp","href":"https:\/\/api.w.org\/{rel}","templated":true}]}}