{"id":572,"date":"2017-11-30T23:39:27","date_gmt":"2017-12-01T01:39:27","guid":{"rendered":"https:\/\/wp.ufpel.edu.br\/xxiebrapem\/?page_id=572"},"modified":"2018-01-14T23:05:39","modified_gmt":"2018-01-15T01:05:39","slug":"certificados","status":"publish","type":"page","link":"https:\/\/wp.ufpel.edu.br\/xxiebrapem\/certificados\/","title":{"rendered":"certificados"},"content":{"rendered":"<p><strong><span style=\"color: #008000\">CERTIFICADOS DOS OUVINTES<\/span><\/strong><\/p>\n<p><a href=\"https:\/\/wp.ufpel.edu.br\/xxiebrapem\/files\/2017\/12\/XXI-EBRAPEM-certificados-OUVINTES.pdf\"><span style=\"color: #000000\">XXI EBRAPEM &#8211; certificados OUVINTES<\/span><\/a><\/p>\n<p>&nbsp;<\/p>\n<p><span style=\"color: #008000\"><strong>CERTIFICADOS DE PARTICIPA\u00c7\u00c3O<\/strong><\/span><\/p>\n<p><span style=\"color: #000000\"><a style=\"color: #000000\" href=\"https:\/\/wp.ufpel.edu.br\/xxiebrapem\/files\/2017\/11\/XXI-EBRAPEM-certificados-de-participa\u00e7\u00e3o-GD1.pdf\">XXI EBRAPEM &#8211; certificados de participa\u00e7\u00e3o GD1<\/a><\/span><\/p>\n<p><span style=\"color: #000000\"> <a style=\"color: #000000\" href=\"https:\/\/wp.ufpel.edu.br\/xxiebrapem\/files\/2017\/11\/XXI-EBRAPEM-certificados-de-participa\u00e7\u00e3o-GD2.pdf\">XXI EBRAPEM &#8211; certificados de participa\u00e7\u00e3o GD2<\/a> <\/span><\/p>\n<p><span style=\"color: #000000\"><a style=\"color: #000000\" href=\"https:\/\/wp.ufpel.edu.br\/xxiebrapem\/files\/2017\/11\/XXI-EBRAPEM-certificados-de-participa\u00e7\u00e3o-GD3.pdf\">XXI EBRAPEM &#8211; certificados de participa\u00e7\u00e3o GD3<\/a> <\/span><\/p>\n<p><span style=\"color: #000000\"><a style=\"color: #000000\" href=\"https:\/\/wp.ufpel.edu.br\/xxiebrapem\/files\/2017\/11\/XXI-EBRAPEM-certificados-de-participa\u00e7\u00e3o-GD4.pdf\">XXI EBRAPEM &#8211; certificados de participa\u00e7\u00e3o GD4<\/a> <\/span><\/p>\n<p><span style=\"color: #000000\"><a style=\"color: #000000\" href=\"https:\/\/wp.ufpel.edu.br\/xxiebrapem\/files\/2017\/11\/XXI-EBRAPEM-certificados-de-participa\u00e7\u00e3o-GD5.pdf\">XXI EBRAPEM &#8211; certificados de participa\u00e7\u00e3o GD5<\/a> <\/span><\/p>\n<p><span style=\"color: #000000\"><a style=\"color: #000000\" href=\"https:\/\/wp.ufpel.edu.br\/xxiebrapem\/files\/2017\/11\/XXI-EBRAPEM-certificados-de-participa\u00e7\u00e3o-GD6.pdf\">XXI EBRAPEM &#8211; certificados de participa\u00e7\u00e3o GD6<\/a><\/span><\/p>\n<p><span style=\"color: #000000\"><a style=\"color: #000000\" href=\"https:\/\/wp.ufpel.edu.br\/xxiebrapem\/files\/2017\/12\/XXI-EBRAPEM-certificados-de-participa\u00e7\u00e3o-GD7.pdf\">XXI EBRAPEM &#8211; certificados de participa\u00e7\u00e3o GD7<\/a><br \/>\n<\/span><\/p>\n<p><span style=\"color: #000000\"><a style=\"color: #000000\" href=\"https:\/\/wp.ufpel.edu.br\/xxiebrapem\/files\/2017\/11\/XXI-EBRAPEM-certificados-de-participa\u00e7\u00e3o-GD8.pdf\">XXI EBRAPEM &#8211; certificados de participa\u00e7\u00e3o GD8<\/a><\/span><\/p>\n<p><span style=\"color: #000000\"> <a style=\"color: #000000\" href=\"https:\/\/wp.ufpel.edu.br\/xxiebrapem\/files\/2017\/11\/XXI-EBRAPEM-certificados-de-participa\u00e7\u00e3o-GD9.pdf\">XXI EBRAPEM &#8211; certificados de participa\u00e7\u00e3o GD9<\/a> <\/span><\/p>\n<p><span style=\"color: #000000\"><a style=\"color: #000000\" href=\"https:\/\/wp.ufpel.edu.br\/xxiebrapem\/files\/2017\/11\/XXI-EBRAPEM-certificados-de-participa\u00e7\u00e3o-GD10.pdf\">XXI EBRAPEM &#8211; certificados de participa\u00e7\u00e3o GD10<\/a><\/span><\/p>\n<p><span style=\"color: #000000\"> <a style=\"color: #000000\" href=\"https:\/\/wp.ufpel.edu.br\/xxiebrapem\/files\/2017\/11\/XXI-EBRAPEM-certificados-de-participa\u00e7\u00e3o-GD11.pdf\">XXI EBRAPEM &#8211; certificados de participa\u00e7\u00e3o GD11<\/a> <\/span><\/p>\n<p><span style=\"color: #000000\"><a style=\"color: #000000\" href=\"https:\/\/wp.ufpel.edu.br\/xxiebrapem\/files\/2017\/11\/XXI-EBRAPEM-certificados-de-participa\u00e7\u00e3o-GD12.pdf\">XXI EBRAPEM &#8211; certificados de participa\u00e7\u00e3o GD12<\/a><\/span><\/p>\n<p><span style=\"color: #000000\"> <a style=\"color: #000000\" href=\"https:\/\/wp.ufpel.edu.br\/xxiebrapem\/files\/2017\/11\/XXI-EBRAPEM-certificados-de-participa\u00e7\u00e3o-GD13.pdf\">XXI EBRAPEM &#8211; certificados de participa\u00e7\u00e3o GD13<\/a><\/span><\/p>\n<p><span style=\"color: #000000\"> <a style=\"color: #000000\" href=\"https:\/\/wp.ufpel.edu.br\/xxiebrapem\/files\/2017\/11\/XXI-EBRAPEM-certificados-de-participa\u00e7\u00e3o-GD14.pdf\">XXI EBRAPEM &#8211; certificados de participa\u00e7\u00e3o GD14<\/a><\/span><\/p>\n<p><span style=\"color: #000000\"> <a style=\"color: #000000\" href=\"https:\/\/wp.ufpel.edu.br\/xxiebrapem\/files\/2017\/11\/XXI-EBRAPEM-certificados-de-participa\u00e7\u00e3o-GD15.pdf\">XXI EBRAPEM &#8211; certificados de participa\u00e7\u00e3o GD15<\/a> <\/span><\/p>\n<p><span style=\"color: #000000\"><a style=\"color: #000000\" href=\"https:\/\/wp.ufpel.edu.br\/xxiebrapem\/files\/2017\/11\/XXI-EBRAPEM-certificados-de-participa\u00e7\u00e3o-GD16.pdf\">XXI EBRAPEM &#8211; certificados de participa\u00e7\u00e3o GD16<\/a><\/span><\/p>\n<p><span style=\"color: #000000\"> <a href=\"https:\/\/wp.ufpel.edu.br\/xxiebrapem\/files\/2018\/01\/XXI-EBRAPEM-certificados-de-participa\u00e7\u00e3o-GD17.pdf\"><span style=\"color: #000000\">XXI EBRAPEM &#8211; certificados de participa\u00e7\u00e3o GD17<\/span><\/a><\/span><\/p>\n<p>&nbsp;<\/p>\n<p><span style=\"color: #008000\"><strong>CERTIFICADOS DE APRESENTA\u00c7\u00c3O<\/strong><\/span><\/p>\n<p><span style=\"color: #000000\"><a style=\"color: #000000\" href=\"https:\/\/wp.ufpel.edu.br\/xxiebrapem\/files\/2017\/11\/XXI-EBRAPEM-certificados-apresenta\u00e7\u00e3o-GD1.pdf\">XXI EBRAPEM &#8211; certificados apresenta\u00e7\u00e3o GD1<\/a><\/span><\/p>\n<p><span style=\"color: #000000\"><a style=\"color: #000000\" href=\"https:\/\/wp.ufpel.edu.br\/xxiebrapem\/files\/2017\/11\/XXI-EBRAPEM-certificados-apresenta\u00e7\u00e3o-GD2-1.pdf\">XXI EBRAPEM &#8211; certificados apresenta\u00e7\u00e3o GD2<\/a><\/span><\/p>\n<p><span style=\"color: #000000\"><a style=\"color: #000000\" href=\"https:\/\/wp.ufpel.edu.br\/xxiebrapem\/files\/2017\/11\/XXI-EBRAPEM-certificados-apresenta\u00e7\u00e3o-GD3.pdf\">XXI EBRAPEM &#8211; certificados apresenta\u00e7\u00e3o GD3<\/a><\/span><\/p>\n<p><span style=\"color: #000000\"> <a style=\"color: #000000\" href=\"https:\/\/wp.ufpel.edu.br\/xxiebrapem\/files\/2017\/11\/XXI-EBRAPEM-certificados-apresenta\u00e7\u00e3o-GD4.pdf\">XXI EBRAPEM &#8211; certificados apresenta\u00e7\u00e3o GD4<\/a> <\/span><\/p>\n<p><span style=\"color: #000000\"><a style=\"color: #000000\" href=\"https:\/\/wp.ufpel.edu.br\/xxiebrapem\/files\/2017\/11\/XXI-EBRAPEM-certificados-apresenta\u00e7\u00e3o-GD5.pdf\">XXI EBRAPEM &#8211; certificados apresenta\u00e7\u00e3o GD5<\/a> <\/span><\/p>\n<p><span style=\"color: #000000\"><a href=\"https:\/\/wp.ufpel.edu.br\/xxiebrapem\/files\/2017\/12\/XXI-EBRAPEM-certificados-apresenta\u00e7\u00e3o-GD6.pdf\"><span style=\"color: #000000\">XXI EBRAPEM &#8211; certificados apresenta\u00e7\u00e3o GD6<\/span><\/a><\/span><\/p>\n<p><span style=\"color: #000000\"><a style=\"color: #000000\" href=\"https:\/\/wp.ufpel.edu.br\/xxiebrapem\/files\/2017\/12\/XXI-EBRAPEM-certificados-apresenta\u00e7\u00e3o-GD7.pdf\">XXI EBRAPEM &#8211; certificados apresenta\u00e7\u00e3o GD7<\/a><\/span><\/p>\n<p><span style=\"color: #000000\"><a style=\"color: #000000\" href=\"https:\/\/wp.ufpel.edu.br\/xxiebrapem\/files\/2017\/11\/XXI-EBRAPEM-certificados-apresenta\u00e7\u00e3o-GD8.pdf\">XXI EBRAPEM &#8211; certificados apresenta\u00e7\u00e3o GD8<\/a> <\/span><\/p>\n<p><span style=\"color: #000000\"><a style=\"color: #000000\" href=\"https:\/\/wp.ufpel.edu.br\/xxiebrapem\/files\/2017\/11\/XXI-EBRAPEM-certificados-apresenta\u00e7\u00e3o-GD9.pdf\"><span style=\"color: #000000\">XXI EBRAPEM &#8211; certificados apresent<\/span>a\u00e7\u00e3o GD9<\/a> <\/span><\/p>\n<p><span style=\"color: #000000\"><a style=\"color: #000000\" href=\"https:\/\/wp.ufpel.edu.br\/xxiebrapem\/files\/2017\/11\/XXI-EBRAPEM-certificados-apresenta\u00e7\u00e3o-GD10.pdf\">XXI EBRAPEM &#8211; certificados apresenta\u00e7\u00e3o GD10<\/a> <\/span><\/p>\n<p><span style=\"color: #000000\"><a style=\"color: #000000\" href=\"https:\/\/wp.ufpel.edu.br\/xxiebrapem\/files\/2017\/11\/XXI-EBRAPEM-certificados-apresenta\u00e7\u00e3o-GD11.pdf\">XXI EBRAPEM &#8211; certificados apresenta\u00e7\u00e3o GD11<\/a> <\/span><\/p>\n<p><span style=\"color: #000000\"><a style=\"color: #000000\" href=\"https:\/\/wp.ufpel.edu.br\/xxiebrapem\/files\/2017\/11\/XXI-EBRAPEM-certificados-apresenta\u00e7\u00e3o-GD12.pdf\">XXI EBRAPEM &#8211; certificados apresenta\u00e7\u00e3o GD12<\/a> <\/span><\/p>\n<p><span style=\"color: #000000\"><a style=\"color: #000000\" href=\"https:\/\/wp.ufpel.edu.br\/xxiebrapem\/files\/2017\/11\/XXI-EBRAPEM-certificados-apresenta\u00e7\u00e3o-GD13.pdf\">XXI EBRAPEM &#8211; certificados apresenta\u00e7\u00e3o GD13<\/a> <\/span><\/p>\n<p><span style=\"color: #000000\"><a style=\"color: #000000\" href=\"https:\/\/wp.ufpel.edu.br\/xxiebrapem\/files\/2017\/11\/XXI-EBRAPEM-certificados-apresenta\u00e7\u00e3o-GD14.pdf\">XXI EBRAPEM &#8211; certificados apresenta\u00e7\u00e3o GD14<\/a> <\/span><\/p>\n<p><span style=\"color: #000000\"><a style=\"color: #000000\" href=\"https:\/\/wp.ufpel.edu.br\/xxiebrapem\/files\/2017\/11\/XXI-EBRAPEM-certificados-apresenta\u00e7\u00e3o-GD15.pdf\">XXI EBRAPEM &#8211; certificados apresenta\u00e7\u00e3o GD15<\/a> <\/span><\/p>\n<p><span style=\"color: #000000\"><a style=\"color: #000000\" href=\"https:\/\/wp.ufpel.edu.br\/xxiebrapem\/files\/2017\/11\/XXI-EBRAPEM-certificados-apresenta\u00e7\u00e3o-GD16.pdf\">XXI EBRAPEM &#8211; certificados apresenta\u00e7\u00e3o GD16<\/a> <\/span><\/p>\n<p><span style=\"color: #000000\"><a style=\"color: #000000\" href=\"https:\/\/wp.ufpel.edu.br\/xxiebrapem\/files\/2017\/11\/XXI-EBRAPEM-certificados-apresenta\u00e7\u00e3o-GD17.pdf\">XXI EBRAPEM &#8211; certificados apresenta\u00e7\u00e3o GD17<\/a><\/span><\/p>\n<p>&nbsp;<\/p>\n<p><strong><span style=\"color: #008000\">VERSO DOS CERTIFICADOS<\/span><\/strong><\/p>\n<p><span style=\"color: #000000\"><a href=\"https:\/\/wp.ufpel.edu.br\/xxiebrapem\/files\/2017\/12\/Verso-Certificados-XXI-EBRAPEM.pdf\"><span style=\"color: #000000\">Verso &#8211; Certificados XXI EBRAPEM<\/span><\/a><\/span><\/p>\n","protected":false},"excerpt":{"rendered":"<p>CERTIFICADOS DOS OUVINTES XXI EBRAPEM &#8211; certificados OUVINTES &nbsp; CERTIFICADOS DE PARTICIPA\u00c7\u00c3O XXI EBRAPEM &#8211; certificados de participa\u00e7\u00e3o GD1 XXI EBRAPEM &#8211; certificados de participa\u00e7\u00e3o GD2 XXI EBRAPEM &#8211; certificados de participa\u00e7\u00e3o GD3 XXI EBRAPEM &#8211; certificados de participa\u00e7\u00e3o GD4 XXI EBRAPEM &#8211; certificados de participa\u00e7\u00e3o GD5 XXI EBRAPEM &#8211; certificados de participa\u00e7\u00e3o GD6 XXI [&hellip;]<\/p>\n","protected":false},"author":711,"featured_media":0,"parent":0,"menu_order":0,"comment_status":"closed","ping_status":"closed","template":"","meta":{"footnotes":""},"class_list":["post-572","page","type-page","status-publish","hentry"],"jetpack_sharing_enabled":true,"_links":{"self":[{"href":"https:\/\/wp.ufpel.edu.br\/xxiebrapem\/wp-json\/wp\/v2\/pages\/572","targetHints":{"allow":["GET"]}}],"collection":[{"href":"https:\/\/wp.ufpel.edu.br\/xxiebrapem\/wp-json\/wp\/v2\/pages"}],"about":[{"href":"https:\/\/wp.ufpel.edu.br\/xxiebrapem\/wp-json\/wp\/v2\/types\/page"}],"author":[{"embeddable":true,"href":"https:\/\/wp.ufpel.edu.br\/xxiebrapem\/wp-json\/wp\/v2\/users\/711"}],"replies":[{"embeddable":true,"href":"https:\/\/wp.ufpel.edu.br\/xxiebrapem\/wp-json\/wp\/v2\/comments?post=572"}],"version-history":[{"count":12,"href":"https:\/\/wp.ufpel.edu.br\/xxiebrapem\/wp-json\/wp\/v2\/pages\/572\/revisions"}],"predecessor-version":[{"id":902,"href":"https:\/\/wp.ufpel.edu.br\/xxiebrapem\/wp-json\/wp\/v2\/pages\/572\/revisions\/902"}],"wp:attachment":[{"href":"https:\/\/wp.ufpel.edu.br\/xxiebrapem\/wp-json\/wp\/v2\/media?parent=572"}],"curies":[{"name":"wp","href":"https:\/\/api.w.org\/{rel}","templated":true}]}}