{"id":52,"date":"2016-12-13T10:44:17","date_gmt":"2016-12-13T12:44:17","guid":{"rendered":"https:\/\/wp.ufpel.edu.br\/xxiebrapem\/?page_id=52"},"modified":"2017-05-31T10:58:22","modified_gmt":"2017-05-31T13:58:22","slug":"templates","status":"publish","type":"page","link":"https:\/\/wp.ufpel.edu.br\/xxiebrapem\/templates\/","title":{"rendered":"Templates"},"content":{"rendered":"<p><strong><span style=\"color: #008000\">CARTA DO ORIENTADOR<\/span><br \/>\n<\/strong><\/p>\n<p><span style=\"color: #000000\">Siga as nossas orienta\u00e7\u00f5es:<\/span><\/p>\n<p><span style=\"color: #008000\">1.<\/span> <span style=\"color: #000000\">Fa\u00e7a o download da<span style=\"color: #008000\"><strong> <a style=\"color: #008000\" href=\"https:\/\/wp.ufpel.edu.br\/xxiebrapem\/files\/2016\/12\/3.-Carta_do_orientador.doc\">Carta_do_orientador<\/a><\/strong><\/span><\/span><\/p>\n<p><span style=\"color: #008000\">2.<\/span> <span style=\"color: #000000\">Preencha com seus dados e do orientador e imprima.<\/span><\/p>\n<p><span style=\"color: #008000\">3.<\/span> <span style=\"color: #000000\">Ap\u00f3s assinatura do orientador, salve na vers\u00e3o pdf, nomeado conforme exemplo:<\/span><strong><span style=\"color: #000000\"> carta_glaucia_soares<\/span> <\/strong><\/p>\n<p><span style=\"color: #008000\">4.<\/span> <span style=\"color: #000000\">Envie-nos conforme instru\u00e7\u00f5es descritas em<\/span> <span style=\"color: #008000\"><a style=\"color: #008000\" href=\"https:\/\/wp.ufpel.edu.br\/xxiebrapem\/inscricao-participante\/\"><strong>inscri\u00e7\u00f5es<\/strong><\/a><\/span>.<\/p>\n<p>&nbsp;<\/p>\n<p><span style=\"color: #008000\"><strong>TEMPLATE ARTIGO<\/strong><\/span><\/p>\n<p><span style=\"color: #000000\">Siga as nossas sugest\u00f5es:<\/span><\/p>\n<p><span style=\"color: #008000\">1.<\/span> <span style=\"color: #000000\">Fa\u00e7a o download do <strong><span style=\"color: #008000\"><a style=\"color: #008000\" href=\"https:\/\/wp.ufpel.edu.br\/xxiebrapem\/files\/2016\/12\/2.-template_do_artigo.doc\">template_do_artigo<\/a>\u00a0<\/span><\/strong><\/span><\/p>\n<p><span style=\"color: #008000\">2.<\/span> <span style=\"color: #000000\">Utilize-o como \u00fanica base de configura\u00e7\u00f5es para desenvolver seu trabalho.<\/span><\/p>\n<p><span style=\"color: #008000\">3.<\/span> <span style=\"color: #000000\">Em seguida, salve-o em <strong>doc<\/strong> [docx],\u00a0nomeado conforme exemplo: (n\u00famero do gd_1\u00b0nome_\u00faltimonome) <strong>gd10_glaucia_soares<\/strong><\/span><\/p>\n<p><span style=\"color: #008000\">4.<\/span> <span style=\"color: #000000\">Envie-nos conforme instru\u00e7\u00f5es descritas em\u00a0<\/span><span style=\"color: #008000\"><strong><a style=\"color: #008000\" href=\"https:\/\/wp.ufpel.edu.br\/xxiebrapem\/inscricao-participante\/\">Inscri\u00e7\u00f5es<\/a>.<\/strong><\/span><\/p>\n","protected":false},"excerpt":{"rendered":"<p>CARTA DO ORIENTADOR Siga as nossas orienta\u00e7\u00f5es: 1. Fa\u00e7a o download da Carta_do_orientador 2. Preencha com seus dados e do orientador e imprima. 3. Ap\u00f3s assinatura do orientador, salve na vers\u00e3o pdf, nomeado conforme exemplo: carta_glaucia_soares 4. Envie-nos conforme instru\u00e7\u00f5es descritas em inscri\u00e7\u00f5es. &nbsp; TEMPLATE ARTIGO Siga as nossas sugest\u00f5es: 1. Fa\u00e7a o download do [&hellip;]<\/p>\n","protected":false},"author":711,"featured_media":0,"parent":0,"menu_order":0,"comment_status":"closed","ping_status":"closed","template":"","meta":{"footnotes":""},"class_list":["post-52","page","type-page","status-publish","hentry"],"jetpack_sharing_enabled":true,"_links":{"self":[{"href":"https:\/\/wp.ufpel.edu.br\/xxiebrapem\/wp-json\/wp\/v2\/pages\/52","targetHints":{"allow":["GET"]}}],"collection":[{"href":"https:\/\/wp.ufpel.edu.br\/xxiebrapem\/wp-json\/wp\/v2\/pages"}],"about":[{"href":"https:\/\/wp.ufpel.edu.br\/xxiebrapem\/wp-json\/wp\/v2\/types\/page"}],"author":[{"embeddable":true,"href":"https:\/\/wp.ufpel.edu.br\/xxiebrapem\/wp-json\/wp\/v2\/users\/711"}],"replies":[{"embeddable":true,"href":"https:\/\/wp.ufpel.edu.br\/xxiebrapem\/wp-json\/wp\/v2\/comments?post=52"}],"version-history":[{"count":8,"href":"https:\/\/wp.ufpel.edu.br\/xxiebrapem\/wp-json\/wp\/v2\/pages\/52\/revisions"}],"predecessor-version":[{"id":215,"href":"https:\/\/wp.ufpel.edu.br\/xxiebrapem\/wp-json\/wp\/v2\/pages\/52\/revisions\/215"}],"wp:attachment":[{"href":"https:\/\/wp.ufpel.edu.br\/xxiebrapem\/wp-json\/wp\/v2\/media?parent=52"}],"curies":[{"name":"wp","href":"https:\/\/api.w.org\/{rel}","templated":true}]}}