{"id":49,"date":"2016-12-13T10:43:37","date_gmt":"2016-12-13T12:43:37","guid":{"rendered":"https:\/\/wp.ufpel.edu.br\/xxiebrapem\/?page_id=49"},"modified":"2017-09-15T09:43:25","modified_gmt":"2017-09-15T12:43:25","slug":"inscricao-ouvinte","status":"publish","type":"page","link":"https:\/\/wp.ufpel.edu.br\/xxiebrapem\/inscricao-ouvinte\/","title":{"rendered":"inscri\u00e7\u00e3o OUVINTE"},"content":{"rendered":"<p><span style=\"color: #000000\">Acompanhe a descri\u00e7\u00e3o do passo a passo para efetuar sua inscri\u00e7\u00e3o de ouvinte.<\/span><\/p>\n<p><span style=\"color: #008000\"><strong>FORMUL\u00c1RIO DE INSCRI\u00c7\u00c3O<\/strong><\/span><\/p>\n<p><span style=\"color: #000000\"><span style=\"color: #008000\">1. <\/span><\/span><span style=\"color: #000000\">Fa\u00e7a o download do <strong>\u2018<\/strong><span style=\"color: #008000\"><a style=\"color: #008000\" href=\"https:\/\/wp.ufpel.edu.br\/xxiebrapem\/files\/2016\/12\/1.-Formula\u0301rio-de-inscric\u0327a\u0303o-OUVINTE.doc\">Formula\u0301rio-de-inscric\u0327a\u0303o<\/a><\/span><strong>\u2019<\/strong>.<\/span><\/p>\n<p><span style=\"color: #000000\"><span style=\"color: #008000\">2. <\/span><\/span><span style=\"color: #000000\">Preencha-o com as suas informa\u00e7\u00f5es pessoais.<\/span><\/p>\n<p><span style=\"color: #000000\"><span style=\"color: #008000\">3. <\/span><\/span><span style=\"color: #000000\">Salve o formul\u00e1rio na <strong>vers\u00e3o<\/strong> <strong>PDF<\/strong>, nomeando conforme exemplo: (primeiro e \u00faltimo nome) <\/span><span style=\"color: #000000\"><strong>inscri\u00e7\u00e3o_glaucia_soares<\/strong><\/span><\/p>\n<p>&nbsp;<\/p>\n<p><span style=\"color: #008000\"><strong>PAGAMENTO DA INSCRI\u00c7\u00c3O<\/strong><\/span><\/p>\n<p><span style=\"color: #000000\"><span style=\"color: #008000\">1.<\/span> Confira qual o valor da inscri\u00e7\u00e3o se enquadra a sua situa\u00e7\u00e3o e prazo.<\/span><\/p>\n<p><span style=\"color: #000000\"><span style=\"color: #008000\">2.<\/span> Realize o pagamento via transfer\u00eancia ou dep\u00f3sito banc\u00e1rio para:<\/span><\/p>\n<p><span style=\"color: #000000\"><strong>Banco: Banco do Brasil<br \/>\n<\/strong><\/span><\/p>\n<p><span style=\"color: #000000\"><strong>Ag\u00eancia: 4468-7<\/strong><\/span><\/p>\n<p><span style=\"color: #000000\"><strong>Conta Corrente: 15.978-6<\/strong><\/span><\/p>\n<p><span style=\"color: #000000\"><strong>Nome: Gl\u00e1ucia Potenza Soares<br \/>\n<\/strong><\/span><\/p>\n<p><span style=\"color: #000000\"><strong>CPF: ***********<br \/>\n<\/strong><\/span><\/p>\n<p><span style=\"color: #000000\"><span style=\"color: #008000\">3.<\/span> Salve o comprovante na <strong>vers\u00e3o<\/strong> <strong>PDF<\/strong>, nomeando\u00a0conforme exemplo: <strong>comprovante_glaucia_soares<\/strong><\/span><\/p>\n<p>&nbsp;<\/p>\n<p><span style=\"color: #008000\"><strong>A INSCRI\u00c7\u00c3O<\/strong><\/span><\/p>\n<p><span style=\"color: #000000\"><span style=\"color: #008000\">1.<\/span> Para efetivar sua inscri\u00e7\u00e3o, envie os DOIS arquivos em pdf:<\/span><\/p>\n<ul>\n<li><span style=\"color: #000000\">Arquivo 1: <strong>inscri\u00e7\u00e3o_glaucia_soares.pdf<\/strong><\/span><\/li>\n<li><span style=\"color: #000000\">Arquivo 2: <strong>comprovante_glaucia_soares.pdf<\/strong><\/span><\/li>\n<\/ul>\n<p><span style=\"color: #000000\"><span style=\"color: #008000\">2.<\/span> Envie para:<strong> xxiebrapem2017@gmail.com<\/strong><\/span><\/p>\n<p><span style=\"color: #000000\"><span style=\"color: #008000\">3.<\/span> Aguarde o e-mail de confirma\u00e7\u00e3o da sua inscri\u00e7\u00e3o.<\/span><\/p>\n<p><span style=\"color: #008000\"><strong>ATEN\u00c7\u00c3O!<\/strong><\/span><\/p>\n<p><span style=\"color: #000000\">A inscri\u00e7\u00e3o \u00e9 intransfer\u00edvel e em nenhuma hip\u00f3tese ser\u00e1 devolvido o valor da taxa de inscri\u00e7\u00e3o.<\/span><\/p>\n","protected":false},"excerpt":{"rendered":"<p>Acompanhe a descri\u00e7\u00e3o do passo a passo para efetuar sua inscri\u00e7\u00e3o de ouvinte. FORMUL\u00c1RIO DE INSCRI\u00c7\u00c3O 1. Fa\u00e7a o download do \u2018Formula\u0301rio-de-inscric\u0327a\u0303o\u2019. 2. Preencha-o com as suas informa\u00e7\u00f5es pessoais. 3. Salve o formul\u00e1rio na vers\u00e3o PDF, nomeando conforme exemplo: (primeiro e \u00faltimo nome) inscri\u00e7\u00e3o_glaucia_soares &nbsp; PAGAMENTO DA INSCRI\u00c7\u00c3O 1. Confira qual o valor da inscri\u00e7\u00e3o [&hellip;]<\/p>\n","protected":false},"author":711,"featured_media":0,"parent":0,"menu_order":0,"comment_status":"closed","ping_status":"closed","template":"","meta":{"footnotes":""},"class_list":["post-49","page","type-page","status-publish","hentry"],"jetpack_sharing_enabled":true,"_links":{"self":[{"href":"https:\/\/wp.ufpel.edu.br\/xxiebrapem\/wp-json\/wp\/v2\/pages\/49","targetHints":{"allow":["GET"]}}],"collection":[{"href":"https:\/\/wp.ufpel.edu.br\/xxiebrapem\/wp-json\/wp\/v2\/pages"}],"about":[{"href":"https:\/\/wp.ufpel.edu.br\/xxiebrapem\/wp-json\/wp\/v2\/types\/page"}],"author":[{"embeddable":true,"href":"https:\/\/wp.ufpel.edu.br\/xxiebrapem\/wp-json\/wp\/v2\/users\/711"}],"replies":[{"embeddable":true,"href":"https:\/\/wp.ufpel.edu.br\/xxiebrapem\/wp-json\/wp\/v2\/comments?post=49"}],"version-history":[{"count":9,"href":"https:\/\/wp.ufpel.edu.br\/xxiebrapem\/wp-json\/wp\/v2\/pages\/49\/revisions"}],"predecessor-version":[{"id":350,"href":"https:\/\/wp.ufpel.edu.br\/xxiebrapem\/wp-json\/wp\/v2\/pages\/49\/revisions\/350"}],"wp:attachment":[{"href":"https:\/\/wp.ufpel.edu.br\/xxiebrapem\/wp-json\/wp\/v2\/media?parent=49"}],"curies":[{"name":"wp","href":"https:\/\/api.w.org\/{rel}","templated":true}]}}