{"id":46,"date":"2016-12-13T10:43:17","date_gmt":"2016-12-13T12:43:17","guid":{"rendered":"https:\/\/wp.ufpel.edu.br\/xxiebrapem\/?page_id=46"},"modified":"2017-09-17T01:10:21","modified_gmt":"2017-09-17T04:10:21","slug":"inscricao-participante","status":"publish","type":"page","link":"https:\/\/wp.ufpel.edu.br\/xxiebrapem\/inscricao-participante\/","title":{"rendered":"Inscri\u00e7\u00e3o PARTICIPANTE"},"content":{"rendered":"<p><span style=\"color: #000000\">Acompanhe, a seguir, uma descri\u00e7\u00e3o de como\u00a0efetuar sua inscri\u00e7\u00e3o de participante.<\/span><\/p>\n<p><span style=\"color: #000000\">O prazo de envio dos trabalhos coincide com o prazo de inscri\u00e7\u00f5es. Desta forma, voc\u00ea possui at\u00e9 o dia <strong>1\u00ba\/10\/2017 <\/strong>para submeter o seu trabalho, sendo o primeiro prazo o per\u00edodo de 12\/06 a 16\/07 e o segundo prazo de 17\/07 a 1\u00ba\/10.<\/span><\/p>\n<p><span style=\"color: #008000\"><strong>FORMUL\u00c1RIO DE INSCRI\u00c7\u00c3O<\/strong><\/span><\/p>\n<p><span style=\"color: #000000\"><span style=\"color: #008000\">1.<\/span> Fa\u00e7a o download do <strong>\u2018<\/strong><span style=\"color: #008000\"><a style=\"color: #008000\" href=\"https:\/\/wp.ufpel.edu.br\/xxiebrapem\/files\/2016\/12\/1.-Formula\u0301rio-de-inscric\u0327a\u0303o.doc\">Formula\u0301rio-de-inscric\u0327a\u0303o<\/a><\/span><strong>\u2019<\/strong><br \/>\n<\/span><\/p>\n<p><span style=\"color: #000000\"><span style=\"color: #008000\">2.<\/span> Preencha-o com as suas informa\u00e7\u00f5es pessoais.<\/span><\/p>\n<p><span style=\"color: #000000\"><span style=\"color: #008000\">3.<\/span> Salve o formul\u00e1rio na <strong>vers\u00e3o<\/strong> <strong>PDF<\/strong>, nomeando conforme exemplo: (primeiro e \u00faltimo nome) <\/span><span style=\"color: #000000\"><strong>inscri\u00e7\u00e3o_glaucia_soares<\/strong><\/span><\/p>\n<p>&nbsp;<\/p>\n<p><span style=\"color: #008000\"><strong>PAGAMENTO DA INSCRI\u00c7\u00c3O<\/strong><\/span><\/p>\n<p><span style=\"color: #000000\"><span style=\"color: #008000\">1.<\/span> Confira qual o valor da inscri\u00e7\u00e3o se enquadra a sua situa\u00e7\u00e3o.<\/span><\/p>\n<p><span style=\"color: #000000\"><span style=\"color: #008000\">2.<\/span> Realize o pagamento via transfer\u00eancia ou dep\u00f3sito banc\u00e1rio para:<\/span><\/p>\n<p><span style=\"color: #000000\"><strong>Banco: Banco do Brasil<br \/>\n<\/strong><\/span><\/p>\n<p><span style=\"color: #000000\"><strong>Ag\u00eancia: 4468-7<\/strong><\/span><\/p>\n<p><span style=\"color: #000000\"><strong>Conta Corrente: 15.978-6<\/strong><\/span><\/p>\n<p><span style=\"color: #000000\"><strong>Nome: Gl\u00e1ucia Potenza Soares<br \/>\n<\/strong><\/span><\/p>\n<p><span style=\"color: #000000\"><strong>CPF: ***********<\/strong><\/span><\/p>\n<p><span style=\"color: #000000\"><span style=\"color: #008000\">3.<\/span> Salve o comprovante na <strong>vers\u00e3o<\/strong> <strong>PDF<\/strong>, nomeando conforme exemplo: <\/span><span style=\"color: #000000\"><strong>comprovante_glaucia_soares<\/strong><\/span><\/p>\n<p>&nbsp;<\/p>\n<p><span style=\"color: #008000\"><strong>SUBMISS\u00c3O DO TRABALHO<\/strong><\/span><\/p>\n<p><span style=\"color: #000000\">Para a submiss\u00e3o de trabalho voc\u00ea precisa enviar:<\/span><\/p>\n<p><span style=\"color: #000000\"><span style=\"color: #008000\">1.<\/span> A <strong> <a href=\"https:\/\/wp.ufpel.edu.br\/xxiebrapem\/files\/2016\/12\/3.-Carta_do_orientador.doc\"><span style=\"color: #008000\">Carta_do_orientador<\/span><\/a><\/strong>, assinada por ele que, automaticamente, torna o trabalho aceito para\u00a0apresenta\u00e7\u00e3o e publica\u00e7\u00e3o, nomeado conforme exemplo: <\/span><span style=\"color: #000000\"><strong>carta_glaucia_soares <\/strong><\/span><\/p>\n<p><span style=\"color: #000000\"><span style=\"color: #008000\">2.<\/span> Trabalho de acordo com as normas do template. Precisas nomear o arquivo indicando o grupo de discuss\u00e3o (gdn\u00b0) em que ir\u00e1s apresentar, o seu\u00a0nome e o seu \u00faltimo\u00a0sobrenome seguindo o exemplo: <\/span><span style=\"color: #000000\"><strong>gd10_glaucia_soares<\/strong><\/span><\/p>\n<p>&nbsp;<\/p>\n<p><span style=\"color: #008000\"><strong>ENVIO DE ARQUIVOS E CONFIRMA\u00c7\u00c3O DA INSCRI\u00c7\u00c3O<\/strong><\/span><\/p>\n<p><span style=\"color: #000000\"><span style=\"color: #008000\">1.<\/span> Para efetivar sua inscri\u00e7\u00e3o, envie os QUATRO arquivos.<\/span><\/p>\n<ul>\n<li><span style=\"color: #000000\">Arquivo 1: <strong>inscri\u00e7\u00e3o_glaucia_soares.pdf<\/strong><\/span><\/li>\n<li><span style=\"color: #000000\">Arquivo 2: <strong>comprovante_glaucia_soares.pdf<\/strong><\/span><\/li>\n<li><span style=\"color: #000000\">Arquivo 3: <strong>carta_glaucia_soares.pdf<\/strong><\/span><\/li>\n<li><span style=\"color: #000000\">Arquivo 4: <strong>gd10_glaucia_soares.doc \u00a0[docx]<\/strong><\/span><\/li>\n<\/ul>\n<p><span style=\"color: #000000\"><span style=\"color: #008000\">2.<\/span> Envie para:\u00a0<strong>xxiebrapem2017@gmail.com<\/strong><\/span><\/p>\n<p><span style=\"color: #000000\"><span style=\"color: #008000\">3.<\/span> Aguarde o e-mail de confirma\u00e7\u00e3o da sua inscri\u00e7\u00e3o.<\/span><\/p>\n<p style=\"text-align: justify\"><span style=\"color: #000000\"><strong><span style=\"color: #008000\">ATEN\u00c7\u00c3O:<\/span>\u00a0<\/strong><span style=\"color: #008000\">As inscri\u00e7\u00f5es ser\u00e3o realizadas somente se TODAS as orienta\u00e7\u00f5es descritas anteriormente forem respeitadas. O descumprimento de alguma dessas etapas implicar\u00e1 na N\u00c3O realiza\u00e7\u00e3o da inscri\u00e7\u00e3o, <strong>sem devolu\u00e7\u00e3o do valor depositado<\/strong> ou transferido referente \u00e0 taxa de inscri\u00e7\u00e3o.<\/span><\/span><\/p>\n","protected":false},"excerpt":{"rendered":"<p>Acompanhe, a seguir, uma descri\u00e7\u00e3o de como\u00a0efetuar sua inscri\u00e7\u00e3o de participante. O prazo de envio dos trabalhos coincide com o prazo de inscri\u00e7\u00f5es. Desta forma, voc\u00ea possui at\u00e9 o dia 1\u00ba\/10\/2017 para submeter o seu trabalho, sendo o primeiro prazo o per\u00edodo de 12\/06 a 16\/07 e o segundo prazo de 17\/07 a 1\u00ba\/10. FORMUL\u00c1RIO [&hellip;]<\/p>\n","protected":false},"author":711,"featured_media":0,"parent":0,"menu_order":0,"comment_status":"closed","ping_status":"closed","template":"","meta":{"footnotes":""},"class_list":["post-46","page","type-page","status-publish","hentry"],"jetpack_sharing_enabled":true,"_links":{"self":[{"href":"https:\/\/wp.ufpel.edu.br\/xxiebrapem\/wp-json\/wp\/v2\/pages\/46","targetHints":{"allow":["GET"]}}],"collection":[{"href":"https:\/\/wp.ufpel.edu.br\/xxiebrapem\/wp-json\/wp\/v2\/pages"}],"about":[{"href":"https:\/\/wp.ufpel.edu.br\/xxiebrapem\/wp-json\/wp\/v2\/types\/page"}],"author":[{"embeddable":true,"href":"https:\/\/wp.ufpel.edu.br\/xxiebrapem\/wp-json\/wp\/v2\/users\/711"}],"replies":[{"embeddable":true,"href":"https:\/\/wp.ufpel.edu.br\/xxiebrapem\/wp-json\/wp\/v2\/comments?post=46"}],"version-history":[{"count":9,"href":"https:\/\/wp.ufpel.edu.br\/xxiebrapem\/wp-json\/wp\/v2\/pages\/46\/revisions"}],"predecessor-version":[{"id":362,"href":"https:\/\/wp.ufpel.edu.br\/xxiebrapem\/wp-json\/wp\/v2\/pages\/46\/revisions\/362"}],"wp:attachment":[{"href":"https:\/\/wp.ufpel.edu.br\/xxiebrapem\/wp-json\/wp\/v2\/media?parent=46"}],"curies":[{"name":"wp","href":"https:\/\/api.w.org\/{rel}","templated":true}]}}