{"id":43,"date":"2016-12-13T10:42:52","date_gmt":"2016-12-13T12:42:52","guid":{"rendered":"https:\/\/wp.ufpel.edu.br\/xxiebrapem\/?page_id=43"},"modified":"2017-09-18T15:31:25","modified_gmt":"2017-09-18T18:31:25","slug":"valores","status":"publish","type":"page","link":"https:\/\/wp.ufpel.edu.br\/xxiebrapem\/valores\/","title":{"rendered":"Prazos e Valores"},"content":{"rendered":"<table style=\"height: 244px\" width=\"613\">\n<tbody>\n<tr>\n<td width=\"121\">\n<p style=\"text-align: center\"><span style=\"color: #ffffff\"><strong>.<\/strong><\/span><\/p>\n<p style=\"text-align: center\"><span style=\"color: #000000\"><strong>PRAZOS<\/strong><\/span><\/p>\n<\/td>\n<td colspan=\"4\" width=\"481\">\n<p style=\"text-align: center\"><span style=\"color: #ffffff\"><strong>.ii<\/strong><\/span><\/p>\n<p style=\"text-align: center\"><span style=\"color: #000000\"><strong>TAXAS DE INSCRI\u00c7\u00c3O<\/strong><\/span><\/p>\n<\/td>\n<\/tr>\n<tr>\n<td width=\"121\"><\/td>\n<td width=\"120\">\n<p style=\"text-align: center\"><span style=\"color: #ffffff\">.<\/span><\/p>\n<p style=\"text-align: center\"><span style=\"color: #000000\">Participante<\/span><\/p>\n<p style=\"text-align: center\"><span style=\"color: #000000\">S\u00f3cio SBEM<\/span><\/p>\n<\/td>\n<td width=\"120\">\n<p style=\"text-align: center\"><span style=\"color: #ffffff\">.<\/span><\/p>\n<p style=\"text-align: center\"><span style=\"color: #000000\">Participante<\/span><\/p>\n<p style=\"text-align: center\"><span style=\"color: #000000\">N\u00e3o S\u00f3cio SBEM<\/span><\/p>\n<\/td>\n<td width=\"120\">\n<p style=\"text-align: center\"><span style=\"color: #ffffff\">.<\/span><\/p>\n<p style=\"text-align: center\"><span style=\"color: #000000\">Ouvinte<\/span><\/p>\n<p style=\"text-align: center\"><span style=\"color: #000000\">S\u00f3cio SBEM<\/span><\/p>\n<\/td>\n<td style=\"text-align: center\" width=\"120\">\n<p><span style=\"color: #ffffff\">.<\/span><\/p>\n<p><span style=\"color: #ffffff\">&#8230;&#8230;&#8230;<\/span><span style=\"color: #000000\">Ouvinte<\/span><\/p>\n<p style=\"text-align: center\"><span style=\"color: #000000\">N\u00e3o S\u00f3cio SBEM<\/span><\/p>\n<\/td>\n<\/tr>\n<tr>\n<td width=\"121\">\n<p style=\"text-align: center\"><strong><span style=\"color: #000000\">12\/06 a 16\/07<\/span><\/strong><\/p>\n<\/td>\n<td width=\"120\">\n<p style=\"text-align: center\"><span style=\"color: #000000\"><strong>R$ 100,00<\/strong><\/span><\/p>\n<\/td>\n<td width=\"120\">\n<p style=\"text-align: center\"><span style=\"color: #000000\"><strong>R$ 110,00<\/strong><\/span><\/p>\n<\/td>\n<td width=\"120\">\n<p style=\"text-align: center\"><span style=\"color: #000000\"><strong>R$ 80,00<\/strong><\/span><\/p>\n<\/td>\n<td width=\"120\">\n<p style=\"text-align: center\"><span style=\"color: #000000\"><strong>R$ 90,00<\/strong><\/span><\/p>\n<\/td>\n<\/tr>\n<tr>\n<td width=\"121\">\n<p style=\"text-align: center\"><strong><span style=\"color: #000000\">17\/07 a 01\/10<\/span><\/strong><\/p>\n<\/td>\n<td width=\"120\">\n<p style=\"text-align: center\"><span style=\"color: #000000\"><strong>R$ 110,00<\/strong><\/span><\/p>\n<\/td>\n<td width=\"120\">\n<p style=\"text-align: center\"><span style=\"color: #000000\"><strong>R$ 120,00<\/strong><\/span><\/p>\n<\/td>\n<td width=\"120\">\n<p style=\"text-align: center\"><span style=\"color: #000000\"><strong>R$ 90,00<\/strong><\/span><\/p>\n<\/td>\n<td style=\"text-align: center\" width=\"120\"><span style=\"color: #000000\"><strong>R$ 100,00<\/strong><\/span><\/td>\n<\/tr>\n<tr>\n<td width=\"121\">\n<p style=\"text-align: center\"><span style=\"color: #000000\"><strong>01\/10 a 02\/11<\/strong><\/span><\/p>\n<\/td>\n<td width=\"120\">\n<p style=\"text-align: center\"><span style=\"color: #000000\"><strong>&#8212;<\/strong><\/span><\/p>\n<\/td>\n<td width=\"120\">\n<p style=\"text-align: center\"><span style=\"color: #000000\"><strong>&#8212;<\/strong><\/span><\/p>\n<\/td>\n<td width=\"120\">\n<p style=\"text-align: center\"><span style=\"color: #000000\"><strong>R$ 90,00<\/strong><\/span><\/p>\n<\/td>\n<td style=\"text-align: center\" width=\"120\"><span style=\"color: #000000\"><strong>R$ 100,00<\/strong><\/span><\/td>\n<\/tr>\n<\/tbody>\n<\/table>\n<p>&nbsp;<\/p>\n","protected":false},"excerpt":{"rendered":"<p>. PRAZOS .ii TAXAS DE INSCRI\u00c7\u00c3O . Participante S\u00f3cio SBEM . Participante N\u00e3o S\u00f3cio SBEM . Ouvinte S\u00f3cio SBEM . &#8230;&#8230;&#8230;Ouvinte N\u00e3o S\u00f3cio SBEM 12\/06 a 16\/07 R$ 100,00 R$ 110,00 R$ 80,00 R$ 90,00 17\/07 a 01\/10 R$ 110,00 R$ 120,00 R$ 90,00 R$ 100,00 01\/10 a 02\/11 &#8212; &#8212; R$ 90,00 R$ 100,00 [&hellip;]<\/p>\n","protected":false},"author":711,"featured_media":0,"parent":0,"menu_order":0,"comment_status":"closed","ping_status":"closed","template":"","meta":{"footnotes":""},"class_list":["post-43","page","type-page","status-publish","hentry"],"jetpack_sharing_enabled":true,"_links":{"self":[{"href":"https:\/\/wp.ufpel.edu.br\/xxiebrapem\/wp-json\/wp\/v2\/pages\/43","targetHints":{"allow":["GET"]}}],"collection":[{"href":"https:\/\/wp.ufpel.edu.br\/xxiebrapem\/wp-json\/wp\/v2\/pages"}],"about":[{"href":"https:\/\/wp.ufpel.edu.br\/xxiebrapem\/wp-json\/wp\/v2\/types\/page"}],"author":[{"embeddable":true,"href":"https:\/\/wp.ufpel.edu.br\/xxiebrapem\/wp-json\/wp\/v2\/users\/711"}],"replies":[{"embeddable":true,"href":"https:\/\/wp.ufpel.edu.br\/xxiebrapem\/wp-json\/wp\/v2\/comments?post=43"}],"version-history":[{"count":9,"href":"https:\/\/wp.ufpel.edu.br\/xxiebrapem\/wp-json\/wp\/v2\/pages\/43\/revisions"}],"predecessor-version":[{"id":364,"href":"https:\/\/wp.ufpel.edu.br\/xxiebrapem\/wp-json\/wp\/v2\/pages\/43\/revisions\/364"}],"wp:attachment":[{"href":"https:\/\/wp.ufpel.edu.br\/xxiebrapem\/wp-json\/wp\/v2\/media?parent=43"}],"curies":[{"name":"wp","href":"https:\/\/api.w.org\/{rel}","templated":true}]}}