{"id":40,"date":"2016-12-13T10:42:33","date_gmt":"2016-12-13T12:42:33","guid":{"rendered":"https:\/\/wp.ufpel.edu.br\/xxiebrapem\/?page_id=40"},"modified":"2017-10-23T16:57:37","modified_gmt":"2017-10-23T18:57:37","slug":"jantar-de-confraternizacao","status":"publish","type":"page","link":"https:\/\/wp.ufpel.edu.br\/xxiebrapem\/jantar-de-confraternizacao\/","title":{"rendered":"Jantar de Confraterniza\u00e7\u00e3o"},"content":{"rendered":"<p style=\"text-align: center\"><strong><span style=\"color: #008000\">O jantar de confraterniza\u00e7\u00e3o ser\u00e1 no Restaurante Trem B\u00e3o!<\/span><\/strong><\/p>\n<p><img class=\"wp-image-437 alignright\" src=\"https:\/\/wp.ufpel.edu.br\/xxiebrapem\/files\/2016\/12\/jantar-400x304.jpg\" alt=\"\" width=\"524\" height=\"398\" srcset=\"https:\/\/wp.ufpel.edu.br\/xxiebrapem\/files\/2016\/12\/jantar-400x304.jpg 400w, https:\/\/wp.ufpel.edu.br\/xxiebrapem\/files\/2016\/12\/jantar.jpg 680w\" sizes=\"(max-width: 524px) 100vw, 524px\" \/><\/p>\n<p style=\"text-align: justify\"><span style=\"color: #000000\">Rua General Os\u00f3rio, 461 &#8211; Centro, Pelotas, RS<\/span><\/p>\n<p>&nbsp;<\/p>\n<p style=\"text-align: justify\"><span style=\"color: #000000\">O restaurante serve comida ga\u00facha e mineira, com buffet na balan\u00e7a.<\/span><\/p>\n<p style=\"text-align: justify\"><span style=\"color: #000000\">Ser\u00e3o <strong>vendidos ingressos pela Comiss\u00e3o Organizadora<\/strong> durante os dias 02 e 03 de novembro, a R$20,00.<\/span><\/p>\n<p style=\"text-align: justify\"><span style=\"color: #000000\">Esses ingressos servir\u00e3o como garantia de acesso ao restaurante, pois os lugares s\u00e3o limitados. <\/span><\/p>\n<p style=\"text-align: justify\"><span style=\"color: #000000\">Ao chegar no restaurante, o ingresso ser\u00e1 grampeado \u00e0 comanda.\u00a0 Na hora de efetuar o pagamento, do valor total consumido ser\u00e1 descontado os R$20,00 que a Comiss\u00e3o repassar\u00e1 ao estabelecimento.<br \/>\n<\/span><\/p>\n<p><span style=\"color: #000000\">\u00a0Por isso, todos que adquirirem o ingresso devem guard\u00e1-lo para apresentar no restaurante ao pagar por seu consumo.<\/span><\/p>\n<p>Buffet na balan\u00e7a: R$ 49,90.<\/p>\n<p style=\"text-align: justify\"><span style=\"color: #000000\">O hor\u00e1rio de atendimento do restaurante ser\u00e1 das 20h \u00e0s 23h30.<br \/>\n<\/span><\/p>\n<p>&nbsp;<\/p>\n<p style=\"text-align: center\"><strong><span style=\"color: #008000\">AGUARDAMOS TODOS VOC\u00caS!!!<\/span><\/strong><\/p>\n","protected":false},"excerpt":{"rendered":"<p>O jantar de confraterniza\u00e7\u00e3o ser\u00e1 no Restaurante Trem B\u00e3o! Rua General Os\u00f3rio, 461 &#8211; Centro, Pelotas, RS &nbsp; O restaurante serve comida ga\u00facha e mineira, com buffet na balan\u00e7a. Ser\u00e3o vendidos ingressos pela Comiss\u00e3o Organizadora durante os dias 02 e 03 de novembro, a R$20,00. Esses ingressos servir\u00e3o como garantia de acesso ao restaurante, pois [&hellip;]<\/p>\n","protected":false},"author":711,"featured_media":0,"parent":0,"menu_order":0,"comment_status":"closed","ping_status":"closed","template":"","meta":{"footnotes":""},"class_list":["post-40","page","type-page","status-publish","hentry"],"jetpack_sharing_enabled":true,"_links":{"self":[{"href":"https:\/\/wp.ufpel.edu.br\/xxiebrapem\/wp-json\/wp\/v2\/pages\/40","targetHints":{"allow":["GET"]}}],"collection":[{"href":"https:\/\/wp.ufpel.edu.br\/xxiebrapem\/wp-json\/wp\/v2\/pages"}],"about":[{"href":"https:\/\/wp.ufpel.edu.br\/xxiebrapem\/wp-json\/wp\/v2\/types\/page"}],"author":[{"embeddable":true,"href":"https:\/\/wp.ufpel.edu.br\/xxiebrapem\/wp-json\/wp\/v2\/users\/711"}],"replies":[{"embeddable":true,"href":"https:\/\/wp.ufpel.edu.br\/xxiebrapem\/wp-json\/wp\/v2\/comments?post=40"}],"version-history":[{"count":8,"href":"https:\/\/wp.ufpel.edu.br\/xxiebrapem\/wp-json\/wp\/v2\/pages\/40\/revisions"}],"predecessor-version":[{"id":521,"href":"https:\/\/wp.ufpel.edu.br\/xxiebrapem\/wp-json\/wp\/v2\/pages\/40\/revisions\/521"}],"wp:attachment":[{"href":"https:\/\/wp.ufpel.edu.br\/xxiebrapem\/wp-json\/wp\/v2\/media?parent=40"}],"curies":[{"name":"wp","href":"https:\/\/api.w.org\/{rel}","templated":true}]}}