{"id":37,"date":"2016-12-13T10:42:11","date_gmt":"2016-12-13T12:42:11","guid":{"rendered":"https:\/\/wp.ufpel.edu.br\/xxiebrapem\/?page_id=37"},"modified":"2017-10-21T22:33:35","modified_gmt":"2017-10-22T00:33:35","slug":"mesas-redondas","status":"publish","type":"page","link":"https:\/\/wp.ufpel.edu.br\/xxiebrapem\/mesas-redondas\/","title":{"rendered":"Mesas Redondas"},"content":{"rendered":"<p><span style=\"color: #000000\">A comiss\u00e3o organizadora do XXI EBRAPEM planejou 5 Mesas Redondas que ser\u00e3o distribu\u00eddas em dois momentos do evento, conforme segue:<br \/>\n<\/span><\/p>\n<p><strong><span style=\"color: #008000\">Dia 03\/11\/2017, \u00e0s 15h30<\/span><\/strong><\/p>\n<ul>\n<li><span style=\"color: #000000\">Forma\u00e7\u00e3o de Professores que Ensinam Matem\u00e1tica &#8211; Prof. Milton Rosa, Prof. Samuel Bello, Profa. Denise Silveira.<br \/>\n<\/span><\/li>\n<li><span style=\"color: #000000\"><span style=\"color: #000000\">Hist\u00f3ria da Matem\u00e1tica\/Educa\u00e7\u00e3o Matem\u00e1tica &#8211; Profa. Elisabete B\u00farigo, Prof. Wagner Valente e Profa. Circe Dynnikov.<br \/>\n<\/span><\/span><\/li>\n<li><span style=\"color: #000000\">Curr\u00edculo e Educa\u00e7\u00e3o Matem\u00e1tica &#8211; Profa. Karin Jelinek, Profa. M\u00e1rcia Fonseca e Profa. Daniela Hoffmann.<br \/>\n<\/span><\/li>\n<\/ul>\n<p><span style=\"color: #008000\"><strong>Dia 04\/11\/2017, \u00e0s 13h30<\/strong><\/span><\/p>\n<ul>\n<li><span style=\"color: #000000\">Educa\u00e7\u00e3o Matem\u00e1tica na Escola B\u00e1sica &#8211; Porfa. Maria Elaine Soares, Profa. Mauren Porciuncula e Prof. Ant\u00f4nio Maur\u00edcio Alves.<br \/>\n<\/span><\/li>\n<li><span style=\"color: #000000\">Tecnologias para a Educa\u00e7\u00e3o Matem\u00e1tica &#8211; Prof. Marcelo Borba, Prof. Rodrigo Dalla Vecchia e Prof. Andr\u00e9 Ferreira.<\/span><\/li>\n<\/ul>\n<p>&nbsp;<\/p>\n","protected":false},"excerpt":{"rendered":"<p>A comiss\u00e3o organizadora do XXI EBRAPEM planejou 5 Mesas Redondas que ser\u00e3o distribu\u00eddas em dois momentos do evento, conforme segue: Dia 03\/11\/2017, \u00e0s 15h30 Forma\u00e7\u00e3o de Professores que Ensinam Matem\u00e1tica &#8211; Prof. Milton Rosa, Prof. Samuel Bello, Profa. Denise Silveira. Hist\u00f3ria da Matem\u00e1tica\/Educa\u00e7\u00e3o Matem\u00e1tica &#8211; Profa. Elisabete B\u00farigo, Prof. Wagner Valente e Profa. Circe Dynnikov. [&hellip;]<\/p>\n","protected":false},"author":711,"featured_media":0,"parent":0,"menu_order":0,"comment_status":"closed","ping_status":"closed","template":"","meta":{"footnotes":""},"class_list":["post-37","page","type-page","status-publish","hentry"],"jetpack_sharing_enabled":true,"_links":{"self":[{"href":"https:\/\/wp.ufpel.edu.br\/xxiebrapem\/wp-json\/wp\/v2\/pages\/37","targetHints":{"allow":["GET"]}}],"collection":[{"href":"https:\/\/wp.ufpel.edu.br\/xxiebrapem\/wp-json\/wp\/v2\/pages"}],"about":[{"href":"https:\/\/wp.ufpel.edu.br\/xxiebrapem\/wp-json\/wp\/v2\/types\/page"}],"author":[{"embeddable":true,"href":"https:\/\/wp.ufpel.edu.br\/xxiebrapem\/wp-json\/wp\/v2\/users\/711"}],"replies":[{"embeddable":true,"href":"https:\/\/wp.ufpel.edu.br\/xxiebrapem\/wp-json\/wp\/v2\/comments?post=37"}],"version-history":[{"count":11,"href":"https:\/\/wp.ufpel.edu.br\/xxiebrapem\/wp-json\/wp\/v2\/pages\/37\/revisions"}],"predecessor-version":[{"id":471,"href":"https:\/\/wp.ufpel.edu.br\/xxiebrapem\/wp-json\/wp\/v2\/pages\/37\/revisions\/471"}],"wp:attachment":[{"href":"https:\/\/wp.ufpel.edu.br\/xxiebrapem\/wp-json\/wp\/v2\/media?parent=37"}],"curies":[{"name":"wp","href":"https:\/\/api.w.org\/{rel}","templated":true}]}}