{"id":34,"date":"2016-12-13T10:41:51","date_gmt":"2016-12-13T12:41:51","guid":{"rendered":"https:\/\/wp.ufpel.edu.br\/xxiebrapem\/?page_id=34"},"modified":"2017-10-27T09:22:36","modified_gmt":"2017-10-27T11:22:36","slug":"programacao","status":"publish","type":"page","link":"https:\/\/wp.ufpel.edu.br\/xxiebrapem\/programacao\/","title":{"rendered":"Programa\u00e7\u00e3o"},"content":{"rendered":"<p><img class=\"alignnone wp-image-453\" src=\"https:\/\/wp.ufpel.edu.br\/xxiebrapem\/files\/2016\/12\/programa\u00e7\u00e3o-400x180.png\" alt=\"\" width=\"736\" height=\"331\" srcset=\"https:\/\/wp.ufpel.edu.br\/xxiebrapem\/files\/2016\/12\/programa\u00e7\u00e3o-400x180.png 400w, https:\/\/wp.ufpel.edu.br\/xxiebrapem\/files\/2016\/12\/programa\u00e7\u00e3o-768x345.png 768w, https:\/\/wp.ufpel.edu.br\/xxiebrapem\/files\/2016\/12\/programa\u00e7\u00e3o-1024x460.png 1024w, https:\/\/wp.ufpel.edu.br\/xxiebrapem\/files\/2016\/12\/programa\u00e7\u00e3o.png 1089w\" sizes=\"(max-width: 736px) 100vw, 736px\" \/><\/p>\n<p style=\"text-align: center\"><span style=\"color: #008000\"><strong>Mesas Redondas:<\/strong><\/span><\/p>\n<p><span style=\"color: #000000\">Dia 03\/11<\/span><\/p>\n<ul>\n<li><span style=\"color: #000000\">Forma\u00e7\u00e3o de Professores<\/span><\/li>\n<li><span style=\"color: #000000\">Hist\u00f3ria da Matem\u00e1tica\/Educa\u00e7\u00e3o Matem\u00e1tica<\/span><\/li>\n<li><span style=\"color: #000000\">Curr\u00edculo e Educa\u00e7\u00e3o Matem\u00e1tica<\/span><\/li>\n<\/ul>\n<p><span style=\"color: #000000\">dia 04\/11 <\/span><\/p>\n<ul>\n<li><span style=\"color: #000000\">Educa\u00e7\u00e3o Matem\u00e1tica da Escola B\u00e1sica<\/span><\/li>\n<li><span style=\"color: #000000\">Tecnologias para a Educa\u00e7\u00e3o Matem\u00e1tica<\/span><\/li>\n<\/ul>\n<p style=\"text-align: center\"><strong><span style=\"color: #008000\">Locais:<\/span><\/strong><\/p>\n<p><span style=\"color: #000000\"><strong>Confer\u00eancia de abertura:<\/strong> Audit\u00f3rio 2 do Centro de Artes da UFPel &#8211; Rua \u00c1lvaro Chaves, 65. Centro, Pelotas\/RS<br \/>\n<\/span><\/p>\n<p><span style=\"color: #000000\"><strong>GD&#8217;s: <\/strong><span style=\"color: #808080\"><span style=\"color: #000000\">antigo Campus II da UCPel &#8211; Rua Almirante Barroso, 1202. Centro, Pelotas\/RS<\/span><br \/>\n<\/span><\/span><\/p>\n<p><span style=\"color: #000000\"><strong>Mesas Redondas:<\/strong> antigo Campus II da UCPel &#8211; Rua Almirante Barroso, 1202. Centro, Pelotas\/RS<\/span><\/p>\n<p><span style=\"color: #000000\"><strong>Confer\u00eancia de encerramento:<\/strong> Audit\u00f3rio 2 do Centro de Artes da UFPel &#8211; Rua \u00c1lvaro Chaves, 65. Centro, Pelotas\/RS<br \/>\n<\/span><\/p>\n<p><span style=\"color: #000000\"><strong>Assembleia de encerramento:<\/strong> Audit\u00f3rio 2 do Centro de Artes da UFPel &#8211; Rua \u00c1lvaro Chaves, 65. Centro, Pelotas\/RS<br \/>\n<\/span><\/p>\n<p><span style=\"color: #000000\"><strong>Jantar de confraterniza\u00e7\u00e3o:<\/strong> <span style=\"color: #808080\"><span style=\"color: #000000\">Restaurante Trem B\u00e3o &#8211; Rua General Os\u00f3rio, 461. Centro, Pelotas\/RS<\/span><br \/>\n<\/span><\/span><\/p>\n","protected":false},"excerpt":{"rendered":"<p>Mesas Redondas: Dia 03\/11 Forma\u00e7\u00e3o de Professores Hist\u00f3ria da Matem\u00e1tica\/Educa\u00e7\u00e3o Matem\u00e1tica Curr\u00edculo e Educa\u00e7\u00e3o Matem\u00e1tica dia 04\/11 Educa\u00e7\u00e3o Matem\u00e1tica da Escola B\u00e1sica Tecnologias para a Educa\u00e7\u00e3o Matem\u00e1tica Locais: Confer\u00eancia de abertura: Audit\u00f3rio 2 do Centro de Artes da UFPel &#8211; Rua \u00c1lvaro Chaves, 65. Centro, Pelotas\/RS GD&#8217;s: antigo Campus II da UCPel &#8211; Rua Almirante [&hellip;]<\/p>\n","protected":false},"author":711,"featured_media":0,"parent":0,"menu_order":0,"comment_status":"closed","ping_status":"closed","template":"","meta":{"footnotes":""},"class_list":["post-34","page","type-page","status-publish","hentry"],"jetpack_sharing_enabled":true,"_links":{"self":[{"href":"https:\/\/wp.ufpel.edu.br\/xxiebrapem\/wp-json\/wp\/v2\/pages\/34","targetHints":{"allow":["GET"]}}],"collection":[{"href":"https:\/\/wp.ufpel.edu.br\/xxiebrapem\/wp-json\/wp\/v2\/pages"}],"about":[{"href":"https:\/\/wp.ufpel.edu.br\/xxiebrapem\/wp-json\/wp\/v2\/types\/page"}],"author":[{"embeddable":true,"href":"https:\/\/wp.ufpel.edu.br\/xxiebrapem\/wp-json\/wp\/v2\/users\/711"}],"replies":[{"embeddable":true,"href":"https:\/\/wp.ufpel.edu.br\/xxiebrapem\/wp-json\/wp\/v2\/comments?post=34"}],"version-history":[{"count":13,"href":"https:\/\/wp.ufpel.edu.br\/xxiebrapem\/wp-json\/wp\/v2\/pages\/34\/revisions"}],"predecessor-version":[{"id":542,"href":"https:\/\/wp.ufpel.edu.br\/xxiebrapem\/wp-json\/wp\/v2\/pages\/34\/revisions\/542"}],"wp:attachment":[{"href":"https:\/\/wp.ufpel.edu.br\/xxiebrapem\/wp-json\/wp\/v2\/media?parent=34"}],"curies":[{"name":"wp","href":"https:\/\/api.w.org\/{rel}","templated":true}]}}