{"id":31,"date":"2016-12-13T10:41:20","date_gmt":"2016-12-13T12:41:20","guid":{"rendered":"https:\/\/wp.ufpel.edu.br\/xxiebrapem\/?page_id=31"},"modified":"2017-06-07T09:29:31","modified_gmt":"2017-06-07T12:29:31","slug":"grupos-de-discussao","status":"publish","type":"page","link":"https:\/\/wp.ufpel.edu.br\/xxiebrapem\/grupos-de-discussao\/","title":{"rendered":"Grupos de Discuss\u00e3o"},"content":{"rendered":"<p><span style=\"color: #000000\"><strong>GD1 \u00a0 \u00a0\u00a0\u00a0 <\/strong>Educa\u00e7\u00e3o Matem\u00e1tica nos Anos Iniciais do Ensino Fundamental<\/span><\/p>\n<p><span style=\"color: #000000\"><strong>GD2\u00a0\u00a0\u00a0\u00a0\u00a0\u00a0<\/strong> Educa\u00e7\u00e3o Matem\u00e1tica nos Anos Finais do Ensino Fundamental<\/span><\/p>\n<p><span style=\"color: #000000\"><strong>GD3\u00a0\u00a0\u00a0\u00a0\u00a0\u00a0<\/strong> Educa\u00e7\u00e3o Matem\u00e1tica no Ensino M\u00e9dio<\/span><\/p>\n<p><span style=\"color: #000000\"><strong>GD4\u00a0\u00a0\u00a0\u00a0\u00a0\u00a0<\/strong> Educa\u00e7\u00e3o Matem\u00e1tica no Ensino Superior<\/span><\/p>\n<p><span style=\"color: #000000\"><strong>GD5\u00a0\u00a0\u00a0\u00a0\u00a0\u00a0<\/strong> Hist\u00f3ria da Matem\u00e1tica\/Educa\u00e7\u00e3o Matem\u00e1tica<\/span><\/p>\n<p><span style=\"color: #000000\"><strong>GD6\u00a0\u00a0\u00a0\u00a0\u00a0\u00a0<\/strong> Educa\u00e7\u00e3o Matem\u00e1tica, Tecnologias e Educa\u00e7\u00e3o \u00e0 Dist\u00e2ncia<\/span><\/p>\n<p><span style=\"color: #000000\"><strong>GD7\u00a0\u00a0\u00a0\u00a0\u00a0\u00a0<\/strong> Forma\u00e7\u00e3o de Professores que Ensinam Matem\u00e1tica<\/span><\/p>\n<p><span style=\"color: #000000\"><strong>GD8\u00a0\u00a0\u00a0\u00a0\u00a0\u00a0<\/strong> Avalia\u00e7\u00e3o em Educa\u00e7\u00e3o Matem\u00e1tica<\/span><\/p>\n<p><span style=\"color: #000000\"><strong>GD9\u00a0\u00a0\u00a0\u00a0\u00a0\u00a0<\/strong> Processos Cognitivos e Lingu\u00edsticos em Educa\u00e7\u00e3o Matem\u00e1tica<\/span><\/p>\n<p><span style=\"color: #000000\"><strong>GD10\u00a0\u00a0\u00a0\u00a0<\/strong> Modelagem Matem\u00e1tica<\/span><\/p>\n<p><span style=\"color: #000000\"><strong>GD11\u00a0\u00a0\u00a0\u00a0<\/strong> Filosofia da Educa\u00e7\u00e3o Matem\u00e1tica<\/span><\/p>\n<p><span style=\"color: #000000\"><strong>GD12\u00a0\u00a0\u00a0\u00a0<\/strong> Ensino de Probabilidade e Estat\u00edstica<\/span><\/p>\n<p><span style=\"color: #000000\"><strong>GD13\u00a0\u00a0\u00a0\u00a0<\/strong> Educa\u00e7\u00e3o Matem\u00e1tica e Inclus\u00e3o<\/span><\/p>\n<p><span style=\"color: #000000\"><strong>GD14 \u00a0<\/strong> Resolu\u00e7\u00f5es de problemas<\/span><\/p>\n<p><span style=\"color: #000000\"><strong>GD15 \u00a0<\/strong> Educa\u00e7\u00e3o Financeira<\/span><\/p>\n<p><span style=\"color: #000000\"><strong>GD16 \u00a0<\/strong> Etnomatem\u00e1tica<\/span><\/p>\n<p><span style=\"color: #000000\"><strong>GD17* \u00a0<\/strong> Curr\u00edculo, Pol\u00edticas P\u00fablicas e Educa\u00e7\u00e3o Matem\u00e1tica<\/span><\/p>\n<p>&nbsp;<\/p>\n<p><span style=\"color: #000000\">*Atendendo aos encaminhamentos dados na assembleia do XX EBRAPEM, criou-se o GD17.<\/span><\/p>\n","protected":false},"excerpt":{"rendered":"<p>GD1 \u00a0 \u00a0\u00a0\u00a0 Educa\u00e7\u00e3o Matem\u00e1tica nos Anos Iniciais do Ensino Fundamental GD2\u00a0\u00a0\u00a0\u00a0\u00a0\u00a0 Educa\u00e7\u00e3o Matem\u00e1tica nos Anos Finais do Ensino Fundamental GD3\u00a0\u00a0\u00a0\u00a0\u00a0\u00a0 Educa\u00e7\u00e3o Matem\u00e1tica no Ensino M\u00e9dio GD4\u00a0\u00a0\u00a0\u00a0\u00a0\u00a0 Educa\u00e7\u00e3o Matem\u00e1tica no Ensino Superior GD5\u00a0\u00a0\u00a0\u00a0\u00a0\u00a0 Hist\u00f3ria da Matem\u00e1tica\/Educa\u00e7\u00e3o Matem\u00e1tica GD6\u00a0\u00a0\u00a0\u00a0\u00a0\u00a0 Educa\u00e7\u00e3o Matem\u00e1tica, Tecnologias e Educa\u00e7\u00e3o \u00e0 Dist\u00e2ncia GD7\u00a0\u00a0\u00a0\u00a0\u00a0\u00a0 Forma\u00e7\u00e3o de Professores que Ensinam Matem\u00e1tica GD8\u00a0\u00a0\u00a0\u00a0\u00a0\u00a0 Avalia\u00e7\u00e3o em [&hellip;]<\/p>\n","protected":false},"author":711,"featured_media":0,"parent":0,"menu_order":0,"comment_status":"closed","ping_status":"closed","template":"","meta":{"footnotes":""},"class_list":["post-31","page","type-page","status-publish","hentry"],"jetpack_sharing_enabled":true,"_links":{"self":[{"href":"https:\/\/wp.ufpel.edu.br\/xxiebrapem\/wp-json\/wp\/v2\/pages\/31","targetHints":{"allow":["GET"]}}],"collection":[{"href":"https:\/\/wp.ufpel.edu.br\/xxiebrapem\/wp-json\/wp\/v2\/pages"}],"about":[{"href":"https:\/\/wp.ufpel.edu.br\/xxiebrapem\/wp-json\/wp\/v2\/types\/page"}],"author":[{"embeddable":true,"href":"https:\/\/wp.ufpel.edu.br\/xxiebrapem\/wp-json\/wp\/v2\/users\/711"}],"replies":[{"embeddable":true,"href":"https:\/\/wp.ufpel.edu.br\/xxiebrapem\/wp-json\/wp\/v2\/comments?post=31"}],"version-history":[{"count":5,"href":"https:\/\/wp.ufpel.edu.br\/xxiebrapem\/wp-json\/wp\/v2\/pages\/31\/revisions"}],"predecessor-version":[{"id":231,"href":"https:\/\/wp.ufpel.edu.br\/xxiebrapem\/wp-json\/wp\/v2\/pages\/31\/revisions\/231"}],"wp:attachment":[{"href":"https:\/\/wp.ufpel.edu.br\/xxiebrapem\/wp-json\/wp\/v2\/media?parent=31"}],"curies":[{"name":"wp","href":"https:\/\/api.w.org\/{rel}","templated":true}]}}