{"id":28,"date":"2016-12-13T10:40:57","date_gmt":"2016-12-13T12:40:57","guid":{"rendered":"https:\/\/wp.ufpel.edu.br\/xxiebrapem\/?page_id=28"},"modified":"2017-11-01T08:46:24","modified_gmt":"2017-11-01T10:46:24","slug":"convidados","status":"publish","type":"page","link":"https:\/\/wp.ufpel.edu.br\/xxiebrapem\/convidados\/","title":{"rendered":"Convidados"},"content":{"rendered":"<p style=\"text-align: center\"><strong><span style=\"color: #008000\">Presen\u00e7as confirmadas!!!<br \/>\n<\/span><\/strong><\/p>\n<p><span style=\"color: #000000\">\u00c1lvaro Luiz Moreira Hypolito &#8211; UFPel (<a href=\"http:\/\/buscatextual.cnpq.br\/buscatextual\/visualizacv.do?id=K4763067P5\"><span style=\"color: #008000\">Curr\u00edculo Lattes<\/span><\/a>)<\/span><\/p>\n<p><span style=\"color: #000000\">Ana L\u00facia Manrique &#8211; PUC SP (<a href=\"http:\/\/buscatextual.cnpq.br\/buscatextual\/visualizacv.do?id=K4701518U6\"><span style=\"color: #008000\">Curr\u00edculo Lattes<\/span><\/a>)<\/span><\/p>\n<p><span style=\"color: #000000\">Andr\u00e9 Luis Andrejew Ferreira &#8211; UFPEL <span style=\"color: #008000\">(<a href=\"http:\/\/buscatextual.cnpq.br\/buscatextual\/visualizacv.do?id=K4763098Z7\"><span style=\"color: #008000\">Curr\u00edculo Lattes)<\/span><\/a><\/span><\/span><\/p>\n<p><span style=\"color: #000000\">Ant\u00f4nio Maur\u00edcio Medeiros Alves &#8211; UFPel <span style=\"color: #008000\">(<a href=\"http:\/\/buscatextual.cnpq.br\/buscatextual\/visualizacv.do?id=K4137044D6\"><span style=\"color: #008000\">Curr\u00edculo Lattes<\/span><\/a>)<\/span><br \/>\n<\/span><\/p>\n<p><span style=\"color: #000000\">Carmen Teresa Kaiber &#8211; ULBRA <span style=\"color: #008000\">(<a href=\"http:\/\/buscatextual.cnpq.br\/buscatextual\/visualizacv.do?id=K4707410H6\"><span style=\"color: #008000\">Curr\u00edculo Lattes<\/span><\/a>)<\/span><br \/>\n<\/span><\/p>\n<p><span class=\"gD\" style=\"color: #000000\">Circe Mary Silva da Silva Dynnikov &#8211; UFPEL <span style=\"color: #008000\">(<a href=\"http:\/\/buscatextual.cnpq.br\/buscatextual\/visualizacv.do?id=K4787090D0\"><span style=\"color: #008000\">Curr\u00edculo Lattes<\/span><\/a>)<\/span><br \/>\n<\/span><\/p>\n<p><span style=\"color: #000000\">Daniela Stevanin Hoffmann &#8211; UFPEL <span style=\"color: #008000\">(<a href=\"http:\/\/buscatextual.cnpq.br\/buscatextual\/visualizacv.do?id=K4771413Z6\"><span style=\"color: #008000\">Curr\u00edculo Lattes<\/span><\/a>)<\/span><br \/>\n<\/span><\/p>\n<p><span style=\"color: #000000\">Denise Nascimento Silveira &#8211; UFPel <span style=\"color: #008000\">(<a href=\"http:\/\/buscatextual.cnpq.br\/buscatextual\/visualizacv.do?id=K4779937T8\"><span style=\"color: #008000\">Curr\u00edculo Lattes<\/span><\/a>)<\/span><br \/>\n<\/span><\/p>\n<p><span style=\"color: #000000\">Diva Maria Flemming &#8211; UNISUL (<a href=\"http:\/\/buscatextual.cnpq.br\/buscatextual\/visualizacv.do?id=K4795611H3\"><span style=\"color: #008000\">Curr\u00edculo Lattes<\/span><\/a>)<\/span><\/p>\n<p><span style=\"color: #000000\">Elaine Corr\u00eaa Pereira &#8211; FURG &#8211; (<span style=\"color: #008000\"><a href=\"http:\/\/buscatextual.cnpq.br\/buscatextual\/visualizacv.do?id=K4556970E6\"><span style=\"color: #008000\">Curr\u00edculo Lattes<\/span><\/a><\/span>)<\/span><\/p>\n<p><span style=\"color: #000000\">Elisabete B\u00farigo &#8211; UFRGS <span style=\"color: #008000\">(<a href=\"http:\/\/buscatextual.cnpq.br\/buscatextual\/visualizacv.do?id=K4782874A1\"><span style=\"color: #008000\">Curr\u00edculo Lattes<\/span><\/a>)<\/span><br \/>\n<\/span><\/p>\n<p><span style=\"color: #000000\">Helena D\u00f3ria Lucas de Oliveira<\/span> (<span style=\"color: #008080\"><a href=\"http:\/\/buscatextual.cnpq.br\/buscatextual\/visualizacv.do?id=K4704975Y0\"><span style=\"color: #008080\"><span style=\"color: #008000\">Curr\u00edculo Lattes<\/span><\/span><\/a><\/span>)<\/p>\n<p><span style=\"color: #000000\">Isolda Gianni de Lima &#8211; UCS (<span style=\"color: #008000\"><a href=\"http:\/\/buscatextual.cnpq.br\/buscatextual\/visualizacv.do?id=K4701447D2\"><span style=\"color: #008000\">Curr\u00edculo Lattes<\/span><\/a><\/span>)<\/span><\/p>\n<p><span style=\"color: #000000\">Jo\u00e3o Alberto da Silva &#8211; FURG <span style=\"color: #008000\">(<a href=\"http:\/\/buscatextual.cnpq.br\/buscatextual\/visualizacv.do?id=K4772403Y2\"><span style=\"color: #008000\">Curr\u00edculo Lattes<\/span><\/a>)<\/span><br \/>\n<\/span><\/p>\n<p><span style=\"color: #000000\">Karin Ritter Jelinek <\/span><span style=\"color: #000000\">&#8211; FURG <span style=\"color: #008000\">(<a href=\"http:\/\/buscatextual.cnpq.br\/buscatextual\/visualizacv.do?id=K4766629P5\"><span style=\"color: #008000\">Curr\u00edculo Lattes<\/span><\/a>)<\/span><br \/>\n<\/span><\/p>\n<p><span style=\"color: #000000\">Laurete Zanol Sauer &#8211; UCS <span style=\"color: #008000\">(<a href=\"http:\/\/buscatextual.cnpq.br\/buscatextual\/visualizacv.do?id=K4708065Y5\"><span style=\"color: #008000\">Curr\u00edculo Lattes<\/span><\/a>)<\/span><br \/>\n<\/span><\/p>\n<p><span style=\"color: #000000\">Leandra Fioreze &#8211; UFRGS (<a href=\"http:\/\/buscatextual.cnpq.br\/buscatextual\/visualizacv.do?id=K4799524T9\"><span style=\"color: #008000\">Curr\u00edculo Lattes<\/span><\/a>)<\/span><\/p>\n<p><span style=\"color: #000000\">Marcelo de Carvalho Borba &#8211; UNESP <\/span>(<span style=\"color: #008000\"><a href=\"http:\/\/buscatextual.cnpq.br\/buscatextual\/visualizacv.do?id=K4781765U0\"><span style=\"color: #008000\">Curr\u00edculo Lattes<\/span><\/a><\/span>)<\/p>\n<p><span style=\"color: #000000\">Marcia Jussara Rehfeldt &#8211; UNIVATS <span style=\"color: #008000\">(<a href=\"http:\/\/buscatextual.cnpq.br\/buscatextual\/visualizacv.do?id=K4739374J4\"><span style=\"color: #008000\">Curr\u00edculo Lattes<\/span><\/a>)<\/span><br \/>\n<\/span><\/p>\n<p><span style=\"color: #000000\">M\u00e1rcia Souza da Fonseca &#8211; UFPEL <span style=\"color: #008000\">(<a href=\"http:\/\/buscatextual.cnpq.br\/buscatextual\/visualizacv.do?id=K4761274T1\"><span style=\"color: #008000\">Curr\u00edculo Lattes<\/span><\/a>)<\/span><br \/>\n<\/span><\/p>\n<p><span style=\"color: #000000\">Marcus Vinicius de Azevedo Basso &#8211; UFRGS (<a href=\"http:\/\/lattes.cnpq.br\/5478310789654878\"><span style=\"color: #008000\">Curr\u00edculo Lattes<\/span><\/a>)<br \/>\n<\/span><\/p>\n<p><span style=\"color: #000000\">Maria Arlita da Silveira Soares &#8211; UNIPAMPA (<span style=\"color: #008000\"><a href=\"http:\/\/buscatextual.cnpq.br\/buscatextual\/visualizacv.do?id=K4779075T9\"><span style=\"color: #008000\">Curr\u00edculo Lattes<\/span><\/a><\/span>)<\/span><\/p>\n<p><span style=\"color: #000000\">Maria Cec\u00edlia Bueno Fischer &#8211; UFRGS<\/span> (<a href=\"http:\/\/buscatextual.cnpq.br\/buscatextual\/visualizacv.do?id=K4787334A1\"><span style=\"color: #008000\">Curr\u00edculo Lattes<\/span><\/a>)<\/p>\n<p><span style=\"color: #000000\">Maria Elaine Soares &#8211; CAVG <span style=\"color: #008000\">(<a href=\"http:\/\/buscatextual.cnpq.br\/buscatextual\/visualizacv.do?id=K4771251H5\"><span style=\"color: #008000\">Curr\u00edculo Lattes<\/span><\/a>)<\/span><br \/>\n<\/span><\/p>\n<p><span style=\"color: #000000\">Marta Cristina Cezar Pozzobon &#8211; UNIPAMPA (<a href=\"http:\/\/buscatextual.cnpq.br\/buscatextual\/visualizacv.do?id=K4229930Y3\"><span style=\"color: #008000\">Curr\u00edculo Lattes<\/span><\/a>)<\/span><\/p>\n<p><span style=\"color: #000000\">Maurem Porci\u00fancula Moreira da Silva &#8211; FURG (<span style=\"color: #008000\"><a href=\"http:\/\/buscatextual.cnpq.br\/buscatextual\/visualizacv.do?id=K4773585A3\"><span style=\"color: #008000\">Curr\u00edculo Lattes<\/span><\/a><\/span>)<\/span><\/p>\n<p><span style=\"color: #000000\">Milton Rosa &#8211; UFOP (<a href=\"http:\/\/buscatextual.cnpq.br\/buscatextual\/visualizacv.do?id=K4702945P8\"><span style=\"color: #008000\">Curr\u00edculo Lattes<\/span><\/a>)<\/span><\/p>\n<p><span style=\"color: #000000\">Patr\u00edcia Fantinel &#8211; UFPEL<span style=\"color: #008000\"> (<a href=\"http:\/\/buscatextual.cnpq.br\/buscatextual\/visualizacv.do?id=K4708883D3\"><span style=\"color: #008000\">Curr\u00edculo Lattes<\/span><\/a>)<\/span><br \/>\n<\/span><\/p>\n<p><span style=\"color: #000000\">Rafael Montoito &#8211; IFSUL <span style=\"color: #008000\">(<a href=\"http:\/\/buscatextual.cnpq.br\/buscatextual\/visualizacv.do?id=K4261312P8\"><span style=\"color: #008000\">Curr\u00edculo Lattes<\/span><\/a>)<\/span><br \/>\n<\/span><\/p>\n<p><span style=\"color: #000000\">Rejane Pergher &#8211; UFPEL <span style=\"color: #008000\">(<a href=\"http:\/\/buscatextual.cnpq.br\/buscatextual\/visualizacv.do?id=K4796265P5\"><span style=\"color: #008000\">Curr\u00edculo Lattes<\/span><\/a>)<\/span><br \/>\n<\/span><\/p>\n<p><span style=\"color: #000000\">Rodrigo Dalla Vecchia &#8211; UFRGS <span style=\"color: #008000\">(<a href=\"http:\/\/buscatextual.cnpq.br\/buscatextual\/visualizacv.do?id=K4137913P6\"><span style=\"color: #008000\">Curr\u00edculo Lattes<\/span><\/a>)<\/span><br \/>\n<\/span><\/p>\n<p><span style=\"color: #000000\">Rozane da Silveira Alves &#8211; UFPEL <span style=\"color: #008000\">(<a href=\"http:\/\/buscatextual.cnpq.br\/buscatextual\/visualizacv.do?id=K4779365E0\"><span style=\"color: #008000\">Curr\u00edculo Lattes<\/span><\/a>)<\/span><br \/>\n<\/span><\/p>\n<p><span style=\"color: #000000\">Samuel Edmundo Lopez Bello &#8211; UFRGS (<span style=\"color: #008000\"><a href=\"http:\/\/buscatextual.cnpq.br\/buscatextual\/visualizacv.do?id=K4700419E6\"><span style=\"color: #008000\">Curr\u00edculo Lattes<\/span><\/a><\/span>)<\/span><\/p>\n<p><span style=\"color: #000000\">Suzane Vieira Gon\u00e7alves- FURG <span style=\"color: #008000\">(<a href=\"http:\/\/buscatextual.cnpq.br\/buscatextual\/visualizacv.do?id=K4776799J5\"><span style=\"color: #008000\">Curr\u00edculo Lattes<\/span><\/a>)<\/span><br \/>\n<\/span><\/p>\n<p><span style=\"color: #000000\">Suzi Sam\u00e1 Pinto &#8211; FURG <span style=\"color: #008000\">(<a href=\"http:\/\/buscatextual.cnpq.br\/buscatextual\/visualizacv.do?id=K4776048E5\"><span style=\"color: #008000\">Curr\u00edculo Lattes<\/span><\/a>)<\/span><br \/>\n<\/span><\/p>\n<p><span style=\"color: #000000\">Tanise Novello &#8211; FURG <span style=\"color: #008000\">(<a href=\"http:\/\/buscatextual.cnpq.br\/buscatextual\/visualizacv.do?id=K4775462Y1\"><span style=\"color: #008000\">Curr\u00edculo Lattes<\/span><\/a>)<\/span><br \/>\n<\/span><\/p>\n<p><span style=\"color: #000000\">Tha\u00eds Philipsen Gr\u00fctzmann\u00a0&#8211; UFPEL\u00a0<span style=\"color: #008000\">(<a href=\"http:\/\/buscatextual.cnpq.br\/buscatextual\/visualizacv.do?id=K4251825T5\"><span style=\"color: #008000\">Curr\u00edculo Lattes<\/span><\/a>)<\/span><i> <\/i><\/span><\/p>\n<p><span style=\"color: #000000\">Wagner Valente &#8211; UNIFESP <span style=\"color: #008000\">(<a href=\"http:\/\/buscatextual.cnpq.br\/buscatextual\/visualizacv.do?id=K4797642D0\"><span style=\"color: #008000\">Curr\u00edculo Lattes<\/span><\/a>)<\/span><br \/>\n<\/span><\/p>\n","protected":false},"excerpt":{"rendered":"<p>Presen\u00e7as confirmadas!!! \u00c1lvaro Luiz Moreira Hypolito &#8211; UFPel (Curr\u00edculo Lattes) Ana L\u00facia Manrique &#8211; PUC SP (Curr\u00edculo Lattes) Andr\u00e9 Luis Andrejew Ferreira &#8211; UFPEL (Curr\u00edculo Lattes) Ant\u00f4nio Maur\u00edcio Medeiros Alves &#8211; UFPel (Curr\u00edculo Lattes) Carmen Teresa Kaiber &#8211; ULBRA (Curr\u00edculo Lattes) Circe Mary Silva da Silva Dynnikov &#8211; UFPEL (Curr\u00edculo Lattes) Daniela Stevanin Hoffmann &#8211; [&hellip;]<\/p>\n","protected":false},"author":711,"featured_media":0,"parent":0,"menu_order":0,"comment_status":"closed","ping_status":"closed","template":"","meta":{"footnotes":""},"class_list":["post-28","page","type-page","status-publish","hentry"],"jetpack_sharing_enabled":true,"_links":{"self":[{"href":"https:\/\/wp.ufpel.edu.br\/xxiebrapem\/wp-json\/wp\/v2\/pages\/28","targetHints":{"allow":["GET"]}}],"collection":[{"href":"https:\/\/wp.ufpel.edu.br\/xxiebrapem\/wp-json\/wp\/v2\/pages"}],"about":[{"href":"https:\/\/wp.ufpel.edu.br\/xxiebrapem\/wp-json\/wp\/v2\/types\/page"}],"author":[{"embeddable":true,"href":"https:\/\/wp.ufpel.edu.br\/xxiebrapem\/wp-json\/wp\/v2\/users\/711"}],"replies":[{"embeddable":true,"href":"https:\/\/wp.ufpel.edu.br\/xxiebrapem\/wp-json\/wp\/v2\/comments?post=28"}],"version-history":[{"count":30,"href":"https:\/\/wp.ufpel.edu.br\/xxiebrapem\/wp-json\/wp\/v2\/pages\/28\/revisions"}],"predecessor-version":[{"id":551,"href":"https:\/\/wp.ufpel.edu.br\/xxiebrapem\/wp-json\/wp\/v2\/pages\/28\/revisions\/551"}],"wp:attachment":[{"href":"https:\/\/wp.ufpel.edu.br\/xxiebrapem\/wp-json\/wp\/v2\/media?parent=28"}],"curies":[{"name":"wp","href":"https:\/\/api.w.org\/{rel}","templated":true}]}}