{"id":147,"date":"2017-02-08T14:53:09","date_gmt":"2017-02-08T16:53:09","guid":{"rendered":"https:\/\/wp.ufpel.edu.br\/xxiebrapem\/?page_id=147"},"modified":"2017-10-10T12:24:21","modified_gmt":"2017-10-10T15:24:21","slug":"transporte","status":"publish","type":"page","link":"https:\/\/wp.ufpel.edu.br\/xxiebrapem\/transporte\/","title":{"rendered":"Transporte"},"content":{"rendered":"<p style=\"text-align: center\"><strong><span style=\"color: #008000\">DICAS IMPORTANTES:<\/span><\/strong><\/p>\n<p><span style=\"color: #008000\"><strong>transporte com \u00f4nibus gratuito da UFPel &#8211; PELOTAS &#8211; PORTO ALEGRE &#8211; PELOTAS:<\/strong><\/span><\/p>\n<p style=\"text-align: justify\"><span style=\"color: #000000\">A UFPel nos disponibilizou 1 \u00f4nibus para trazer professores e alguns alunos participantes dia 02\/11 e 2 \u00f4nibus para levar professores e participantes de volta a Porto Alegre dia 05\/11. Esses \u00f4nibus ser\u00e3o usados para o translado dos professores coordenadores dos GDs e para os alunos participantes do EBRAPEM. A ordem de preenchimento dos lugares \u00e9 a seguinte:<\/span><span class=\"text_exposed_show\"><br \/>\n<span style=\"color: #000000\"> 1. Professores Avaliadores<\/span><br \/>\n<span style=\"color: #000000\"> 2. Alunos de fora do RS<\/span><br \/>\n<span style=\"color: #000000\"> 3. Alunos do RS<\/span><br \/>\n<span style=\"color: #000000\"> No \u00f4nibus do dia 02\/11 devemos ter poucos lugares para os participantes, mas nos \u00f4nibus do dia 05\/11 teremos mais de 40 lugares.<\/span><br \/>\n<span style=\"color: #000000\"> A colega Gabriela Conrado ser\u00e1 a respons\u00e1vel por receber os nomes dos passageiros e elaborar a listagem. O contato dela \u00e9 gabipof@gmail.com.<\/span><br \/>\n<\/span><\/p>\n<p style=\"text-align: justify\"><span style=\"color: #008000\">O \u00f4nibus do dia 02\/11 sa\u00edra do aeroporto de Porto Alegre \u00e0s 13h30, passar\u00e1 na Rodovi\u00e1ria de Porto Alegre e seguir\u00e1 para Pelotas, tendo como local de chegada o Hotel Curi Palace &#8211;\u00a0<span class=\"_Xbe\">R. Gen. Neto, 1279. A previs\u00e3o de hor\u00e1rio da chegada \u00e9 17h30.<\/span><\/span><\/p>\n<p style=\"text-align: justify\"><span style=\"color: #008000\">Os \u00f4nibus do dia 05\/11 sair\u00e3o, um do Museu de Arte Leopoldo Gotuzzo (MALG) &#8211; <span class=\"_Xbe\">R. Gen. Os\u00f3rio, 725 &#8211; Centro, e o outro do Hotel Curi Palace &#8211;\u00a0R. Gen. Neto, 1279, \u00e0s 6h\u00a0 e seguir\u00e3o para o aeroporto e a rodovi\u00e1ria de Porto Alegre. A previs\u00e3o de chegada \u00e9 12h.<\/span><\/span><\/p>\n<div class=\"text_exposed_show\">\n<p><span style=\"color: #000000\">Um grupo no facebook foi criado para facilitar a comunica\u00e7\u00e3o:<\/span> <span style=\"color: #008000\"><a class=\"profileLink\" href=\"https:\/\/www.facebook.com\/groups\/857485807752970\/?fref=mentions\"><span style=\"color: #008000\">https:\/\/www.facebook.com\/groups\/857485807752970\/<\/span><\/a><\/span><\/p>\n<p>&nbsp;<\/p>\n<\/div>\n<p><span style=\"color: #008000\"><strong>transporte a\u00e9reo:<\/strong><\/span><\/p>\n<ul>\n<li style=\"text-align: justify\"><span style=\"color: #000000\">Apenas uma companhia a\u00e9rea (AZUL) faz voos at\u00e9 a cidade de Pelotas. O pre\u00e7o da passagem poder\u00e1 ser reduzido quando comprada com anteced\u00eancia;<\/span><\/li>\n<li style=\"text-align: justify\"><span style=\"color: #000000\">Os voos que chegam a Pelotas saem exclusivamente do aeroporto de Porto Alegre;<\/span><\/li>\n<li><span style=\"color: #000000\">Site da empresa Azul: <a href=\"https:\/\/www.voeazul.com.br\/\"><span style=\"color: #008000\">https:\/\/www.voeazul.com.br\/<\/span>;<\/a><\/span><\/li>\n<\/ul>\n<p style=\"text-align: justify\"><span style=\"color: #000000\">Abaixo apresentamos um <em>print<\/em> de tela de uma simula\u00e7\u00e3o de voo saindo de Porto Alegre para Pelotas (Revisado em 12-09-2017) \u2013 observe que na sexta-feira, dia 03\/11, n\u00e3o h\u00e1 voo direcionado para Pelotas.<\/span><\/p>\n<p><span style=\"color: #000000\"><img class=\" wp-image-343 aligncenter\" src=\"https:\/\/wp.ufpel.edu.br\/xxiebrapem\/files\/2017\/02\/AZUL-400x203.png\" alt=\"\" width=\"601\" height=\"305\" srcset=\"https:\/\/wp.ufpel.edu.br\/xxiebrapem\/files\/2017\/02\/AZUL-400x203.png 400w, https:\/\/wp.ufpel.edu.br\/xxiebrapem\/files\/2017\/02\/AZUL-768x390.png 768w, https:\/\/wp.ufpel.edu.br\/xxiebrapem\/files\/2017\/02\/AZUL.png 994w\" sizes=\"(max-width: 601px) 100vw, 601px\" \/><br \/>\n<\/span><\/p>\n<ul>\n<li style=\"text-align: justify\"><span style=\"color: #000000\">O aeroporto de Porto Alegre (Salgado Filho) tem dois terminais. Entre os terminais existe um \u00f4nibus gratuito que faz o transporte.<\/span>\n<ol>\n<li><span style=\"color: #000000\">No terminal 1 operam as empresas GOL, LATAM e AVIANCA.<\/span><\/li>\n<li><span style=\"color: #000000\">No terminal 2 opera a empresa AZUL.<\/span><\/li>\n<\/ol>\n<\/li>\n<li style=\"text-align: justify\"><span style=\"color: #000000\">Outra op\u00e7\u00e3o \u00e9 ir de avi\u00e3o at\u00e9 Porto Alegre e realizar o trajeto Porto Alegre &#8211; Pelotas de \u00f4nibus. Os \u00f4nibus saem da rodovi\u00e1ria de Porto Alegre de hora em hora;<\/span><\/li>\n<li style=\"text-align: justify\"><span style=\"color: #000000\">Existe um posto de compra de passagens rodovi\u00e1rias no aeroporto de Porto Alegre;<\/span><\/li>\n<li style=\"text-align: justify\"><span style=\"color: #000000\">O Site para compra on-line de passagens ou consulta aos hor\u00e1rios de sa\u00edda dos \u00f4nibus da rodovi\u00e1ria Porto Alegre \u2013 Pelotas \u00e9 <a href=\"http:\/\/www.rodoviaria-poa.com.br\"><span style=\"color: #008000\">http:\/\/www.rodoviaria-poa.com.br<\/span>;<\/a><\/span><\/li>\n<\/ul>\n<p style=\"text-align: justify\"><span style=\"color: #000000\">Para se deslocar do aeroporto at\u00e9 a rodovi\u00e1ria de Porto Alegre \u00e9 poss\u00edvel usar o <em>Trensurb<\/em> (um metr\u00f4 que para em poucos pontos da cidade). Voc\u00ea compra a passagem no aeroporto e embarca no Aerom\u00f3vel que te levar\u00e1 at\u00e9 o Trensurb.<\/span><img class=\" wp-image-344 aligncenter\" src=\"https:\/\/wp.ufpel.edu.br\/xxiebrapem\/files\/2017\/02\/aeromovel-400x248.png\" alt=\"\" width=\"601\" height=\"373\" srcset=\"https:\/\/wp.ufpel.edu.br\/xxiebrapem\/files\/2017\/02\/aeromovel-400x248.png 400w, https:\/\/wp.ufpel.edu.br\/xxiebrapem\/files\/2017\/02\/aeromovel.png 701w\" sizes=\"(max-width: 601px) 100vw, 601px\" \/><span style=\"color: #000000\">O pre\u00e7o da tarifa do Aerom\u00f3vel\/Trensurb \u00e9 R$1,70, e ele sai do terminal 1 do Aeroporto (segundo piso do edif\u00edcio garagem) em dire\u00e7\u00e3o ao Trensurb.<\/span><\/p>\n<p style=\"text-align: justify\"><span style=\"color: #000000\">Voc\u00ea descer\u00e1 do Aerom\u00f3vel dentro da esta\u00e7\u00e3o \u201caeroporto\u201d do <em>Trensurb<\/em> ( n\u00e3o sendo necess\u00e1rio pagar novamente) e seguir\u00e1 de Trensurb at\u00e9 a esta\u00e7\u00e3o \u201crodovi\u00e1ria\u201d. Tempo estimado &lt;15 minutos&gt;.<\/span><\/p>\n<p>&nbsp;<\/p>\n<p style=\"text-align: justify\"><span style=\"color: #008000\"><strong>transporte terrestre:<\/strong><\/span><\/p>\n<ul style=\"text-align: justify\">\n<li><span style=\"color: #000000\">H\u00e1 \u00f4nibus saindo de hora em hora da rodovi\u00e1ria de Porto Alegre em dire\u00e7\u00e3o \u00e0 Pelotas;<\/span><\/li>\n<li><span style=\"color: #000000\">O Site para compra on-line de passagens ou consulta aos hor\u00e1rios de sa\u00edda dos \u00f4nibus da rodovi\u00e1ria Porto Alegre \u2013 Pelotas \u00e9<\/span> <a href=\"http:\/\/www.rodoviaria-poa.com.br\"><span style=\"color: #008000\">http:\/\/www.rodoviaria-poa.com.br;<\/span><\/a><\/li>\n<li><span style=\"color: #000000\">A \u00fanica empresa que realiza o translado Porto Alegre &#8211; Pelotas \u00e9 a empresa Embaixador. Essa empresa pode cobrar at\u00e9 tr\u00eas tipos de tarifas: Comum\/Direto\/Executivo \u2013 Gold, conforme tabela abaixo.<\/span><\/li>\n<\/ul>\n<p style=\"text-align: justify\"><span style=\"color: #000000\">Dica: observe os hor\u00e1rios, pois em alguns deles apenas o \u00f4nibus Executivo sai da rodovi\u00e1ria.<\/span><\/p>\n<table>\n<tbody>\n<tr>\n<td width=\"152\">\n<p style=\"text-align: center\"><span style=\"color: #000000\">Modalidade<\/span><\/p>\n<\/td>\n<td style=\"text-align: center\" width=\"125\"><span style=\"color: #000000\">Valor sem seguro<\/span><\/td>\n<td style=\"text-align: center\" width=\"126\"><span style=\"color: #000000\">Valor com seguro<\/span><\/td>\n<td style=\"text-align: center\" width=\"126\"><span style=\"color: #000000\">Tempo Estimado de viagem<\/span><\/td>\n<\/tr>\n<tr>\n<td width=\"152\">\n<p style=\"text-align: center\"><span style=\"color: #000000\">Comum<\/span><\/p>\n<\/td>\n<td width=\"125\">\n<p style=\"text-align: center\"><span style=\"color: #000000\">56,95<\/span><\/p>\n<\/td>\n<td width=\"126\">\n<p style=\"text-align: center\"><span style=\"color: #000000\">61,10<\/span><\/p>\n<\/td>\n<td width=\"126\">\n<p style=\"text-align: center\"><span style=\"color: #000000\">4:00<\/span><\/p>\n<\/td>\n<\/tr>\n<tr>\n<td width=\"152\">\n<p style=\"text-align: center\"><span style=\"color: #000000\">Direto<\/span><\/p>\n<\/td>\n<td width=\"125\">\n<p style=\"text-align: center\"><span style=\"color: #000000\">66,55<\/span><\/p>\n<\/td>\n<td width=\"126\">\n<p style=\"text-align: center\"><span style=\"color: #000000\">70,70<\/span><\/p>\n<\/td>\n<td width=\"126\">\n<p style=\"text-align: center\"><span style=\"color: #000000\">3:30<\/span><\/p>\n<\/td>\n<\/tr>\n<tr>\n<td style=\"text-align: center\" width=\"152\"><span style=\"color: #000000\">Executivo &#8211; Gold<\/span><\/td>\n<td style=\"text-align: center\" width=\"125\"><span style=\"color: #000000\">86,30<\/span><\/td>\n<td style=\"text-align: center\" width=\"126\"><span style=\"color: #000000\">90,45<\/span><\/td>\n<td width=\"126\">\n<p style=\"text-align: center\"><span style=\"color: #000000\">3:10<\/span><\/p>\n<\/td>\n<\/tr>\n<\/tbody>\n<\/table>\n<ul>\n<li style=\"text-align: justify\"><span style=\"color: #000000\">Existem outras op\u00e7\u00f5es de \u00f4nibus para Pelotas: <\/span><\/li>\n<\/ul>\n<ol style=\"text-align: justify\">\n<li><span style=\"color: #000000\">H\u00e1 uma linha de \u00f4nibus que sai de S\u00e3o Paulo e segue em dire\u00e7\u00e3o \u00e0 Santana do Livramento, e uma que sai do Rio de Janeiro em dire\u00e7\u00e3o \u00e0 Rio Grande, e ambas passam por Pelotas. (sugest\u00f5es: \u00a0<a href=\"http:\/\/www.buscaonibus.com.br\/\"><span style=\"color: #008000\">http:\/\/www.buscaonibus.com.br\/<\/span><\/a> ou <a href=\"http:\/\/www.checkmybus.com.br\"><span style=\"color: #008000\">http:\/\/www.checkmybus.com.br<\/span><span style=\"color: #000000\">)<\/span><\/a><\/span><\/li>\n<li><span style=\"color: #000000\">Um hor\u00e1rio da Empresa <em>Frederes<\/em> \u00a0(Meia-noite) que faz a linha Porto Alegre \u2013 Jaguar\u00e3o e passa por Pelotas.<\/span><\/li>\n<\/ol>\n<ul>\n<li><span style=\"color: #000000\">Na cidade existem 2 r\u00e1dio t\u00e1xis com aproximadamente 200 carros que poder\u00e3o atender os participantes do evento:<\/span><\/li>\n<\/ul>\n<ol>\n<li><span style=\"color: #000000\">R\u00e1dio T\u00e1xi Princesa &#8211; Telefone 3225 8466<\/span><\/li>\n<li><span style=\"color: #000000\">R\u00e1dio T\u00e1xi Vit\u00f3ria &#8211; Telefone 3225 0900<\/span><\/li>\n<\/ol>\n<ul>\n<li><span style=\"color: #000000\">H\u00e1 servi\u00e7o de UBER na cidade de Pelotas;<\/span><\/li>\n<\/ul>\n<div class=\"text_exposed_show\"><\/div>\n","protected":false},"excerpt":{"rendered":"<p>DICAS IMPORTANTES: transporte com \u00f4nibus gratuito da UFPel &#8211; PELOTAS &#8211; PORTO ALEGRE &#8211; PELOTAS: A UFPel nos disponibilizou 1 \u00f4nibus para trazer professores e alguns alunos participantes dia 02\/11 e 2 \u00f4nibus para levar professores e participantes de volta a Porto Alegre dia 05\/11. Esses \u00f4nibus ser\u00e3o usados para o translado dos professores coordenadores [&hellip;]<\/p>\n","protected":false},"author":711,"featured_media":0,"parent":0,"menu_order":0,"comment_status":"closed","ping_status":"closed","template":"","meta":{"footnotes":""},"class_list":["post-147","page","type-page","status-publish","hentry"],"jetpack_sharing_enabled":true,"_links":{"self":[{"href":"https:\/\/wp.ufpel.edu.br\/xxiebrapem\/wp-json\/wp\/v2\/pages\/147","targetHints":{"allow":["GET"]}}],"collection":[{"href":"https:\/\/wp.ufpel.edu.br\/xxiebrapem\/wp-json\/wp\/v2\/pages"}],"about":[{"href":"https:\/\/wp.ufpel.edu.br\/xxiebrapem\/wp-json\/wp\/v2\/types\/page"}],"author":[{"embeddable":true,"href":"https:\/\/wp.ufpel.edu.br\/xxiebrapem\/wp-json\/wp\/v2\/users\/711"}],"replies":[{"embeddable":true,"href":"https:\/\/wp.ufpel.edu.br\/xxiebrapem\/wp-json\/wp\/v2\/comments?post=147"}],"version-history":[{"count":13,"href":"https:\/\/wp.ufpel.edu.br\/xxiebrapem\/wp-json\/wp\/v2\/pages\/147\/revisions"}],"predecessor-version":[{"id":427,"href":"https:\/\/wp.ufpel.edu.br\/xxiebrapem\/wp-json\/wp\/v2\/pages\/147\/revisions\/427"}],"wp:attachment":[{"href":"https:\/\/wp.ufpel.edu.br\/xxiebrapem\/wp-json\/wp\/v2\/media?parent=147"}],"curies":[{"name":"wp","href":"https:\/\/api.w.org\/{rel}","templated":true}]}}