{"id":124,"date":"2016-12-13T14:45:19","date_gmt":"2016-12-13T16:45:19","guid":{"rendered":"https:\/\/wp.ufpel.edu.br\/xxiebrapem\/?page_id=124"},"modified":"2016-12-13T15:59:19","modified_gmt":"2016-12-13T17:59:19","slug":"aplicativo-pelotas-tem","status":"publish","type":"page","link":"https:\/\/wp.ufpel.edu.br\/xxiebrapem\/aplicativo-pelotas-tem\/","title":{"rendered":"Aplicativo PELOTAS TEM"},"content":{"rendered":"<p style=\"text-align: justify\"><span style=\"color: #000000\">O aplicativo &#8220;Pelotas Tem&#8221; foi desenvolvido pela Prefeitura Municipal de Pelotas e tem como objetivo facilitar a vida de turistas que visitam a Princesa do Sul. Ele disp\u00f5e de um guia virtual da cidade e permite tour guiado atrav\u00e9s dos roteiros do aplicativo. Al\u00e9m disso, re\u00fane em uma agenda, eventos de diversos segmentos: shows, culturais, esportivos, acad\u00eamicos e tur\u00edsticos.<\/span><\/p>\n<p style=\"text-align: justify\"><span style=\"color: #000000\">Para fazer o download do aplicativo, basta acessar a<\/span> <strong><span style=\"color: #3366ff\"><a style=\"color: #3366ff\" href=\"https:\/\/itunes.apple.com\/br\/app\/pelotas-tem\/id949590940?mt=8\">App Store<\/a> <\/span><\/strong><span style=\"color: #000000\">ou a<\/span> <span style=\"color: #3366ff\"><strong><a style=\"color: #3366ff\" href=\"https:\/\/play.google.com\/store\/apps\/details?id=com.cohde.turismopelotas&amp;hl=pt_BR\">Play Store.<\/a><\/strong><\/span><\/p>\n","protected":false},"excerpt":{"rendered":"<p>O aplicativo &#8220;Pelotas Tem&#8221; foi desenvolvido pela Prefeitura Municipal de Pelotas e tem como objetivo facilitar a vida de turistas que visitam a Princesa do Sul. Ele disp\u00f5e de um guia virtual da cidade e permite tour guiado atrav\u00e9s dos roteiros do aplicativo. Al\u00e9m disso, re\u00fane em uma agenda, eventos de diversos segmentos: shows, culturais, [&hellip;]<\/p>\n","protected":false},"author":711,"featured_media":0,"parent":0,"menu_order":0,"comment_status":"closed","ping_status":"closed","template":"","meta":{"footnotes":""},"class_list":["post-124","page","type-page","status-publish","hentry"],"jetpack_sharing_enabled":true,"_links":{"self":[{"href":"https:\/\/wp.ufpel.edu.br\/xxiebrapem\/wp-json\/wp\/v2\/pages\/124","targetHints":{"allow":["GET"]}}],"collection":[{"href":"https:\/\/wp.ufpel.edu.br\/xxiebrapem\/wp-json\/wp\/v2\/pages"}],"about":[{"href":"https:\/\/wp.ufpel.edu.br\/xxiebrapem\/wp-json\/wp\/v2\/types\/page"}],"author":[{"embeddable":true,"href":"https:\/\/wp.ufpel.edu.br\/xxiebrapem\/wp-json\/wp\/v2\/users\/711"}],"replies":[{"embeddable":true,"href":"https:\/\/wp.ufpel.edu.br\/xxiebrapem\/wp-json\/wp\/v2\/comments?post=124"}],"version-history":[{"count":3,"href":"https:\/\/wp.ufpel.edu.br\/xxiebrapem\/wp-json\/wp\/v2\/pages\/124\/revisions"}],"predecessor-version":[{"id":134,"href":"https:\/\/wp.ufpel.edu.br\/xxiebrapem\/wp-json\/wp\/v2\/pages\/124\/revisions\/134"}],"wp:attachment":[{"href":"https:\/\/wp.ufpel.edu.br\/xxiebrapem\/wp-json\/wp\/v2\/media?parent=124"}],"curies":[{"name":"wp","href":"https:\/\/api.w.org\/{rel}","templated":true}]}}