{"id":979,"date":"2015-03-28T23:55:34","date_gmt":"2015-03-29T02:55:34","guid":{"rendered":"https:\/\/wp.ufpel.edu.br\/wwverde\/?page_id=979"},"modified":"2015-03-29T20:31:56","modified_gmt":"2015-03-29T23:31:56","slug":"novo-livro-aborda-iniciativas-de-quimica-verde","status":"publish","type":"page","link":"https:\/\/wp.ufpel.edu.br\/wwverde\/novo-livro-aborda-iniciativas-de-quimica-verde\/","title":{"rendered":"Novo livro aborda iniciativas de Qu\u00edmica Verde"},"content":{"rendered":"<p>Este novo livro aborda quest\u00f5es de Qu\u00edmica Verde, tais como a minimiza\u00e7\u00e3o de res\u00edduos e s\u00edntese limpa. Ele retrata o significado de desenvolvimento sustent\u00e1vel e mostra uma vis\u00e3o geral dos diferentes modelos de como integrar a sustentabilidade na educa\u00e7\u00e3o qu\u00edmica. O livro tamb\u00e9m aborda iniciativas de educa\u00e7\u00e3o de Qu\u00edmica Verde desde o ensino m\u00e9dio at\u00e9 a p\u00f3s gradua\u00e7\u00e3o.<\/p>\n<p>Autores:\u00a0V\u00e2nia Zuin e Liliana Mammino.<\/p>\n<p><a href=\"http:\/\/www.rsc.org\/shop\/books\/2015\/9781849739498.asp\" target=\"_blank\"><img data-recalc-dims=\"1\" class=\"alignleft size-full wp-image-975\" src=\"https:\/\/i0.wp.com\/wp.ufpel.edu.br\/wwverde\/files\/2014\/12\/BK9781849739498_m.jpg?resize=152%2C229&#038;ssl=1\" alt=\"BK9781849739498_m\" width=\"152\" height=\"229\" srcset=\"https:\/\/i0.wp.com\/wp.ufpel.edu.br\/wwverde\/files\/2014\/12\/BK9781849739498_m.jpg?w=152&amp;ssl=1 152w, https:\/\/i0.wp.com\/wp.ufpel.edu.br\/wwverde\/files\/2014\/12\/BK9781849739498_m.jpg?resize=106%2C159&amp;ssl=1 106w\" sizes=\"(max-width: 152px) 100vw, 152px\" \/><\/a><\/p>\n","protected":false},"excerpt":{"rendered":"<p>Este novo livro aborda quest\u00f5es de Qu\u00edmica Verde, tais como a minimiza\u00e7\u00e3o de res\u00edduos e s\u00edntese limpa. Ele retrata o significado de desenvolvimento sustent\u00e1vel e mostra uma vis\u00e3o geral dos diferentes modelos de como integrar a sustentabilidade na educa\u00e7\u00e3o qu\u00edmica. O livro tamb\u00e9m aborda iniciativas de educa\u00e7\u00e3o de Qu\u00edmica Verde desde o ensino m\u00e9dio at\u00e9 [&hellip;]<\/p>\n","protected":false},"author":149,"featured_media":0,"parent":0,"menu_order":0,"comment_status":"closed","ping_status":"closed","template":"","meta":{"jetpack_post_was_ever_published":false,"footnotes":""},"class_list":["post-979","page","type-page","status-publish","hentry"],"jetpack_sharing_enabled":true,"jetpack_shortlink":"https:\/\/wp.me\/P4VNan-fN","_links":{"self":[{"href":"https:\/\/wp.ufpel.edu.br\/wwverde\/wp-json\/wp\/v2\/pages\/979","targetHints":{"allow":["GET"]}}],"collection":[{"href":"https:\/\/wp.ufpel.edu.br\/wwverde\/wp-json\/wp\/v2\/pages"}],"about":[{"href":"https:\/\/wp.ufpel.edu.br\/wwverde\/wp-json\/wp\/v2\/types\/page"}],"author":[{"embeddable":true,"href":"https:\/\/wp.ufpel.edu.br\/wwverde\/wp-json\/wp\/v2\/users\/149"}],"replies":[{"embeddable":true,"href":"https:\/\/wp.ufpel.edu.br\/wwverde\/wp-json\/wp\/v2\/comments?post=979"}],"version-history":[{"count":5,"href":"https:\/\/wp.ufpel.edu.br\/wwverde\/wp-json\/wp\/v2\/pages\/979\/revisions"}],"predecessor-version":[{"id":997,"href":"https:\/\/wp.ufpel.edu.br\/wwverde\/wp-json\/wp\/v2\/pages\/979\/revisions\/997"}],"wp:attachment":[{"href":"https:\/\/wp.ufpel.edu.br\/wwverde\/wp-json\/wp\/v2\/media?parent=979"}],"curies":[{"name":"wp","href":"https:\/\/api.w.org\/{rel}","templated":true}]}}